{"id":1506,"date":"2019-01-04T20:26:20","date_gmt":"2019-01-04T20:26:20","guid":{"rendered":"http:\/\/toisissatiloissa.net\/?page_id=1506"},"modified":"2021-03-20T18:57:48","modified_gmt":"2021-03-20T16:57:48","slug":"porosafari","status":"publish","type":"page","link":"https:\/\/toisissatiloissa.net\/en\/porosafari\/","title":{"rendered":"Porosafari"},"content":{"rendered":"<h1>POROSAFARI<\/h1>\n<h3><strong>VUODEN 2011 YMP\u00c4RIST\u00d6TAIDETEOKSENA PALKITTU POROSAFARI ON KOLMIVAIHEINEN ESITYSTAIDETAPAHTUMA, YMP\u00c4RIST\u00d6TAIDETEOS SEK\u00c4 KOLLEKTIIVINEN VAELLUS. <\/strong><i><br \/>\n<\/i><\/h3>\n<p><em>Porosafarin<\/em> osanottajat muodostavat monikymmenp\u00e4isen \u201ctokan\u201d, joka liikkuu yhdess\u00e4, porojen vaellusk\u00e4ytt\u00e4ytymist\u00e4 vastaavalla tavalla ja t\u00e4ydess\u00e4 hiljaisuudessa. J\u00e4rjest\u00e4v\u00e4 ryhm\u00e4 valvoo vaellusta \u201cporokoirina\u201d ja pit\u00e4\u00e4 huolta osallistujien tarpeista ja heid\u00e4n turvallisuudestaan. Vaellusta edelt\u00e4\u00e4 Porokoulutus, jossa osallistujille kerrotaan poroista, niiden elintavoista sek\u00e4 suhteesta ihmiseen. Vaelluksen j\u00e4lkeen puolestaan j\u00e4rjestet\u00e4\u00e4n yleis\u00f6lle avoin Poroerotus, jossa teos esitell\u00e4\u00e4n tuoreiden dokumenttimateriaalien kautta, ja jossa vaellukseen osallistuneiden on mahdollista jakaa kokemuksiaan. Teoksen tarkoituksena on palauttaa kaupunkiymp\u00e4rist\u00f6 takaisin luonnontilaan tarkastelemalla sit\u00e4 puolivillin laumael\u00e4imen n\u00e4k\u00f6kulmasta.<\/p>\n<h3><strong>KIRJOITUKSIA JA ARVIOITA<\/strong><\/h3>\n<p>Esa Kirkkopelto, Er\u00e4\u00e4n poron tunnustuksia. <a href=\"http:\/\/teats.fi\/wp-content\/uploads\/2018\/11\/N%C3%A4ytt%C3%A4m%C3%B6-tutkimus-7.-Esitys-ja-toiseus.pdf\" target=\"_blank\" rel=\"noopener\">Esitys ja toiseus<\/a>, sivulta 29 alkaen.<\/p>\n<p>Laura Haapala, <a href=\"https:\/\/voima.fi\/blog\/arkisto-voima\/porona-rajatilassa-3\/\" target=\"_blank\" rel=\"noopener\">Porona rajatilassa<\/a>, Voima, syyskuu 2010.<\/p>\n<p>Soile Veijola, <a href=\"https:\/\/rd.springer.com\/chapter\/10.1057%2F9781137399502_4\" target=\"_blank\" rel=\"noopener\">Towards Silent Communities<\/a>, kirjassa Disruptive Tourism and its Untidy Guests.<em> Maksullisen linkin takana, paitsi 2 ensimm\u00e4ist\u00e4 sivua.<\/em><\/p>\n<p><em>Porosafari<\/em> on Toisissa tiloissa -kollektiivin laajimmin kiert\u00e4nyt esitys sek\u00e4 Suomessa ett\u00e4 ulkomailla. Porot on vuodesta 2010 n\u00e4hty Helsingiss\u00e4, Turussa, Kuopiossa, Italiassa Leccossa, Santarcangelossa ja Milanossa, Molsissa (Tanska), Ateenassa (Kreikka), Edinburghissa (Skotlanti) ja Berniss\u00e4 (Sveitsi). <em>Porosafaria<\/em> on esitetty niin keskitalvella kuin kes\u00e4helteill\u00e4kin.<\/p>\n<p>Kuva Pekka M\u00e4kinenKuva Pekka M\u00e4kinenKuva Anita Neira TiemannKuva Eija Ranta<br \/>\n<iframe loading=\"lazy\" title=\"Vuoden 2011 ymp\u00e4rist\u00f6taideteos Porosafari\" width=\"1200\" height=\"900\" src=\"https:\/\/www.youtube.com\/embed\/TMEu2uiWinQ?start=8&#038;feature=oembed\" frameborder=\"0\" allow=\"accelerometer; autoplay; clipboard-write; encrypted-media; gyroscope; picture-in-picture; web-share\" referrerpolicy=\"strict-origin-when-cross-origin\" allowfullscreen><\/iframe><\/p>\n<h3><strong>ESITETTY<\/strong><\/h3>\n<p>2010 <em>Porosafari<\/em> -kantaesitys sek\u00e4 videoinstallaatio. Teatteri.nyt -festivaali. Kiasma. Helsinki.<br \/>\n2011 Esitystaiteen Keskus. Helsinki.<br \/>\n2012 ART LAB: Puolivilli eli Poro -ty\u00f6paja. Annantalo. Helsinki.<br \/>\n2012 Il Giardino delle Espiridi -festivaali. Lecco, Italia.<br \/>\n2012 Turun Kaupunginosaviikot. Turku.<br \/>\n2013 Secret Hotel. Mols, Tanska.<br \/>\n2013 ANTI-festivaali. Kuopio.<br \/>\n2014 Santarcangelo S14 -festivaali. Santarcangelo, Italia.<br \/>\n2014 Secret Hotel. Mols, Tanska.<br \/>\n2014 Mir-festival. Ateena, Kreikka.<br \/>\n2015 Edinburgh Science Festival. Edinburgh, Skotlanti.<br \/>\n2015 Auawirleben Theaterfestival. Bern, Sveitsi.<br \/>\n2017 Teatterikorkeakoulu. Helsinki.<br \/>\n2017 Chiaravalle, Italia.<\/p>\n","protected":false},"excerpt":{"rendered":"<p>POROSAFARI VUODEN 2011 YMP\u00c4RIST\u00d6TAIDETEOKSENA PALKITTU POROSAFARI ON KOLMIVAIHEINEN ESITYSTAIDETAPAHTUMA, YMP\u00c4RIST\u00d6TAIDETEOS SEK\u00c4 KOLLEKTIIVINEN VAELLUS. Porosafarin osanottajat muodostavat monikymmenp\u00e4isen \u201ctokan\u201d, joka liikkuu yhdess\u00e4, porojen vaellusk\u00e4ytt\u00e4ytymist\u00e4 vastaavalla tavalla ja t\u00e4ydess\u00e4 hiljaisuudessa. J\u00e4rjest\u00e4v\u00e4 ryhm\u00e4 valvoo vaellusta \u201cporokoirina\u201d ja pit\u00e4\u00e4 huolta osallistujien tarpeista ja heid\u00e4n turvallisuudestaan. Vaellusta edelt\u00e4\u00e4 Porokoulutus, jossa osallistujille kerrotaan poroista, niiden elintavoista sek\u00e4 suhteesta ihmiseen. Vaelluksen j\u00e4lkeen &#8230; <a title=\"Porosafari\" class=\"read-more\" href=\"https:\/\/toisissatiloissa.net\/en\/porosafari\/\" aria-label=\"Read more about Porosafari\">Read more<\/a><\/p>\n","protected":false},"author":3,"featured_media":0,"parent":0,"menu_order":0,"comment_status":"closed","ping_status":"closed","template":"","meta":{"_eb_attr":"","generate_page_header":"","footnotes":""},"class_list":["post-1506","page","type-page","status-publish"],"_links":{"self":[{"href":"https:\/\/toisissatiloissa.net\/en\/wp-json\/wp\/v2\/pages\/1506","targetHints":{"allow":["GET"]}}],"collection":[{"href":"https:\/\/toisissatiloissa.net\/en\/wp-json\/wp\/v2\/pages"}],"about":[{"href":"https:\/\/toisissatiloissa.net\/en\/wp-json\/wp\/v2\/types\/page"}],"author":[{"embeddable":true,"href":"https:\/\/toisissatiloissa.net\/en\/wp-json\/wp\/v2\/users\/3"}],"replies":[{"embeddable":true,"href":"https:\/\/toisissatiloissa.net\/en\/wp-json\/wp\/v2\/comments?post=1506"}],"version-history":[{"count":3,"href":"https:\/\/toisissatiloissa.net\/en\/wp-json\/wp\/v2\/pages\/1506\/revisions"}],"predecessor-version":[{"id":7373,"href":"https:\/\/toisissatiloissa.net\/en\/wp-json\/wp\/v2\/pages\/1506\/revisions\/7373"}],"wp:attachment":[{"href":"https:\/\/toisissatiloissa.net\/en\/wp-json\/wp\/v2\/media?parent=1506"}],"curies":[{"name":"wp","href":"https:\/\/api.w.org\/{rel}","templated":true}]}}