{"id":1508,"date":"2019-01-04T20:35:39","date_gmt":"2019-01-04T20:35:39","guid":{"rendered":"http:\/\/toisissatiloissa.net\/?page_id=1508"},"modified":"2021-03-20T18:57:27","modified_gmt":"2021-03-20T16:57:27","slug":"parkkitalo","status":"publish","type":"page","link":"https:\/\/toisissatiloissa.net\/en\/parkkitalo\/","title":{"rendered":"Parkkitalo"},"content":{"rendered":"<h1>PARKKITALO<\/h1>\n<p>Kuva Simo Valjakka<\/p>\n<p><em> Parkkitalo<\/em> on esitys, joka tapahtuu nimens\u00e4 mukaisesti autoille varatussa maanalaisessa tilassa aivan kaupungin keskustassa. V\u00e4litila johon normaalisti tullaan vain sielt\u00e4 poistumista varten muuttuu yhteisen tutkimusmatkan kohteeksi. Pys\u00e4k\u00f6intitalo on tila k\u00e4ytt\u00e4jiens\u00e4 autoille, ei heille itselleen. Mit\u00e4 tapahtuu, jos autot korvataan henkil\u00f6ill\u00e4? Mit\u00e4 jos kiire ulos tilasta korvataan tilassa tapahtuvalla rauhallisella viipyilyll\u00e4? Mit\u00e4 itsest\u00e4mme tulee silloin esiin ja kuinka muuttuu suhteemme toinen toisiimme?<\/p>\n<p>Toisissa tiloissa -ryhm\u00e4n esitysten aiheena on kollektiivinen muodonmuutos. T\u00e4ll\u00e4 kertaa muodonmuutoksen aiheena ovat henkil\u00f6autot. Sen sijaan ett\u00e4 etuk\u00e4teen ihailisimme tai vihaisimme noita maailmamme kansoittavia otuksia, l\u00e4hdemme liikkeelle tosiasioiden tunnustamisesta: nykyihminen on autoileva olento. <i>Parkkitalon<\/i> tarkoitus on saada tuo olento \u2013 autohenkil\u00f6 \u2013 esiin sen omin ehdoin ja kertomaan meille viisaus jota se kuljettaa mukanaan.<\/p>\n<p><strong>ESITYS KOOSTUU SEURAAVISTA VAIHEISTA:<\/strong><\/p>\n<p><b>Autokoulu<\/b>: kokoontuminen, perehdytys autohenkil\u00f6tekniikoihin<\/p>\n<p><b>Pys\u00e4k\u00f6inti<\/b>: siirtyminen parkkitaloon ja autohenkil\u00f6ksi muuttuminen<\/p>\n<p><b>Odotus<\/b>: parkkitalon tarkastelu auton n\u00e4k\u00f6kulmasta<\/p>\n<p><b>Ajanviete<\/b>: muunnelmia autohenkil\u00f6n\u00e4 olemisesta<\/p>\n<p><b>Auton\u00e4yttely<\/b>: paluu ihmiseksi<\/p>\n<p>Esityksen aikana yleis\u00f6 k\u00e4velee, seisoo tai istuu yhdess\u00e4 saamiensa yksinkertaisten ohjeiden mukaisesti. Esitys soveltuu kaikenik\u00e4isille ja -kuntoisille ihmisille. Esitykseen ei sis\u00e4lly pakokaasua, kova\u00e4\u00e4nisi\u00e4 efektej\u00e4 eik\u00e4 h\u00e4ik\u00e4isevi\u00e4 valoja.<\/p>\n<h3><strong>KIRJOITUKSIA JA ARVIOITA<\/strong><\/h3>\n<p>Mirjam Tahkokorpi: <a href=\"https:\/\/yle.fi\/uutiset\/3-7168894\" target=\"_blank\" rel=\"noopener noreferrer\">Haminan moottoritiell\u00e4 hurjastelee pian ihmisautoja<\/a>, Yle 2.4.2014.<\/p>\n<p>Teos esitettiin my\u00f6s Haminan moottoritien ohikulkutiety\u00f6maalla 18.5.2014 versiona <i>Moottoritie on meid\u00e4n!<\/i> Toisissa tiloissa organisoi tapahtuman yhteisty\u00f6ss\u00e4 Haminan kaupungin ja Liikenneviraston kanssa. P\u00e4tk\u00e4 moottoritiet\u00e4 vallattiin yhteis\u00f6lliseen juoksutapahtumaan. Tapahtumassa toteutettiin osallistujien kanssa my\u00f6s yhteinen punamultamaalaus&nbsp; kallioleikkaukseen. Maalauksesta on osia yh\u00e4 n\u00e4kyvill\u00e4.<\/p>\n<p>https:\/\/www.youtube.com\/watch?time_continue=15&#038;v=l6vRenDxG9Ahttps:\/\/www.youtube.com\/watch?v=NfKsTtbhIfA<br \/>\nKuva Simo ValjakkaKuva Simo ValjakkaKuva Simo Valjakka<\/p>\n<h3><strong>PARKKITALO TY\u00d6RYHM\u00c4<\/strong><\/h3>\n<p>Suunnittelu &amp; toteutus \/ Planning &amp; creation: Toisissa tiloissa \/ Other Spaces<\/p>\n<p>Esiintyj\u00e4t \/ Performers: Antti Halonen, Eeva Kemppi, Esa Kirkkopelto, Lauri Kontula, Arttu Kurttila, Anton Krylov, Pyry K\u00e4\u00e4ri\u00e4, Minja Mertanen, Jaana Taskinen ja Paula Tella<\/p>\n<p>Valosuunnittelu \/ Light design: Janne Bj\u00f6rkl\u00f6f<\/p>\n<p>\u00c4\u00e4nisuunnittelu \/ Sound design: Johannes Vartola<\/p>\n<p>Videokuvaus \/ Videographer: Jaakko Ruuska<\/p>\n<p>Videoeditointi \/ Video editing: Sanni Priha<\/p>\n<p>Tuottaja \/ Producer: Lauri Kontula<\/p>\n<p>Tuotantokoordinaattori \/ Produduction Coordinator: Arttu Kurttila<\/p>\n<h3><strong>MOOTTORITIE ON MEID\u00c4N! -TY\u00d6RYHM\u00c4<\/strong><\/h3>\n<p>Lauri Kontula (tuottaja, ohjaaja) Ohjaajat: Outi Condit, Antti Halonen, Timo Jokitalo, Kaisa-Liisa Logr\u00e9n, Eeva Kemppi, Minja Mertanen, Anu Nirkko, Irma Optimisti (kollektiivisen kallioteoksen valmistamisen ohjaus), Riikka Takala, Paula Tella, Veera Turunen, Ville Vainio (elokuva) ja Johannes Vartola (\u00e4\u00e4net).<\/p>\n<h3><strong>ESITETTY<\/strong><\/h3>\n<p><i>Parkkitalo <\/i>kantaesitettiin 2.8.2013, muut esitykset 3.8. ja 4.8.2013, kaikki osana URB-festivaalia.<\/p>\n<p><i>Moottoritie on meid\u00e4n! <\/i>toteutettiin 18.5.2014 Haminan moottoritien ohikulkutiety\u00f6maalla.<\/p>\n<p><i>Moottoritie on meid\u00e4n!<\/i> -videoteos 19.9.2015 Valojen Y\u00f6 -tapahtumassa, Haminassa.<\/p>\n<p><i>Moottoritie on meid\u00e4n!<\/i> -videoteos Haminan ohikulkutien avajaisissa 10.11.2014.<\/p>\n<p><i>Auto-Ihminen <\/i>-performanssi ja kaksi <i>Moottoritie on meid\u00e4n! <\/i>-videotaideteosta 3.12.2015 Mutkat suoriksi -n\u00e4yttelyn avajaisissa Merikeskus Vellamossa, Kotkassa.<\/p>\n<p><img decoding=\"async\" src=\"https:\/\/toisissatiloissa.net\/wp-content\/uploads\/elementor\/thumbs\/Violetti-logo-jpg-o3zirjrdfp7gfkgqpd88eqe3ix0mlnr95qwj6hy3nk.jpg\" title=\"Violetti Logo Jpg\" alt=\"Violetti Logo Jpg\"><br \/>\n<img decoding=\"async\" src=\"https:\/\/toisissatiloissa.net\/wp-content\/uploads\/elementor\/thumbs\/Kiasma_teatteri-tunnus_RBG-300x169-o3zirjrdfp7gfkgqpd88eqe3ix0mlnr95qwj6hy3nk.png\" title=\"Kiasma Teatteri Tunnus RBG 300\u00d7169\" alt=\"Kiasma Teatteri Tunnus RBG 300x169\"><br \/>\n<img decoding=\"async\" src=\"https:\/\/toisissatiloissa.net\/wp-content\/uploads\/elementor\/thumbs\/skr_harmaa_cmyk-o3zirjrdfp7gfkgqpd88eqe3ix0mlnr95qwj6hy3nk.jpg\" title=\"Ep\" alt=\"Ep\"><\/p>\n<p><i>Parkkitalo <\/i>esityst\u00e4 tukivat Koneen S\u00e4\u00e4ti\u00f6 ja Kiasma-teatteri. Esitys toteutettiin yhteisty\u00f6ss\u00e4 URB-festivaalin ja Q-Parkin kanssa.<\/p>\n<p><em>Moottoritie on meid\u00e4n!<\/em> -tapahtumaa tuki Suomen Kulttuurirahasto. Toisissa tiloissa organisoi tapahtuman yhteisty\u00f6ss\u00e4 Haminan kaupungin ja Liikenneviraston kanssa.&nbsp;<\/p>\n<p>Kuva Mitro H\u00e4rk\u00f6nenKuva Mitro H\u00e4rk\u00f6nen<\/p>\n","protected":false},"excerpt":{"rendered":"<p>PARKKITALO Kuva Simo Valjakka Parkkitalo on esitys, joka tapahtuu nimens\u00e4 mukaisesti autoille varatussa maanalaisessa tilassa aivan kaupungin keskustassa. V\u00e4litila johon normaalisti tullaan vain sielt\u00e4 poistumista varten muuttuu yhteisen tutkimusmatkan kohteeksi. Pys\u00e4k\u00f6intitalo on tila k\u00e4ytt\u00e4jiens\u00e4 autoille, ei heille itselleen. Mit\u00e4 tapahtuu, jos autot korvataan henkil\u00f6ill\u00e4? Mit\u00e4 jos kiire ulos tilasta korvataan tilassa tapahtuvalla rauhallisella viipyilyll\u00e4? Mit\u00e4 &#8230; <a title=\"Parkkitalo\" class=\"read-more\" href=\"https:\/\/toisissatiloissa.net\/en\/parkkitalo\/\" aria-label=\"Read more about Parkkitalo\">Read more<\/a><\/p>\n","protected":false},"author":3,"featured_media":0,"parent":0,"menu_order":0,"comment_status":"closed","ping_status":"closed","template":"","meta":{"_eb_attr":"","generate_page_header":"","footnotes":""},"class_list":["post-1508","page","type-page","status-publish"],"_links":{"self":[{"href":"https:\/\/toisissatiloissa.net\/en\/wp-json\/wp\/v2\/pages\/1508","targetHints":{"allow":["GET"]}}],"collection":[{"href":"https:\/\/toisissatiloissa.net\/en\/wp-json\/wp\/v2\/pages"}],"about":[{"href":"https:\/\/toisissatiloissa.net\/en\/wp-json\/wp\/v2\/types\/page"}],"author":[{"embeddable":true,"href":"https:\/\/toisissatiloissa.net\/en\/wp-json\/wp\/v2\/users\/3"}],"replies":[{"embeddable":true,"href":"https:\/\/toisissatiloissa.net\/en\/wp-json\/wp\/v2\/comments?post=1508"}],"version-history":[{"count":4,"href":"https:\/\/toisissatiloissa.net\/en\/wp-json\/wp\/v2\/pages\/1508\/revisions"}],"predecessor-version":[{"id":4074,"href":"https:\/\/toisissatiloissa.net\/en\/wp-json\/wp\/v2\/pages\/1508\/revisions\/4074"}],"wp:attachment":[{"href":"https:\/\/toisissatiloissa.net\/en\/wp-json\/wp\/v2\/media?parent=1508"}],"curies":[{"name":"wp","href":"https:\/\/api.w.org\/{rel}","templated":true}]}}