{"id":1512,"date":"2019-01-04T20:38:20","date_gmt":"2019-01-04T20:38:20","guid":{"rendered":"http:\/\/toisissatiloissa.net\/?page_id=1512"},"modified":"2021-03-20T18:53:48","modified_gmt":"2021-03-20T16:53:48","slug":"ihmisen-jalkeinen-teatteri","status":"publish","type":"page","link":"https:\/\/toisissatiloissa.net\/en\/ihmisen-jalkeinen-teatteri\/","title":{"rendered":"Ihmisen j\u00e4lkeinen teatteri"},"content":{"rendered":"<h1>IHMISEN J\u00c4LKEINEN TEATTERI<\/h1>\n<p>Kuva Kansallisgalleria \/ Pirje Mykk\u00e4nen<\/p>\n<h3><strong>IHMISEN J\u00c4LKEINEN TEATTERI<\/strong><\/h3>\n<p><em>Ihmisen j\u00e4lkeinen teatteri<\/em> on LUST ry:n ja Toisissa tiloissa -esitystaiteen kollektiivin vuoden 2019 kuluessa toteutettava yhteisty\u00f6hanke. Hankkeen vet\u00e4j\u00e4n\u00e4 toimii Toisissa tiloissa -kollektiivin perustajaj\u00e4sen, esitystaiteilija ja filosofi Esa Kirkkopelto.<\/p>\n<p>Hankkeen tarkoituksena on kehitt\u00e4\u00e4 ideaa ei-inhimillisest\u00e4 n\u00e4yttelemisest\u00e4: miten se on mahdollista, mit\u00e4 se vaatii esiintyj\u00e4lt\u00e4 ja millaista teatteria se tuottaa? Hankkeen aihe ja toteuttamistapa vastaavat ajankohtaisia esitt\u00e4vi\u00e4 taiteita kohtaavia eettisi\u00e4 ja ekologisia haasteita. Se perustuu n\u00e4kemykseen, jonka mukaan esitt\u00e4vien taiteiden tulisi kehitty\u00e4 v\u00e4hemm\u00e4n ihmiskeskeiseen suuntaan ja toteutua tulevaisuudessa erilaisten ruumiiden, ilmi\u00f6iden ja olioiden v\u00e4lisen\u00e4 toimintana. Ennen kuin ei-inhimillinen teatteri on mahdollista, on ratkaistava joukko perustavanlaatuisia ongelmia. Vastaan tulevat muun muassa ihmisruumiin fyysiset rajoitukset sek\u00e4 inhimillinen taipumus n\u00e4hd\u00e4 my\u00f6s muut oliot inhimillisin\u00e4. Siksi ei-inhimillinen n\u00e4ytteleminen vaatii paitsi uudenlaisia ruumiintekniikoita my\u00f6s uudenlaista ruumiillista ajattelua ja dramaturgiaa. Hankkeessa on kysymys t\u00e4llaisten keinojen keksimisest\u00e4, kehitt\u00e4misest\u00e4 ja julkituomisesta.<\/p>\n<p>Hanke alkoi kahdella esitt\u00e4vien taiteiden ammattilaisille, n\u00e4yttelij\u00f6ille, tanssijoille ja esitystaiteilijoille suunnatulla ty\u00f6pajalla 25.-30.3. ja 24.-28.6.2019. Ensimm\u00e4isen ty\u00f6pajan osanottajien joukosta valikoitui 8 esiintyj\u00e4n ryhm\u00e4, jotka viev\u00e4t hankkeen loppuun yhdess\u00e4 vet\u00e4j\u00e4ns\u00e4 kanssa. Hankkeen jatko koostui marraskuussa 2019 j\u00e4rjestetyst\u00e4 ty\u00f6pajasta, joka kokosi harjoittelun tulokset yhteen. Ty\u00f6pajan p\u00e4\u00e4tteeksi n\u00e4htiin <i>Studies in Non-Human Acting<\/i> -esitys 15. ja 16.11.2019 Kiasma-teatterissa.<\/p>\n<h3><strong>TULOSSA <\/strong><\/h3>\n<p>Tulossa uutta vuonna 2020. Pysy kuulolla!<\/p>\n<h3><strong>KIRJOITUKSIA JA ARVIOITA<\/strong><\/h3>\n<p>T-efekti: <a href=\"https:\/\/t-efekti.com\/2019\/11\/18\/vauva-haastoi-esiintyjia\/\" target=\"_blank\" rel=\"noopener noreferrer\"><em>Vauva haastoi esiintyji\u00e4 ihmisen j\u00e4lkeisen teatterin esityksess\u00e4<\/em><\/a>, kirjoittajina Elina Aholainen, Sanni Martiskainen, Maura Minerva ja Sofia Valtanen 18.11.2019.<\/p>\n<p>Seiskan poikien 28.11.2019 julkaisemassa <a href=\"https:\/\/seiskanpojat.com\/2019\/11\/28\/baltic-circle-2019\/\" target=\"_blank\" rel=\"noopener noreferrer\"><em>Baltic Circle 2019<\/em><\/a> -kritiikiss\u00e4 my\u00f6s <em>Studies in Non-Human Acting<\/em> -esityksest\u00e4.<\/p>\n<p><img decoding=\"async\" src=\"https:\/\/toisissatiloissa.net\/wp-content\/uploads\/elementor\/thumbs\/skr_harmaa_cmyk-o3zirjrdfp7gfkgqpd88eqe3ix0mlnr95qwj6hy3nk.jpg\" title=\"Ep\" alt=\"Ep\"><br \/>\n<img decoding=\"async\" src=\"https:\/\/toisissatiloissa.net\/wp-content\/uploads\/elementor\/thumbs\/kulturfonden-leikattu-ofvz46ctkn1rww6k78t4z3ywh774hqh89voyv1r8cg.jpg\" title=\"Kulturfonden Leikattu\" alt=\"Kulturfonden Leikattu\"><br \/>\n<img decoding=\"async\" src=\"https:\/\/toisissatiloissa.net\/wp-content\/uploads\/elementor\/thumbs\/Lust-rgb-bla\u030a-960px-150x70-o3zirjrdfp7gfkgqpd88eqe3ix0mlnr95qwj6hy3nk.png\" title=\"Lust Rgb Bla\u030a 960px 150\u00d770\" alt=\"Lust Rgb Bla\u030a 960px 150x70\"><br \/>\n<img decoding=\"async\" src=\"https:\/\/toisissatiloissa.net\/wp-content\/uploads\/elementor\/thumbs\/Kiasma_teatteri-tunnus_RBG-300x169-o3zirjrdfp7gfkgqpd88eqe3ix0mlnr95qwj6hy3nk.png\" title=\"Kiasma Teatteri Tunnus RBG 300\u00d7169\" alt=\"Kiasma Teatteri Tunnus RBG 300x169\"><\/p>\n<p><i>Ihmisen j\u00e4lkeinen teatteri<\/i> toteutetaan Toisissa tiloissa -kollektiivin ja Lust ry:n yhteisty\u00f6n\u00e4. Esityksen valmistamista tukevat Suomen Kulttuurirahasto, Svenska Kulturfonden ja Kiasma-teatteri.<\/p>\n<h3><strong>TY\u00d6RYHM\u00c4<\/strong><\/h3>\n<p><strong><i>Studies in Non-Human Acting<\/i> ty\u00f6ryhm\u00e4<\/strong>: Jenni-Elina von Bagh, Laura Halonen, Leila Kourkia, Veli Lehtovaara, Leena Nordberg, Piia Peltola, Rasmus Sl\u00e4tis, Jenni Urpilainen.<br \/>\n<strong>Fasilitaattori<\/strong>: Esa Kirkkopelto.<\/p>\n<h3><strong>MENNEET TAPAHTUMAT<\/strong><\/h3>\n<p>15. &amp; 16.11.2019 <strong>Studies in Non-Human Acting<\/strong> esitykset. Kiasma-teatteri, Helsinki.16.11.2019 <strong>Panel on Non-Human Performance<\/strong> keskustelutilaisuus. Kiasman seminaaritila, Helsinki.25.-30.3.2019<strong> Workshop on Non-Human Acting<\/strong>. Ilmaisuvertas, Helsinki.24.-28.6.2019 <strong>Workshop on Non-Human Acting, 2nd Edition<\/strong>. Esitystaiteen Keskus, Helsinki.<br \/>\nKuva Kansallisgalleria \/ Pirje Mykk\u00e4nenKuva Kansallisgalleria \/ Pirje Mykk\u00e4nen<br \/>\nPrevious<br \/>\nNext<\/p>\n","protected":false},"excerpt":{"rendered":"<p>IHMISEN J\u00c4LKEINEN TEATTERI Kuva Kansallisgalleria \/ Pirje Mykk\u00e4nen IHMISEN J\u00c4LKEINEN TEATTERI Ihmisen j\u00e4lkeinen teatteri on LUST ry:n ja Toisissa tiloissa -esitystaiteen kollektiivin vuoden 2019 kuluessa toteutettava yhteisty\u00f6hanke. Hankkeen vet\u00e4j\u00e4n\u00e4 toimii Toisissa tiloissa -kollektiivin perustajaj\u00e4sen, esitystaiteilija ja filosofi Esa Kirkkopelto. Hankkeen tarkoituksena on kehitt\u00e4\u00e4 ideaa ei-inhimillisest\u00e4 n\u00e4yttelemisest\u00e4: miten se on mahdollista, mit\u00e4 se vaatii esiintyj\u00e4lt\u00e4 ja &#8230; <a title=\"Ihmisen j\u00e4lkeinen teatteri\" class=\"read-more\" href=\"https:\/\/toisissatiloissa.net\/en\/ihmisen-jalkeinen-teatteri\/\" aria-label=\"More on Ihmisen j\u00e4lkeinen teatteri\">Read more<\/a><\/p>\n","protected":false},"author":3,"featured_media":0,"parent":0,"menu_order":0,"comment_status":"closed","ping_status":"closed","template":"","meta":{"_eb_attr":"","generate_page_header":"","footnotes":""},"class_list":["post-1512","page","type-page","status-publish"],"_links":{"self":[{"href":"https:\/\/toisissatiloissa.net\/en\/wp-json\/wp\/v2\/pages\/1512","targetHints":{"allow":["GET"]}}],"collection":[{"href":"https:\/\/toisissatiloissa.net\/en\/wp-json\/wp\/v2\/pages"}],"about":[{"href":"https:\/\/toisissatiloissa.net\/en\/wp-json\/wp\/v2\/types\/page"}],"author":[{"embeddable":true,"href":"https:\/\/toisissatiloissa.net\/en\/wp-json\/wp\/v2\/users\/3"}],"replies":[{"embeddable":true,"href":"https:\/\/toisissatiloissa.net\/en\/wp-json\/wp\/v2\/comments?post=1512"}],"version-history":[{"count":39,"href":"https:\/\/toisissatiloissa.net\/en\/wp-json\/wp\/v2\/pages\/1512\/revisions"}],"predecessor-version":[{"id":4067,"href":"https:\/\/toisissatiloissa.net\/en\/wp-json\/wp\/v2\/pages\/1512\/revisions\/4067"}],"wp:attachment":[{"href":"https:\/\/toisissatiloissa.net\/en\/wp-json\/wp\/v2\/media?parent=1512"}],"curies":[{"name":"wp","href":"https:\/\/api.w.org\/{rel}","templated":true}]}}