{"id":1516,"date":"2019-01-04T20:40:12","date_gmt":"2019-01-04T20:40:12","guid":{"rendered":"http:\/\/toisissatiloissa.net\/?page_id=1516"},"modified":"2022-12-06T14:33:18","modified_gmt":"2022-12-06T12:33:18","slug":"tripit","status":"publish","type":"page","link":"https:\/\/toisissatiloissa.net\/en\/tripit\/","title":{"rendered":"Tripit"},"content":{"rendered":"<h1>\n<p>TRIPIT<\/p>\n<\/h1>\n<p>Kuva Paula Tella<\/p>\n<p><strong>TRIPIT! -harjoitefestivaalilla toteutamme joukon mojovimpia harjoitteitamme yhdess\u00e4 yleis\u00f6n kanssa.<\/strong><\/p>\n<p>Toisissa tiloissa -ryhm\u00e4 on vuodesta 2004 kehitt\u00e4nyt suuren joukon kollektiivisia ruumiillisia muodonmuutostekniikoita, joiden avulla voidaan p\u00e4\u00e4st\u00e4 kokemukselliseen yhteyteen ei-inhimillisten ilmi\u00f6iden ja olomuotojen kanssa. Yhdess\u00e4 teht\u00e4v\u00e4t harjoitteet ovat nautinnollisia ja vapauttavat osallistujan ainakin hetkellisesti ihmisen hahmosta ja identiteetist\u00e4.<\/p>\n<p>Ensimm\u00e4iset TRIPIT! j\u00e4rjestettiin toukokuussa 2017. Innokkaan vastaanoton siivitt\u00e4m\u00e4n\u00e4 vuosina 2018 ja 2019 j\u00e4rjestettiin vuosittain jo kahdet TRIPIT! ja siit\u00e4 on tullut osa ryhm\u00e4mme vuosittaista toimintaa. Harjoitefestivaali on p\u00e4iv\u00e4n mittainen tapahtuma, johon mukaan harjoittelemaan voi saapua sek\u00e4 l\u00e4hte\u00e4 milloin vaan.<\/p>\n<p>Vuonna 2020 TRIPIT! j\u00e4rjestettiin ensimm\u00e4isen kerran livestream-toteutuksina. Kev\u00e4\u00e4ll\u00e4 Facebookin kautta sek\u00e4 joulukuussa Zoom-yhteyden v\u00e4lityksell\u00e4.<\/p>\n<h3>TULOSSA<\/h3>\n<p>Seuraava TRIPIT! tulossa kev\u00e4\u00e4ll\u00e4 2023, pysy kuulolla!<\/p>\n<p>Oletko kiinnostunut tulemaan mukaan Toisissa tiloissa -kollektiivin toimintaan? TRIPIT on siihen oikea reitti! Harjoitefestivaalilla voit kokeilla ryhm\u00e4n harjoitteita sek\u00e4 tavata ryhm\u00e4n j\u00e4senist\u00f6\u00e4.<\/p>\n<p>\t\t\t\t\t\t\t\t\t\tKuva Jenni Kokkom\u00e4kiKuva Jenni Kokkom\u00e4kiKuva Jenni Kokkom\u00e4kiKuva Jenni Kokkom\u00e4kiKuva Jenni Kokkom\u00e4ki<br \/>\n\t\t\t\t\t\t\t\t\t\t\t\t\t\tPrevious<br \/>\n\t\t\t\t\t\t\t\t\t\t\t\t\t\tNext<\/p>\n","protected":false},"excerpt":{"rendered":"<p>TRIPIT Kuva Paula Tella TRIPIT! -harjoitefestivaalilla toteutamme joukon mojovimpia harjoitteitamme yhdess\u00e4 yleis\u00f6n kanssa. Toisissa tiloissa -ryhm\u00e4 on vuodesta 2004 kehitt\u00e4nyt suuren joukon kollektiivisia ruumiillisia muodonmuutostekniikoita, joiden avulla voidaan p\u00e4\u00e4st\u00e4 kokemukselliseen yhteyteen ei-inhimillisten ilmi\u00f6iden ja olomuotojen kanssa. Yhdess\u00e4 teht\u00e4v\u00e4t harjoitteet ovat nautinnollisia ja vapauttavat osallistujan ainakin hetkellisesti ihmisen hahmosta ja identiteetist\u00e4. Ensimm\u00e4iset TRIPIT! j\u00e4rjestettiin toukokuussa 2017. &#8230; <a title=\"Tripit\" class=\"read-more\" href=\"https:\/\/toisissatiloissa.net\/en\/tripit\/\" aria-label=\"Read more about Tripit\">Read more<\/a><\/p>\n","protected":false},"author":3,"featured_media":0,"parent":0,"menu_order":0,"comment_status":"closed","ping_status":"closed","template":"","meta":{"_eb_attr":"","generate_page_header":"","footnotes":""},"class_list":["post-1516","page","type-page","status-publish"],"_links":{"self":[{"href":"https:\/\/toisissatiloissa.net\/en\/wp-json\/wp\/v2\/pages\/1516","targetHints":{"allow":["GET"]}}],"collection":[{"href":"https:\/\/toisissatiloissa.net\/en\/wp-json\/wp\/v2\/pages"}],"about":[{"href":"https:\/\/toisissatiloissa.net\/en\/wp-json\/wp\/v2\/types\/page"}],"author":[{"embeddable":true,"href":"https:\/\/toisissatiloissa.net\/en\/wp-json\/wp\/v2\/users\/3"}],"replies":[{"embeddable":true,"href":"https:\/\/toisissatiloissa.net\/en\/wp-json\/wp\/v2\/comments?post=1516"}],"version-history":[{"count":90,"href":"https:\/\/toisissatiloissa.net\/en\/wp-json\/wp\/v2\/pages\/1516\/revisions"}],"predecessor-version":[{"id":5802,"href":"https:\/\/toisissatiloissa.net\/en\/wp-json\/wp\/v2\/pages\/1516\/revisions\/5802"}],"wp:attachment":[{"href":"https:\/\/toisissatiloissa.net\/en\/wp-json\/wp\/v2\/media?parent=1516"}],"curies":[{"name":"wp","href":"https:\/\/api.w.org\/{rel}","templated":true}]}}