{"id":1524,"date":"2019-01-04T20:49:05","date_gmt":"2019-01-04T20:49:05","guid":{"rendered":"http:\/\/toisissatiloissa.net\/?page_id=1524"},"modified":"2021-03-20T18:46:09","modified_gmt":"2021-03-20T16:46:09","slug":"aniara","status":"publish","type":"page","link":"https:\/\/toisissatiloissa.net\/en\/aniara\/","title":{"rendered":"Aniara"},"content":{"rendered":"<h1>ANIARA<\/h1>\n<p>Kuva Petri Summanen<\/p>\n<p>Suuri Koralliriutta on Toisissa tiloissa -kollektiivin vuoden 2018 p\u00e4\u00e4teos, joka saa ensi-iltansa huhtikuussa Kontulassa ja toukokuussa Hampurissa. Syyskuussa Koralliriutalle voi matkata Frankfurtista tai Kannelm\u00e4est\u00e4 k\u00e4sin. Nelituntinen Suuri Koralliriutta on tapahtumakokonaisuus, joka koostuu ty\u00f6pajasta, lounaasta ja yhdess\u00e4 luotavasta esityksest\u00e4. Kutsumme kaikenik\u00e4iset ihmiset mukaan seikkailemaan yhdess\u00e4 Koralliriutalle. Yhteinen teht\u00e4v\u00e4mme on pit\u00e4\u00e4 Suuri Koralliriutta elossa!<\/p>\n<p>Australian rannikolla sijaitseva Iso Valliriutta on maailman suurin, ainutlaatuinen ja uhanalainen ekosysteemi. Suuri Koralliriutta -esityksess\u00e4 vierailemme koralliriutalla lent\u00e4m\u00e4tt\u00e4 kauas. T\u00e4ss\u00e4 kokemuksellisessa ja osallistavassa esityksess\u00e4 muodostamme yhdess\u00e4 osallistujien kanssa koralliriutan ja sen eli\u00f6yhteis\u00f6n. Esitys alkaa ty\u00f6pajaosuudella, jonka aikana opimme muodostamaan yhdess\u00e4 koralliriutan vedenalaisen maailman. Kokemusta tukevat mielikuvitukselliset valot sek\u00e4 paikallisen muusikon, Kontulassa ja Kannelm\u00e4ess\u00e4 Esa Ruohon alias Lacklusterin, elektroninen musiikki. N\u00e4in syntyy el\u00e4v\u00e4 veistos ja alati muutoksessa oleva koreografia. Esityksen osallistujat ovat samaan aikaan katsojia ja tekij\u00f6it\u00e4, eli he muodostavat ja luovat esityksen itselleen. Ulkopuolisia katsojia ei ole. Suuri Koralliriutta sopii kaikenik\u00e4isille ja kuntoisille osallistujille. Erityist\u00e4 harjaantuneisuutta ei tarvita. Tapahtumaa seuraavana p\u00e4iv\u00e4n\u00e4 j\u00e4rjestet\u00e4\u00e4n lis\u00e4ksi kaikille avoin hiljainen mielenosoitus, jossa korallit ilmaisevat huolensa merten tilasta.<\/p>\n<p>Esitetty<\/p>\n<p>Suuren Koralliriutan esitykset syyskuussa 2018 Suomessa ja Saksassa:<br \/>\nEsitykset Frankfurtissa K\u00fcnstlerhaus Mousonturmissa la 22. ja su 23.9. klo 11, sek\u00e4 vedenalainen mielenosoitus ma 24.9. klo 18.<\/p>\n<p>Hypp\u00e4\u00e4 rohkeasti mukaan vedenalaiseen maailmaan ja ota mukaan kummipoika, siskontytt\u00f6, iso\u00e4iti, vaari, serkku, naapurin t\u00e4ti tai vaikka oma is\u00e4 tai \u00e4iti.<\/p>\n<p>Kuva Petri Summanen Kuva Pekka Ma\u0308kinenKuva Pekka Ma\u0308kinen<\/p>\n<p>Ty\u00f6ryhm\u00e4<\/p>\n<p>Eeva Kemppi, Kati Korosuo, Kaisa-Liisa Logr\u00e9n, Sanni Priha sek\u00e4 valosuunnittelija Janne Bj\u00f6rkl\u00f6f.<br \/>\nKonsepti: Esa Kirkkopelto, ty\u00f6ryhm\u00e4 ja Toisissa tiloissa -kollektiivi.<br \/>\nN\u00e4ytt\u00e4m\u00f6ll\u00e4 Kanneltalossa: Eeva Kemppi, Kati Korosuo, Anu Nirkko ja Sanni Priha.<br \/>\nKanneltalon esityksess\u00e4 apuna: Johanna Etel\u00e4virta ja Helena Ratinen.<br \/>\n\u00c4\u00e4nisuunnittelu &amp; musiikki Kontulassa ja Kanneltalossa: Esa Ruoho \/ Lackluster.<br \/>\n\u00c4\u00e4nisuunnittelu &amp; musiikki Hampurissa: Richard von der Schulenburg.<br \/>\n\u00c4\u00e4nisuunnittelu &amp; musiikki Frankfurtissa: Matthias Engelke.<br \/>\nLavastuksen toteutus: Annika Saloranta.<br \/>\nToisissa tiloissa tuotanto: Ty\u00f6ryhm\u00e4 sek\u00e4 Jenni Kokkom\u00e4ki.<\/p>\n","protected":false},"excerpt":{"rendered":"<p>ANIARA Kuva Petri Summanen Suuri Koralliriutta on Toisissa tiloissa -kollektiivin vuoden 2018 p\u00e4\u00e4teos, joka saa ensi-iltansa huhtikuussa Kontulassa ja toukokuussa Hampurissa. Syyskuussa Koralliriutalle voi matkata Frankfurtista tai Kannelm\u00e4est\u00e4 k\u00e4sin. Nelituntinen Suuri Koralliriutta on tapahtumakokonaisuus, joka koostuu ty\u00f6pajasta, lounaasta ja yhdess\u00e4 luotavasta esityksest\u00e4. Kutsumme kaikenik\u00e4iset ihmiset mukaan seikkailemaan yhdess\u00e4 Koralliriutalle. Yhteinen teht\u00e4v\u00e4mme on pit\u00e4\u00e4 Suuri Koralliriutta &#8230; <a title=\"Aniara\" class=\"read-more\" href=\"https:\/\/toisissatiloissa.net\/en\/aniara\/\" aria-label=\"Read more about Aniara\">Read more<\/a><\/p>\n","protected":false},"author":3,"featured_media":0,"parent":0,"menu_order":0,"comment_status":"closed","ping_status":"closed","template":"","meta":{"_eb_attr":"","generate_page_header":"","footnotes":""},"class_list":["post-1524","page","type-page","status-publish"],"_links":{"self":[{"href":"https:\/\/toisissatiloissa.net\/en\/wp-json\/wp\/v2\/pages\/1524","targetHints":{"allow":["GET"]}}],"collection":[{"href":"https:\/\/toisissatiloissa.net\/en\/wp-json\/wp\/v2\/pages"}],"about":[{"href":"https:\/\/toisissatiloissa.net\/en\/wp-json\/wp\/v2\/types\/page"}],"author":[{"embeddable":true,"href":"https:\/\/toisissatiloissa.net\/en\/wp-json\/wp\/v2\/users\/3"}],"replies":[{"embeddable":true,"href":"https:\/\/toisissatiloissa.net\/en\/wp-json\/wp\/v2\/comments?post=1524"}],"version-history":[{"count":1,"href":"https:\/\/toisissatiloissa.net\/en\/wp-json\/wp\/v2\/pages\/1524\/revisions"}],"predecessor-version":[{"id":4060,"href":"https:\/\/toisissatiloissa.net\/en\/wp-json\/wp\/v2\/pages\/1524\/revisions\/4060"}],"wp:attachment":[{"href":"https:\/\/toisissatiloissa.net\/en\/wp-json\/wp\/v2\/media?parent=1524"}],"curies":[{"name":"wp","href":"https:\/\/api.w.org\/{rel}","templated":true}]}}