{"id":177,"date":"2018-11-15T20:07:42","date_gmt":"2018-11-15T20:07:42","guid":{"rendered":"http:\/\/toisissatiloissa.net\/?page_id=177"},"modified":"2022-02-23T12:44:05","modified_gmt":"2022-02-23T10:44:05","slug":"produktiot","status":"publish","type":"page","link":"https:\/\/toisissatiloissa.net\/en\/produktiot\/","title":{"rendered":"Produktiot"},"content":{"rendered":"<h2>UUSIMMAT<\/h2>\n<p>\t\t\t<a role=\"button\"><br \/>\n\t\t\t\t\t\tVEDEN KULMA 104,45\u02da<br \/>\n\t\t\t\t\t<\/a><br \/>\n\t\t\t<a role=\"button\"><br \/>\n\t\t\t\t\t\tIRTIKYTKETTY TILA<br \/>\n\t\t\t\t\t<\/a><br \/>\n\t\t\t<a role=\"button\"><br \/>\n\t\t\t\t\t\tKUVITTEELLISET OLENNOT<br \/>\n\t\t\t\t\t<\/a><br \/>\n\t\t\t<a role=\"button\"><br \/>\n\t\t\t\t\t\tIHMISEN\u00a0J\u00c4LKEINEN\u00a0TEATTERI<br \/>\n\t\t\t\t\t<\/a><br \/>\n\t\t\t<a role=\"button\"><br \/>\n\t\t\t\t\t\tUUDELLEENKYTKENT\u00d6J\u00c4<br \/>\n\t\t\t\t\t<\/a><\/p>\n<h2>KIERTUE-ESITYKSET<\/h2>\n<p>\t\t\t<a role=\"button\"><br \/>\n\t\t\t\t\t\tSUURI KORALLIRIUTTA<br \/>\n\t\t\t\t\t<\/a><br \/>\n\t\t\t<a role=\"button\"><br \/>\n\t\t\t\t\t\tAVALOKITESHVARA<br \/>\n\t\t\t\t\t<\/a><br \/>\n\t\t\t<a role=\"button\"><br \/>\n\t\t\t\t\t\tHUMANOIDIHYPOTEESI<br \/>\n\t\t\t\t\t<\/a><br \/>\n\t\t\t<a role=\"button\"><br \/>\n\t\t\t\t\t\tSUSISAFARI<br \/>\n\t\t\t\t\t<\/a><br \/>\n\t\t\t<a role=\"button\"><br \/>\n\t\t\t\t\t\tPOROSAFARI<br \/>\n\t\t\t\t\t<\/a><br \/>\n\t\t\t<a role=\"button\"><br \/>\n\t\t\t\t\t\tPARKKITALO<br \/>\n\t\t\t\t\t<\/a><\/p>\n<h2>MUU\u00a0TOIMINTA<\/h2>\n<p>\t\t\t<a role=\"button\"><br \/>\n\t\t\t\t\t\tTRIPIT! HARJOITEFESTIVAALI<br \/>\n\t\t\t\t\t<\/a><br \/>\n\t\t\t<a role=\"button\"><br \/>\n\t\t\t\t\t\tOPERAATIO LUMIHIUTALE<br \/>\n\t\t\t\t\t<\/a><br \/>\n\t\t\t<a role=\"button\"><br \/>\n\t\t\t\t\t\tTY\u00d6PAJAT<br \/>\n\t\t\t\t\t<\/a><\/p>\n<h2>VEDEN KULMA 104,45\u02da -VIDEOSARJA<\/h2>\n<p>\t\t\t\t\t\t\t\t\t\t\t\t<img decoding=\"async\" width=\"300\" height=\"210\" src=\"https:\/\/toisissatiloissa.net\/wp-content\/uploads\/2019\/12\/odradek_09-300x210.jpg\" alt=\"\" loading=\"lazy\" srcset=\"https:\/\/toisissatiloissa.net\/wp-content\/uploads\/2019\/12\/odradek_09-300x210.jpg 300w, https:\/\/toisissatiloissa.net\/wp-content\/uploads\/2019\/12\/odradek_09-768x538.jpg 768w, https:\/\/toisissatiloissa.net\/wp-content\/uploads\/2019\/12\/odradek_09-1024x717.jpg 1024w, https:\/\/toisissatiloissa.net\/wp-content\/uploads\/2019\/12\/odradek_09-1600x1120.jpg 1600w\" sizes=\"(max-width: 300px) 100vw, 300px\" \/>\t\t\t\t\t\t\t\t\t\t\t\t\t\t<\/p>\n<p>8-osainen videoteos<i> Veden kulma 104,45\u02da<\/i>\u00a0kutsuu katsojat kokeilemaan veden eri ilmenemismuotoja ja tutustumaan veteen erityislaatuisena kemiallisena yhdisteen\u00e4 fyysisten harjoitteiden kautta.<\/p>\n<p>Sarjan jaksot ovat katsottavissa <a href=\"https:\/\/vimeopro.com\/user151025373\/angleofwater\">Vimeossa<\/a>.<\/p>\n<p>\t\t\t<a role=\"button\"><br \/>\n\t\t\t\t\t\tLue lis\u00e4\u00e4<br \/>\n\t\t\t\t\t<\/a><\/p>\n<p>Kuva: Jenni Kokkom\u00e4ki<\/p>\n<h2>IRTIKYTKETTY TILA<\/h2>\n<p>\t\t\t\t\t\t\t\t\t\t\t\t<img decoding=\"async\" width=\"300\" height=\"210\" src=\"https:\/\/toisissatiloissa.net\/wp-content\/uploads\/2019\/12\/odradek_09-300x210.jpg\" alt=\"\" loading=\"lazy\" srcset=\"https:\/\/toisissatiloissa.net\/wp-content\/uploads\/2019\/12\/odradek_09-300x210.jpg 300w, https:\/\/toisissatiloissa.net\/wp-content\/uploads\/2019\/12\/odradek_09-768x538.jpg 768w, https:\/\/toisissatiloissa.net\/wp-content\/uploads\/2019\/12\/odradek_09-1024x717.jpg 1024w, https:\/\/toisissatiloissa.net\/wp-content\/uploads\/2019\/12\/odradek_09-1600x1120.jpg 1600w\" sizes=\"(max-width: 300px) 100vw, 300px\" \/>\t\t\t\t\t\t\t\t\t\t\t\t\t\t<\/p>\n<p><em>Irtikytketty tila<\/em>\u00a0on osallistava esitys, jossa yksin\u00e4inen kuljeskelu kaupungin kaduilla muutetaan leikkis\u00e4ksi yhdess\u00e4 lukemisen ja yhteiskirjoittamisen harjoitteeksi.<\/p>\n<p>\t\t\t<a role=\"button\"><br \/>\n\t\t\t\t\t\tLue lis\u00e4\u00e4<br \/>\n\t\t\t\t\t<\/a><\/p>\n<p>Kuva: Jaakko Ruuska<\/p>\n<h2>KUVITTEELLISTEN OLENTOJEN KOKOELMA <\/h2>\n<p>\t\t\t\t\t\t\t\t\t\t\t\t<img decoding=\"async\" width=\"300\" height=\"210\" src=\"https:\/\/toisissatiloissa.net\/wp-content\/uploads\/2019\/12\/odradek_09-300x210.jpg\" alt=\"\" loading=\"lazy\" srcset=\"https:\/\/toisissatiloissa.net\/wp-content\/uploads\/2019\/12\/odradek_09-300x210.jpg 300w, https:\/\/toisissatiloissa.net\/wp-content\/uploads\/2019\/12\/odradek_09-768x538.jpg 768w, https:\/\/toisissatiloissa.net\/wp-content\/uploads\/2019\/12\/odradek_09-1024x717.jpg 1024w, https:\/\/toisissatiloissa.net\/wp-content\/uploads\/2019\/12\/odradek_09-1600x1120.jpg 1600w\" sizes=\"(max-width: 300px) 100vw, 300px\" \/>\t\t\t\t\t\t\t\t\t\t\t\t\t\t<\/p>\n<p><em>Kuvitteellisten olentojen kokoelma<\/em>\u00a0avaa ovet kollektiiviseen tajuntaamme, tarinoihin ja unissa el\u00e4vien olentojen maailmaan.<\/p>\n<p>Ylisukupolvinen esitys kutsuu kaikki yli 6-vuotiaat kuvittelemaa ja jakamaan kuvitelmiamme yhdess\u00e4.\u00a0<\/p>\n<p>Teos sai ensi-iltansa Turun p\u00e4\u00e4kirjastossa huhtikuussa 2020 ja saksankielist\u00e4 ensi-iltaa juhlittiin Hampurissa lokakuussa 2021.<\/p>\n<p>\t\t\t<a role=\"button\"><br \/>\n\t\t\t\t\t\tLue lis\u00e4\u00e4<br \/>\n\t\t\t\t\t<\/a><\/p>\n<p>Kuva: Hieronymus Bosch<\/p>\n<h2>IHMISEN J\u00c4LKEINEN TEATTERI <\/h2>\n<p>\t\t\t\t\t\t\t\t\t\t\t\t<img decoding=\"async\" width=\"300\" height=\"200\" src=\"https:\/\/toisissatiloissa.net\/wp-content\/uploads\/2019\/11\/Kansallisgalleria-Pirje-Mykk\u00e4nen-2-300x200.jpg\" alt=\"\" loading=\"lazy\" srcset=\"https:\/\/toisissatiloissa.net\/wp-content\/uploads\/2019\/11\/Kansallisgalleria-Pirje-Mykk\u00e4nen-2-300x200.jpg 300w, https:\/\/toisissatiloissa.net\/wp-content\/uploads\/2019\/11\/Kansallisgalleria-Pirje-Mykk\u00e4nen-2-768x512.jpg 768w, https:\/\/toisissatiloissa.net\/wp-content\/uploads\/2019\/11\/Kansallisgalleria-Pirje-Mykk\u00e4nen-2-1024x683.jpg 1024w, https:\/\/toisissatiloissa.net\/wp-content\/uploads\/2019\/11\/Kansallisgalleria-Pirje-Mykk\u00e4nen-2-1600x1067.jpg 1600w\" sizes=\"(max-width: 300px) 100vw, 300px\" \/><br \/>\n\t\t<em>Ihmisen j\u00e4lkeinen teatteri<\/em> on LUST ry:n ja Toisissa tiloissa -kollektiivin vuoden 2019 kuluessa toteutettava yhteisty\u00f6hanke. Hankkeen vet\u00e4j\u00e4n\u00e4 toimii Toisissa tiloissa -kollektiivin perustajaj\u00e4sen, esitystaiteilija ja filosofi Esa Kirkkopelto.\u00a0Hankkeen tarkoituksena on kehitt\u00e4\u00e4 ideaa ei-inhimillisest\u00e4 n\u00e4yttelemisest\u00e4: miten se on mahdollista, mit\u00e4 se vaatii esiintyj\u00e4lt\u00e4 ja millaista teatteria se tuottaa? Hanke keksii, kehitt\u00e4\u00e4 ja tuo julki paitsi uudenlaisia ruumiintekniikoita my\u00f6s uudenlaista ruumiillista ajattelua ja dramaturgiaa.<br \/>\n\t\t\t<a role=\"button\"><br \/>\n\t\t\t\t\t\tLue lis\u00e4\u00e4<br \/>\n\t\t\t\t\t<\/a><\/p>\n<p>Kuva: Kansallisgalleria \/ Pirje Mykk\u00e4nen<\/p>\n<h2>ELISENVAARA-PIEKS\u00c4M\u00c4KI: UUDELLEENKYTKENT\u00d6J\u00c4<\/h2>\n<p>\t\t\t\t\t\t\t\t\t\t\t\t<img decoding=\"async\" width=\"300\" height=\"200\" src=\"https:\/\/toisissatiloissa.net\/wp-content\/uploads\/2018\/12\/irtikytketty-Jaakko-Ruuska-3-1-300x200.jpg\" alt=\"\" loading=\"lazy\" srcset=\"https:\/\/toisissatiloissa.net\/wp-content\/uploads\/2018\/12\/irtikytketty-Jaakko-Ruuska-3-1-300x200.jpg 300w, https:\/\/toisissatiloissa.net\/wp-content\/uploads\/2018\/12\/irtikytketty-Jaakko-Ruuska-3-1-768x512.jpg 768w, https:\/\/toisissatiloissa.net\/wp-content\/uploads\/2018\/12\/irtikytketty-Jaakko-Ruuska-3-1-1024x682.jpg 1024w, https:\/\/toisissatiloissa.net\/wp-content\/uploads\/2018\/12\/irtikytketty-Jaakko-Ruuska-3-1-1600x1066.jpg 1600w, https:\/\/toisissatiloissa.net\/wp-content\/uploads\/2018\/12\/irtikytketty-Jaakko-Ruuska-3-1.jpg 2000w\" sizes=\"(max-width: 300px) 100vw, 300px\" \/>\t\t\t\t\t\t\t\t\t\t\t\t\t\t<\/p>\n<p><em>Elisenvaara-Pieks\u00e4m\u00e4ki: Uudelleenkytkent\u00f6j\u00e4<\/em> on paikkasidonnainen vaellusesitys valtiorajojen katkaisemalla, monilta osiltaan k\u00e4yt\u00f6st\u00e4 poistetulla junaradalla, joka kulkee Pieks\u00e4m\u00e4elt\u00e4 (Suomi) Elisenvaaraan (Ven\u00e4j\u00e4). Esityksess\u00e4 taloudellisen ja kulttuurisen toiminnan katveeseen j\u00e4\u00e4nyt alue otetaan uudelleen haltuun esitystaiteen keinoin. Radan eri osilla toteutettavat esitykset on tarkoitettu radanvarren asukkaille. Moniosaisessa vaellusesityksess\u00e4 rautatien k\u00e4yt\u00f6st\u00e4 poistetuilla osilla liikutaan tekniikoilla, jotka palautuvat kokemuksellisesti radan syntyvaiheeseen, kuten resiinalla, h\u00f6yryveturilla ja jalkaisin.<\/p>\n<p>\t\t\t<a role=\"button\"><br \/>\n\t\t\t\t\t\tLue lis\u00e4\u00e4<br \/>\n\t\t\t\t\t<\/a><\/p>\n<p>Kuva Jaakko Ruuska<\/p>\n<h2>KIERTUE-ESITYKSET<\/h2>\n<h2>SUURI KORALLIRIUTTA<\/h2>\n<p>\t\t\t\t\t\t\t\t\t\t\t\t<img decoding=\"async\" width=\"300\" height=\"200\" src=\"https:\/\/toisissatiloissa.net\/wp-content\/uploads\/2018\/12\/koralli-frankfurt-Achim-Reissner-2-300x200.jpg\" alt=\"\" loading=\"lazy\" srcset=\"https:\/\/toisissatiloissa.net\/wp-content\/uploads\/2018\/12\/koralli-frankfurt-Achim-Reissner-2-300x200.jpg 300w, https:\/\/toisissatiloissa.net\/wp-content\/uploads\/2018\/12\/koralli-frankfurt-Achim-Reissner-2-768x512.jpg 768w, https:\/\/toisissatiloissa.net\/wp-content\/uploads\/2018\/12\/koralli-frankfurt-Achim-Reissner-2-1024x682.jpg 1024w, https:\/\/toisissatiloissa.net\/wp-content\/uploads\/2018\/12\/koralli-frankfurt-Achim-Reissner-2-1600x1066.jpg 1600w\" sizes=\"(max-width: 300px) 100vw, 300px\" \/><br \/>\n\t\tAustralian rannikolla sijaitseva Iso Valliriutta on maailman suurin, ainutlaatuinen ja uhanalainen ekosysteemi. <em>Suuri Koralliriutta<\/em> -esityksess\u00e4 vierailemme koralliriutalla lent\u00e4m\u00e4tt\u00e4 kauas. T\u00e4ss\u00e4 kokemuksellisessa ja osallistavassa esityksess\u00e4 muodostamme yhdess\u00e4 osallistujien kanssa koralliriutan ja sen eli\u00f6yhteis\u00f6n. Esitys alkaa ty\u00f6pajaosuudella, jonka aikana opimme muodostamaan yhdess\u00e4 koralliriutan vedenalaisen maailman.<br \/>\n\t\t\t<a role=\"button\"><br \/>\n\t\t\t\t\t\tLue lis\u00e4\u00e4<br \/>\n\t\t\t\t\t<\/a><\/p>\n<p>Alte Oper Frankfurt \/ \u00a9 Achim Reissnern<\/p>\n<h2>AVALOKITESHVARA SUPERCLUSTERS<\/h2>\n<p>\t\t\t\t\t\t\t\t\t\t\t\t<img decoding=\"async\" width=\"300\" height=\"200\" src=\"https:\/\/toisissatiloissa.net\/wp-content\/uploads\/2018\/12\/avalo-Paula-Tella-jalat-300x200.jpg\" alt=\"\" loading=\"lazy\" srcset=\"https:\/\/toisissatiloissa.net\/wp-content\/uploads\/2018\/12\/avalo-Paula-Tella-jalat-300x200.jpg 300w, https:\/\/toisissatiloissa.net\/wp-content\/uploads\/2018\/12\/avalo-Paula-Tella-jalat-768x512.jpg 768w, https:\/\/toisissatiloissa.net\/wp-content\/uploads\/2018\/12\/avalo-Paula-Tella-jalat-1024x683.jpg 1024w, https:\/\/toisissatiloissa.net\/wp-content\/uploads\/2018\/12\/avalo-Paula-Tella-jalat-1600x1067.jpg 1600w, https:\/\/toisissatiloissa.net\/wp-content\/uploads\/2018\/12\/avalo-Paula-Tella-jalat.jpg 2000w\" sizes=\"(max-width: 300px) 100vw, 300px\" \/>\t\t\t\t\t\t\t\t\t\t\t\t\t\t<\/p>\n<p><em>Avalokiteshvara Superclusters<\/em> on kollektiivinen my\u00f6t\u00e4tuntoharjoitus, jonka p\u00e4\u00e4m\u00e4\u00e4r\u00e4n\u00e4 on kokemus kaikkien olentojen samanarvoisuudesta. Esityksess\u00e4 yhdistyv\u00e4t <em>Avalokiteshvara<\/em>, buddhalainen my\u00f6t\u00e4tunnon ruumiillistuma, sek\u00e4 <em>superklusterit<\/em> eli maailmankaikkeuden suurimmat tunnetut rakenteet.<\/p>\n<p>My\u00f6t\u00e4tunto on meit\u00e4 kaikkia koskeva asenteen muutos, joka ulottuu ihmisen tuolle puolen ja ilman rajoja kaikkiin olentoihin. Pyrkimys my\u00f6t\u00e4tuntoon my\u00f6s kaikkia ei-inhimillisin\u00e4 pidettyj\u00e4 olentoja kohtaan, kosminen my\u00f6t\u00e4tunto, on meit\u00e4 kaikkia koskettava haaste, johon vastaaminen vaatii harjoittelua. <em>Avalokiteshvara Superclusters<\/em> johdattaa meid\u00e4t t\u00e4m\u00e4n harjoittelun alkuun!<\/p>\n<p>\t\t\t<a role=\"button\"><br \/>\n\t\t\t\t\t\tLue lis\u00e4\u00e4<br \/>\n\t\t\t\t\t<\/a><\/p>\n<p>Kuva Paula Tella<\/p>\n<h2>HUMANOIDIHYPOTEESI<\/h2>\n<p>\t\t\t\t\t\t\t\t\t\t\t\t<img decoding=\"async\" width=\"300\" height=\"200\" src=\"https:\/\/toisissatiloissa.net\/wp-content\/uploads\/2018\/12\/humanoidi2-pirje-mykkanen-3-1-300x200.jpg\" alt=\"\" loading=\"lazy\" srcset=\"https:\/\/toisissatiloissa.net\/wp-content\/uploads\/2018\/12\/humanoidi2-pirje-mykkanen-3-1-300x200.jpg 300w, https:\/\/toisissatiloissa.net\/wp-content\/uploads\/2018\/12\/humanoidi2-pirje-mykkanen-3-1-768x512.jpg 768w, https:\/\/toisissatiloissa.net\/wp-content\/uploads\/2018\/12\/humanoidi2-pirje-mykkanen-3-1-1024x683.jpg 1024w, https:\/\/toisissatiloissa.net\/wp-content\/uploads\/2018\/12\/humanoidi2-pirje-mykkanen-3-1-1600x1067.jpg 1600w\" sizes=\"(max-width: 300px) 100vw, 300px\" \/>\t\t\t\t\t\t\t\t\t\t\t\t\t\t<\/p>\n<p>Uskonko min\u00e4 humanoideihin? Humanoidi on moderni kokemus, josta meill\u00e4 jokaisella on kulttuurillista ja henkil\u00f6kohtaista ymm\u00e4rryst\u00e4. Tied\u00e4mme sen perusteella millaisia humanoidit ovat, mit\u00e4 ne ajattelevat ja tekev\u00e4t, riippumatta siit\u00e4 uskommeko niiden olemassaoloon vai emme. Samassa mitassa kuin humanoidit osallistuvat kokemukseemme, on meist\u00e4 itsest\u00e4mme \u2013 kenties huomaamatta \u2013 tullut humanoideja.<\/p>\n<p><em>Humanoidihypoteesi<\/em> kaivaa esiin meiss\u00e4 jokaisessa uinuvan avaruusolennon. Opimme tarkastelemaan omaa ja toistemme el\u00e4m\u00e4\u00e4 humanoidin tavoin. Otamme kantaa ajankohtaiseen, j\u00e4lkihumanistiseen keskusteluun: kuka tulee ihmisen j\u00e4lkeen? Uskallammeko kuvitella tulevaisuuden ihmisen?<\/p>\n<p>\t\t\t<a role=\"button\"><br \/>\n\t\t\t\t\t\tLue lis\u00e4\u00e4<br \/>\n\t\t\t\t\t<\/a><\/p>\n<p>Kansallisgalleria \/ Pirje Mykk\u00e4nen<\/p>\n<h2>SUSISAFARI<\/h2>\n<p>\t\t\t\t\t\t\t\t\t\t\t\t<img decoding=\"async\" width=\"300\" height=\"154\" src=\"https:\/\/toisissatiloissa.net\/wp-content\/uploads\/2018\/12\/susisafari-Paula-Tella-5-1-300x154.jpg\" alt=\"\" loading=\"lazy\" srcset=\"https:\/\/toisissatiloissa.net\/wp-content\/uploads\/2018\/12\/susisafari-Paula-Tella-5-1-300x154.jpg 300w, https:\/\/toisissatiloissa.net\/wp-content\/uploads\/2018\/12\/susisafari-Paula-Tella-5-1-768x394.jpg 768w, https:\/\/toisissatiloissa.net\/wp-content\/uploads\/2018\/12\/susisafari-Paula-Tella-5-1-1024x525.jpg 1024w, https:\/\/toisissatiloissa.net\/wp-content\/uploads\/2018\/12\/susisafari-Paula-Tella-5-1-1600x821.jpg 1600w\" sizes=\"(max-width: 300px) 100vw, 300px\" \/>\t\t\t\t\t\t\t\t\t\t\t\t\t\t<\/p>\n<p><em>Susisafarin<\/em> tavoitteena on vierailla suden kokemusmaailmassa. Koska kyseess\u00e4 on sosiaalinen laumael\u00e4in, sutena olemista on viisainta l\u00e4hesty\u00e4 kollektiivisesti, sosiaalisena tapahtumana. <em>Susisafari<\/em> on pitk\u00e4kestoinen, kollektiivinen harjoite, jossa ihmiset kohtaavat toisensa susina y\u00f6aikaan kaupunkiymp\u00e4rist\u00f6ss\u00e4 ja muodostavat n\u00e4lk\u00e4isen\u00e4 saalistavan susilauman. Lainaamme susilta muutamia ominaisuuksia, jonka avulla \u201csudeksi\u201d on helpointa tulla. Muutos tapahtuu v\u00e4hitellen ja jokaisen omalla tavalla, ei sutta ulkoisesti matkien.<\/p>\n<p>\t\t\t<a role=\"button\"><br \/>\n\t\t\t\t\t\tLue lis\u00e4\u00e4<br \/>\n\t\t\t\t\t<\/a><\/p>\n<p>Kuva Paula Tella<\/p>\n<h2>POROSAFARI<\/h2>\n<p>\t\t\t\t\t\t\t\t\t\t\t\t<img decoding=\"async\" width=\"300\" height=\"138\" src=\"https:\/\/toisissatiloissa.net\/wp-content\/uploads\/2018\/12\/porosafari-panoraama-Jaakko-Ruuska-300x138.jpg\" alt=\"\" loading=\"lazy\" srcset=\"https:\/\/toisissatiloissa.net\/wp-content\/uploads\/2018\/12\/porosafari-panoraama-Jaakko-Ruuska-300x138.jpg 300w, https:\/\/toisissatiloissa.net\/wp-content\/uploads\/2018\/12\/porosafari-panoraama-Jaakko-Ruuska-768x354.jpg 768w, https:\/\/toisissatiloissa.net\/wp-content\/uploads\/2018\/12\/porosafari-panoraama-Jaakko-Ruuska-1024x472.jpg 1024w, https:\/\/toisissatiloissa.net\/wp-content\/uploads\/2018\/12\/porosafari-panoraama-Jaakko-Ruuska-1600x738.jpg 1600w\" sizes=\"(max-width: 300px) 100vw, 300px\" \/><br \/>\n\t\tVuoden 2011 ymp\u00e4rist\u00f6taideteoksena palkittu <em>Porosafari<\/em> on kolmivaiheinen esitystaidetapahtuma, ymp\u00e4rist\u00f6taideteos sek\u00e4 kollektiivinen vaellus. <em>Porosafarin<\/em> osanottajat muodostavat monikymmenp\u00e4isen \u201ctokan\u201d, joka liikkuu yhdess\u00e4, porojen vaellusk\u00e4ytt\u00e4ytymist\u00e4 vastaavalla tavalla ja t\u00e4ydess\u00e4 hiljaisuudessa. J\u00e4rjest\u00e4v\u00e4 ryhm\u00e4 valvoo vaellusta \u201cporokoirina\u201d ja pit\u00e4\u00e4 huolta osallistujien tarpeista ja heid\u00e4n turvallisuudestaan.\u00a0Vaellusta edelt\u00e4\u00e4 porokoulutus, jossa osallistujille kerrotaan poroista ja niiden elintavoista sek\u00e4 k\u00e4yd\u00e4\u00e4n l\u00e4pi vaelluksen s\u00e4\u00e4nn\u00f6t ja sen aikana k\u00e4ytett\u00e4v\u00e4t yksinkertaiset tekniikat.<br \/>\n\t\t\t<a role=\"button\"><br \/>\n\t\t\t\t\t\tLue lis\u00e4\u00e4<br \/>\n\t\t\t\t\t<\/a><\/p>\n<p>Kuva Jaakko Ruuska<\/p>\n<h2>PARKKITALO<\/h2>\n<p>\t\t\t\t\t\t\t\t\t\t\t\t<img decoding=\"async\" width=\"300\" height=\"80\" src=\"https:\/\/toisissatiloissa.net\/wp-content\/uploads\/2018\/12\/parkkitalo-Paula-Tella-1-300x80.jpg\" alt=\"\" loading=\"lazy\" srcset=\"https:\/\/toisissatiloissa.net\/wp-content\/uploads\/2018\/12\/parkkitalo-Paula-Tella-1-300x80.jpg 300w, https:\/\/toisissatiloissa.net\/wp-content\/uploads\/2018\/12\/parkkitalo-Paula-Tella-1-768x205.jpg 768w, https:\/\/toisissatiloissa.net\/wp-content\/uploads\/2018\/12\/parkkitalo-Paula-Tella-1-1024x273.jpg 1024w, https:\/\/toisissatiloissa.net\/wp-content\/uploads\/2018\/12\/parkkitalo-Paula-Tella-1-1600x426.jpg 1600w, https:\/\/toisissatiloissa.net\/wp-content\/uploads\/2018\/12\/parkkitalo-Paula-Tella-1.jpg 2000w\" sizes=\"(max-width: 300px) 100vw, 300px\" \/>\t\t\t\t\t\t\t\t\t\t\t\t\t\t<\/p>\n<p>Jos olisin auto\u2026<\/p>\n<p><em>Parkkitalo<\/em> on esitys, joka tapahtuu nimens\u00e4 mukaisesti autoille varatussa maanalaisessa tilassa aivan kaupungin keskustassa. V\u00e4litila johon normaalisti tullaan vain sielt\u00e4 poistumista varten muuttuu yhteisen tutkimusmatkan kohteeksi. Pys\u00e4k\u00f6inti\u00e4 varten rakennettu talo on tila k\u00e4ytt\u00e4jiens\u00e4 autoille, ei heille itselleen.<\/p>\n<p>Mit\u00e4 tapahtuu, jos autot korvataan henkil\u00f6ill\u00e4? Mit\u00e4 jos kiire ulos tilasta korvataan tilassa tapahtuvalla rauhallisella viipyilyll\u00e4? Mit\u00e4 itsest\u00e4mme tulee silloin esiin ja kuinka muuttuu suhteemme toinen toisiimme?<\/p>\n<p>\t\t\t<a role=\"button\"><br \/>\n\t\t\t\t\t\tLue lis\u00e4\u00e4<br \/>\n\t\t\t\t\t<\/a><\/p>\n<p>Video Mitro H\u00e4rk\u00f6nen Kuva Paula Tella<\/p>\n<h2>MUU\u00a0TOIMINTA<\/h2>\n<h2>TRIPIT<\/h2>\n<p>\t\t\t\t\t\t\t\t\t\t\t\t<img decoding=\"async\" width=\"300\" height=\"212\" src=\"https:\/\/toisissatiloissa.net\/wp-content\/uploads\/2018\/12\/tripit-Paula-Tella-1-300x212.jpg\" alt=\"\" loading=\"lazy\" srcset=\"https:\/\/toisissatiloissa.net\/wp-content\/uploads\/2018\/12\/tripit-Paula-Tella-1-300x212.jpg 300w, https:\/\/toisissatiloissa.net\/wp-content\/uploads\/2018\/12\/tripit-Paula-Tella-1-768x543.jpg 768w, https:\/\/toisissatiloissa.net\/wp-content\/uploads\/2018\/12\/tripit-Paula-Tella-1-1024x724.jpg 1024w, https:\/\/toisissatiloissa.net\/wp-content\/uploads\/2018\/12\/tripit-Paula-Tella-1-1600x1131.jpg 1600w, https:\/\/toisissatiloissa.net\/wp-content\/uploads\/2018\/12\/tripit-Paula-Tella-1.jpg 1637w\" sizes=\"(max-width: 300px) 100vw, 300px\" \/>\t\t\t\t\t\t\t\t\t\t\t\t\t\t<\/p>\n<p>Toisissa tiloissa -ryhm\u00e4n toiminnan ytimen\u00e4 ovat\u00a0 kollektiiviset ruumiilliset muodonmuutostekniikat, joiden avulla ihmiset p\u00e4\u00e4sev\u00e4t kokemukselliseen yhteyteen ei-inhimillisten ilmi\u00f6iden ja olomuotojen kanssa. Yhdess\u00e4 teht\u00e4v\u00e4t harjoitteet vapauttavat osallistujan ainakin hetkellisesti ihmisen hahmosta ja identiteetist\u00e4.<\/p>\n<p>Vuosittain Suvilahdessa j\u00e4rjestett\u00e4v\u00e4ll\u00e4 <em>TRIPIT!<\/em> -harjoitefestivaalilla ryhm\u00e4 toteuttaa joukon mojovimpia ja nautinnollisimpia harjoitteitaan yhdess\u00e4 yleis\u00f6n kanssa. Harjoitefestivaali on p\u00e4iv\u00e4n mittainen tapahtuma, johon mukaan harjoittelemaan voi saapua sek\u00e4 l\u00e4hte\u00e4 milloin vain.<\/p>\n<p>\t\t\t<a role=\"button\"><br \/>\n\t\t\t\t\t\tLue lis\u00e4\u00e4<br \/>\n\t\t\t\t\t<\/a><\/p>\n<p>Kuva Paula Tella<\/p>\n<h2>OPERAATIO LUMIHIUTALE<\/h2>\n<p>\t\t\t\t\t\t\t\t\t\t\t\t<img decoding=\"async\" width=\"300\" height=\"132\" src=\"https:\/\/toisissatiloissa.net\/wp-content\/uploads\/2018\/12\/hiutale-Pasi-Kirkkopelto-1-300x132.jpg\" alt=\"\" loading=\"lazy\" srcset=\"https:\/\/toisissatiloissa.net\/wp-content\/uploads\/2018\/12\/hiutale-Pasi-Kirkkopelto-1-300x132.jpg 300w, https:\/\/toisissatiloissa.net\/wp-content\/uploads\/2018\/12\/hiutale-Pasi-Kirkkopelto-1-768x338.jpg 768w, https:\/\/toisissatiloissa.net\/wp-content\/uploads\/2018\/12\/hiutale-Pasi-Kirkkopelto-1-1024x451.jpg 1024w, https:\/\/toisissatiloissa.net\/wp-content\/uploads\/2018\/12\/hiutale-Pasi-Kirkkopelto-1-1600x705.jpg 1600w, https:\/\/toisissatiloissa.net\/wp-content\/uploads\/2018\/12\/hiutale-Pasi-Kirkkopelto-1.jpg 2000w\" sizes=\"(max-width: 300px) 100vw, 300px\" \/><br \/>\n\t\t<i>Operaatio Lumihiutale<\/i> on pyritty j\u00e4rjest\u00e4m\u00e4\u00e4n vuosittain laskiaissunnuntaina, mutta vuosina 2014-18 <i>Operaatio Lumihiutaleen<\/i> esitt\u00e4minen on osoittautunut mahdottomaksi tai liian vaaralliseksi heikkojen j\u00e4\u00e4olosuhteiden vuoksi. Esityksest\u00e4 on n\u00e4in tullut er\u00e4\u00e4nlainen indikaattori ilmastonmuutoksen etenemiselle, joka havainnollistaa ilmastonmuutoksen vaikutuksia ihmisten arkeen hyvin konkreettisella tavalla.\u00a0<em>Operaatio Lumihiutaleessa<\/em> esit\u00e4mme kollektiivimme kehitt\u00e4mi\u00e4 n\u00e4ytt\u00e4vi\u00e4 sosiaalisia koreografioita muodostavia harjoitteita T\u00f6\u00f6l\u00f6nlahden j\u00e4\u00e4ll\u00e4.<br \/>\n\t\t\t<a role=\"button\"><br \/>\n\t\t\t\t\t\tLue lis\u00e4\u00e4<br \/>\n\t\t\t\t\t<\/a><\/p>\n<p>Kuva Pasi Kirkkopelto<\/p>\n<h2>TY\u00d6PAJAT<\/h2>\n<p>\t\t\t\t\t\t\t\t\t\t\t\t<img decoding=\"async\" width=\"300\" height=\"200\" src=\"https:\/\/toisissatiloissa.net\/wp-content\/uploads\/2019\/02\/Laura-Jantunen-Baltic-Circle-2015-300x200.jpg\" alt=\"\" loading=\"lazy\" srcset=\"https:\/\/toisissatiloissa.net\/wp-content\/uploads\/2019\/02\/Laura-Jantunen-Baltic-Circle-2015-300x200.jpg 300w, https:\/\/toisissatiloissa.net\/wp-content\/uploads\/2019\/02\/Laura-Jantunen-Baltic-Circle-2015-768x512.jpg 768w, https:\/\/toisissatiloissa.net\/wp-content\/uploads\/2019\/02\/Laura-Jantunen-Baltic-Circle-2015-1024x683.jpg 1024w, https:\/\/toisissatiloissa.net\/wp-content\/uploads\/2019\/02\/Laura-Jantunen-Baltic-Circle-2015-1600x1067.jpg 1600w\" sizes=\"(max-width: 300px) 100vw, 300px\" \/>\t\t\t\t\t\t\t\t\t\t\t\t\t\t<\/p>\n<p>Toisissa tiloissa -kollektiivin kehitt\u00e4m\u00e4t harjoitteet laajentavat ja muuttavat:<\/p>\n<p>I totunnaista kokemusta itsest\u00e4mme<br \/>II totunnaista kokemusta toisistamme<br \/>III suhdettamme ymp\u00e4r\u00f6iv\u00e4\u00e4n todellisuuteen<\/p>\n<p>Harjoitteet ovat helppoja ja soveltuvat kaikenik\u00e4isille ja -kuntoisille ihmisille, eiv\u00e4tk\u00e4 vaadi aikaisempaa kokemusta. Harjoitteet ovat nautinnollinen tapa vapautua v\u00e4h\u00e4ksi aikaa ihmisen hahmosta ja identiteetist\u00e4.<\/p>\n<p>\t\t\t<a role=\"button\"><br \/>\n\t\t\t\t\t\tLue lis\u00e4\u00e4<br \/>\n\t\t\t\t\t<\/a><\/p>\n<p>Kuva Laura Jantunen<\/p>\n<h2>Muut esitykset ja projektit<br \/><\/h2>\n<p>\t\tToisissa tiloissa -kollektiivin muita esityksi\u00e4 ovat muun muassa:<br \/>\n\t\t\t<a role=\"button\"><br \/>\n\t\t\t\t\t\tIKUINEN V\u00c4LITUNTI<br \/>\n\t\t\t\t\t<\/a><br \/>\n\t\t\t<a role=\"button\"><br \/>\n\t\t\t\t\t\tANIARA<br \/>\n\t\t\t\t\t<\/a><br \/>\n\t\t\t<a role=\"button\"><br \/>\n\t\t\t\t\t\tGOLEM<br \/>\n\t\t\t\t\t<\/a><br \/>\n\t\tToisissa tiloissa -kollektiivin muita esityksi\u00e4 ja hankkeita ovat muun muassa:<\/p>\n<p>ANIARA<\/p>\n<p>GOLEM<\/p>\n<p>ODRADEK<\/p>\n<p>PANPSYYKKISET SESSIOT<\/p>\n<p>IKUINEN V\u00c4LITUNTI<\/p>\n<p>TALVIVAELLUS<\/p>\n","protected":false},"excerpt":{"rendered":"<p>UUSIMMAT VEDEN KULMA 104,45\u02da IRTIKYTKETTY TILA KUVITTEELLISET OLENNOT IHMISEN\u00a0J\u00c4LKEINEN\u00a0TEATTERI UUDELLEENKYTKENT\u00d6J\u00c4 KIERTUE-ESITYKSET SUURI KORALLIRIUTTA AVALOKITESHVARA HUMANOIDIHYPOTEESI SUSISAFARI POROSAFARI PARKKITALO MUU\u00a0TOIMINTA TRIPIT! HARJOITEFESTIVAALI OPERAATIO LUMIHIUTALE TY\u00d6PAJAT VEDEN KULMA 104,45\u02da -VIDEOSARJA 8-osainen videoteos Veden kulma 104,45\u02da\u00a0kutsuu katsojat kokeilemaan veden eri ilmenemismuotoja ja tutustumaan veteen erityislaatuisena kemiallisena yhdisteen\u00e4 fyysisten harjoitteiden kautta. Sarjan jaksot ovat katsottavissa Vimeossa. Lue lis\u00e4\u00e4 Kuva: &#8230; <a title=\"Produktiot\" class=\"read-more\" href=\"https:\/\/toisissatiloissa.net\/en\/produktiot\/\" aria-label=\"More on Produktiot\">Read more<\/a><\/p>\n","protected":false},"author":3,"featured_media":0,"parent":0,"menu_order":0,"comment_status":"closed","ping_status":"closed","template":"","meta":{"_eb_attr":"","generate_page_header":"","footnotes":""},"_links":{"self":[{"href":"https:\/\/toisissatiloissa.net\/en\/wp-json\/wp\/v2\/pages\/177"}],"collection":[{"href":"https:\/\/toisissatiloissa.net\/en\/wp-json\/wp\/v2\/pages"}],"about":[{"href":"https:\/\/toisissatiloissa.net\/en\/wp-json\/wp\/v2\/types\/page"}],"author":[{"embeddable":true,"href":"https:\/\/toisissatiloissa.net\/en\/wp-json\/wp\/v2\/users\/3"}],"replies":[{"embeddable":true,"href":"https:\/\/toisissatiloissa.net\/en\/wp-json\/wp\/v2\/comments?post=177"}],"version-history":[{"count":51,"href":"https:\/\/toisissatiloissa.net\/en\/wp-json\/wp\/v2\/pages\/177\/revisions"}],"predecessor-version":[{"id":4832,"href":"https:\/\/toisissatiloissa.net\/en\/wp-json\/wp\/v2\/pages\/177\/revisions\/4832"}],"wp:attachment":[{"href":"https:\/\/toisissatiloissa.net\/en\/wp-json\/wp\/v2\/media?parent=177"}],"curies":[{"name":"wp","href":"https:\/\/api.w.org\/{rel}","templated":true}]}}