{"id":204,"date":"2018-11-16T17:19:48","date_gmt":"2018-11-16T17:19:48","guid":{"rendered":"http:\/\/toisissatiloissa.net\/?page_id=204"},"modified":"2022-08-27T15:39:00","modified_gmt":"2022-08-27T12:39:00","slug":"suuri-koralliriutta","status":"publish","type":"page","link":"https:\/\/toisissatiloissa.net\/en\/suuri-koralliriutta\/","title":{"rendered":"Suuri Koralliriutta"},"content":{"rendered":"<h1>\n<p>SUURI KORALLIRIUTTA<\/p>\n<\/h1>\n<p>Kuva Johanna Huiskonen<\/p>\n<h3><strong>TERVETULOA SEIKKAILEMAAN KORALLIRIUTALLE!<br \/><\/strong><\/h3>\n<p><em>Suuri Koralliriutta<\/em> on Toisissa tiloissa -kollektiivin tapahtumakokonaisuus, joka koostuu ty\u00f6pajasta, lounaasta, yhdess\u00e4 luotavasta esityksest\u00e4 ja hiljaisesta mielenosoituksesta. Kutsumme sek\u00e4 aikuiset ett\u00e4 lapset mukaan seikkailemaan yhdess\u00e4 Koralliriutalle &#8211; Meid\u00e4n teht\u00e4v\u00e4mme on pit\u00e4\u00e4 Suuri Koralliriutta elossa!<\/p>\n<p>Australian rannikolla sijaitseva Iso Valliriutta on maailman suurin, ainutlaatuinen ja uhanalainen ekosysteemi.<i> Suuri Koralliriutta <\/i>-esityksess\u00e4 vierailemme koralliriutalla lent\u00e4m\u00e4tt\u00e4 kauas. T\u00e4ss\u00e4 kokemuksellisessa ja osallistavassa esityksess\u00e4 muodostamme yhdess\u00e4 osallistujien kanssa koralliriutan ja sen eli\u00f6yhteis\u00f6n.<\/p>\n<p>Esitys alkaa ty\u00f6pajaosuudella, jonka aikana opimme muodostamaan yhdess\u00e4 koralliriutan vedenalaisen maailman. Kokemusta tukevat mielikuvitukselliset valot sek\u00e4 musiikki. N\u00e4in syntyy el\u00e4v\u00e4 veistos ja alati muutoksessa oleva koreografia.<\/p>\n<p>Esityksen osallistujat ovat samaan aikaan katsojia ja tekij\u00f6it\u00e4, eli he muodostavat ja luovat esityksen itselleen. Ulkopuolisia katsojia ei ole. Suuri Koralliriutta sopii kaikenkuntoisille yli 6-vuotiaille osallistujille, sek\u00e4 lapsille ett\u00e4 aikuisille (alle 12-vuotiaat osallistuvat aikuisen seurassa). Erityist\u00e4 harjaantuneisuutta ei tarvita.<\/p>\n<p>Osana <i>Suuri Koralliriutta<\/i> -tapahtumakokonaisuutta \u00a0j\u00e4rjestet\u00e4\u00e4n lis\u00e4ksi kaikille avoin hiljainen mielenosoitus, jossa korallit ilmaisevat huolensa merten tilasta.<\/p>\n<h3><strong>KIRJOITUKSIA JA ARVIOITA<\/strong><\/h3>\n<p>Maria S\u00e4k\u00f6: <a href=\"https:\/\/www.hs.fi\/kulttuuri\/art-2000005847195.html\" target=\"_blank\" rel=\"noopener\">Suuri Koralliriutta syntyy lasten ja aikuisten voimin \u2013 esityksen kuntopiireiss\u00e4 opiskellaan rauskun ja merihevosen eleit\u00e4<\/a>, Helsingin Sanomat 30.9.2018<\/p>\n<p>Seuraavat kirjoitukset k\u00e4sittelev\u00e4t <em>Suurta Koralliriuttaa<\/em>\u00a0 muiden esitysten ja aiheiden joukossa.<\/p>\n<p><a href=\"http:\/\/mustekala.info\/teemanumerot\/kulttuuriperinto-3-2018-vol-72\/ilmastonmuutoksen-vai-ihmisenmuutoksen-esitykset\/\" target=\"_blank\" rel=\"noopener\">Mustekala.fi<\/a>, <em>Suuri Koralliriutta<\/em> mainittu monen muun mukana.<\/p>\n<p>Korallista osana Dangerous Minds -festivaalin muitakin esityksi\u00e4, artikkelissa <a href=\"https:\/\/www.der-theaterverlag.de\/theater-heute\/archiv\/artikel\/kinder-und-jugendtheater-jenseits-von-hotzenplotz\/\" target=\"_blank\" rel=\"noopener\">Kinder-und Jugendtheater: Jenseits von Hotzenplotz<\/a>, Theater heute, hein\u00e4kuun 2018 numero.<\/p>\n<p>Maria S\u00e4k\u00f6: <a href=\"http:\/\/mustekala.info\/teemanumerot\/kulttuuriperinto-3-2018-vol-72\/ilmastonmuutoksen-vai-ihmisenmuutoksen-esitykset\/\" target=\"_blank\" rel=\"noopener\">Ilmastonmuutoksen vai ihmisenmuutoksen esitykset?<\/a>, Mustekala 18.12.2018.<\/p>\n<h3><strong>TILAA SUURI KORALLIRIUTTA -HARJOITE-ESITYS<\/strong><\/h3>\n<p>Lis\u00e4tiedot ja esityksen tilaaminen: info@toisissatiloissa.net<\/p>\n<p>Hypp\u00e4\u00e4 rohkeasti mukaan vedenalaiseen maailmaan ja ota mukaan kummipoika, siskontytt\u00f6, iso\u00e4iti, vaari, serkku, naapurin t\u00e4ti tai vaikka oma is\u00e4 tai \u00e4iti. <i>Suurelle Koralliriutalle<\/i> ovat tervetulleita kaikenik\u00e4iset aikuiset ja lapset kuudesta ik\u00e4vuodesta yl\u00f6sp\u00e4in. Alle 12-vuotiaat osallistuvat aikuisen seurassa.<\/p>\n<p>\t\t\t\t\t\t\t\t\t\tKuva Johanna HuiskonenKuva Johanna HuiskonenKuva Sanni PrihaKuva Sanni PrihaKuva Sanni PrihaKuva Sanni PrihaKuva Sanni PrihaKuva Sanni Priha<br \/>\n\t\t\t\t\t\t\t\t\t\t\t\t\t\tPrevious<br \/>\n\t\t\t\t\t\t\t\t\t\t\t\t\t\tNext<\/p>\n<h3><strong>TY\u00d6RYHM\u00c4<\/strong><\/h3>\n<p>Eeva Kemppi, Kati Korosuo, Kaisa-Liisa Logr\u00e9n, Sanni Priha sek\u00e4 valosuunnittelija Janne Bj\u00f6rkl\u00f6f.<\/p>\n<p>Konsepti: Esa Kirkkopelto, ty\u00f6ryhm\u00e4 ja Toisissa tiloissa -kollektiivi.<\/p>\n<p>\u00c4\u00e4nisuunnittelu &amp; musiikki: Esa Ruoho \/ Lackluster (Kontula, Kanneltalo ja Stoa), Richard von der Schulenburg (Hampuri) ja Matthias Engelke (Frankfurt).<\/p>\n<p>Lavastuksen toteutus: Annika Saloranta.<\/p>\n<p>Toisissa tiloissa tuotanto: Ty\u00f6ryhm\u00e4 sek\u00e4 Jenni Kokkom\u00e4ki.<\/p>\n<h3><strong>ESITETTY<\/strong><\/h3>\n<p><i>Suuri Koralliriutta<\/i> vieraili JUNIOR<strong>&#8211;<\/strong>festivaalilla Torontossa, Kanadassa kolmella esityksell\u00e4 21.-23.5.2022.\u00a0<a href=\"https:\/\/harbourfrontcentre.com\/event\/great-barrier-reef-2\/\">Lue lis\u00e4\u00e4 JUNIOR-festivaalin omilta verkkosivuilta.<\/a><\/p>\n<p><i>Suuri Koralliriutta<\/i> ensi-ilta 21.4.2018 sek\u00e4 <i>Vedenalainen mielenosoitus<\/i> 22.4.2018 <a href=\"https:\/\/www.kontulaelectronic.com\/\" target=\"_blank\" rel=\"noopener\">\u00a0Kontula Electronic -festivaalilla<\/a> (Helsinki).<\/p>\n<p><i>Suuri Koralliriutta<\/i> Saksan ensi-ilta 26.5.2018, toinen esitys 27.5. sek\u00e4 <i>Vedenalainen mielenosoitus<\/i> ma 28.5.2018<a href=\"http:\/\/www.kampnagel.de\/en\/program\/series\/?programmreihe=37\" target=\"_blank\" rel=\"noopener\"> Dangerous Minds -festivaalilla<\/a> (Kampnagel, Hampuri).<\/p>\n<p><i>Suuri Koralliriutta<\/i> 22. ja 23.9.2018 sek\u00e4 <i>Vedenalainen mielenosoitus<\/i> 24.9.2018 Frankfurtissa<a href=\"http:\/\/www.mousonturm.de\/web\/en\/veranstaltung\/great-barrier-reef\" target=\"_blank\" rel=\"noopener\"> K\u00fcnstlerhaus Mousonturmissa<\/a><\/p>\n<p><i>Suuri Koralliriutta<\/i> sek\u00e4 <i>Vedenalainen mielenosoitus <\/i>29.9.2018<a href=\"http:\/\/www.kanneltalo.fi\/fi\/tapahtumat\/event\/C487D597016DC2FEFF2BD666951BF01C\/Suuri_Koralliriutta\" target=\"_blank\" rel=\"noopener\"> Kanneltalossa<\/a> (Helsinki).<\/p>\n<p><i>Suuri Koralliriutta<\/i> osana <a href=\"https:\/\/hurraa.org\/suuri-koralliriutta\/\" target=\"_blank\" rel=\"noopener\">Hurraa! festivaalia<\/a> 16.3. ja 24.3.2019 Stoassa sek\u00e4 <i>Vedenalainen mielenosoitus <\/i>16.3. Helsingin keskustakirjasto Oodissa.<i><br \/><\/i><\/p>\n<p>\t\t\t\t\t\t\t\t\t\t\t\t<img decoding=\"async\" src=\"https:\/\/toisissatiloissa.net\/wp-content\/uploads\/elementor\/thumbs\/K-Stoerer-Kampnagel-ohne-Anschn-bis11mm-Kopie-1-300x114-o3zirjrdfp7gfkgqpd88eqe3ix0mlnr95qwj6hy3nk.jpg\" title=\"K-Stoerer-Kampnagel-ohne-Anschn-bis11mm-Kopie-1-300&#215;114\" alt=\"K-Stoerer-Kampnagel-ohne-Anschn-bis11mm-Kopie-1-300x114\" \/><br \/>\n\t\t\t\t\t\t\t\t\t\t\t\t<img decoding=\"async\" src=\"https:\/\/toisissatiloissa.net\/wp-content\/uploads\/elementor\/thumbs\/KELogo-1-150x100-o3zirjrdfp7gfkgqpd88eqe3ix0mlnr95qwj6hy3nk.jpg\" title=\"KELogo-1-150&#215;100\" alt=\"KELogo-1-150x100\" \/><br \/>\n\t\t\t\t\t\t\t\t\t\t\t\t<img decoding=\"async\" src=\"https:\/\/toisissatiloissa.net\/wp-content\/uploads\/elementor\/thumbs\/MH_turkoosi-logo-1-150x150-o3zirjrdfp7gfkgqpd88eqe3ix0mlnr95qwj6hy3nk.jpg\" title=\"MH_turkoosi-logo-1-150&#215;150\" alt=\"MH_turkoosi-logo-1-150x150\" \/>\t\t\t\t\t\t\t\t\t\t\t\t\t\t<\/p>\n<p><i>Suuri Koralliriutta<\/i> on Toisissa tiloissa -kollektiivin ja Kampnagelin yhteistuotanto. Kontulan ensi-ilta toteutettiin yhteisty\u00f6ss\u00e4 Mad House Helsingin sek\u00e4 Kontula Electronicin kanssa. Kampnagelissa teos oli osana Dangerous Minds -festivaalia, ja sit\u00e4 tukivat Elbkulturfonds (Kulturbeh\u00f6rde Hamburg), Finnland Institut ja TINFO.<\/p>\n<p>\t\t\t\t\t\t\t\t\t\tKuva Jenni Kokkom\u00e4kiKuva Jenni Kokkom\u00e4kiKuva Alte Oper Frankfurt \/ \u00a9 Achim ReissnerKuva Alte Oper Frankfurt \/ \u00a9 Achim ReissnerKuva Joel Haapam\u00e4kiKuva Jaakko RuuskaKuva Salli Siivonen<br \/>\n\t\t\t\t\t\t\t\t\t\t\t\t\t\tPrevious<br \/>\n\t\t\t\t\t\t\t\t\t\t\t\t\t\tNext<br \/>\n\t\t<iframe loading=\"lazy\" title=\"Suuri koralliriutta \/ Great Barrier reef TRAILER\" width=\"1200\" height=\"675\" src=\"https:\/\/www.youtube.com\/embed\/7ORMPjevF8k?feature=oembed\" frameborder=\"0\" allow=\"accelerometer; autoplay; clipboard-write; encrypted-media; gyroscope; picture-in-picture\" allowfullscreen><\/iframe><\/p>\n","protected":false},"excerpt":{"rendered":"<p>SUURI KORALLIRIUTTA Kuva Johanna Huiskonen TERVETULOA SEIKKAILEMAAN KORALLIRIUTALLE! Suuri Koralliriutta on Toisissa tiloissa -kollektiivin tapahtumakokonaisuus, joka koostuu ty\u00f6pajasta, lounaasta, yhdess\u00e4 luotavasta esityksest\u00e4 ja hiljaisesta mielenosoituksesta. Kutsumme sek\u00e4 aikuiset ett\u00e4 lapset mukaan seikkailemaan yhdess\u00e4 Koralliriutalle &#8211; Meid\u00e4n teht\u00e4v\u00e4mme on pit\u00e4\u00e4 Suuri Koralliriutta elossa! Australian rannikolla sijaitseva Iso Valliriutta on maailman suurin, ainutlaatuinen ja uhanalainen ekosysteemi. Suuri &#8230; <a title=\"Suuri Koralliriutta\" class=\"read-more\" href=\"https:\/\/toisissatiloissa.net\/en\/suuri-koralliriutta\/\" aria-label=\"More on Suuri Koralliriutta\">Read more<\/a><\/p>\n","protected":false},"author":3,"featured_media":0,"parent":0,"menu_order":0,"comment_status":"closed","ping_status":"closed","template":"elementor_header_footer","meta":{"_eb_attr":"","generate_page_header":"","footnotes":""},"class_list":["post-204","page","type-page","status-publish"],"_links":{"self":[{"href":"https:\/\/toisissatiloissa.net\/en\/wp-json\/wp\/v2\/pages\/204","targetHints":{"allow":["GET"]}}],"collection":[{"href":"https:\/\/toisissatiloissa.net\/en\/wp-json\/wp\/v2\/pages"}],"about":[{"href":"https:\/\/toisissatiloissa.net\/en\/wp-json\/wp\/v2\/types\/page"}],"author":[{"embeddable":true,"href":"https:\/\/toisissatiloissa.net\/en\/wp-json\/wp\/v2\/users\/3"}],"replies":[{"embeddable":true,"href":"https:\/\/toisissatiloissa.net\/en\/wp-json\/wp\/v2\/comments?post=204"}],"version-history":[{"count":48,"href":"https:\/\/toisissatiloissa.net\/en\/wp-json\/wp\/v2\/pages\/204\/revisions"}],"predecessor-version":[{"id":5279,"href":"https:\/\/toisissatiloissa.net\/en\/wp-json\/wp\/v2\/pages\/204\/revisions\/5279"}],"wp:attachment":[{"href":"https:\/\/toisissatiloissa.net\/en\/wp-json\/wp\/v2\/media?parent=204"}],"curies":[{"name":"wp","href":"https:\/\/api.w.org\/{rel}","templated":true}]}}