{"id":2388,"date":"2019-02-19T15:40:47","date_gmt":"2019-02-19T13:40:47","guid":{"rendered":"http:\/\/toisissatiloissa.net\/productions\/"},"modified":"2022-01-26T15:09:22","modified_gmt":"2022-01-26T13:09:22","slug":"productions","status":"publish","type":"page","link":"https:\/\/toisissatiloissa.net\/en\/productions\/","title":{"rendered":"Productions"},"content":{"rendered":"<h2>UPCOMING<\/h2>\n<p>\t\t\t<a role=\"button\"><br \/>\n\t\t\t\t\t\tANGLE OF WATER<br \/>\n\t\t\t\t\t<\/a><br \/>\n\t\t\t<a role=\"button\"><br \/>\n\t\t\t\t\t\tIMAGINARY BEINGS<br \/>\n\t\t\t\t\t<\/a><br \/>\n\t\t\t<a role=\"button\"><br \/>\n\t\t\t\t\t\tPOSTHUMAN THEATRE<br \/>\n\t\t\t\t\t<\/a><br \/>\n\t\t\t<a role=\"button\"><br \/>\n\t\t\t\t\t\tRECONNECTIONS<br \/>\n\t\t\t\t\t<\/a><\/p>\n<h2>TOURING PERFORMANCES<\/h2>\n<p>\t\t\t<a role=\"button\"><br \/>\n\t\t\t\t\t\tGREAT BARRIER REEF<br \/>\n\t\t\t\t\t<\/a><br \/>\n\t\t\t<a role=\"button\"><br \/>\n\t\t\t\t\t\tAVALOKITESHVARA<br \/>\n\t\t\t\t\t<\/a><br \/>\n\t\t\t<a role=\"button\"><br \/>\n\t\t\t\t\t\tHUMANOID HYPOTHESIS<br \/>\n\t\t\t\t\t<\/a><br \/>\n\t\t\t<a role=\"button\"><br \/>\n\t\t\t\t\t\tWOLF SAFARI<br \/>\n\t\t\t\t\t<\/a><br \/>\n\t\t\t<a role=\"button\"><br \/>\n\t\t\t\t\t\tREINDEER SAFARI<br \/>\n\t\t\t\t\t<\/a><br \/>\n\t\t\t<a role=\"button\"><br \/>\n\t\t\t\t\t\tCAR PARK<br \/>\n\t\t\t\t\t<\/a><\/p>\n<h2>OTHER PROJECTS<\/h2>\n<p>\t\t\t<a role=\"button\"><br \/>\n\t\t\t\t\t\tTRIPIT! EXERCISE FESTIVAL<br \/>\n\t\t\t\t\t<\/a><br \/>\n\t\t\t<a role=\"button\"><br \/>\n\t\t\t\t\t\tOPERATION SNOWFLAKE<br \/>\n\t\t\t\t\t<\/a><br \/>\n\t\t\t<a role=\"button\"><br \/>\n\t\t\t\t\t\tWORKSHOPS<br \/>\n\t\t\t\t\t<\/a><\/p>\n<h2>THE ANGLE OF WATER 104.45\u02da -VIDEO SERIES<\/h2>\n<p>\t\t\t\t\t\t\t\t\t\t\t\t<img decoding=\"async\" width=\"300\" height=\"210\" src=\"https:\/\/toisissatiloissa.net\/wp-content\/uploads\/2019\/12\/odradek_09-300x210.jpg\" alt=\"\" loading=\"lazy\" srcset=\"https:\/\/toisissatiloissa.net\/wp-content\/uploads\/2019\/12\/odradek_09-300x210.jpg 300w, https:\/\/toisissatiloissa.net\/wp-content\/uploads\/2019\/12\/odradek_09-768x538.jpg 768w, https:\/\/toisissatiloissa.net\/wp-content\/uploads\/2019\/12\/odradek_09-1024x717.jpg 1024w, https:\/\/toisissatiloissa.net\/wp-content\/uploads\/2019\/12\/odradek_09-1600x1120.jpg 1600w\" sizes=\"auto, (max-width: 300px) 100vw, 300px\" \/>\t\t\t\t\t\t\t\t\t\t\t\t\t\t<\/p>\n<p>The newest production by the Other Spaces Collective is video series with 8 episodes <i>The Angle of Water 104.45\u02da<\/i>. The series invites spectators to try out different manifestations of water, and to approach the particularities of water as a chemical substance through bodily exercises.<\/p>\n<\/p>\n<p>The episodes are available <a href=\"https:\/\/vimeopro.com\/user151025373\/angleofwater\">on Vimeo<\/a>.<\/p>\n<p>.<\/p>\n<p>\t\t\t<a role=\"button\"><br \/>\n\t\t\t\t\t\tRead more<br \/>\n\t\t\t\t\t<\/a><\/p>\n<p>Photo: Jenni Kokkom\u00e4ki<\/p>\n<h2>COLLECTION OF IMAGINARY BEINGS<\/h2>\n<p>\t\t\t\t\t\t\t\t\t\t\t\t<img decoding=\"async\" width=\"300\" height=\"210\" src=\"https:\/\/toisissatiloissa.net\/wp-content\/uploads\/2019\/12\/odradek_09-300x210.jpg\" alt=\"\" loading=\"lazy\" srcset=\"https:\/\/toisissatiloissa.net\/wp-content\/uploads\/2019\/12\/odradek_09-300x210.jpg 300w, https:\/\/toisissatiloissa.net\/wp-content\/uploads\/2019\/12\/odradek_09-768x538.jpg 768w, https:\/\/toisissatiloissa.net\/wp-content\/uploads\/2019\/12\/odradek_09-1024x717.jpg 1024w, https:\/\/toisissatiloissa.net\/wp-content\/uploads\/2019\/12\/odradek_09-1600x1120.jpg 1600w\" sizes=\"auto, (max-width: 300px) 100vw, 300px\" \/>\t\t\t\t\t\t\t\t\t\t\t\t\t\t<\/p>\n<p><em>The participatory workshop-performance opens the door to a space, where the creatures of past, present, and future generations can get together. The performance invites people from 6-years-olds and above to imagine together and share their imaginations during the event, that takes place in museums or libraries.<\/p>\n<p>\t\t\t<a role=\"button\"><br \/>\n\t\t\t\t\t\tRead more<br \/>\n\t\t\t\t\t<\/a><\/p>\n<p>Photo: Hieronymus Bosch<\/p>\n<h2>POSTHUMAN THEATRE<\/h2>\n<p>\t\t\t\t\t\t\t\t\t\t\t\t<img decoding=\"async\" width=\"300\" height=\"200\" src=\"https:\/\/toisissatiloissa.net\/wp-content\/uploads\/2019\/11\/Kansallisgalleria-Pirje-Mykk\u00e4nen-2-300x200.jpg\" alt=\"\" loading=\"lazy\" srcset=\"https:\/\/toisissatiloissa.net\/wp-content\/uploads\/2019\/11\/Kansallisgalleria-Pirje-Mykk\u00e4nen-2-300x200.jpg 300w, https:\/\/toisissatiloissa.net\/wp-content\/uploads\/2019\/11\/Kansallisgalleria-Pirje-Mykk\u00e4nen-2-768x512.jpg 768w, https:\/\/toisissatiloissa.net\/wp-content\/uploads\/2019\/11\/Kansallisgalleria-Pirje-Mykk\u00e4nen-2-1024x683.jpg 1024w, https:\/\/toisissatiloissa.net\/wp-content\/uploads\/2019\/11\/Kansallisgalleria-Pirje-Mykk\u00e4nen-2-1600x1067.jpg 1600w\" sizes=\"auto, (max-width: 300px) 100vw, 300px\" \/><br \/>\n\t\t<em>Posthuman Theatre is an experimental performance project organised in collaboration between LUST Association and the Other Spaces Live Art collective during the year 2019. The facilitator of the project is Esa Kirkkopelto, Live Artist, philosopher and the founding member of the Other Spaces collective.<br \/>\n\u00a0<br \/>\nThe aim of the project is to develop the idea of the non-human acting in practice: how is it possible, what does it require from a performer and what kind of theatre will it produce? The project aims at inventing, developing and demonstrating new kinds of body techniques, as well as new kinds of corporeal thinking and dramaturgy.<br \/>\n\t\t\t<a role=\"button\"><br \/>\n\t\t\t\t\t\tRead more<br \/>\n\t\t\t\t\t<\/a><\/p>\n<p>Photo: Finnish National Gallery \/ Pirje Mykk\u00e4nen<\/p>\n<h2>ELISENVAARA-PIEKS\u00c4M\u00c4KI: RECONNECTIONS<\/h2>\n<p>\t\t\t\t\t\t\t\t\t\t\t\t<img decoding=\"async\" width=\"300\" height=\"200\" src=\"https:\/\/toisissatiloissa.net\/wp-content\/uploads\/2018\/12\/irtikytketty-Jaakko-Ruuska-3-1-300x200.jpg\" alt=\"\" loading=\"lazy\" srcset=\"https:\/\/toisissatiloissa.net\/wp-content\/uploads\/2018\/12\/irtikytketty-Jaakko-Ruuska-3-1-300x200.jpg 300w, https:\/\/toisissatiloissa.net\/wp-content\/uploads\/2018\/12\/irtikytketty-Jaakko-Ruuska-3-1-768x512.jpg 768w, https:\/\/toisissatiloissa.net\/wp-content\/uploads\/2018\/12\/irtikytketty-Jaakko-Ruuska-3-1-1024x682.jpg 1024w, https:\/\/toisissatiloissa.net\/wp-content\/uploads\/2018\/12\/irtikytketty-Jaakko-Ruuska-3-1-1600x1066.jpg 1600w, https:\/\/toisissatiloissa.net\/wp-content\/uploads\/2018\/12\/irtikytketty-Jaakko-Ruuska-3-1.jpg 2000w\" sizes=\"auto, (max-width: 300px) 100vw, 300px\" \/>\t\t\t\t\t\t\t\t\t\t\t\t\t\t<\/p>\n<p><em>Elisenvaara-Pieks\u00e4m\u00e4ki: Reconnections<\/em> is a wandering performance at the partly abandoned railway between Pieks\u00e4m\u00e4ki (Finland) and Elisenvaara (Russia). The project repossesses these areas which are now in the shadows of cultural and economical action, through the means of Live Art. Performances at different locations in the area are targeted for people living along the railway. In the\u00a0 performances, we move along the unused portions of the railway, with ways of moving like draisines, steam engine and walking, that experientially bring us back to the birth period of the railtracks.<\/p>\n<p>\t\t\t<a role=\"button\"><br \/>\n\t\t\t\t\t\tRead more<br \/>\n\t\t\t\t\t<\/a><\/p>\n<p>Photo Jaakko Ruuska<\/p>\n<h2>TOURING PERFORMANCES<\/h2>\n<h2>GREAT BARRIER REEF<\/h2>\n<p>\t\t\t\t\t\t\t\t\t\t\t\t<img decoding=\"async\" width=\"300\" height=\"200\" src=\"https:\/\/toisissatiloissa.net\/wp-content\/uploads\/2018\/12\/koralli-frankfurt-Achim-Reissner-2-300x200.jpg\" alt=\"\" loading=\"lazy\" srcset=\"https:\/\/toisissatiloissa.net\/wp-content\/uploads\/2018\/12\/koralli-frankfurt-Achim-Reissner-2-300x200.jpg 300w, https:\/\/toisissatiloissa.net\/wp-content\/uploads\/2018\/12\/koralli-frankfurt-Achim-Reissner-2-768x512.jpg 768w, https:\/\/toisissatiloissa.net\/wp-content\/uploads\/2018\/12\/koralli-frankfurt-Achim-Reissner-2-1024x682.jpg 1024w, https:\/\/toisissatiloissa.net\/wp-content\/uploads\/2018\/12\/koralli-frankfurt-Achim-Reissner-2-1600x1066.jpg 1600w\" sizes=\"auto, (max-width: 300px) 100vw, 300px\" \/><br \/>\n\t\tThe Great Barrier Reef near the coast of Australia is the largest coral reef in the world, a unique and endangered ecosystem. In the <em>Great Barrier Reef<\/em> performance we visit the coral reef without travelling far. The participants, adults and children of all ages together, form a living and constantly changing corporeal construction, a large human coral reef. <em>Great Barrier Reef<\/em> begins with a workshop part where we learn to collectively build the underground world of the coral reef.<br \/>\n\t\t\t<a role=\"button\"><br \/>\n\t\t\t\t\t\tRead more<br \/>\n\t\t\t\t\t<\/a><\/p>\n<p>Photo Alte Oper Frankfurt \/ \u00a9 Achim Reissner<\/p>\n<h2>AVALOKITESHVARA SUPERCLUSTERS<\/h2>\n<p>\t\t\t\t\t\t\t\t\t\t\t\t<img decoding=\"async\" width=\"300\" height=\"200\" src=\"https:\/\/toisissatiloissa.net\/wp-content\/uploads\/2018\/12\/avalo-Paula-Tella-jalat-300x200.jpg\" alt=\"\" loading=\"lazy\" srcset=\"https:\/\/toisissatiloissa.net\/wp-content\/uploads\/2018\/12\/avalo-Paula-Tella-jalat-300x200.jpg 300w, https:\/\/toisissatiloissa.net\/wp-content\/uploads\/2018\/12\/avalo-Paula-Tella-jalat-768x512.jpg 768w, https:\/\/toisissatiloissa.net\/wp-content\/uploads\/2018\/12\/avalo-Paula-Tella-jalat-1024x683.jpg 1024w, https:\/\/toisissatiloissa.net\/wp-content\/uploads\/2018\/12\/avalo-Paula-Tella-jalat-1600x1067.jpg 1600w, https:\/\/toisissatiloissa.net\/wp-content\/uploads\/2018\/12\/avalo-Paula-Tella-jalat.jpg 2000w\" sizes=\"auto, (max-width: 300px) 100vw, 300px\" \/>\t\t\t\t\t\t\t\t\t\t\t\t\t\t<\/p>\n<p><em>Avalokiteshvara Superclusters<\/em> is a collective exercise in compassion. The goal is the experience of the equality of all beings and creatures in the universe. The performance combines <em>Avalokiteshvara<\/em>, the Buddhist embodiment of compassion, with <em>superclusters<\/em>, the largest known structures of the universe.<\/p>\n<p>Our aim is cosmic compassion, a limitless compassion towards all beings, regardless of their size, scale and position in the universe. The challenge of cosmic compassion involves all of us, and to respond to this challenge we need to practice. <em>Avalokiteshvara Superclusters<\/em> brings us to the beginning of this practice!<\/p>\n<p>\t\t\t<a role=\"button\"><br \/>\n\t\t\t\t\t\tRead more<br \/>\n\t\t\t\t\t<\/a><\/p>\n<p>Photo Paula Tella<\/p>\n<h2>HUMANOID HYPOTHESIS<\/h2>\n<p>\t\t\t\t\t\t\t\t\t\t\t\t<img decoding=\"async\" width=\"300\" height=\"200\" src=\"https:\/\/toisissatiloissa.net\/wp-content\/uploads\/2018\/12\/humanoidi2-pirje-mykkanen-3-1-300x200.jpg\" alt=\"\" loading=\"lazy\" srcset=\"https:\/\/toisissatiloissa.net\/wp-content\/uploads\/2018\/12\/humanoidi2-pirje-mykkanen-3-1-300x200.jpg 300w, https:\/\/toisissatiloissa.net\/wp-content\/uploads\/2018\/12\/humanoidi2-pirje-mykkanen-3-1-768x512.jpg 768w, https:\/\/toisissatiloissa.net\/wp-content\/uploads\/2018\/12\/humanoidi2-pirje-mykkanen-3-1-1024x683.jpg 1024w, https:\/\/toisissatiloissa.net\/wp-content\/uploads\/2018\/12\/humanoidi2-pirje-mykkanen-3-1-1600x1067.jpg 1600w\" sizes=\"auto, (max-width: 300px) 100vw, 300px\" \/>\t\t\t\t\t\t\t\t\t\t\t\t\t\t<\/p>\n<p>Do I believe in humanoids?<\/p>\n<p>The humanoid is a modern experience of which every one of us has both cultural and personal understanding. We \u201cknow\u201d what humanoids look like, how they think and what they do, regardless of whether we believe in their existence or not. As much as humanoids contribute to our everyday experience, we have \u2013 perhaps without noticing \u2013 become humanoids.<\/p>\n<p><em>Humanoid Hypothesis<\/em> brings to the forefront the inner humanoid found in all of us. We learn to recognize the humanoid in ourselves and others, and take part in posthumanistic discussion: what will come after the human? Do we dare to imagine the human being of the future?<\/p>\n<p>\t\t\t<a role=\"button\"><br \/>\n\t\t\t\t\t\tRead more<br \/>\n\t\t\t\t\t<\/a><\/p>\n<p>Photo Finnish National Gallery \/ Pirje Mykk\u00e4nen<\/p>\n<h2>WOLF SAFARI<\/h2>\n<p>\t\t\t\t\t\t\t\t\t\t\t\t<img decoding=\"async\" width=\"300\" height=\"154\" src=\"https:\/\/toisissatiloissa.net\/wp-content\/uploads\/2018\/12\/susisafari-Paula-Tella-5-1-300x154.jpg\" alt=\"\" loading=\"lazy\" srcset=\"https:\/\/toisissatiloissa.net\/wp-content\/uploads\/2018\/12\/susisafari-Paula-Tella-5-1-300x154.jpg 300w, https:\/\/toisissatiloissa.net\/wp-content\/uploads\/2018\/12\/susisafari-Paula-Tella-5-1-768x394.jpg 768w, https:\/\/toisissatiloissa.net\/wp-content\/uploads\/2018\/12\/susisafari-Paula-Tella-5-1-1024x525.jpg 1024w, https:\/\/toisissatiloissa.net\/wp-content\/uploads\/2018\/12\/susisafari-Paula-Tella-5-1-1600x821.jpg 1600w\" sizes=\"auto, (max-width: 300px) 100vw, 300px\" \/>\t\t\t\t\t\t\t\t\t\t\t\t\t\t<\/p>\n<p>What is it like to be wild? In <em>Wolf Safari<\/em> our goal is to visit the experiential world of the wolf. Because the wolf is a social pack animal, we approach the experience of the wolf collectively, as a social process. We borrow a few features from the wolf, that let us encounter each other and the nocturnal city from the viewpoint of a hunting pack animal. The process of transformation to a wolf happens gradually during the hunting.<\/p>\n<p>\t\t\t<a role=\"button\"><br \/>\n\t\t\t\t\t\tRead more<br \/>\n\t\t\t\t\t<\/a><\/p>\n<p>Photo Paula Tella<\/p>\n<h2>REINDEER SAFARI<\/h2>\n<p>\t\t\t\t\t\t\t\t\t\t\t\t<img decoding=\"async\" width=\"300\" height=\"138\" src=\"https:\/\/toisissatiloissa.net\/wp-content\/uploads\/2018\/12\/porosafari-panoraama-Jaakko-Ruuska-300x138.jpg\" alt=\"\" loading=\"lazy\" srcset=\"https:\/\/toisissatiloissa.net\/wp-content\/uploads\/2018\/12\/porosafari-panoraama-Jaakko-Ruuska-300x138.jpg 300w, https:\/\/toisissatiloissa.net\/wp-content\/uploads\/2018\/12\/porosafari-panoraama-Jaakko-Ruuska-768x354.jpg 768w, https:\/\/toisissatiloissa.net\/wp-content\/uploads\/2018\/12\/porosafari-panoraama-Jaakko-Ruuska-1024x472.jpg 1024w, https:\/\/toisissatiloissa.net\/wp-content\/uploads\/2018\/12\/porosafari-panoraama-Jaakko-Ruuska-1600x738.jpg 1600w\" sizes=\"auto, (max-width: 300px) 100vw, 300px\" \/>\t\t\t\t\t\t\t\t\t\t\t\t\t\t<\/p>\n<p><em>Reindeer Safari<\/em> is an award winning participatory performance by the Other Spaces collective. Urban space and wild nature collide as we leave our human selves to become reindeer for a day! The participants of <em>Reindeer Safari<\/em> form a reindeer herd, moving silently across the landscape, at times wandering, at times grazing and resting.<\/p>\n<p>The Safari participants restore the urban landscape to a natural state by observing it from the point of view of a semi-domestic, semi-wild herd animal \u2013 a reindeer. The transition from human to reindeer viewpoint is acquired gradually and effortlessly during the wandering.<\/p>\n<p>\t\t\t<a role=\"button\"><br \/>\n\t\t\t\t\t\tRead more<br \/>\n\t\t\t\t\t<\/a><\/p>\n<p>Photo Jaakko Ruuska<\/p>\n<h2>CAR PARK<\/h2>\n<p>\t\t\t\t\t\t\t\t\t\t\t\t<img decoding=\"async\" width=\"300\" height=\"80\" src=\"https:\/\/toisissatiloissa.net\/wp-content\/uploads\/2018\/12\/parkkitalo-Paula-Tella-1-300x80.jpg\" alt=\"\" loading=\"lazy\" srcset=\"https:\/\/toisissatiloissa.net\/wp-content\/uploads\/2018\/12\/parkkitalo-Paula-Tella-1-300x80.jpg 300w, https:\/\/toisissatiloissa.net\/wp-content\/uploads\/2018\/12\/parkkitalo-Paula-Tella-1-768x205.jpg 768w, https:\/\/toisissatiloissa.net\/wp-content\/uploads\/2018\/12\/parkkitalo-Paula-Tella-1-1024x273.jpg 1024w, https:\/\/toisissatiloissa.net\/wp-content\/uploads\/2018\/12\/parkkitalo-Paula-Tella-1-1600x426.jpg 1600w, https:\/\/toisissatiloissa.net\/wp-content\/uploads\/2018\/12\/parkkitalo-Paula-Tella-1.jpg 2000w\" sizes=\"auto, (max-width: 300px) 100vw, 300px\" \/>\t\t\t\t\t\t\t\t\t\t\t\t\t\t<\/p>\n<p>If I were a car&#8230;<\/p>\n<p><em>Car Park<\/em> is a performance that takes place literally in a space reserved for cars, in an underground car park which is normally reserved for cars only. A space that is mostly used only for exit or transit is transformed into a subject of shared exploration. A car park or highway is a space for people\u2019s cars, not for the car owners themselves.<\/p>\n<p>What happens if the cars are replaced by humans? What if the rush to exit the space could be replaced with easy lingering? What will be revealed and how does it alter our relationships to other people?<\/p>\n<p>\t\t\t<a role=\"button\"><br \/>\n\t\t\t\t\t\tRead more<br \/>\n\t\t\t\t\t<\/a><\/p>\n<p>Video Mitro H\u00e4rk\u00f6nen Photo Paula Tella<\/p>\n<h2>OTHER PROJECTS<\/h2>\n<h2>TRIPIT<\/h2>\n<p>\t\t\t\t\t\t\t\t\t\t\t\t<img decoding=\"async\" width=\"300\" height=\"212\" src=\"https:\/\/toisissatiloissa.net\/wp-content\/uploads\/2018\/12\/tripit-Paula-Tella-1-300x212.jpg\" alt=\"\" loading=\"lazy\" srcset=\"https:\/\/toisissatiloissa.net\/wp-content\/uploads\/2018\/12\/tripit-Paula-Tella-1-300x212.jpg 300w, https:\/\/toisissatiloissa.net\/wp-content\/uploads\/2018\/12\/tripit-Paula-Tella-1-768x543.jpg 768w, https:\/\/toisissatiloissa.net\/wp-content\/uploads\/2018\/12\/tripit-Paula-Tella-1-1024x724.jpg 1024w, https:\/\/toisissatiloissa.net\/wp-content\/uploads\/2018\/12\/tripit-Paula-Tella-1-1600x1131.jpg 1600w, https:\/\/toisissatiloissa.net\/wp-content\/uploads\/2018\/12\/tripit-Paula-Tella-1.jpg 1637w\" sizes=\"auto, (max-width: 300px) 100vw, 300px\" \/>\t\t\t\t\t\t\t\t\t\t\t\t\t\t<\/p>\n<p>The core of the work of Other Spaces consists of collective physical exercises through which people can visit &#8220;other spaces&#8221;, i.e. modes of being and experience other than human.<\/p>\n<p>At the <em>TRIPIT!<\/em> Festival organized regularly at Suvilahti, Helsinki, Other Spaces realises some of the group&#8217;s trippiest and most enjoyable exercises together with the audience. The festival is a day long event where you can join in at any time.<\/p>\n<p>\t\t\t<a role=\"button\"><br \/>\n\t\t\t\t\t\tRead more<br \/>\n\t\t\t\t\t<\/a><\/p>\n<p>Photo Paula Tella<\/p>\n<h2>OPERATION SNOWFLAKE<\/h2>\n<p>\t\t\t\t\t\t\t\t\t\t\t\t<img decoding=\"async\" width=\"300\" height=\"132\" src=\"https:\/\/toisissatiloissa.net\/wp-content\/uploads\/2018\/12\/hiutale-Pasi-Kirkkopelto-1-300x132.jpg\" alt=\"\" loading=\"lazy\" srcset=\"https:\/\/toisissatiloissa.net\/wp-content\/uploads\/2018\/12\/hiutale-Pasi-Kirkkopelto-1-300x132.jpg 300w, https:\/\/toisissatiloissa.net\/wp-content\/uploads\/2018\/12\/hiutale-Pasi-Kirkkopelto-1-768x338.jpg 768w, https:\/\/toisissatiloissa.net\/wp-content\/uploads\/2018\/12\/hiutale-Pasi-Kirkkopelto-1-1024x451.jpg 1024w, https:\/\/toisissatiloissa.net\/wp-content\/uploads\/2018\/12\/hiutale-Pasi-Kirkkopelto-1-1600x705.jpg 1600w, https:\/\/toisissatiloissa.net\/wp-content\/uploads\/2018\/12\/hiutale-Pasi-Kirkkopelto-1.jpg 2000w\" sizes=\"auto, (max-width: 300px) 100vw, 300px\" \/>\t\t\t\t\t\t\t\t\t\t\t\t\t\t<\/p>\n<p>In <em>Operation Snowflake<\/em> we perform our collective&#8217;s exercises that form visual social choreographies, in ways determined by weather conditions.<\/p>\n<p>The goal has been to organize <em>Operation Snowflake<\/em> on the Sunday before Mardi Gras on the ice at T\u00f6\u00f6l\u00f6nlahti, Helsinki, but during the years 2014-19, the ice conditions have made it impossible or too dangerous. <em>Operation Snowflake<\/em> has thus become a very concrete indicator of climate change.<\/p>\n<p>\t\t\t<a role=\"button\"><br \/>\n\t\t\t\t\t\tRead more<br \/>\n\t\t\t\t\t<\/a><\/p>\n<p>Photo Pasi Kirkkopelto<\/p>\n<h2>WORKSHOPS<\/h2>\n<p>\t\t\t\t\t\t\t\t\t\t\t\t<img decoding=\"async\" width=\"300\" height=\"200\" src=\"https:\/\/toisissatiloissa.net\/wp-content\/uploads\/2019\/02\/Laura-Jantunen-Baltic-Circle-2015-300x200.jpg\" alt=\"\" loading=\"lazy\" srcset=\"https:\/\/toisissatiloissa.net\/wp-content\/uploads\/2019\/02\/Laura-Jantunen-Baltic-Circle-2015-300x200.jpg 300w, https:\/\/toisissatiloissa.net\/wp-content\/uploads\/2019\/02\/Laura-Jantunen-Baltic-Circle-2015-768x512.jpg 768w, https:\/\/toisissatiloissa.net\/wp-content\/uploads\/2019\/02\/Laura-Jantunen-Baltic-Circle-2015-1024x683.jpg 1024w, https:\/\/toisissatiloissa.net\/wp-content\/uploads\/2019\/02\/Laura-Jantunen-Baltic-Circle-2015-1600x1067.jpg 1600w\" sizes=\"auto, (max-width: 300px) 100vw, 300px\" \/>\t\t\t\t\t\t\t\t\t\t\t\t\t\t<\/p>\n<p>The exercises and practices developed by Other Spaces broaden and alter:<\/p>\n<p>I our accustomed sense of ourselves,<br \/>\nII our accustomed sense of each other,<br \/>\nIII our relationship to the universe as a whole.<\/p>\n<p>The exercises are easy and suited to individuals of all ages and fitness levels. No previous experience is required. Other Spaces workshops are an enjoyable way to be temporarily liberated from our habitual human shape and identity.<\/p>\n<p>\t\t\t<a role=\"button\"><br \/>\n\t\t\t\t\t\tRead more<br \/>\n\t\t\t\t\t<\/a><\/p>\n<p>Photo Laura Jantunen<\/p>\n<h2>Other performances and projects<br \/><\/h2>\n<p>The works of Other Spaces include also, among others:<\/p>\n<p>\t\t\t<a role=\"button\"><br \/>\n\t\t\t\t\t\tETERNAL RECESS<br \/>\n\t\t\t\t\t<\/a><br \/>\n\t\t\t<a role=\"button\"><br \/>\n\t\t\t\t\t\tANIARA<br \/>\n\t\t\t\t\t<\/a><br \/>\n\t\t\t<a role=\"button\"><br \/>\n\t\t\t\t\t\tGOLEM<br \/>\n\t\t\t\t\t<\/a><\/p>\n<p>Some other performances and projects of the Other Spaces collective are:<\/p>\n<p>ANIARA<\/p>\n<p>GOLEM<\/p>\n<p>ODRADEK<\/p>\n<p>PANPSYCHIC SESSIONS<\/p>\n<p>ETERNAL RECESS<\/p>\n<p>WINTER WANDERING<\/p>\n","protected":false},"excerpt":{"rendered":"<p>UPCOMING ANGLE OF WATER IMAGINARY BEINGS POSTHUMAN THEATRE RECONNECTIONS TOURING PERFORMANCES GREAT BARRIER REEF AVALOKITESHVARA HUMANOID HYPOTHESIS WOLF SAFARI REINDEER SAFARI CAR PARK OTHER PROJECTS TRIPIT! EXERCISE FESTIVAL OPERATION SNOWFLAKE WORKSHOPS THE ANGLE OF WATER 104.45\u02da -VIDEO SERIES The newest production by the Other Spaces Collective is video series with 8 episodes The Angle of &#8230; <a title=\"Productions\" class=\"read-more\" href=\"https:\/\/toisissatiloissa.net\/en\/productions\/\" aria-label=\"Read more about Productions\">Read more<\/a><\/p>\n","protected":false},"author":3,"featured_media":0,"parent":0,"menu_order":0,"comment_status":"closed","ping_status":"closed","template":"","meta":{"_eb_attr":"","generate_page_header":"","footnotes":""},"class_list":["post-2388","page","type-page","status-publish"],"_links":{"self":[{"href":"https:\/\/toisissatiloissa.net\/en\/wp-json\/wp\/v2\/pages\/2388","targetHints":{"allow":["GET"]}}],"collection":[{"href":"https:\/\/toisissatiloissa.net\/en\/wp-json\/wp\/v2\/pages"}],"about":[{"href":"https:\/\/toisissatiloissa.net\/en\/wp-json\/wp\/v2\/types\/page"}],"author":[{"embeddable":true,"href":"https:\/\/toisissatiloissa.net\/en\/wp-json\/wp\/v2\/users\/3"}],"replies":[{"embeddable":true,"href":"https:\/\/toisissatiloissa.net\/en\/wp-json\/wp\/v2\/comments?post=2388"}],"version-history":[{"count":8,"href":"https:\/\/toisissatiloissa.net\/en\/wp-json\/wp\/v2\/pages\/2388\/revisions"}],"predecessor-version":[{"id":4669,"href":"https:\/\/toisissatiloissa.net\/en\/wp-json\/wp\/v2\/pages\/2388\/revisions\/4669"}],"wp:attachment":[{"href":"https:\/\/toisissatiloissa.net\/en\/wp-json\/wp\/v2\/media?parent=2388"}],"curies":[{"name":"wp","href":"https:\/\/api.w.org\/{rel}","templated":true}]}}