{"id":2462,"date":"2019-02-20T14:11:45","date_gmt":"2019-02-20T12:11:45","guid":{"rendered":"http:\/\/toisissatiloissa.net\/great-barrier-reef\/"},"modified":"2022-08-26T16:24:56","modified_gmt":"2022-08-26T13:24:56","slug":"great-barrier-reef","status":"publish","type":"page","link":"https:\/\/toisissatiloissa.net\/en\/great-barrier-reef\/","title":{"rendered":"Great Barrier Reef"},"content":{"rendered":"<h1>\n<p>GREAT BARRIER REEF<\/p>\n<\/h1>\n<p>\t\tPhoto Johanna Huiskonen<\/p>\n<h3><strong>WELCOME TO THE CORAL REEF!<\/strong><\/h3>\n<p><em>Great Barrier Reef<\/em> is a transgenerational participatory event consisting of a workshop, lunch, a collective performance, and a silent demonstration. We invite both adults and children to an adventure on the coral reef. Our mission is to keep the Great Barrier Reef alive!<br \/>\nThe Great Barrier Reef near the coast of Australia is the largest coral reef in the world, a unique and endangered ecosystem. In the <em>Great Barrier Reef<\/em> performance we visit the coral reef without travelling far. The participants, adults and children of all ages, use their bodies to create together a living and constantly changing construction, a large human coral reef.<br \/>\n<em>Great Barrier Reef<\/em> begins with a workshop where we learn together to create the underwater world of the coral reef. The experience is supported by imaginative lighting and music. The goal is to create a living sculpture and an ever changing choreography.<br \/>\nThe participants of the <em>Great Barrier Reef<\/em> are simultaneously viewers as well as authors, and they create and shape the performance for themselves. There are no outside spectators. <em>Great Barrier Reef<\/em> is suitable for people of all condition and all ages above 6 years. (Children under 12 need to be accompanied by an adult.) Prior experience is not needed.<br \/>\nAs part of the <em>Great Barrier Reef<\/em>, we arrange a public silent underwater demonstration where corals express their concern for the state of the oceans.<\/p>\n<h3><strong>WRITINGS AND REVIEWS<\/strong><\/h3>\n<p>Maria S\u00e4k\u00f6: <a href=\"https:\/\/www.hs.fi\/kulttuuri\/art-2000005847195.html\" target=\"_blank\" rel=\"noopener\">Suuri Koralliriutta syntyy lasten ja aikuisten voimin \u2013 esityksen kuntopiireiss\u00e4 opiskellaan rauskun ja merihevosen eleit\u00e4<\/a>, Helsingin Sanomat 30.9.2018<br \/>\nThe following articles talk about <em>Great Barrier Reef<\/em> among other performances and topics.<br \/>\n<a href=\"http:\/\/mustekala.info\/teemanumerot\/kulttuuriperinto-3-2018-vol-72\/ilmastonmuutoksen-vai-ihmisenmuutoksen-esitykset\/\" target=\"_blank\" rel=\"noopener\">Mustekala.fi<\/a>,\u00a0<em>Great Barrier Reef<\/em> mentioned among many performances.<br \/>\n<a href=\"https:\/\/www.der-theaterverlag.de\/theater-heute\/archiv\/artikel\/kinder-und-jugendtheater-jenseits-von-hotzenplotz\/\" target=\"_blank\" rel=\"noopener\">Kinder-und Jugendtheater: Jenseits von Hotzenplotz<\/a>, Theater heute, July 2018 issue, the Dangerous Minds Festival&#8217;s performances including the <em>Great Barrier Reef<\/em>.<br \/>\nMaria S\u00e4k\u00f6: <a href=\"http:\/\/mustekala.info\/teemanumerot\/kulttuuriperinto-3-2018-vol-72\/ilmastonmuutoksen-vai-ihmisenmuutoksen-esitykset\/\" target=\"_blank\" rel=\"noopener\">Ilmastonmuutoksen vai ihmisenmuutoksen esitykset?<\/a>, Mustekala 18.12.2018.Don&#8217;t hesitate to jump into the underwater world and take with you your nephew, niece, grandmother, grandfather, cousin, neighbour, or maybe your own mom or dad. <em>Great Barrier Reef<\/em> welcomes adults of all ages and children aged 6 and above. Below 12, accompanied by an adult.<br \/>\n\t\t\t\t\t\t\t\t\t\tPhoto Johanna HuiskonenPhoto Johanna HuiskonenPhoto Sanni PrihaPhoto Sanni PrihaPhoto Sanni PrihaPhoto Sanni PrihaPhoto Sanni PrihaPhoto Sanni Priha<br \/>\n\t\t\t\t\t\t\t\t\t\t\t\t\t\tPrevious<br \/>\n\t\t\t\t\t\t\t\t\t\t\t\t\t\tNext<\/p>\n<h3><strong>WORKING GROUP<br \/>\n<\/strong><\/h3>\n<p>Eeva Kemppi, Kati Korosuo, Kaisa-Liisa Logr\u00e9n, Sanni Priha and lighting designer Janne Bj\u00f6rkl\u00f6f.<br \/>\nConcept: Esa Kirkkopelto, the working group and the Other Spaces collective.<br \/>\nSound design &amp; music: Esa Ruoho \/ Lackluster (Kontula, Kanneltalo and Stoa), Richard von der Schulenburg (Hamburg) and Matthias Engelke (Frankfurt).<br \/>\nSet design: Annika Saloranta.<br \/>\nOther Spaces production: The working group and Jenni Kokkom\u00e4ki.<\/p>\n<h3><strong>PERFORMED<\/strong><\/h3>\n<p><em>Great Barrier Reef<\/em> was performed at JUNIOR-festival in Toronto, Canada. Three participatory performances took place on 21.-23.5.2022. <a href=\"https:\/\/harbourfrontcentre.com\/event\/great-barrier-reef-2\/\">Read more from JUNIOR-festival&#8217;s websites.<\/a><\/p>\n<p><em>Great Barrier Reef<\/em> premiered 21.4.2018 and the <em>Underwater demonstration<\/em> 22.4.2018 at the Kontula Electronic Festival (Helsinki).<\/p>\n<p>German premiere of the <em>Great Barrier Reef<\/em> 26.5.2018, second showing 27.5. and the <em>Underwater demonstration<\/em> 28.5.2018 at the Dangerous Minds Festival (Kampnagel, Hamburg).<\/p>\n<p><em>Great Barrier Reef,<\/em> 22. and 23.9.2018, with <em>Underwater demonstration<\/em> 24.9.2018 at<a href=\"http:\/\/www.mousonturm.de\/web\/en\/veranstaltung\/great-barrier-reef\" target=\"_blank\" rel=\"noopener\"> K\u00fcnstlerhaus Mousonturm<\/a>, Frankfurt.<\/p>\n<p><em>Great Barrier Reef<\/em> and the <em>Underwater demonstration<\/em> 29.9.2018 at <a href=\"http:\/\/www.kanneltalo.fi\/fi\/tapahtumat\/event\/C487D597016DC2FEFF2BD666951BF01C\/Suuri_Koralliriutta\" target=\"_blank\" rel=\"noopener\">Kanneltalo<\/a>, Helsinki.<\/p>\n<p><em>Great Barrier Reef<\/em> at <a href=\"https:\/\/hurraa.org\/great-barrier-reef\/\" target=\"_blank\" rel=\"noopener\">Hurraa! Festival<\/a> 16.3. and 24.3.2019 at Stoa, and the <em>Underwater demonstration<\/em> 16.3.2019 at the Helsinki Central Library Oodi.<\/p>\n<p>\t\t\t\t\t\t\t\t\t\t\t\t<img decoding=\"async\" src=\"https:\/\/toisissatiloissa.net\/wp-content\/uploads\/elementor\/thumbs\/K-Stoerer-Kampnagel-ohne-Anschn-bis11mm-Kopie-1-300x114-o3zirjrdfp7gfkgqpd88eqe3ix0mlnr95qwj6hy3nk.jpg\" title=\"K-Stoerer-Kampnagel-ohne-Anschn-bis11mm-Kopie-1-300&#215;114\" alt=\"K-Stoerer-Kampnagel-ohne-Anschn-bis11mm-Kopie-1-300x114\" \/><br \/>\n\t\t\t\t\t\t\t\t\t\t\t\t<img decoding=\"async\" src=\"https:\/\/toisissatiloissa.net\/wp-content\/uploads\/elementor\/thumbs\/KELogo-1-150x100-o3zirjrdfp7gfkgqpd88eqe3ix0mlnr95qwj6hy3nk.jpg\" title=\"KELogo-1-150&#215;100\" alt=\"KELogo-1-150x100\" \/><br \/>\n\t\t\t\t\t\t\t\t\t\t\t\t<img decoding=\"async\" src=\"https:\/\/toisissatiloissa.net\/wp-content\/uploads\/elementor\/thumbs\/MH_turkoosi-logo-1-150x150-o3zirjrdfp7gfkgqpd88eqe3ix0mlnr95qwj6hy3nk.jpg\" title=\"MH_turkoosi-logo-1-150&#215;150\" alt=\"MH_turkoosi-logo-1-150x150\" \/><br \/>\n\t\tGreat Barrier Reef is a coproduction of the Other Spaces collective and Kampnagel. The Kontula premiere was realised in cooperation with Mad House Helsinki and Kontula Electronic. At Kampnagel, Great Barrier Reef was part of the Dangerous Minds Festival, and was supported by Elbkulturfonds (Kulturbeh\u00f6rde Hamburg), Finnland Institut and TINFO.<br \/>\n\t\t\t\t\t\t\t\t\t\tPhoto Jenni Kokkom\u00e4kiPhoto Jenni Kokkom\u00e4kiPhoto Alte Oper Frankfurt \/ \u00a9 Achim ReissnerPhoto Alte Oper Frankfurt \/ \u00a9 Achim ReissnerPhoto Joel Haapam\u00e4kiPhoto Jaakko RuuskaPhoto Salli Siivonen<br \/>\n\t\t\t\t\t\t\t\t\t\t\t\t\t\tPrevious<br \/>\n\t\t\t\t\t\t\t\t\t\t\t\t\t\tNext<br \/>\n\t\t<iframe loading=\"lazy\" title=\"Toisissa tiloissa: Suuri koralliriutta\" src=\"https:\/\/player.vimeo.com\/video\/548302296?h=27c3e78d73&amp;dnt=1&amp;app_id=122963\" width=\"1200\" height=\"675\" frameborder=\"0\" allow=\"autoplay; fullscreen; picture-in-picture\" allowfullscreen><\/iframe><\/p>\n","protected":false},"excerpt":{"rendered":"<p>GREAT BARRIER REEF Photo Johanna Huiskonen WELCOME TO THE CORAL REEF! Great Barrier Reef is a transgenerational participatory event consisting of a workshop, lunch, a collective performance, and a silent demonstration. We invite both adults and children to an adventure on the coral reef. Our mission is to keep the Great Barrier Reef alive! The &#8230; <a title=\"Great Barrier Reef\" class=\"read-more\" href=\"https:\/\/toisissatiloissa.net\/en\/great-barrier-reef\/\" aria-label=\"Read more about Great Barrier Reef\">Read more<\/a><\/p>\n","protected":false},"author":3,"featured_media":0,"parent":0,"menu_order":0,"comment_status":"closed","ping_status":"closed","template":"elementor_header_footer","meta":{"_eb_attr":"","generate_page_header":"","footnotes":""},"class_list":["post-2462","page","type-page","status-publish"],"_links":{"self":[{"href":"https:\/\/toisissatiloissa.net\/en\/wp-json\/wp\/v2\/pages\/2462","targetHints":{"allow":["GET"]}}],"collection":[{"href":"https:\/\/toisissatiloissa.net\/en\/wp-json\/wp\/v2\/pages"}],"about":[{"href":"https:\/\/toisissatiloissa.net\/en\/wp-json\/wp\/v2\/types\/page"}],"author":[{"embeddable":true,"href":"https:\/\/toisissatiloissa.net\/en\/wp-json\/wp\/v2\/users\/3"}],"replies":[{"embeddable":true,"href":"https:\/\/toisissatiloissa.net\/en\/wp-json\/wp\/v2\/comments?post=2462"}],"version-history":[{"count":20,"href":"https:\/\/toisissatiloissa.net\/en\/wp-json\/wp\/v2\/pages\/2462\/revisions"}],"predecessor-version":[{"id":5229,"href":"https:\/\/toisissatiloissa.net\/en\/wp-json\/wp\/v2\/pages\/2462\/revisions\/5229"}],"wp:attachment":[{"href":"https:\/\/toisissatiloissa.net\/en\/wp-json\/wp\/v2\/media?parent=2462"}],"curies":[{"name":"wp","href":"https:\/\/api.w.org\/{rel}","templated":true}]}}