{"id":2480,"date":"2019-02-20T16:19:34","date_gmt":"2019-02-20T14:19:34","guid":{"rendered":"http:\/\/toisissatiloissa.net\/posthuman-theatre\/"},"modified":"2021-03-20T19:52:28","modified_gmt":"2021-03-20T17:52:28","slug":"posthuman-theatre","status":"publish","type":"page","link":"https:\/\/toisissatiloissa.net\/en\/posthuman-theatre\/","title":{"rendered":"Posthuman Theatre"},"content":{"rendered":"<h1>\n<p>POSTHUMAN THEATRE<\/p>\n<\/h1>\n<p>Picture Finnish National Gallery \/ Pirje Mykk\u00e4nen<\/p>\n<h3><strong>POSTHUMAN THEATRE<\/strong><\/h3>\n<p><em>Posthuman Theatre<\/em> is an experimental performance project organised in collaboration between LUST Association and the Other Spaces Live Art collective during the year 2019. The facilitator of the project is Esa Kirkkopelto, performing artist, philosopher and the founding member of the Other Spaces collective.<\/p>\n<p>The aim of the project is to develop the idea of the non-human acting in practice: how is it possible, what does it require from a performer and what kind of theatre will it produce? The topic and its mode of implementation correspond to the ethical and ecological challenges performing arts face today. The project is motivated by a view according to which performing arts should shift towards a less anthropocentric direction and take place in the future between different kinds of bodies, phenomena and creatures. Before non-human theatre becomes possible, one has to solve a series of problems, the most fundamental of them being the physical limits of the human body as well as the anthropomorphism which tends to dominate our imagination. Non-human acting requires new kinds of body techniques, new kind of corporeal thinking and dramaturgy. The project aims at inventing, developing and demonstrating these kinds of means.<\/p>\n<p>The project \u2013 addressed to the professionals in performing arts, actors, dancers and performance artists \u2013 started by two workshops on 25\u201330 March and 24-28 June. On the basis of the first workshop 8 participants were selected who took charge of the continuation of the project. It included a workshop organised in November at the Kiasma Theatre. As the outcome of the project the performance<em> Studies in Non-Human Acting<\/em> was seen on 15 and 16 November at the Kiasma Theatre.<\/p>\n<h3><strong>UPCOMING<\/strong><\/h3>\n<p>Something new coming up in 2020. Stay tuned!<\/p>\n<h3><strong>KIRJOITUKSIA JA ARVIOITA<\/strong><\/h3>\n<p>T-efekti: <a href=\"https:\/\/t-efekti.com\/2019\/11\/18\/vauva-haastoi-esiintyjia\/\" target=\"_blank\" rel=\"noopener\"><em>Vauva haastoi esiintyji\u00e4 ihmisen j\u00e4lkeisen teatterin esityksess\u00e4<\/em><\/a>, by Elina Aholainen, Sanni Martiskainen, Maura Minerva and Sofia Valtanen 18.11.2019.<\/p>\n<p>Seiskan pojat 28.11.2019 review <a href=\"https:\/\/seiskanpojat.com\/2019\/11\/28\/baltic-circle-2019\/\" target=\"_blank\" rel=\"noopener\"><em>Baltic Circle 2019<\/em><\/a> talks also about the <em>Studies in Non-Human Acting<\/em> performance.<\/p>\n<p>\t\t\t\t\t\t\t\t\t\t<img decoding=\"async\" src=\"https:\/\/toisissatiloissa.net\/wp-content\/uploads\/elementor\/thumbs\/skr_harmaa_cmyk-o3zirjrdfp7gfkgqpd88eqe3ix0mlnr95qwj6hy3nk.jpg\" title=\"Ep\" alt=\"Ep\" \/><br \/>\n\t\t\t\t\t\t\t\t\t\t<img decoding=\"async\" src=\"https:\/\/toisissatiloissa.net\/wp-content\/uploads\/elementor\/thumbs\/kulturfonden-leikattu-ofvz46ctkn1rww6k78t4z3ywh774hqh89voyv1r8cg.jpg\" title=\"Kulturfonden Leikattu\" alt=\"Kulturfonden Leikattu\" \/><br \/>\n\t\t\t\t\t\t\t\t\t\t<img decoding=\"async\" src=\"https:\/\/toisissatiloissa.net\/wp-content\/uploads\/elementor\/thumbs\/Lust-rgb-bla\u030a-960px-150x70-o3zirjrdfp7gfkgqpd88eqe3ix0mlnr95qwj6hy3nk.png\" title=\"Lust Rgb Bla\u030a 960px 150&#215;70\" alt=\"Lust Rgb Bla\u030a 960px 150x70\" \/><br \/>\n\t\t\t\t\t\t\t\t\t\t<img decoding=\"async\" src=\"https:\/\/toisissatiloissa.net\/wp-content\/uploads\/elementor\/thumbs\/Kiasma_teatteri-tunnus_RBG-300x169-o3zirjrdfp7gfkgqpd88eqe3ix0mlnr95qwj6hy3nk.png\" title=\"Kiasma Teatteri Tunnus RBG 300&#215;169\" alt=\"Kiasma Teatteri Tunnus RBG 300x169\" \/>\t\t\t\t\t\t\t\t\t\t\t<\/p>\n<p><i>Posthuman Theatre<\/i> is realised as a cooperation of the Other Spaces collective and Lust ry. The production is supported by The Finnish Cultural Foundation, The Swedish Cultural Foundation in Finland and Kiasma Theatre.<\/p>\n<h3><strong>WORKING GROUP<br \/>\n<\/strong><\/h3>\n<p><strong><i>Studies in Non-Human Acting<\/i> working group<\/strong>: Jenni-Elina von Bagh, Laura Halonen, Leila Kourkia, Veli Lehtovaara, Leena Nordberg, Piia Peltola, Rasmus Sl\u00e4tis, Jenni Urpilainen.<br \/>\n<strong>Facilitator<\/strong>: Esa Kirkkopelto.<\/p>\n<h3><strong>PAST EVENTS<br \/>\n<\/strong><\/h3>\n<p>15. &amp; 16.11.2019 <strong>Studies in Non-Human Acting<\/strong> performances. Kiasma Theatre, Helsinki.<br \/>\n16.11.2019 <strong>Panel on Non-Human Performance<\/strong> panel discussion. Kiasma Seminar Room, Helsinki.<br \/>\n25.-30.3.2019<strong> Workshop on Non-Human Acting<\/strong>. Ilmaisuvertas, Helsinki.<br \/>\n24.-28.6.2019 <strong>Workshop on Non-Human Acting, 2nd Edition<\/strong>. Performance Center, Helsinki.<br \/>\n\t\t\t\t\tPicture Finnish National Gallery \/ Pirje Mykk\u00e4nenPicture Finnish National Gallery \/ Pirje Mykk\u00e4nen<br \/>\n\t\t\t\t\t\t\tPrevious<br \/>\n\t\t\t\t\t\t\tNext<\/p>\n","protected":false},"excerpt":{"rendered":"<p>POSTHUMAN THEATRE Picture Finnish National Gallery \/ Pirje Mykk\u00e4nen POSTHUMAN THEATRE Posthuman Theatre is an experimental performance project organised in collaboration between LUST Association and the Other Spaces Live Art collective during the year 2019. The facilitator of the project is Esa Kirkkopelto, performing artist, philosopher and the founding member of the Other Spaces collective. &#8230; <a title=\"Posthuman Theatre\" class=\"read-more\" href=\"https:\/\/toisissatiloissa.net\/en\/posthuman-theatre\/\" aria-label=\"More on Posthuman Theatre\">Read more<\/a><\/p>\n","protected":false},"author":3,"featured_media":0,"parent":0,"menu_order":0,"comment_status":"closed","ping_status":"closed","template":"","meta":{"_eb_attr":"","generate_page_header":"","footnotes":""},"class_list":["post-2480","page","type-page","status-publish"],"_links":{"self":[{"href":"https:\/\/toisissatiloissa.net\/en\/wp-json\/wp\/v2\/pages\/2480","targetHints":{"allow":["GET"]}}],"collection":[{"href":"https:\/\/toisissatiloissa.net\/en\/wp-json\/wp\/v2\/pages"}],"about":[{"href":"https:\/\/toisissatiloissa.net\/en\/wp-json\/wp\/v2\/types\/page"}],"author":[{"embeddable":true,"href":"https:\/\/toisissatiloissa.net\/en\/wp-json\/wp\/v2\/users\/3"}],"replies":[{"embeddable":true,"href":"https:\/\/toisissatiloissa.net\/en\/wp-json\/wp\/v2\/comments?post=2480"}],"version-history":[{"count":13,"href":"https:\/\/toisissatiloissa.net\/en\/wp-json\/wp\/v2\/pages\/2480\/revisions"}],"predecessor-version":[{"id":4095,"href":"https:\/\/toisissatiloissa.net\/en\/wp-json\/wp\/v2\/pages\/2480\/revisions\/4095"}],"wp:attachment":[{"href":"https:\/\/toisissatiloissa.net\/en\/wp-json\/wp\/v2\/media?parent=2480"}],"curies":[{"name":"wp","href":"https:\/\/api.w.org\/{rel}","templated":true}]}}