{"id":2513,"date":"2019-02-21T15:09:50","date_gmt":"2019-02-21T13:09:50","guid":{"rendered":"http:\/\/toisissatiloissa.net\/workshops\/"},"modified":"2022-05-24T14:50:45","modified_gmt":"2022-05-24T11:50:45","slug":"workshops","status":"publish","type":"page","link":"https:\/\/toisissatiloissa.net\/en\/workshops\/","title":{"rendered":"Workshops"},"content":{"rendered":"<h1>\n<p>WORKSHOPS<\/p>\n<\/h1>\n<p>\t\tPhoto Laura Jantunen<\/p>\n<h3><strong>WORKSHOPS<\/strong><\/h3>\n<p>The first workshop project by Other Spaces was the popular\u00a0<em>Secret Retraining Camp<\/em>, first organised in 2009. Since then, Other Spaces has developed and realised several different workshop concepts, for adults and children, schools and universities, in Finland and elsewhere, in conjunction with performances and events, and often &#8220;just like that&#8221;.<br \/>\nAn important principle regarding Other Spaces exercises is that anyone can do it, regardless of previous experience or background. (Disregarding some advanced level exercises and techniques that are more involved.)\u00a0 A priori, one can&#8217;t do an Other Spaces exercise <em>correctly<\/em> or <em>incorrectly<\/em>. Every interpretation of an exercise is valuable! Other Spaces workshops consist of exercises that the collective has developed over the years. Currently there are well over a hundred exercises. The group regularly invents new exercises in its weekly rehearsal sessions, and also thematically for different applications.<br \/>\nThe performances of the collective are based on these exercises, and many of the group&#8217;s performances include a workshop part. Doing Other Spaces exercises is enjoyable, fun, and opens up new points of view, so there is no need to hesitate! Besides workshops and participatory performances, you can try out the exercises of the group at the regular <a href=\"http:\/\/toisissatiloissa.net\/tripit\/\">TRIPIT! exercise festivals<\/a>!<br \/>\nOther Spaces workshops are suitable for everyone, regardless of age, shape or physical condition. Previous experience is not required. The workshops&#8217; content and intensity can be adjusted according to the participants, and the pedagogical content can be adapted to fit the participants&#8217; background. Workshops can also be held as a series, so that participants can also get immersed more deeply into Other Spaces work and the more challenging Other Spaces exercises.<\/p>\n<h3><strong>WRITINGS AND REVIEWS<\/strong><\/h3>\n<p>Eeva Kauppinen, <a href=\"https:\/\/www.kaleva.fi\/uutiset\/kulttuuri\/salainen-uudelleenkoulutus-nyt\/281569\/\">Salainen uudelleenkoulutus. Nyt.<\/a> (&#8220;Secret Retraining. Now.&#8221;), Kaleva, 31.7.2009.<\/p>\n<h3><strong>PERFORMED<\/strong><\/h3>\n<p>Other Spaces workshops on various themes have been organised in many places over the years, including Aalto University, EMMA Espoo Museum of Modern Art, Aboa Vetus &amp; Ars Nova museum of history and modern art, Helsinki Adult Education Centre, Korkeasaari zoo, Mad House Helsinki Festival, children&#8217;s market at Korjaamo, Annantalo, Skogen residence at Gothenburg, Aarhus University in Denmark and Hamburg for the pupils of Winterhuder Reformschule.<\/p>\n<h3><strong>BOOK A WORKSHOP!<\/strong><\/h3>\n<p>Other Spaces workshops are suitable for everyone, regardless of age, shape or physical condition. Previous experience is not required.\u00a0 Workshops can be of different durations, from about three hours to a full day. The exercises in the workshops are an enjoyable, easy and pleasant way to be temporarily detached from the human form and identity.<br \/>\nWe can adjust and tune the content of our workshops to a large variety of themes.<br \/>\nDon&#8217;t hesitate to contact us and book your own workshop! <a href=\"mailto:info@toisissatiloissa.net\">info@toisissatiloissa.net<\/a><br \/>\n<b>SECRET RETRAINING CAMP<br \/>\n<\/b><br \/>\nThe first workshop project by the Other Spaces was the popular <em>Secret Retraining Camp<\/em>, first organised in 2009. Since then, in years 2009-2014, the <em>Secret Retraining Camps<\/em> have been organised in numerous places, including Helsinki, Tampere, Hailuoto, Pori, St. Petersburg (Russia), Amman (Jordania), Lecco (Italy) and Aarhus (Denmark).<br \/>\n\t\t\t\t\t\t\t\t\t\tPhoto Jenni Kokkom\u00e4kiPhoto Jenni Kokkom\u00e4kiPhoto Jenni Kokkom\u00e4kiPhoto Jenni Kokkom\u00e4kiPhoto Jenni Kokkom\u00e4ki<br \/>\n\t\t\t\t\t\t\t\t\t\t\t\t\t\tPrevious<br \/>\n\t\t\t\t\t\t\t\t\t\t\t\t\t\tNext<\/p>\n","protected":false},"excerpt":{"rendered":"<p>WORKSHOPS Photo Laura Jantunen WORKSHOPS The first workshop project by Other Spaces was the popular\u00a0Secret Retraining Camp, first organised in 2009. Since then, Other Spaces has developed and realised several different workshop concepts, for adults and children, schools and universities, in Finland and elsewhere, in conjunction with performances and events, and often &#8220;just like that&#8221;. &#8230; <a title=\"Workshops\" class=\"read-more\" href=\"https:\/\/toisissatiloissa.net\/en\/workshops\/\" aria-label=\"Read more about Workshops\">Read more<\/a><\/p>\n","protected":false},"author":3,"featured_media":0,"parent":0,"menu_order":0,"comment_status":"closed","ping_status":"closed","template":"","meta":{"_eb_attr":"","generate_page_header":"","footnotes":""},"class_list":["post-2513","page","type-page","status-publish"],"_links":{"self":[{"href":"https:\/\/toisissatiloissa.net\/en\/wp-json\/wp\/v2\/pages\/2513","targetHints":{"allow":["GET"]}}],"collection":[{"href":"https:\/\/toisissatiloissa.net\/en\/wp-json\/wp\/v2\/pages"}],"about":[{"href":"https:\/\/toisissatiloissa.net\/en\/wp-json\/wp\/v2\/types\/page"}],"author":[{"embeddable":true,"href":"https:\/\/toisissatiloissa.net\/en\/wp-json\/wp\/v2\/users\/3"}],"replies":[{"embeddable":true,"href":"https:\/\/toisissatiloissa.net\/en\/wp-json\/wp\/v2\/comments?post=2513"}],"version-history":[{"count":5,"href":"https:\/\/toisissatiloissa.net\/en\/wp-json\/wp\/v2\/pages\/2513\/revisions"}],"predecessor-version":[{"id":5029,"href":"https:\/\/toisissatiloissa.net\/en\/wp-json\/wp\/v2\/pages\/2513\/revisions\/5029"}],"wp:attachment":[{"href":"https:\/\/toisissatiloissa.net\/en\/wp-json\/wp\/v2\/media?parent=2513"}],"curies":[{"name":"wp","href":"https:\/\/api.w.org\/{rel}","templated":true}]}}