{"id":2516,"date":"2019-02-21T15:27:01","date_gmt":"2019-02-21T13:27:01","guid":{"rendered":"http:\/\/toisissatiloissa.net\/elisenvaara-pieksamaki-reconnections\/"},"modified":"2021-03-20T19:50:19","modified_gmt":"2021-03-20T17:50:19","slug":"reconnections","status":"publish","type":"page","link":"https:\/\/toisissatiloissa.net\/en\/reconnections\/","title":{"rendered":"Elisenvaara-Pieks\u00e4m\u00e4ki: Reconnections"},"content":{"rendered":"<h1>\n<p>ELISENVAARA-PIEKS\u00c4M\u00c4KI: RECONNECTIONS<\/p>\n<\/h1>\n<p>Photo Jaakko Ruuska<\/p>\n<h3><strong>ELISENVAARA-PIEKS\u00c4M\u00c4KI: RECONNECTIONS<br \/>\n<\/strong><\/h3>\n<p>The railway, cut by state boundaries, in many places closed and partly ruined, will be awoken again, to become a multiplicity of spaces, alive for new kinds of encounters between people and non-human entities alike. The performances realised by the Other Spaces collective and Jaakko Ruuska are a part of Ruuska&#8217;s artistic research project at the Fine Arts Academy of Uniarts Helsinki.<\/p>\n<p>The first reconnection happened on the ruins of the railway, between Parikkala and Elisenvaara. Can we overcome the spatial disconnect caused by state frontiers and forbidden zones?<\/p>\n<p>The second reconnection was formed on the closed railroad between Savonlinna and Rantasalmi. The human-powered draisine lead us to the blind spots of the tourism industry, where we can still sense the aura of places.<\/p>\n<h3><strong>UPCOMING<\/strong><\/h3>\n<p>The project continues in the summer 2020. Stay tuned!<\/p>\n<p>On the ruins of the railway, functionality has moved to areas of imaginary and potentiality. Even when only a narrow trace remains of the railway, you can still follow it to enter <em>other spaces<\/em>. At the borders of an abandoned railway, new spaces for encounters are opened.<\/p>\n<p>\t\t\t\t\tPhoto Jaakko RuuskaPhoto Jaakko RuuskaPhoto Jaakko Ruuska<br \/>\n\t\t\t\t\t\t\tPrevious<br \/>\n\t\t\t\t\t\t\tNext<\/p>\n<h3><strong>WORKING GROUPS<\/strong><\/h3>\n<p><strong>Reconnection #1: Parikkala-Elisenvaara 17.6. and 1.8.<br \/>\n<\/strong><\/p>\n<p>Convenor: Jaakko Ruuska<\/p>\n<p>Photographer Hanna Koikkalainen<\/p>\n<p>Other Spaces collective: Timo Jokitalo and Eeva Kemppi<\/p>\n<p>Osuuskunta Lahden Seudun El\u00e4mysmatkat: Antti Holopainen and Victoria Fofanova (Via Kalevala project)<\/p>\n<p><strong>Reconnection #2: Savonlinna-Rantasalmi<\/strong><\/p>\n<p>Convenor: Jaakko Ruuska<\/p>\n<p>Photographer Hanna Koikkalainen<\/p>\n<p>Other Spaces collective: Timo Jokitalo and Kati Korosuo<\/p>\n<p>Producer: Veera Kolehmainen<\/p>\n<p>Special thanks: Ari Berg, Antti Luostarinen, Ilkka Ruuska, Raimo Ruuska, Pertti Sipinen.<\/p>\n<h3><strong>PAST EVENTS<br \/>\n<\/strong><\/h3>\n<p>28.11.-12.12.2018 ARCHIPELAGO MOUNTAIN:<br \/>\nOther Spaces collective took part in Jaakko Ruuska&#8217;s installation \u201dSpatial disconnections #1&#8243;, performed at the Archipelago Mountain exhibition (Exhibition Laboratory, Helsinki).<\/p>\n<p>RECONNECTION #1 (2019):<br \/>\n17.6. and 1.8.\u00a0 Wandering performances Parikkala-Elisenvaara.<br \/>\n18.8. Havaintoja vaellusmatkasta katkaistulla rautatiell\u00e4 -discussion, Savonlinnan Kulttuurikellari.<\/p>\n<p>RECONNECTION #2 DRAISINE TRAVELS (2019):<br \/>\n14.8. <i>Elokuva ilman kameraa<\/i>, Laitaatsilta \u2013 Kallislahti.<br \/>\n15.8. <i>Y\u00f6 Toisissa tiloissa<\/i>, Kallislahti \u2013 Rantasalmi \u2013 Kallislahti.<br \/>\n16.8. <i>Festivaaliresiina<\/i>, Kallislahti \u2013 Laitaatsilta.<br \/>\n18.8. <i>Sunnuntai-ajelu<\/i>, Laitaatsilta \u2013 Aholahti \u2013 Laitaatsilta.<br \/>\n19.8. <i>Viimeinen resiina Kallislahteen?<\/i>, Laitaatsilta \u2013 Kallislahti.<\/p>\n<p>2.11.2019 Resiinareitti Savonlinnaan -discussion, Savonlinna, Kulttuurikellari.<\/p>\n<p>\t\t\t\t\t\t\t\t\t\t<img decoding=\"async\" src=\"https:\/\/toisissatiloissa.net\/wp-content\/uploads\/elementor\/thumbs\/taike_pysty_v2-o3zirjrdfp7gfkgqpd88eqe3ix0mlnr95qwj6hy3nk.png\" title=\"Taike Pysty V2\" alt=\"Taike Pysty V2\" \/><br \/>\n\t\t\t\t\t\t\t\t\t\t<img decoding=\"async\" src=\"https:\/\/toisissatiloissa.net\/wp-content\/uploads\/elementor\/thumbs\/skr_harmaa_cmyk-o3zirjrdfp7gfkgqpd88eqe3ix0mlnr95qwj6hy3nk.jpg\" title=\"Ep\" alt=\"Ep\" \/><br \/>\n\t\t\t\t\t\t\t\t\t\t<img decoding=\"async\" src=\"https:\/\/toisissatiloissa.net\/wp-content\/uploads\/elementor\/thumbs\/Kordelin_RGB_001-ogkimj914fk0ebo7epujvvwzjppg3tikkqj4yi5h4w.jpg\" title=\"Kordelin RGB 001\" alt=\"Kordelin RGB 001\" \/><br \/>\n\t\t\t\t\t\t\t\t\t\t<img decoding=\"async\" src=\"https:\/\/toisissatiloissa.net\/wp-content\/uploads\/elementor\/thumbs\/sinffLogo-1-o3zirjrdfp7gfkgqpd88eqe3ix0mlnr95qwj6hy3nk.png\" title=\"SinffLogo\" alt=\"SinffLogo\" \/><br \/>\n\t\t\t\t\t\t\t\t\t\t<img decoding=\"async\" src=\"https:\/\/toisissatiloissa.net\/wp-content\/uploads\/2018\/11\/Helander-logo-300x99-150x99.jpg\" title=\"Helander-logo-300&#215;99\" alt=\"Helander-logo-300x99\" \/><br \/>\n\t\t\t\t\t\t\t\t\t\t<img decoding=\"async\" src=\"https:\/\/toisissatiloissa.net\/wp-content\/uploads\/elementor\/thumbs\/LOGO-o3zirjrdfp7gfkgqpd88eqe3ix0mlnr95qwj6hy3nk.jpg\" title=\"LOGO\" alt=\"LOGO\" \/><br \/>\n\t\t\t\t\t\t\t\t\t\t<img decoding=\"async\" src=\"https:\/\/toisissatiloissa.net\/wp-content\/uploads\/elementor\/thumbs\/Logot-300x200-o3zirjrdfp7gfkgqpd88eqe3ix0mlnr95qwj6hy3nk.jpg\" title=\"Logot 300&#215;200\" alt=\"Logot 300x200\" \/>\t\t\t\t\t\t\t\t\t\t\t<\/p>\n<p>The project has been supported by Arts Promotion Centre Finland, Niilo Helander Foundation, Alfred Kordelinin S\u00e4\u00e4ti\u00f6n Savonlinnan Rahasto, The Finnish Cultural Foundation, Osuuskunta Lahden Seudun El\u00e4mysmatkailu, Etel\u00e4-Karjalan Liitto, Parikkala commune, Pieks\u00e4m\u00e4ki city, University of the Arts Helsinki and Savonlinna International Nature Film Festival. Thanks to V\u00e4yl\u00e4virasto (previously transportation agency).<\/p>\n<h1>\n<p><\/h1>\n<p>Photo Jaakko Ruuska<\/p>\n","protected":false},"excerpt":{"rendered":"<p>ELISENVAARA-PIEKS\u00c4M\u00c4KI: RECONNECTIONS Photo Jaakko Ruuska ELISENVAARA-PIEKS\u00c4M\u00c4KI: RECONNECTIONS The railway, cut by state boundaries, in many places closed and partly ruined, will be awoken again, to become a multiplicity of spaces, alive for new kinds of encounters between people and non-human entities alike. The performances realised by the Other Spaces collective and Jaakko Ruuska are a &#8230; <a title=\"Elisenvaara-Pieks\u00e4m\u00e4ki: Reconnections\" class=\"read-more\" href=\"https:\/\/toisissatiloissa.net\/en\/reconnections\/\" aria-label=\"Read more about Elisenvaara-Pieks\u00e4m\u00e4ki: Reconnections\">Read more<\/a><\/p>\n","protected":false},"author":3,"featured_media":0,"parent":0,"menu_order":0,"comment_status":"closed","ping_status":"closed","template":"","meta":{"_eb_attr":"","generate_page_header":"","footnotes":""},"class_list":["post-2516","page","type-page","status-publish"],"_links":{"self":[{"href":"https:\/\/toisissatiloissa.net\/en\/wp-json\/wp\/v2\/pages\/2516","targetHints":{"allow":["GET"]}}],"collection":[{"href":"https:\/\/toisissatiloissa.net\/en\/wp-json\/wp\/v2\/pages"}],"about":[{"href":"https:\/\/toisissatiloissa.net\/en\/wp-json\/wp\/v2\/types\/page"}],"author":[{"embeddable":true,"href":"https:\/\/toisissatiloissa.net\/en\/wp-json\/wp\/v2\/users\/3"}],"replies":[{"embeddable":true,"href":"https:\/\/toisissatiloissa.net\/en\/wp-json\/wp\/v2\/comments?post=2516"}],"version-history":[{"count":8,"href":"https:\/\/toisissatiloissa.net\/en\/wp-json\/wp\/v2\/pages\/2516\/revisions"}],"predecessor-version":[{"id":3705,"href":"https:\/\/toisissatiloissa.net\/en\/wp-json\/wp\/v2\/pages\/2516\/revisions\/3705"}],"wp:attachment":[{"href":"https:\/\/toisissatiloissa.net\/en\/wp-json\/wp\/v2\/media?parent=2516"}],"curies":[{"name":"wp","href":"https:\/\/api.w.org\/{rel}","templated":true}]}}