{"id":2540,"date":"2019-02-21T16:35:27","date_gmt":"2019-02-21T14:35:27","guid":{"rendered":"http:\/\/toisissatiloissa.net\/wolf-knowledge-quiz\/"},"modified":"2021-03-20T19:56:34","modified_gmt":"2021-03-20T17:56:34","slug":"wolf-knowledge-quiz","status":"publish","type":"page","link":"https:\/\/toisissatiloissa.net\/en\/wolf-knowledge-quiz\/","title":{"rendered":"Wolf Knowledge Quiz"},"content":{"rendered":"<h1>\n<p>WOLF SAFARI<br \/>WOLF KNOWLEDGE QUIZ<\/p>\n<p><\/h1>\n<p>Photo Jaakko Ruuska<\/p>\n<h3><strong>SAALISTAJANTUTKINTO \/ WOLF KNOWLEDGE QUIZ<\/strong><\/h3>\n<p>Here are the Wolf Knowledge Quiz questions, in both Finnish and English:<\/p>\n<p>1. Sutta esiintyy pohjoisella pallonpuoliskolla. Suden levinneisyytt\u00e4 rajoittaa useimmiten? \/ The main factor most often limiting the distribution of wolves is\u2026?<br \/>\nA. Sopivien elinymp\u00e4rist\u00f6jen puute \/ The lack of suitable habitats<br \/>\nB. Ihmisen toiminta \/ Human activity<br \/>\nC. Suden huono kyky etsiyty\u00e4 uusille elinalueille \/ The wolves\u2019 inability to move into new territory<\/p>\n<p>2. Susi voi olla sy\u00f6m\u00e4tt\u00e4? \/ The wolf can go without eating for\u2026?<br \/>\nA. Kahden p\u00e4iv\u00e4n ajan \/ Two days<br \/>\nB. Viikon ajan \/ One week<br \/>\nC. Kuuden kuukauden ajan \/ Six months<\/p>\n<p>3. N\u00e4ist\u00e4 aisteista sudelle on kenties t\u00e4rkein? \/ Probably the most important sense for the wolf is\u2026?<br \/>\nA. Hajuaisti \/ Smell<br \/>\nB. N\u00e4k\u00f6aisti \/ Sight<br \/>\nC. Kuudes aisti \/ The sixth sense<\/p>\n<p>4. Susi n\u00e4kee luultavasti? \/ It\u2019s likely that the wolf can see\u2026?<br \/>\nA. Tarkasti kauas \/ Far accurately<br \/>\nB. Tarkasti liikkeen \/ Motion accurately<br \/>\nC. Huonosti h\u00e4m\u00e4r\u00e4ss\u00e4 \/ Poorly in the dark<\/p>\n<p>5. Miten susi menettelee kun se lep\u00e4\u00e4 kovassa pakkasessa? \/ How does the wolf behave when it rests in severe cold?<br \/>\nA. Peitt\u00e4\u00e4 itsens\u00e4 lehdill\u00e4 ja karikkeella \/ It covers itself with leaves and litter<br \/>\nB. K\u00e4\u00e4riytyy ker\u00e4lle ja panee h\u00e4nn\u00e4n kuonon p\u00e4\u00e4lle peitoksi \/ It rolls up into a tight ball and covers its snout with its tail<br \/>\nC. J\u00e4rsii kaarnaa puusta pysy\u00e4kseen l\u00e4mpim\u00e4n\u00e4 \/ It chews bark to stay warm<\/p>\n<p>6. Kuinka kaukaa susi voi kuulla toisen suden ulvonnan hyviss\u00e4 olosuhteissa? \/ Under good conditions, from how far away can a wolf hear another\u2019s howl?<br \/>\nA. 100-300 m<br \/>\nB. 10-16 km<br \/>\nC. 80-92 km<\/p>\n<p>7. Mik\u00e4 on suden p\u00e4\u00e4ravinto? \/ What does the wolf\u2019s diet mainly consist of?<br \/>\nA. Marjat ja viiniryp\u00e4leet \/ Berries and grapes<br \/>\nB. Sammakot ja pienet jyrsij\u00e4t \/ Frogs and mices<br \/>\nC. Hirviel\u00e4imet \/ Deer<\/p>\n<p>8. Sudet merkitsev\u00e4t reviirins\u00e4? \/ How do wolves mark out their territory?<br \/>\nA. Lippusiimalla \/ With flags on the rope<br \/>\nB. Hajumerkein \/ With scent markings<\/p>\n<p>9. Sudenpennuista huolehtivat? \/ Who takes care of the pups?<br \/>\nA. Ne huolehtivat itsest\u00e4\u00e4n \/ They take care of themselves<br \/>\nB. Monet susilauman j\u00e4senist\u00e4 osallistuvat siihen \/ Many members of the pack participate<br \/>\nC. Romulus ja Remus \/ Romulus and Remus<\/p>\n<p>10. Kesykoira on? \/ The domestic dog is\u2026?<br \/>\nA. Suden kesyyntynyt alalaji (voivat lis\u00e4\u00e4nty\u00e4 kesken\u00e4\u00e4n) \/ A domesticated subspecies of the wolf (able to breed with wolf)<br \/>\nB. Eri lajia kuin Susi (eiv\u00e4t voi lis\u00e4\u00e4nty\u00e4 kesken\u00e4\u00e4n) \/ A different species than the wolf (unable to breed with wolf)<\/p>\n<p>11. Miten susi tervehtii toista sutta? \/ How does a wolf greet another?<br \/>\nA. Vikisem\u00e4ll\u00e4 yst\u00e4v\u00e4llisesti \/ With a friendly whine<br \/>\nB. Matalilla vuh-\u00e4\u00e4nill\u00e4 \/ With a low-pitched woof<\/p>\n<p>12. Susi saalistaa suuria hirviel\u00e4imi\u00e4 useimmiten? \/ Commonly the wolf hunts large deer\u2026?<br \/>\nA. Yksin \/ Alone<br \/>\nB. Laumassa \/ In a pack<br \/>\nC. Karhujen kanssa \/ With bears<\/p>\n<p>13. Susilauman johtajuus m\u00e4\u00e4r\u00e4ytyy? \/ The leader of the pack is determined by\u2026?<br \/>\nA. Jatkuvassa kamppailussa johtajuudesta \/ A continuous battle over leadership<br \/>\nB. Lis\u00e4\u00e4ntyv\u00e4 pari johtaa laumaa \/ The breeding couple lead the pack<\/p>\n<p>Oikeat vastaukset: 1B 2B 3A 4B 5B 6B 7C 8B 9B 10A 11A 12B 13B<\/p>\n<p>Jos kaikki vastauksesi olivat oikein, olet suorittanut saalistajantutkinnon onnistuneesti! Tervetuloa villiin seuraan!<\/p>\n<h3><strong>AFTER FINISHING THE QUIZ<br \/>\n<\/strong><\/h3>\n<p>After you finish the WOlf Knowledge Quiz, you can choose a wolf-name that suits you.\u00a0 Examples: Repo, Fenris, &#8230;<\/p>\n","protected":false},"excerpt":{"rendered":"<p>WOLF SAFARIWOLF KNOWLEDGE QUIZ Photo Jaakko Ruuska SAALISTAJANTUTKINTO \/ WOLF KNOWLEDGE QUIZ Here are the Wolf Knowledge Quiz questions, in both Finnish and English: 1. Sutta esiintyy pohjoisella pallonpuoliskolla. Suden levinneisyytt\u00e4 rajoittaa useimmiten? \/ The main factor most often limiting the distribution of wolves is\u2026? A. Sopivien elinymp\u00e4rist\u00f6jen puute \/ The lack of suitable habitats &#8230; <a title=\"Wolf Knowledge Quiz\" class=\"read-more\" href=\"https:\/\/toisissatiloissa.net\/en\/wolf-knowledge-quiz\/\" aria-label=\"Read more about Wolf Knowledge Quiz\">Read more<\/a><\/p>\n","protected":false},"author":4,"featured_media":0,"parent":0,"menu_order":0,"comment_status":"closed","ping_status":"closed","template":"","meta":{"_eb_attr":"","generate_page_header":"","footnotes":""},"class_list":["post-2540","page","type-page","status-publish"],"_links":{"self":[{"href":"https:\/\/toisissatiloissa.net\/en\/wp-json\/wp\/v2\/pages\/2540","targetHints":{"allow":["GET"]}}],"collection":[{"href":"https:\/\/toisissatiloissa.net\/en\/wp-json\/wp\/v2\/pages"}],"about":[{"href":"https:\/\/toisissatiloissa.net\/en\/wp-json\/wp\/v2\/types\/page"}],"author":[{"embeddable":true,"href":"https:\/\/toisissatiloissa.net\/en\/wp-json\/wp\/v2\/users\/4"}],"replies":[{"embeddable":true,"href":"https:\/\/toisissatiloissa.net\/en\/wp-json\/wp\/v2\/comments?post=2540"}],"version-history":[{"count":2,"href":"https:\/\/toisissatiloissa.net\/en\/wp-json\/wp\/v2\/pages\/2540\/revisions"}],"predecessor-version":[{"id":4105,"href":"https:\/\/toisissatiloissa.net\/en\/wp-json\/wp\/v2\/pages\/2540\/revisions\/4105"}],"wp:attachment":[{"href":"https:\/\/toisissatiloissa.net\/en\/wp-json\/wp\/v2\/media?parent=2540"}],"curies":[{"name":"wp","href":"https:\/\/api.w.org\/{rel}","templated":true}]}}