{"id":3332,"date":"2019-11-11T17:06:42","date_gmt":"2019-11-11T15:06:42","guid":{"rendered":"https:\/\/toisissatiloissa.net\/?page_id=3332"},"modified":"2022-08-27T15:36:40","modified_gmt":"2022-08-27T12:36:40","slug":"kuvitteellisten-olentojen-kokoelma","status":"publish","type":"page","link":"https:\/\/toisissatiloissa.net\/en\/kuvitteellisten-olentojen-kokoelma\/","title":{"rendered":"Kuvitteellisten olentojen kokoelma"},"content":{"rendered":"<h1>\n<p>KUVITTEELLISTEN OLENTOJEN KOKOELMA<\/p>\n<\/h1>\n<p>Kuva Hieronymus Bosch<\/p>\n<p>\t\t\t\t\t\t\t\t\t\t\t\t<img decoding=\"async\" src=\"https:\/\/toisissatiloissa.net\/wp-content\/uploads\/elementor\/thumbs\/K-Stoerer-Kampnagel-ohne-Anschn-bis11mm-Kopie-1-300x114-o3zirjrdfp7gfkgqpd88eqe3ix0mlnr95qwj6hy3nk.jpg\" title=\"K-Stoerer-Kampnagel-ohne-Anschn-bis11mm-Kopie-1-300&#215;114\" alt=\"K-Stoerer-Kampnagel-ohne-Anschn-bis11mm-Kopie-1-300x114\" \/><br \/>\n\t\t\t\t\t\t\t\t\t\t\t\t<img decoding=\"async\" src=\"https:\/\/toisissatiloissa.net\/wp-content\/uploads\/elementor\/thumbs\/tt_logo_blk_48604312837_o-ogkfjn8gv1r8qeqtxaa08dacoa9l1aajnvvzsckh6o.png\" title=\"Tt Logo Blk 48604312837 O\" alt=\"Tt Logo Blk 48604312837 O\" \/>\t\t\t\t\t\t\t\t\t\t\t\t\t\t<\/p>\n<p><i>Kuvitteellisten olentojen kokoelma<\/i>\u00a0on Toisissa tiloissa -kollektiivin, Kampnagelin ja TEHDAS Teatterin yhteistuotanto.<\/p>\n<h3><strong>TERVETULOA OUTOJEN OLENTOJEN SEURAAN!<br \/><\/strong><\/h3>\n<p>Mielikuvituksemme syvyyksiss\u00e4 asuu loputtomasti kiehtovia, meille samaan aikaan sek\u00e4 tuttuja ett\u00e4 outoja olentoja. Olennot syntyv\u00e4t leikkis\u00e4ss\u00e4 mieless\u00e4mme, aistimme rajoilla, siell\u00e4 miss\u00e4 pelkomme ja unelmamme asustavat.<\/p>\n<p>Kuvitteellisten olentojen kokoelma avaa ovet kollektiiviseen tajuntaamme, tarinoihin ja unissa el\u00e4vien olentojen maailmaan. Ylisukupolvinen esitys kutsuu kaikki yli 6-vuotiaat kuvittelemaa ja jakamaan kuvitelmiamme yhdess\u00e4. Milt\u00e4 tuntuu olla tarujen mystinen hirvi\u00f6 tai sukupuuttoon kuollut el\u00e4in? Millaista on kohdata unelmiesi lohik\u00e4\u00e4rme?<\/p>\n<p>Kokemuksellinen esitys tapahtuu kirjastossa tai museossa, paikassa jossa menneet, nykyiset ja tulevat sukupolvet el\u00e4v\u00e4t rinnakkain. Osallistuja on samanaikaisesti sek\u00e4 esityksen tekij\u00e4 ett\u00e4 katsoja.<\/p>\n<p>Esitys alkaa esityksellisill\u00e4 luennoilla, joissa osallistujat tutustuvat erilaisiin kuvitteellisten olentojen alalajeihin, kuten satuhahmoihin, poliittisiin hirvi\u00f6ihin, myyttisiin jumaluuksiin ja sukupuuttoon kuolleisiin lajeihin. Toisissa tiloissa -kollektiivin kehitt\u00e4mien, kaikille soveltuvien ruumiillisten harjoitteiden avulla tutustutaan mielikuvituksessamme asuviin olentoihin ja her\u00e4tell\u00e4\u00e4n niit\u00e4 eloon intiimiss\u00e4 Studio-tilassa. Esityksen aikana vieraillaan my\u00f6s kirjaston tai museon saleissa ja k\u00e4yt\u00e4vill\u00e4 tarkastellaan tuttua paikkaa uudesta n\u00e4k\u00f6kulmasta. Esitys toimii samalla arkistona, jossa voi tallentaa ja jakaa kokemuksia mielikuvituksemme tuottamista olennoista sek\u00e4 menetetyist\u00e4 ja katoavista lajeista.<\/p>\n<p>Kuvittelullamme ei ole rajoja, tule kurkistamaan millaisia olentoja meiss\u00e4 el\u00e4\u00e4!<\/p>\n<p>&nbsp;<\/p>\n<h3><strong>KUVITTEELLISTEN OLENTOJEN KOKOELMA -VIDEOTEOS<\/strong><\/h3>\n<p><a href=\"http:\/\/www.tehdasteatteri.fi\/poikkeus-tila-taide\/#KOK\">Kuvitteellisten olentojen kokoelma -videoteos<\/a> on osa TEHDAS Teatterin <a href=\"http:\/\/www.tehdasteatteri.fi\/poikkeus-tila-taide\/\">Poikkeus-Tila-Taide<\/a> -teossarjaa.<\/p>\n<p>Teoksessa kerromme miten voit tehd\u00e4 &#8220;Etsi oma olentosi&#8221; -harjoitteen omassa kodissasi, m\u00f6kill\u00e4 tai jossakin muussa sinulle mieluisassa ja turvallisessa paikassa. Harjoitteessa voit ruumiillistaa eli tehd\u00e4 n\u00e4kyv\u00e4ksi jonkin kuvitteellisen olennon, joka el\u00e4\u00e4 vain mielikuvituksessa, tarinoissa tai menneess\u00e4 ajassa. Voit tehd\u00e4 harjoitteen yhdess\u00e4 jonkun sinulle turvallisen ihmisen kanssa. Harjoite soveltuu kaikenik\u00e4isille ja voit tehd\u00e4 sen itsellesi mukavalla tavalla.<\/p>\n<p>Harjoite on osa <em>Kuvitteellisten olentojen kokoelma<\/em> -esityst\u00e4.<\/p>\n<h3><strong>KIRJOITUKSIA JA ARVIOITA<\/strong><\/h3>\n<p>Sari Havukainen: <a href=\"https:\/\/www.tinfo.fi\/fi\/Ylisukupolvinen-teos-yli-rajojen?fbclid=IwAR16_T1MDI4m91Va0q2mRJ28AjIuaho13AmpBIV_wNxJrnh3uk9oEPaXiM4\">Ylisukupolvinen teos yli rajojen<\/a>, TINFO 8.9.2021.<\/p>\n<p>Annina Karhu: <a href=\"https:\/\/www.ts.fi\/kulttuuri\/nayttamotaide\/5056117\/Toisissa+tiloissa+kollektiivi+johdattaa+osallistujat++tutkimaan+kuvitteellisia+olentoja+paakirjaston+uumeniin\">Toisissa tiloissa -kollektiivi johdattaa osallistujat tutkimaan kuvitteellisia olentoja p\u00e4\u00e4kirjaston uumeniin<\/a>, Turun Sanomat 5.9.2020.<\/p>\n<p>Frida Maria Pessi: Hirvi\u00f6ksi muuttuminen rentouttaa, Turun Sanomat 8.9.2020.<\/p>\n<p>Sari Havukainen: <a href=\"https:\/\/www.tinfo.fi\/fi\/Turvallisesti-morkojen-kanssa\" target=\"_blank\" rel=\"noopener\">Turvallisesti m\u00f6rk\u00f6jen kanssa<\/a>, TINFO 3.9.2020.<\/p>\n<p>Jaakko Virrankoski: Kuvitteelliset olennot aktivoivat mielikuvituksen uumenet, Teatteri&amp;Tanssi+Sirkus 6-7\/2020.<\/p>\n<h3><strong>TILAA KUVITTEELLISTEN OLENTOJEN KOKOELMA -HARJOITE-ESITYS<\/strong><\/h3>\n<p>Lis\u00e4tiedot ja esityksen tilaaminen: info@toisissatiloissa.net<\/p>\n<p>Voit saapua esitykseen yksin tai yhdess\u00e4 perheesi, isovanhempasi, kummisi, yst\u00e4v\u00e4si, naapurisi tai jonkun muun l\u00e4heisen kanssa. Kuvitteellisten olentojen maailmaan ovat tervetulleita kaikenik\u00e4iset aikuiset ja lapset kuudesta ik\u00e4vuodesta yl\u00f6sp\u00e4in. Alle 10-vuotiaat osallistuvat aikuisen seurassa.<\/p>\n<h3><strong>TY\u00d6RYHM\u00c4<\/strong><\/h3>\n<p>Eeva Kemppi, Kaisa-Liisa Logr\u00e9n, Minja Mertanen ja Jaakko Ruuska. Mukana teoksen suunnittelussa Jussi Lankoski.<\/p>\n<p>Toisissa tiloissa tuotanto: Ty\u00f6ryhm\u00e4 sek\u00e4 Jenni Kokkom\u00e4ki.<\/p>\n<p>Collection of Imaginary Beings k\u00e4\u00e4nn\u00f6s Liisa Muinonen.<\/p>\n<p>En samling av inbillade varelser k\u00e4\u00e4nn\u00f6s Essi Brunberg.<\/p>\n<h3><strong>MENNEET TAPAHTUMAT<\/strong><\/h3>\n<p><em>Kuvitteellisten olentojen kokoelma<\/em> -teoksen ruotsinkielinen ensi-ilta <em>Samling av inbillade varelser<\/em> koettiin Hang\u00f6 Teatertr\u00e4ff -festivaalilla 11.6.2022 Hangon kaupunginkirjastossa. Toinen esitys 12.6.<\/p>\n<p><em>Kuvitteellisten olentojen kokoelma:<\/em>n Saksan ensi-ilta n\u00e4htiin Hampurissa 9.10.2021 taidemuseo Hamburger Kunsthallen tiloissa. Lis\u00e4ksi kaksi esityst\u00e4 10.10. Saksan esitykset tuotettiin yhteisty\u00f6ss\u00e4 kulttuuritalo Kampnagelin kanssa.<\/p>\n<p><em>Kuvitteellisten olentojen kokoelma<\/em> ensi-ilta 6.9.2020 osana TEHDAS Teatterin ja New Performance Turku -festivaalin ohjelmistoa Turun p\u00e4\u00e4kirjastossa. Muut esitykset 12. ja 13.9. sek\u00e4 4.10.<\/p>\n<p><em>Kuvitteellisten olentojen kokoelma<\/em> -koululaisesitykset 15. ja 28.9.2020 Turun p\u00e4\u00e4kirjastossa.<\/p>\n<p><em>Kuvitteellisten olentojen kokoelma<\/em> jatkaa Toisissa tiloissa -kollektiivin ylisukupolvista ty\u00f6skentely\u00e4. <a href=\"\/?page_id=204\" target=\"_blank\" rel=\"noopener\"><em>Suuri Koralliriutta<\/em><\/a> sai ensi-iltansa Hampurissa ja Kontulassa kev\u00e4\u00e4ll\u00e4 2018.<\/p>\n<p>\t\t\t\t\t\t\t\t\t\tKuva Jenni Kokkom\u00e4kiKuva Jenni Kokkom\u00e4kiKuva Jaakko RuuskaKuva Jaakko RuuskaKuva Jenni Kokkom\u00e4kiKuva Jaakko RuuskaKuva Jaakko RuuskaKuva Jaakko RuuskaKuva Jaakko RuuskaKuva Jaakko RuuskaKuva Jenni Kokkom\u00e4ki<br \/>\n\t\t\t\t\t\t\t\t\t\t\t\t\t\tPrevious<br \/>\n\t\t\t\t\t\t\t\t\t\t\t\t\t\tNext<\/p>\n","protected":false},"excerpt":{"rendered":"<p>KUVITTEELLISTEN OLENTOJEN KOKOELMA Kuva Hieronymus Bosch Kuvitteellisten olentojen kokoelma\u00a0on Toisissa tiloissa -kollektiivin, Kampnagelin ja TEHDAS Teatterin yhteistuotanto. TERVETULOA OUTOJEN OLENTOJEN SEURAAN! Mielikuvituksemme syvyyksiss\u00e4 asuu loputtomasti kiehtovia, meille samaan aikaan sek\u00e4 tuttuja ett\u00e4 outoja olentoja. Olennot syntyv\u00e4t leikkis\u00e4ss\u00e4 mieless\u00e4mme, aistimme rajoilla, siell\u00e4 miss\u00e4 pelkomme ja unelmamme asustavat. Kuvitteellisten olentojen kokoelma avaa ovet kollektiiviseen tajuntaamme, tarinoihin ja &#8230; <a title=\"Kuvitteellisten olentojen kokoelma\" class=\"read-more\" href=\"https:\/\/toisissatiloissa.net\/en\/kuvitteellisten-olentojen-kokoelma\/\" aria-label=\"More on Kuvitteellisten olentojen kokoelma\">Read more<\/a><\/p>\n","protected":false},"author":6,"featured_media":0,"parent":0,"menu_order":0,"comment_status":"closed","ping_status":"closed","template":"","meta":{"_eb_attr":"","generate_page_header":"","footnotes":""},"class_list":["post-3332","page","type-page","status-publish"],"_links":{"self":[{"href":"https:\/\/toisissatiloissa.net\/en\/wp-json\/wp\/v2\/pages\/3332","targetHints":{"allow":["GET"]}}],"collection":[{"href":"https:\/\/toisissatiloissa.net\/en\/wp-json\/wp\/v2\/pages"}],"about":[{"href":"https:\/\/toisissatiloissa.net\/en\/wp-json\/wp\/v2\/types\/page"}],"author":[{"embeddable":true,"href":"https:\/\/toisissatiloissa.net\/en\/wp-json\/wp\/v2\/users\/6"}],"replies":[{"embeddable":true,"href":"https:\/\/toisissatiloissa.net\/en\/wp-json\/wp\/v2\/comments?post=3332"}],"version-history":[{"count":124,"href":"https:\/\/toisissatiloissa.net\/en\/wp-json\/wp\/v2\/pages\/3332\/revisions"}],"predecessor-version":[{"id":5273,"href":"https:\/\/toisissatiloissa.net\/en\/wp-json\/wp\/v2\/pages\/3332\/revisions\/5273"}],"wp:attachment":[{"href":"https:\/\/toisissatiloissa.net\/en\/wp-json\/wp\/v2\/media?parent=3332"}],"curies":[{"name":"wp","href":"https:\/\/api.w.org\/{rel}","templated":true}]}}