{"id":3476,"date":"2019-12-09T18:06:27","date_gmt":"2019-12-09T16:06:27","guid":{"rendered":"https:\/\/toisissatiloissa.net\/collection-of-imaginary-beings\/"},"modified":"2022-08-26T16:23:39","modified_gmt":"2022-08-26T13:23:39","slug":"collection-of-imaginary-beings","status":"publish","type":"page","link":"https:\/\/toisissatiloissa.net\/en\/collection-of-imaginary-beings\/","title":{"rendered":"Collection of imaginary beings"},"content":{"rendered":"<h1>\n<p>COLLECTION OF IMAGINARY BEINGS<\/p>\n<\/h1>\n<p>Picture Hieronymus Bosch<\/p>\n<h3><strong>WELCOME TO THE WORLD OF STRANGE CREATURES!<br \/><\/strong><\/h3>\n<p>The endless depths of our imagination are inhabited by the weird and wonderful creatures. It is a home to the fantastic beings of our playful mind. These beings take shape on the boundaries of our senses, feeding from our frights and dreams.<\/p>\n<p>The participatory workshop-performance opens the door to a space, where the creatures of past, present, and future generations can get together. The performance invites people from 6-years-olds and above to imagine together and share their imaginations during the event, that takes place in museums or libraries. What does it feel like to be a mythical beast or an extinct animal? What is it like to meet a dragon of your imagination?<\/p>\n<p>The participatory event takes place in a museum or library, a place where past, present and future generations live side by side. The participant is at the same time a performer and spectator.<\/p>\n<p>The event begins with an Introductory Lecture about Imaginary Beings. The participants learn about different subtypes of imaginary beings such as fairy tale creatures, political monsters, mythic deities, and species that are extinct. In the School of Imaginary Beings workshop the participants are introduced to the techniques of Other Spaces collective, and they learn to embody imaginary creatures in various ways. The workshop is held in a studio room. During the Individual Journey of Discovery the participants learn to catch imaginary beings, that hide in the corners of the library or the museum. In the Final Exercise the participants will return to the studio, where they get to embody the imaginary being of each other\u2019s dreams, and they can see their imaginary creatures being embodied.<\/p>\n<p>The Final Discussion offers the participants a possibility to share their experiences.<\/p>\n<p>&nbsp;<\/p>\n<h3><strong>COLLECTION OF IMAGINARY BEINGS VIDEO<\/strong><\/h3>\n<p><a href=\"http:\/\/www.tehdasteatteri.fi\/poikkeus-tila-taide\/#KOK\">The Collection of imaginary beings video piece<\/a> (in Finnish) is part of the <a href=\"http:\/\/www.tehdasteatteri.fi\/poikkeus-tila-taide\/\">Poikkeus-Tila-Taide<\/a> series of TEHDAS Teatteri.<\/p>\n<p>In the video we explain how to do the \u201cFind your own creature\u201d excercise at home or in some other place you like! In the esxercise you can embody an imaginary creature that lives only in imagination, stories or past times. You can do the exercise together with a person you feel safe with. The exercise is suitable for all ages and you can do it in the way confortable for you.<\/p>\n<p>The exercise is part of the <em>Collection of Imaginary Beings<\/em> performance.<\/p>\n<h3><strong>WRITINGS AND REVIEWS<\/strong><\/h3>\n<p>Sari Havukainen: <a href=\"https:\/\/www.tinfo.fi\/fi\/Ylisukupolvinen-teos-yli-rajojen?fbclid=IwAR16_T1MDI4m91Va0q2mRJ28AjIuaho13AmpBIV_wNxJrnh3uk9oEPaXiM4\">Other Spaces crosses borders to deliver transgenerational theatre in Germany<\/a>, TINFO 8.9.2021.<\/p>\n<p>Annina Karhu: <a href=\"https:\/\/www.ts.fi\/kulttuuri\/nayttamotaide\/5056117\/Toisissa+tiloissa+kollektiivi+johdattaa+osallistujat++tutkimaan+kuvitteellisia+olentoja+paakirjaston+uumeniin\">Toisissa tiloissa -kollektiivi johdattaa osallistujat tutkimaan kuvitteellisia olentoja p\u00e4\u00e4kirjaston uumeniin<\/a>, Turun Sanomat 5.9.2020.<\/p>\n<p>Frida Maria Pessi: Hirvi\u00f6ksi muuttuminen rentouttaa, Turun Sanomat 8.9.2020.<\/p>\n<p>Sari Havukainen: <a href=\"https:\/\/www.tinfo.fi\/fi\/Turvallisesti-morkojen-kanssa\" target=\"_blank\" rel=\"noopener\">Monstrous but safe<\/a>, TINFO 3.9.2020.<\/p>\n<p>Jaakko Virrankoski: Kuvitteelliset olennot aktivoivat mielikuvituksen uumenet, Teatteri&amp;Tanssi+Sirkus 6-7\/2020.<\/p>\n<p>You can come to the performance alone or with your family, grandparents, godparents, friends, neighbors, or someone else close to you. The world of the imaginary beings welcomes adults of all ages and children aged 6 and above. Below 10, accompanied by an adult.<\/p>\n<p>\t\t\t\t\t\t\t\t\t\t\t\t<img decoding=\"async\" src=\"https:\/\/toisissatiloissa.net\/wp-content\/uploads\/elementor\/thumbs\/K-Stoerer-Kampnagel-ohne-Anschn-bis11mm-Kopie-1-300x114-o3zirjrdfp7gfkgqpd88eqe3ix0mlnr95qwj6hy3nk.jpg\" title=\"K-Stoerer-Kampnagel-ohne-Anschn-bis11mm-Kopie-1-300&#215;114\" alt=\"K-Stoerer-Kampnagel-ohne-Anschn-bis11mm-Kopie-1-300x114\" \/><br \/>\n\t\t\t\t\t\t\t\t\t\t\t\t<img decoding=\"async\" src=\"https:\/\/toisissatiloissa.net\/wp-content\/uploads\/elementor\/thumbs\/tt_logo_blk_48604312837_o-ogkfjn8gv1r8qeqtxaa08dacoa9l1aajnvvzsckh6o.png\" title=\"Tt Logo Blk 48604312837 O\" alt=\"Tt Logo Blk 48604312837 O\" \/>\t\t\t\t\t\t\t\t\t\t\t\t\t\t<\/p>\n<p><i>Collection of Imaginary Beings<\/i> is co-produced by Other Spaces -collective, Kampnagel and TEHDAS Theatre.<\/p>\n<h3><strong>WORKING GROUP<\/strong><\/h3>\n<p>Eeva Kemppi, Kaisa-Liisa Logr\u00e9n, Minja Mertanen and Jaakko Ruuska. Participating in the design of the piece Jussi Lankoski.<\/p>\n<p>Other Spaces production: Working group and Jenni Kokkom\u00e4ki.<\/p>\n<p>Collection of Imaginary Beings translation Liisa Muinonen.<\/p>\n<p>En samling av inbillade varelser translation Essi Brunberg.<\/p>\n<h3><strong>PAST EVENTS<\/strong><\/h3>\n<p><em>Collection of Imaginary Beings <\/em>or \u201c<em>Samling av inbillade varelser<\/em>\u201d had it&#8217;s Swedish premiere at Hang\u00f6 Teatertr\u00e4ff -festival on 11.6.2022 at Hanko City Library. The second performance was on 12.6.<\/p>\n<p>German premiere in Hamburg on 9.10.2021 at art museum Hamburger Kunsthalle. \u00a0 Also two performances on 10.10. The performances were coproduced with Kampnagel performing art centre.<\/p>\n<p><em>Collection of Imaginary Beings<\/em> premiere 6.9.2020 as part of TEHDAS Theatre\u2019s and New Performance Turku Festival\u2019s programme at the Turku Main Library. Other performances on 12. and 13.9. as well as 4.10.<\/p>\n<p><em>Collection of Imaginary Beings<\/em> school performances on 15. and 28.9.2020 at the Turku Main Library.<\/p>\n<p><em>Collection of Imaginary Beings<\/em> continues the transgenerational work of the Other Spaces collective. <a href=\"\/?page_id=2462\" target=\"_blank\" rel=\"noopener\"><em>Great Barrier Reef<\/em><\/a> premiered in Hamburg and Kuntula in the spring 2018<\/p>\n<p>\t\t\t\t\t\t\t\t\t\tPhoto Jenni Kokkom\u00e4kiPhoto Jenni Kokkom\u00e4kiPhoto Jaakko RuuskaPhoto Jaakko RuuskaPhoto Jenni Kokkom\u00e4kiPhoto Jaakko RuuskaPhoto Jaakko RuuskaPhoto Jaakko RuuskaPhoto Jaakko RuuskaPhoto Jaakko RuuskaPhoto Jenni Kokkom\u00e4ki<br \/>\n\t\t\t\t\t\t\t\t\t\t\t\t\t\tPrevious<br \/>\n\t\t\t\t\t\t\t\t\t\t\t\t\t\tNext<\/p>\n","protected":false},"excerpt":{"rendered":"<p>COLLECTION OF IMAGINARY BEINGS Picture Hieronymus Bosch WELCOME TO THE WORLD OF STRANGE CREATURES! The endless depths of our imagination are inhabited by the weird and wonderful creatures. It is a home to the fantastic beings of our playful mind. These beings take shape on the boundaries of our senses, feeding from our frights and &#8230; <a title=\"Collection of imaginary beings\" class=\"read-more\" href=\"https:\/\/toisissatiloissa.net\/en\/collection-of-imaginary-beings\/\" aria-label=\"More on Collection of imaginary beings\">Read more<\/a><\/p>\n","protected":false},"author":6,"featured_media":0,"parent":0,"menu_order":0,"comment_status":"closed","ping_status":"closed","template":"","meta":{"_eb_attr":"","generate_page_header":"","footnotes":""},"_links":{"self":[{"href":"https:\/\/toisissatiloissa.net\/en\/wp-json\/wp\/v2\/pages\/3476"}],"collection":[{"href":"https:\/\/toisissatiloissa.net\/en\/wp-json\/wp\/v2\/pages"}],"about":[{"href":"https:\/\/toisissatiloissa.net\/en\/wp-json\/wp\/v2\/types\/page"}],"author":[{"embeddable":true,"href":"https:\/\/toisissatiloissa.net\/en\/wp-json\/wp\/v2\/users\/6"}],"replies":[{"embeddable":true,"href":"https:\/\/toisissatiloissa.net\/en\/wp-json\/wp\/v2\/comments?post=3476"}],"version-history":[{"count":60,"href":"https:\/\/toisissatiloissa.net\/en\/wp-json\/wp\/v2\/pages\/3476\/revisions"}],"predecessor-version":[{"id":6936,"href":"https:\/\/toisissatiloissa.net\/en\/wp-json\/wp\/v2\/pages\/3476\/revisions\/6936"}],"wp:attachment":[{"href":"https:\/\/toisissatiloissa.net\/en\/wp-json\/wp\/v2\/media?parent=3476"}],"curies":[{"name":"wp","href":"https:\/\/api.w.org\/{rel}","templated":true}]}}