{"id":3955,"date":"2020-10-26T11:32:43","date_gmt":"2020-10-26T09:32:43","guid":{"rendered":"https:\/\/toisissatiloissa.net\/rhizome\/"},"modified":"2021-03-20T20:38:28","modified_gmt":"2021-03-20T18:38:28","slug":"rhizome","status":"publish","type":"page","link":"https:\/\/toisissatiloissa.net\/en\/rhizome\/","title":{"rendered":"Rhizome"},"content":{"rendered":"<h1>\n<p>RHIZOME<\/p>\n<\/h1>\n<p>Photo Petri Siikanen<\/p>\n<h3><strong>RHIZOME PROJECT PROBES CORPOREALITY AT TEHTAANKATU PRIMARY SCHOOL<\/strong><\/h3>\n<p>The Other Spaces collective has started a series of experiential and bodily workshops. <em>Rhizome Project<\/em> is based on the participation of Tehtaankatu Primary School students and staff and it will run for the next two school years.<br \/>\nThe workshops look at the idea of the rhizome through various rhizomatic structures and phenomena occurring in the environment such as mycelium, underground cavern, the internet or ant colony.<br \/>\nThrough these concrete phenomena, the workshop series directs examination also into non-hierarchical models of thinking and organization, where diversity, movement and free association are emphasized.<br \/>\nThe Rhizome Project consists of a series of workshops and a video documentation that will be included in the collections of HAM. During the project, the artists of the Other Spaces collective, together with the pupils of the Tehtaankatu primary school, will develop a new exercise that the pupils can perform together with the personnel of the school, even after the project has ended.<\/p>\n<h3><strong>OPENING RITE<br \/>\n<\/strong><\/h3>\n<p>The first <em>Opening Rite<\/em> workshops were realized with thirteen school classes at the end of August. The workshops were held by Eiranranta shoreline close to the new temporary school building, where the school has moved to the evacuation facilities for the period of renovation of the old school building.<\/p>\n<p>The letters of the alphabet were a starting point of the <em>Opening Rite<\/em>. To warm up each participant embodied the letters of their forename by using different parts of their body. A short introduction was given about the origin of the letters. Finally, each school class wrote 4-5 giant letters over the green by walking in line and striving to find a walking rhythm uniting all pupils in the class. All letters of the alphabet, physically formed together by the students of Tehtaankatu School, were filmed from above and can be used as a visual element in different ways as the project progresses.<\/p>\n<h3><strong>MYCELIUM, RAYS OF LIGHT AND ROACHES<\/strong><\/h3>\n<p>The first Rhizome week of the project was organized in November 2020. <\/p>\n<p>Translation in progress.<\/p>\n<h3><strong>WRITINGS<\/strong><\/h3>\n<p>Emma Vainio: <a href=\"https:\/\/www.danceinfo.fi\/artikkelit\/rihmasto-hanke-johdattaa-koululaiset-ruumiilliseen-oppimiseen-ja-epahierarkkiseen-ajatteluun\/\" target=\"_blank\" rel=\"noopener\">Rihmasto-hanke johdattaa koululaiset keholliseen oppimiseen ja ep\u00e4hierarkkiseen ajatteluun<\/a>, Dance Info Finland 1.12.2020.<\/p>\n<h3><strong>PERCENT FOR ART<br \/>\n<\/strong><\/h3>\n<p>The City of Helsinki adheres to the Percent for Art principle, which means that approximately one per cent of the City\u2019s new construction and renovation expenses are dedicated to the creation of new public art. In recent years, extensive construction efforts have made it possible to commission art for many public buildings around the city. HAM Helsinki Art Museum serves as an arts expert in these projects, and the works are added to HAM\u2019s art collection.<\/p>\n<p><i>Rhizome Project<\/i> expands the range of Percentage for Art projects. Due to its participatory nature, the work will be included in the collection of HAM Helsinki Art Museum as a work concept. The collection will also include video documentation and a new exercise developed by the collective together with the pupils.<\/p>\n<h3><strong>BACKGROUND FOR RHIZOME PROJECT<br \/>\n<\/strong><\/h3>\n<p><em>Rhizome Project<\/em> takes a close look at various rhizome-like phenomena in our surroundings. Using collective corporeal transformation exercises developed by the Other Spaces collective, we approach different rhizomeal creatures (such as fungi and mycelia) and phenomena (for example setts and other burrows, the internet, or gas and turbulence).<\/p>\n<p>The rhizome is also a model of networked thought and organization, consisting of pluralities of things, movements, directions, and free combination, instead of hierarchical organization (e.g. Gilles Deleuze, Desert Islands And Other Texts 1953-1974, Semiotext(e) 2004).<\/p>\n<h3><strong>EXPERIENCES OF THE PUPILS<br \/>\n<\/strong><\/h3>\n<p>The workshops concluded with a discussion session where participants could share their experiences. Here are some remarks made by the pupils:<\/p>\n<p>\u201dMulle tuli sellanen olo, ett\u00e4 oon oikeasti sieni ja maan alla.\u201d<\/p>\n<p>\u201dMun mielest\u00e4 my\u00f6s maanj\u00e4ristys tuntui aidolta.\u201d<\/p>\n<p>\u201dOli kiva kokemus ett\u00e4 osaan tehd\u00e4 jotain outoja \u00e4\u00e4ni\u00e4.\u201d<\/p>\n<p>\u201cTuntui ett\u00e4 olin oikeasti auringons\u00e4de\u201d<\/p>\n<p>\u201dVaikeaa oli ettei saanut puhua.&#8221;<\/p>\n<p>\u201cRihmasto oli kiva kun siin\u00e4 sai niinku lev\u00e4t\u00e4.\u201d<\/p>\n<p>\u201cOpin, ett\u00e4 sienill\u00e4 on semmonen siell\u00e4 maan alla.\u201d<\/p>\n<p>\u201dSienijuttu oli kiva, ehdin ajattelemaan siin\u00e4 esimerkiksi el\u00e4m\u00e4n tarkoitusta.\u201d<\/p>\n<p>\u201dHyvin omituista.\u201d<\/p>\n<p>\u201cJ\u00e4i torakkainen olo, rapiseva olo.\u201d<\/p>\n<p>\u201cOpin mit\u00e4 torakat tekev\u00e4t y\u00f6ll\u00e4\u201d<\/p>\n<p>\u201dM\u00e4 tykk\u00e4\u00e4n siit\u00e4 ett\u00e4 leikit\u00e4\u00e4n mutta on samalla oppia. T\u00e4\u00e4 oli hyv\u00e4 harjoitus siihen.\u201d<\/p>\n<p>\u201cOn joskus vaan hyv\u00e4ksi rauhoittua ja rentoutua.\u201d<\/p>\n<p>\t\t\t\t\t\t\t\t\t\t<img decoding=\"async\" src=\"https:\/\/toisissatiloissa.net\/wp-content\/uploads\/elementor\/thumbs\/HAM_Logo_Blue_RGB-oxh92gxcu5h0f7g6377t26sqodrg8pz1zvgzrkp728.png\" title=\"HAM Logo Blue RGB\" alt=\"HAM Logo Blue RGB\" \/><br \/>\n\t\t\t\t\t\t\t\t\t\t<img decoding=\"async\" src=\"https:\/\/toisissatiloissa.net\/wp-content\/uploads\/elementor\/thumbs\/tehtaankatu-oxha9h1jiac9kyzfzaecmu4x1zsze7oywpxp6axse8.png\" title=\"tehtaankatu\" alt=\"tehtaankatu\" \/>\t\t\t\t\t\t\t\t\t\t\t<\/p>\n<p><i>Project Rhizome<\/i> is a Percent for Art project of the City of Helsinki, and is realized in collaboration with\u00a0 <a href=\"https:\/\/www.hamhelsinki.fi\/\">HAM Helsinki Art Museum<\/a> and <a href=\"http:\/\/www.tehta.edu.hel.fi\/\">Tehtaankatu primary school<\/a>.<\/p>\n<h3><strong>WORKING GROUP<br \/>\n<\/strong><\/h3>\n<p>Working group for <em>Rhizome Project<\/em>: Johanna Etel\u00e4virta, Timo Jokitalo, Eeva Kemppi, Kaisa-Liisa Logr\u00e9n, Minja Mertanen, Heli M\u00e4kinen, Anu Nirkko, Sanni Priha, Jaakko Ruuska.<br \/>\nWorking group for <em>Opening Rite<\/em>: Johanna Etel\u00e4virta, Eeva Kemppi, Kaisa-Liisa Logr\u00e9n, Minja Mertanen, Heli M\u00e4kinen, Sanni Priha.<br \/>\nDokumentation working group: photography Jaakko Ruuska, still photograpy Sanni Priha, drone photography Petri Siikanen, sound design Jarkko Kela.<\/p>\n<h3><strong>UPCOMING<\/strong><\/h3>\n<p><em>Rhizome Project<\/em> continues until 2022. The next workshops will be held in spring 2021.<\/p>\n<p>\t\t\t\t\tPhoto Sanni PrihaPhoto Sanni PrihaPhoto Sanni PrihaPhoto Petri SiikanenPhoto Sanni PrihaPhoto Sanni PrihaPhoto Sanni PrihaPhoto Sanni Priha<br \/>\n\t\t\t\t\t\t\tPrevious<br \/>\n\t\t\t\t\t\t\tNext<\/p>\n","protected":false},"excerpt":{"rendered":"<p>RHIZOME Photo Petri Siikanen RHIZOME PROJECT PROBES CORPOREALITY AT TEHTAANKATU PRIMARY SCHOOL The Other Spaces collective has started a series of experiential and bodily workshops. Rhizome Project is based on the participation of Tehtaankatu Primary School students and staff and it will run for the next two school years. The workshops look at the idea &#8230; <a title=\"Rhizome\" class=\"read-more\" href=\"https:\/\/toisissatiloissa.net\/en\/rhizome\/\" aria-label=\"Read more about Rhizome\">Read more<\/a><\/p>\n","protected":false},"author":4,"featured_media":0,"parent":0,"menu_order":0,"comment_status":"closed","ping_status":"closed","template":"elementor_header_footer","meta":{"_eb_attr":"","generate_page_header":"","footnotes":""},"class_list":["post-3955","page","type-page","status-publish"],"_links":{"self":[{"href":"https:\/\/toisissatiloissa.net\/en\/wp-json\/wp\/v2\/pages\/3955","targetHints":{"allow":["GET"]}}],"collection":[{"href":"https:\/\/toisissatiloissa.net\/en\/wp-json\/wp\/v2\/pages"}],"about":[{"href":"https:\/\/toisissatiloissa.net\/en\/wp-json\/wp\/v2\/types\/page"}],"author":[{"embeddable":true,"href":"https:\/\/toisissatiloissa.net\/en\/wp-json\/wp\/v2\/users\/4"}],"replies":[{"embeddable":true,"href":"https:\/\/toisissatiloissa.net\/en\/wp-json\/wp\/v2\/comments?post=3955"}],"version-history":[{"count":5,"href":"https:\/\/toisissatiloissa.net\/en\/wp-json\/wp\/v2\/pages\/3955\/revisions"}],"predecessor-version":[{"id":4137,"href":"https:\/\/toisissatiloissa.net\/en\/wp-json\/wp\/v2\/pages\/3955\/revisions\/4137"}],"wp:attachment":[{"href":"https:\/\/toisissatiloissa.net\/en\/wp-json\/wp\/v2\/media?parent=3955"}],"curies":[{"name":"wp","href":"https:\/\/api.w.org\/{rel}","templated":true}]}}