{"id":413,"date":"2018-12-05T09:37:38","date_gmt":"2018-12-05T09:37:38","guid":{"rendered":"http:\/\/toisissatiloissa.net\/about-other-spaces\/"},"modified":"2022-09-21T09:49:56","modified_gmt":"2022-09-21T06:49:56","slug":"about-other-spaces","status":"publish","type":"page","link":"https:\/\/toisissatiloissa.net\/en\/about-other-spaces\/","title":{"rendered":"About Other Spaces"},"content":{"rendered":"<h3>OTHER SPACES IN A NUTSHELL<\/h3>\n<p>Other Spaces is a Live Art collective founded in 2004, in Helsinki, Finland.<\/p>\n<p>The core of our work is based on collective body exercises that bring into contact with different unfamiliar forms of being and experiencing. In other words, the exercises let us visit &#8220;other spaces&#8221;. In our weekly rehearsals we invent new exercises and develop old ones further.<\/p>\n<p>Our participatory performances build on these exercises. Using simple techniques we bring also our audiences to other spaces. We also teach our exercise techniques in workshops and demonstrate them in public events and spaces.<\/p>\n<p>Other Spaces consists of about 20 artists working in different fields of art.<\/p>\n<p>\t\t\t\t\t\t\t\t\t\t\t\t<img decoding=\"async\" width=\"768\" height=\"583\" src=\"https:\/\/toisissatiloissa.net\/wp-content\/uploads\/2018\/12\/aniara-Petri-Summanen-2-768x583.jpg\" alt=\"\" loading=\"lazy\" srcset=\"https:\/\/toisissatiloissa.net\/wp-content\/uploads\/2018\/12\/aniara-Petri-Summanen-2-768x583.jpg 768w, https:\/\/toisissatiloissa.net\/wp-content\/uploads\/2018\/12\/aniara-Petri-Summanen-2-1024x777.jpg 1024w, https:\/\/toisissatiloissa.net\/wp-content\/uploads\/2018\/12\/aniara-Petri-Summanen-2-1600x1214.jpg 1600w, https:\/\/toisissatiloissa.net\/wp-content\/uploads\/2018\/12\/aniara-Petri-Summanen-2-300x228.jpg 300w, https:\/\/toisissatiloissa.net\/wp-content\/uploads\/2018\/12\/aniara-Petri-Summanen-2.jpg 2000w\" sizes=\"auto, (max-width: 768px) 100vw, 768px\" \/>\t\t\t\t\t\t\t\t\t\t\t\t\t\t<\/p>\n<p>Photo Petri Summanen<\/p>\n<h3>CONTINUOUS REHEARSAL<\/h3>\n<p>Continuous weekly rehearsal is the cornerstone of our work at the Other Spaces collective. Rehearsal is change that happens together. Studying the embodying of various phenomena is collective, continuous and happens over long durations.<\/p>\n<p>Our collective has been rehearsing weekly since 2004. This culture of continuous rehearsal is a remarkable way of working in the arts profession, where projects are often short in duration and the work of the artist splintered in a multitude of different gigs. The continuity of rehearsal is also a kind of response to ecological challenges: change is slow and requires commitment. Our commitment to rehearsal creates a basis of credibility to our performances and our public agenda of change.<\/p>\n<p>The exercise in the photo is <em>Power Line<\/em>.<\/p>\n<p>\t\t\t\t\t\t\t\t\t\t\t\t<img decoding=\"async\" width=\"768\" height=\"513\" src=\"https:\/\/toisissatiloissa.net\/wp-content\/uploads\/2018\/12\/emma-Yehia-Eweis-3-768x513.jpg\" alt=\"\" loading=\"lazy\" srcset=\"https:\/\/toisissatiloissa.net\/wp-content\/uploads\/2018\/12\/emma-Yehia-Eweis-3-768x513.jpg 768w, https:\/\/toisissatiloissa.net\/wp-content\/uploads\/2018\/12\/emma-Yehia-Eweis-3-1024x684.jpg 1024w, https:\/\/toisissatiloissa.net\/wp-content\/uploads\/2018\/12\/emma-Yehia-Eweis-3-1600x1069.jpg 1600w, https:\/\/toisissatiloissa.net\/wp-content\/uploads\/2018\/12\/emma-Yehia-Eweis-3-300x200.jpg 300w, https:\/\/toisissatiloissa.net\/wp-content\/uploads\/2018\/12\/emma-Yehia-Eweis-3.jpg 2000w\" sizes=\"auto, (max-width: 768px) 100vw, 768px\" \/>\t\t\t\t\t\t\t\t\t\t\t\t\t\t<\/p>\n<p>Photo Yehia Eweis<\/p>\n<h3>EXERCISES<\/h3>\n<p>The exercises are based on the idea that getting in touch with different forms of experience can alter us and our behaviour thoroughly. It can increase our understanding of the mutual equality and interdependence between all kinds of living beings.<\/p>\n<p>Our exercises are based on precise but simple bodily techniques, which can be adapted by everyone for their own body. The exercises are suitable for everyone regardless fo their age, form and background.<\/p>\n<p>The experience brought on by the exercise lasts as long as the technique is being upheld. Through the exercise we inspect the topic of the exercise, an object or phenomenon, we enjoy it, and learn from it, each of us individually and collectively as a group. The exercise gains in depth each time it is repeated!<\/p>\n<p>The exercise in the photo is <em>Falling Buildings<\/em>.<\/p>\n<p>\t\t\t\t\t\t\t\t\t\t\t\t<img decoding=\"async\" width=\"768\" height=\"576\" src=\"https:\/\/toisissatiloissa.net\/wp-content\/uploads\/2018\/12\/lecco-Attilio-Imrogno-1-768x576.jpg\" alt=\"\" loading=\"lazy\" srcset=\"https:\/\/toisissatiloissa.net\/wp-content\/uploads\/2018\/12\/lecco-Attilio-Imrogno-1-768x576.jpg 768w, https:\/\/toisissatiloissa.net\/wp-content\/uploads\/2018\/12\/lecco-Attilio-Imrogno-1-1024x768.jpg 1024w, https:\/\/toisissatiloissa.net\/wp-content\/uploads\/2018\/12\/lecco-Attilio-Imrogno-1-1600x1200.jpg 1600w, https:\/\/toisissatiloissa.net\/wp-content\/uploads\/2018\/12\/lecco-Attilio-Imrogno-1-300x225.jpg 300w, https:\/\/toisissatiloissa.net\/wp-content\/uploads\/2018\/12\/lecco-Attilio-Imrogno-1.jpg 2000w\" sizes=\"auto, (max-width: 768px) 100vw, 768px\" \/>\t\t\t\t\t\t\t\t\t\t\t\t\t\t<\/p>\n<p>Photo Attilio Imrogno<\/p>\n<h3>WORKSHOPS<\/h3>\n<p>The long term pedagogical goal of the collective is to make the exercise techniques accessible to large and diverse audiences. Our workshops are an excellent, easy and pleasant way to learn our exercise techniques.<\/p>\n<p>Other Spaces workshops are suitable for everyone, regardless of age, shape or previous experience. Workshops can be of different durations, from about three hours to a full day. We can adapt the content of our workshops to many different themes. We can teach workshops in several languages besides Finnish. English is easiest to organize, but other languages such as Spanish, French and Russian can be possible.<\/p>\n<p>Contact us to organize your own workshop! (info@toisissatiloissa.net)<\/p>\n<p>\t\t\t\t\t\t\t\t\t\t\t\t<img decoding=\"async\" width=\"768\" height=\"512\" src=\"https:\/\/toisissatiloissa.net\/wp-content\/uploads\/2018\/12\/Esitystaiteen-markkinat-Antti-Ahonen-768x512.jpg\" alt=\"\" loading=\"lazy\" srcset=\"https:\/\/toisissatiloissa.net\/wp-content\/uploads\/2018\/12\/Esitystaiteen-markkinat-Antti-Ahonen-768x512.jpg 768w, https:\/\/toisissatiloissa.net\/wp-content\/uploads\/2018\/12\/Esitystaiteen-markkinat-Antti-Ahonen-1024x682.jpg 1024w, https:\/\/toisissatiloissa.net\/wp-content\/uploads\/2018\/12\/Esitystaiteen-markkinat-Antti-Ahonen-1600x1066.jpg 1600w, https:\/\/toisissatiloissa.net\/wp-content\/uploads\/2018\/12\/Esitystaiteen-markkinat-Antti-Ahonen-300x200.jpg 300w, https:\/\/toisissatiloissa.net\/wp-content\/uploads\/2018\/12\/Esitystaiteen-markkinat-Antti-Ahonen.jpg 2000w\" sizes=\"auto, (max-width: 768px) 100vw, 768px\" \/>\t\t\t\t\t\t\t\t\t\t\t\t\t\t<\/p>\n<p>Photo Antti Ahonen<\/p>\n<h3>ECOLOGY<\/h3>\n<p>Other Spaces looks for means to change their habits to better meet the challenges of the anthropocene and the ecologic crisis. Our goal is to increase understanding of interspecies relations and the role of humanity as a part of the ecological system. All our recent performance projects address the position and the responsibility of mankind as a part of the ecosystem and the preservation of its diversity.<\/p>\n<p>The work of the collective suggests that meaningful experiences can be had nearby, without travelling far. The performances, workshops and rehearsal of the group aim for a new kind of existence and sociability between humans. They suggest an option for humanity that remains sustainable after the eco-crisis, a transformation from consumer to citizen and a human being.<\/p>\n<p>\t\t\t\t\t\t\t\t\t\t\t\t<img decoding=\"async\" width=\"768\" height=\"513\" src=\"https:\/\/toisissatiloissa.net\/wp-content\/uploads\/2018\/12\/emma-Yehia-Eweis-1-768x513.jpg\" alt=\"\" loading=\"lazy\" srcset=\"https:\/\/toisissatiloissa.net\/wp-content\/uploads\/2018\/12\/emma-Yehia-Eweis-1-768x513.jpg 768w, https:\/\/toisissatiloissa.net\/wp-content\/uploads\/2018\/12\/emma-Yehia-Eweis-1-1024x684.jpg 1024w, https:\/\/toisissatiloissa.net\/wp-content\/uploads\/2018\/12\/emma-Yehia-Eweis-1-1600x1069.jpg 1600w, https:\/\/toisissatiloissa.net\/wp-content\/uploads\/2018\/12\/emma-Yehia-Eweis-1-300x200.jpg 300w, https:\/\/toisissatiloissa.net\/wp-content\/uploads\/2018\/12\/emma-Yehia-Eweis-1.jpg 2000w\" sizes=\"auto, (max-width: 768px) 100vw, 768px\" \/>\t\t\t\t\t\t\t\t\t\t\t\t\t\t<\/p>\n<p>Photo Yehia Eweis<\/p>\n<p>\t\t\t\t\t\t\t\t\t\tPhoto Finnish National Gallery \/ Pirje Mykk\u00e4nenPhoto Jaakko RuuskaPhoto Paula TellaPhoto Mika EloPhoto Essi Hurme<br \/>\n\t\t\t\t\t\t\t\t\t\t\t\t\t\tPrevious<br \/>\n\t\t\t\t\t\t\t\t\t\t\t\t\t\tNext<\/p>\n<p>HERE ARE SOME WRITINGS RELATING TO THE GROUP THAT ARE AVAILABLE ONLINE<\/p>\n<p>Links to reviews of individual performances also in the <a href=\"http:\/\/toisissatiloissa.net\/produktiot\/\">productions<\/a> page!<\/p>\n<p>Riikka Niemel\u00e4\u2019s doctoral dissertation<a href=\"https:\/\/www.utupub.fi\/handle\/10024\/146971\"> Performative Traces. Artwork and Record in Performance-based Media Art<\/a>. One of the performances examined by Riikka in her research is Wolf Safari by the Other Spaces collective! University of Turku, 2019<\/p>\n<p>Esa Kirkkopelto, \u201c<a href=\"http:\/\/teats.fi\/wp-content\/uploads\/2018\/11\/N%C3%A4ytt%C3%A4m%C3%B6-tutkimus-7.-Esitys-ja-toiseus.pdf\" target=\"_blank\" rel=\"noopener\">Er\u00e4\u00e4n poron tunnustuksia. Laumael\u00e4in esityksen toisena<\/a>\u201d. Teatteri ja Tutkimus 7, \u201dEsitys ja toiseus\u201d, eds. Anna Thuring &amp; Anu Koskinen &amp; Tuija Kokkonen, Theatre Research Society, 2018.<\/p>\n<p>Erica Cirino, \u201c<a href=\"https:\/\/www.citylab.com\/environment\/2018\/03\/the-people-who-pretend-to-be-wolves\/554765\/\" target=\"_blank\" rel=\"noopener\">The People Who Pretend to Be Wolves<\/a>\u201d. Citylab, 20.3.2018.<\/p>\n<p>Eeva Kemppi, \u201c<a href=\"http:\/\/www.mustarinda.fi\/magazine\/psyche\/puiden-jaelkiae\" target=\"_blank\" rel=\"noopener\">Puiden j\u00e4lki\u00e4. Muistokirjoitus Tokoinrannasta marraskuussa 2017 kaadetuille Hevoskastanjoille<\/a>\u201d. Mustarinda, 2017.<\/p>\n<p>Jaakko Ruuska, The Art of Metamorphosis \u2013 Other Spaces. Pages 42 &#8211; 44, <a href=\"http:\/\/www.tinfo.fi\/e-julkaisut\/sustainability_resilience_and_performance_utopias\/\" target=\"_blank\" rel=\"noopener\">Tinfo e-julkaisut 2015, Tinfo News \u2013 Sustainability, Resilience and Performance Utopias<\/a>.<\/p>\n<p>Esa Kirkkopelto, <a href=\"https:\/\/www.eurozine.com\/the-ethics-of-gastropods\/\" target=\"_blank\" rel=\"noopener\">The Ethics of\u00a0 Gastropods. An analysis of a Trans-Human Practice<\/a>.\u00a0 Eurozine, 21.10.2015. <\/p>\n<p>Esa Kirkkopelto, <a href=\"https:\/\/www.researchcatalogue.net\/view\/47685\/47686\" target=\"_blank\" rel=\"noopener\">Virtuaalisen materian ja\u0308ljilla\u0308<\/a>, Ruukku <a href=\"http:\/\/ruukku-journal.fi\/fi\/issues\/3\">3<\/a>, 2015.<\/p>\n<p>Hanna-Mari Kuivalainen&#8217;s radio documentary <a href=\"http:\/\/yle.fi\/aihe\/artikkeli\/2015\/06\/23\/ylimaarainen-paa?ref=ydd-newest-in-sp\" target=\"_blank\" rel=\"noopener\">Ylim\u00e4\u00e4r\u00e4inen p\u00e4\u00e4<\/a> (Additional Head), Yle 2015.<\/p>\n<p>\t\t\t\t\t\t\t\t\t<a href=\"\">Read more<\/a><br \/>\n\t\t\t\t\t\t\t\t\t<a href=\"\">Manifesto of generalised anthropomorhism<\/a><br \/>\n\t\t\t\t\t\t\t\t\t<a href=\"\">Provisionary absolutes<\/a><br \/>\n\t\t\t\t\t\t\t\t\t<a href=\"\">Principles of rehearsal<\/a><br \/>\n\t\t\t\t\t\t\t\t\tRead more<\/p>\n<p>These essays tell more about the artistic principles and goals of the Other Spaces.<\/p>\n<p>\t\t\t\t\t\t\t\t\tManifesto of generalised anthropomorhism<\/p>\n<p>The English version of this manifesto has been published in Eurozine: <a href=\"https:\/\/www.eurozine.com\/a-manifesto-for-generalized-anthropomorhism\/\">A manifesto for Generalized Anthromoporhism<\/a>.<\/p>\n<p>&nbsp;<\/p>\n<p>\t\t\t\t\t\t\t\t\tProvisionary absolutes<\/p>\n<p>The English version of this manifesto can be found in <a href=\"https:\/\/www.press.uchicago.edu\/ucp\/books\/book\/distributed\/M\/bo15571238.html\">Manifesto Now<\/a>.<\/p>\n<p>&nbsp;<\/p>\n<p>\t\t\t\t\t\t\t\t\tPrinciples of rehearsal<\/p>\n<p>Rehearsal is done in a group.<\/p>\n<p>Rehearsing is continuous, regular and detached from performance production. If wanted, it can be connected to performances of various kinds.<\/p>\n<p>The exercises by themselves are always a kind performance. Following exercises together is a part of rehearsal.<\/p>\n<p>The topics of exercises are transformations, visits in altered and\/or unfamiliar forms of being and experiencing, &#8220;other spaces&#8221;.<\/p>\n<p>Exercises are based on various kinds of self-invented techniques. The techniques can be informed and influenced by different traditions and methods, but they are not based on any previously existing doctrine. One goal of our work is to invent new and new kinds of exercises.<\/p>\n<p>The techniques take into account, among other things, mental imagery, body position and movement, sound, and relation to other bodies, space and time. When the technique is discharged at the end of the exercise, the experience created by the exercise is also discharged. Discharging the technique is part of the technique. The states brought on by the exercises can not &#8220;remain&#8221;.<\/p>\n<p>There are many and many kinds of exercises. Variation and comparison between exercises creates understanding about the techniques of creating experiences.<\/p>\n<p>Rehearsing is done indoors or outdoors, preferably in comfortable clothes, without shoes.<\/p>\n<p>Rehearsal is preceded by a brief collective warming up. The ways of warming up vary according to needs. Warming up is a transition to the rehearsing situation.<\/p>\n<p>The exercises are done following a common instruction. Everyone adapts the instructed technique to their own physical condition, shape of their body, and their state of mind.<\/p>\n<p>The arc of an exercise consists of entering the state, upholding and reinforcing the state, and exiting the state. The duration of the exercise (typically 8-12 minutes) is agreed before the exercise begins.<\/p>\n<p>The exercise is begun, done and ended together. The exercise does not finished until it is made collectively sure that everyone has exited the state. (Everyone can interrupt their own exercise if they want, and move to observing without disturbing others.)<\/p>\n<p>Rehearsing includes discussion, where experiences brought up by the exercise are compared. Based on the discussion the exercise instructions are adjusted and the exercise structure is developed.<\/p>\n<p>There is no criticism or grading of performing the exercise. External direction is offered only when asked. Everyone attempts to make the exercise &#8220;work&#8221; for themselves. The exercise works when it produces not only information about the entity or phenomenon under study, but also enjoyment. Exercises are so simple that in principle anyone can do them. If making of some exercise is too difficult, one can to another exercise.<\/p>\n<p>Repeating an exercise is part of rehearsal. Repetition deepens, enhances and alters the experience created by the exercise. Exercises do not become complete. Repetition also creates understanding about what an exercise means as rehearsal, action and a potential way of life.<\/p>\n<p>Rehearsal is change happening collectively.<\/p>\n<p>\t\t\t\t\t\t\t\t\t\t\t\t<img decoding=\"async\" src=\"https:\/\/toisissatiloissa.net\/wp-content\/uploads\/elementor\/thumbs\/taike_vaaka_v2-o3zirjrdfp7gfkgqpd88eqe3ix0mlnr95qwj6hy3nk.png\" title=\"Taike Vaaka V2\" alt=\"Taike Vaaka V2\" \/><br \/>\n\t\t\t\t\t\t\t\t\t\t\t\t<img decoding=\"async\" src=\"https:\/\/toisissatiloissa.net\/wp-content\/uploads\/elementor\/thumbs\/HELSINKI_Tunnus_MUSTA-1-150x69-o3zirjrdfp7gfkgqpd88eqe3ix0mlnr95qwj6hy3nk.jpg\" title=\"HELSINKI_Tunnus_MUSTA-1-150&#215;69\" alt=\"HELSINKI_Tunnus_MUSTA-1-150x69\" \/>\t\t\t\t\t\t\t\t\t\t\t\t\t\t<\/p>\n<p>Other Spaces collective is supported by the Arts Promotion Centre Finland and the City if Helsinki.<\/p>\n<h1>\n<p><\/h1>\n<p>Photo Mika Elo<\/p>\n","protected":false},"excerpt":{"rendered":"<p>OTHER SPACES IN A NUTSHELL Other Spaces is a Live Art collective founded in 2004, in Helsinki, Finland. The core of our work is based on collective body exercises that bring into contact with different unfamiliar forms of being and experiencing. In other words, the exercises let us visit &#8220;other spaces&#8221;. In our weekly rehearsals &#8230; <a title=\"About Other Spaces\" class=\"read-more\" href=\"https:\/\/toisissatiloissa.net\/en\/about-other-spaces\/\" aria-label=\"More on About Other Spaces\">Read more<\/a><\/p>\n","protected":false},"author":3,"featured_media":0,"parent":0,"menu_order":0,"comment_status":"closed","ping_status":"closed","template":"","meta":{"_eb_attr":"","generate_page_header":"","footnotes":""},"class_list":["post-413","page","type-page","status-publish"],"_links":{"self":[{"href":"https:\/\/toisissatiloissa.net\/en\/wp-json\/wp\/v2\/pages\/413","targetHints":{"allow":["GET"]}}],"collection":[{"href":"https:\/\/toisissatiloissa.net\/en\/wp-json\/wp\/v2\/pages"}],"about":[{"href":"https:\/\/toisissatiloissa.net\/en\/wp-json\/wp\/v2\/types\/page"}],"author":[{"embeddable":true,"href":"https:\/\/toisissatiloissa.net\/en\/wp-json\/wp\/v2\/users\/3"}],"replies":[{"embeddable":true,"href":"https:\/\/toisissatiloissa.net\/en\/wp-json\/wp\/v2\/comments?post=413"}],"version-history":[{"count":13,"href":"https:\/\/toisissatiloissa.net\/en\/wp-json\/wp\/v2\/pages\/413\/revisions"}],"predecessor-version":[{"id":6215,"href":"https:\/\/toisissatiloissa.net\/en\/wp-json\/wp\/v2\/pages\/413\/revisions\/6215"}],"wp:attachment":[{"href":"https:\/\/toisissatiloissa.net\/en\/wp-json\/wp\/v2\/media?parent=413"}],"curies":[{"name":"wp","href":"https:\/\/api.w.org\/{rel}","templated":true}]}}