{"id":4309,"date":"2021-11-25T14:53:31","date_gmt":"2021-11-25T12:53:31","guid":{"rendered":"https:\/\/toisissatiloissa.net\/?page_id=4309"},"modified":"2022-10-26T21:41:09","modified_gmt":"2022-10-26T18:41:09","slug":"irtikytkettytila","status":"publish","type":"page","link":"https:\/\/toisissatiloissa.net\/en\/irtikytkettytila\/","title":{"rendered":"Irtikytketty tila"},"content":{"rendered":"<h1>\n<p>IRTIKYTKETTY TILA<\/p>\n<\/h1>\n<p>Kuva Jaakko Ruuska<\/p>\n<h3><strong>IRTIKYTKETTY TILA<\/strong><\/h3>\n<p><em>Yksin\u00e4isell\u00e4 k\u00e4velyretkell\u00e4 kadut puhuttelevat k\u00e4velij\u00e4\u00e4. Kulkija \u201dlukee\u201d ohikulkijan eleit\u00e4 ja kasvon ilmeit\u00e4, kadun pintoihin uurtuneita j\u00e4lki\u00e4 ja katveikoissa lymyilevi\u00e4 piiloja. K\u00e4velij\u00e4n askelissa niist\u00e4 syntyy lauseita, joita valitut k\u00e4velyreitit kirjoittavat tarinoiksi. Itsekseen k\u00e4velij\u00e4lle paikkoihin liittyv\u00e4t muistot, kuvitelmat ja tuntemuksien hiljaiset viestit muodostavat intiimin tilan, joka pakenee kaupungin arkista j\u00e4sennyst\u00e4. Osallistavassa esityksess\u00e4 t\u00e4st\u00e4 kaupungin runollisesta maantieteest\u00e4 tehd\u00e4\u00e4n yhteinen, toinen tila.<\/em><\/p>\n<p><em>Irtikytketty tila<\/em>\u00a0on osallistava esitys, jossa yksin\u00e4inen kuljeskelu kaupungin kaduilla muutetaan leikkis\u00e4ksi yhdess\u00e4 lukemisen ja yhteiskirjoittamisen harjoitteeksi. T\u00e4ss\u00e4 kestollisessa esityksess\u00e4, jonka osallistujat synnytt\u00e4v\u00e4t yhdess\u00e4 toinen toisilleen, yksin\u00e4iset k\u00e4velyretket merkit\u00e4\u00e4n poluiksi kulkureiden k\u00e4ytt\u00e4mien salamerkkien avulla. Polkujen varrelle osallistujat kirjoittavat viestej\u00e4 toisilleen. T\u00e4ss\u00e4 leikki\u00e4, tai peli\u00e4 muistuttavassa esityksess\u00e4 kaupungin arkisesta j\u00e4rjestyksest\u00e4 p\u00e4\u00e4st\u00e4\u00e4n toisiin yhteisiin tiloihin, joissa mit\u00e4tt\u00f6milt\u00e4kin vaikuttavat asiat voivat saavuttaa kerrostalon kokoiset mittasuhteet. Jungelissa, kulkureiden yhteisess\u00e4 piilopaikassa osallistujat kokoontuvat yhteen ja syntyneet kirjoitukset luetaan yhdess\u00e4 uudelleen, jolloin niist\u00e4 tulee yhteisi\u00e4 tarinoita.<\/p>\n<p>Esitys koostuu nelj\u00e4st\u00e4 vaiheesta:<\/p>\n<ul>\n<li><em>Kirjoituskoulussa<\/em> (1 h) tutustutaan \u201dhobomerkkeihin\u201d ja tutustutaan kadun \u201dkieleen\u201d.<\/li>\n<li><em>Esitys<\/em> toteutetaan 4-5 tuntia pitk\u00e4n\u00e4 harjoitteena kaupunkitilassa.<\/li>\n<li><em>Jungelissa <\/em>osallistujat kokoontuvat yhteen ja lep\u00e4\u00e4v\u00e4t hetken ja kirjoitukset kootaan.<\/li>\n<li><em>Yhteisell\u00e4 kierroksella <\/em>vieraillaan harjoitteen reiteill\u00e4 ja luetaan yhdess\u00e4 \u00e4\u00e4neen syntyneit\u00e4 kirjoituksia.<\/li>\n<\/ul>\n<p><em>Irtikytketty tila<\/em> on Timo Jokitalon, Kati Korosuon ja Jaakko Ruuskan kehitt\u00e4m\u00e4 esitys.<\/p>\n<p>Esityst\u00e4 kokeiltiin ensimm\u00e4isen kerran kes\u00e4kuussa 2021 j\u00e4rjestetyss\u00e4 taiteellisen tutkimuksen tapahtumassa osana nelj\u00e4tt\u00e4 Tutkimuspaviljonkia, Helsingin T\u00f6\u00f6l\u00f6ss\u00e4, kokeellisena tutkimuksena.<\/p>\n<p>Esitys on osa Jaakko Ruuskan taiteellisen tutkimuksen tohtorin opinn\u00e4ytett\u00e4 Taideyliopiston Kuvataideakatemiaan.<\/p>\n<h3><strong>KIRJOITUKSIA JA ARVIOITA<\/strong><\/h3>\n<p>17.6.2021 Taideylipisto: <a href=\"https:\/\/www.uniarts.fi\/artikkelit\/ilmiot\/empatiaa-yllatyksia-ja-sanatonta-viestintaa-yleison-ja-esiintyjien-yhteys-on-tarkea-osa-taidetta\/?fbclid=IwAR0io8DyXR9ZX_AGEPtNproAg_N3NQprZHOGU_mMQqYHtnmf5J9ZSWHSxwQ\">Empatiaa, yll\u00e4tyksi\u00e4 ja sanatonta viestint\u00e4\u00e4 \u2013 yleis\u00f6n ja esiintyjien yhteys on t\u00e4rke\u00e4 osa taidetta.<\/a><\/p>\n<h3><strong>TULOSSA<\/strong><\/h3>\n<p><em>Irtikytketty tila<\/em> -harjoite j\u00e4rjestet\u00e4\u00e4n 6.11.2022\u00a0 Rauhanasemalla sek\u00e4 ulkotiloissa It\u00e4-Pasilassa, Helsingiss\u00e4.<\/p>\n<p>Osallistuminen harjoitteeseen on maksutonta. Esitykseen otetaan vain korkeintaan 8 henkil\u00f6\u00e4.<\/p>\n<p>Ilmoittautumiset 2.11. menness\u00e4 osoitteeseen jaakko.ruuska(at)uniarts.fi<\/p>\n<p>Ilmoittautuneet saavat vahvistuksen osallistumisesta sek\u00e4 tarkemmat ohjeet osallistumiseen s\u00e4hk\u00f6postitse ennen tapahtumaa.<\/p>\n<h3><strong>TILAA IRTIKYTKETTY TILA -HARJOITE-ESITYS<\/strong><\/h3>\n<p>Lis\u00e4tiedot ja esityksen tilaaminen: info@toisissatiloissa.net<\/p>\n<p>Hobomerkkein\u00e4 tunnetut kuvamerkit ovat versio kulkureiden k\u00e4ytt\u00e4m\u00e4st\u00e4, vanhasta salaisten merkkien j\u00e4rjestelm\u00e4st\u00e4, jonka avulla kiertolaisina el\u00e4neet ihmiset neuvoivat ja varoittivat toisiaan matkoillaan kohtaamista paikoista ja ihmisist\u00e4. Merkkien avulla yhteis\u00f6, jolla ei ollut omaa sijaa kaupungeissa, kykeni suojelemaan toisiaan ja el\u00e4m\u00e4\u00e4n ulkopuolisina, paikattomuudessa. Luultavasti sen kaltaisia merkkej\u00e4 k\u00e4ytet\u00e4\u00e4n edelleen kiertolaisina el\u00e4vien ihmisryhmien keskuudessa.<\/p>\n<p>\t\t\t\t\t\t\t\t\t\tKuva Jaakko RuuskaKuva Jaakko RuuskaKuva Jaakko RuuskaKuva Jaakko RuuskaKuva Jaakko RuuskaKuva Jaakko RuuskaKuva Jaakko RuuskaKuva Jaakko RuuskaKuva Jaakko Ruuska<br \/>\n\t\t\t\t\t\t\t\t\t\t\t\t\t\tPrevious<br \/>\n\t\t\t\t\t\t\t\t\t\t\t\t\t\tNext<\/p>\n<h3 style=\"font-size: 17px;\">HANKETTA OVAT TUKENEET<\/h3>\n<p style=\"font-size: 17px;\">Suomen Kulttuurirahasto, Taideyliopisto, Taiteen Edist\u00e4miskeskus ja Helsingin kaupunki.<\/p>\n<h3><strong>AIEMMIN TAPAHTUNUTTA<\/strong><\/h3>\n<p>21.5.2022 TRIPIT! Toisissa tiloissa harjoitefestivaali: Irtikytketty tila. Herttoniemen teollisuusalueella Helsingiss\u00e4.<\/p>\n<p>20.6.2021 Irtikytketty tila -tutkimustapahtuma Hietsun Paviljonki, Hietaniemen rannassa, Helsingiss\u00e4.<\/p>\n<h1>\n<p><\/h1>\n<p>Kuva Jaakko Ruuska<\/p>\n","protected":false},"excerpt":{"rendered":"<p>IRTIKYTKETTY TILA Kuva Jaakko Ruuska IRTIKYTKETTY TILA Yksin\u00e4isell\u00e4 k\u00e4velyretkell\u00e4 kadut puhuttelevat k\u00e4velij\u00e4\u00e4. Kulkija \u201dlukee\u201d ohikulkijan eleit\u00e4 ja kasvon ilmeit\u00e4, kadun pintoihin uurtuneita j\u00e4lki\u00e4 ja katveikoissa lymyilevi\u00e4 piiloja. K\u00e4velij\u00e4n askelissa niist\u00e4 syntyy lauseita, joita valitut k\u00e4velyreitit kirjoittavat tarinoiksi. Itsekseen k\u00e4velij\u00e4lle paikkoihin liittyv\u00e4t muistot, kuvitelmat ja tuntemuksien hiljaiset viestit muodostavat intiimin tilan, joka pakenee kaupungin arkista j\u00e4sennyst\u00e4. &#8230; <a title=\"Irtikytketty tila\" class=\"read-more\" href=\"https:\/\/toisissatiloissa.net\/en\/irtikytkettytila\/\" aria-label=\"Read more about Irtikytketty tila\">Read more<\/a><\/p>\n","protected":false},"author":8,"featured_media":0,"parent":0,"menu_order":0,"comment_status":"closed","ping_status":"closed","template":"","meta":{"_eb_attr":"","generate_page_header":"","footnotes":""},"class_list":["post-4309","page","type-page","status-publish"],"_links":{"self":[{"href":"https:\/\/toisissatiloissa.net\/en\/wp-json\/wp\/v2\/pages\/4309","targetHints":{"allow":["GET"]}}],"collection":[{"href":"https:\/\/toisissatiloissa.net\/en\/wp-json\/wp\/v2\/pages"}],"about":[{"href":"https:\/\/toisissatiloissa.net\/en\/wp-json\/wp\/v2\/types\/page"}],"author":[{"embeddable":true,"href":"https:\/\/toisissatiloissa.net\/en\/wp-json\/wp\/v2\/users\/8"}],"replies":[{"embeddable":true,"href":"https:\/\/toisissatiloissa.net\/en\/wp-json\/wp\/v2\/comments?post=4309"}],"version-history":[{"count":80,"href":"https:\/\/toisissatiloissa.net\/en\/wp-json\/wp\/v2\/pages\/4309\/revisions"}],"predecessor-version":[{"id":5650,"href":"https:\/\/toisissatiloissa.net\/en\/wp-json\/wp\/v2\/pages\/4309\/revisions\/5650"}],"wp:attachment":[{"href":"https:\/\/toisissatiloissa.net\/en\/wp-json\/wp\/v2\/media?parent=4309"}],"curies":[{"name":"wp","href":"https:\/\/api.w.org\/{rel}","templated":true}]}}