{"id":5019,"date":"2022-05-24T15:36:08","date_gmt":"2022-05-24T12:36:08","guid":{"rendered":"https:\/\/toisissatiloissa.net\/?page_id=5019"},"modified":"2022-05-24T15:41:17","modified_gmt":"2022-05-24T12:41:17","slug":"angleofwater","status":"publish","type":"page","link":"https:\/\/toisissatiloissa.net\/en\/angleofwater\/","title":{"rendered":"The Angle of Water 104.45\u00b0"},"content":{"rendered":"<h1>\n<p>THE ANGLE OF WATER 104.45\u00b0<\/p>\n<\/h1>\n<p>Photo Jenni Kokkom\u00e4ki<\/p>\n<h3><strong>NEW EXERCISE VIDEO SERIES<br \/><\/strong><\/h3>\n<p>The newest production by the Other Spaces Collective is video series with 8 episodes <i>The Angle of Water 104.45\u02da<\/i>. The series invites spectators to try out different manifestations of water, and to approach the particularities of water as a chemical substance through bodily exercises.&nbsp;<\/p>\n<p>The series is in English, with English subtitles.<\/p>\n<h3><strong>WATCH THE SERIES ON <a href=\"https:\/\/vimeopro.com\/user151025373\/angleofwater\">VIMEO<\/a><br \/><\/strong><\/h3>\n<p>Through the video series, Other Spaces places the investigation of the manifestations of water into a wider context. Of the molecules in a human body, 99% are water molecules.<\/p>\n<p>Through the cycle of water we are connected to the origins of water and the Earth, as well as to the oceans, lakes, rivers and glaciers of the Earth.<\/p>\n<p>Links to all episodes can be found <a href=\"https:\/\/vimeopro.com\/user151025373\/angleofwater\">at the home page of the series in Vimeo<\/a>. You can reach single episodes directly through the links below.<\/p>\n<p>PART 1: <a href=\"https:\/\/vimeopro.com\/user151025373\/angleofwater\/video\/650687756\">Seagrass<\/a><\/p>\n<p>PART 2: <a href=\"https:\/\/vimeopro.com\/user151025373\/angleofwater\/video\/651934915\">Snowflake<\/a><\/p>\n<p>PART 3: <a href=\"https:\/\/vimeopro.com\/user151025373\/angleofwater\/video\/653198109\">Clouds<\/a><\/p>\n<p>PART 4: <a href=\"https:\/\/vimeopro.com\/user151025373\/angleofwater\/video\/654163829\">Icebergs<\/a><\/p>\n<p>PART 5: <a href=\"https:\/\/vimeopro.com\/user151025373\/angleofwater\/video\/653192719\">Cycle of Water<\/a><\/p>\n<p>PART 6: <a href=\"https:\/\/vimeopro.com\/user151025373\/angleofwater\/video\/650682007\">H2O<\/a><\/p>\n<p>PART 7: <a href=\"https:\/\/vimeopro.com\/user151025373\/angleofwater\/video\/655167713\">Memory of water<\/a><\/p>\n<p>PART 8: <a href=\"https:\/\/vimeopro.com\/user151025373\/angleofwater\/video\/655321694\">Ocean in a Mouth<\/a><\/p>\n<h3><strong>COMING LATER<\/strong><\/h3>\n<p><i>The Angle of Water 104.45\u00b0<\/i> series is displayed in the <a href=\"https:\/\/www.raumantaidemuseo.fi\/rauma-triennale\/\">Rauma Triennale 2022<\/a> What if! exhibition at Rauman Taidemuseossa 11.6 \u2013 25.9.2022.In every episode we present one exercise. We first deomnstrate and explain the exercise, and after this we invite you to do the exercise together with us. You can do the exercise by yourself, or together with your fellow humans. **<i>The Angle of Water 104.45\u00b0<\/i> is the first season of a larger <i>Exercise Window<\/i> series, where every season deals with a specific theme. The theme of the first season is water.<\/p>\n<p>The production has been supported by the Ministry of Education and Culture, the Arts Promotion Centre Finland, and the City of Helsinki.<\/p>\n<p>\t\t\t\t\t\t\t\t\t\t\t\t<img decoding=\"async\" width=\"1024\" height=\"683\" src=\"https:\/\/toisissatiloissa.net\/wp-content\/uploads\/2021\/12\/Veden-kulma-3-JK-1024x683.jpg\" alt=\"\" loading=\"lazy\" srcset=\"https:\/\/toisissatiloissa.net\/wp-content\/uploads\/2021\/12\/Veden-kulma-3-JK-1024x683.jpg 1024w, https:\/\/toisissatiloissa.net\/wp-content\/uploads\/2021\/12\/Veden-kulma-3-JK-768x512.jpg 768w, https:\/\/toisissatiloissa.net\/wp-content\/uploads\/2021\/12\/Veden-kulma-3-JK-1536x1024.jpg 1536w, https:\/\/toisissatiloissa.net\/wp-content\/uploads\/2021\/12\/Veden-kulma-3-JK-2048x1365.jpg 2048w, https:\/\/toisissatiloissa.net\/wp-content\/uploads\/2021\/12\/Veden-kulma-3-JK-1600x1067.jpg 1600w, https:\/\/toisissatiloissa.net\/wp-content\/uploads\/2021\/12\/Veden-kulma-3-JK-300x200.jpg 300w\" sizes=\"auto, (max-width: 1024px) 100vw, 1024px\" \/>\t\t\t\t\t\t\t\t\t\t\t\t\t\t<\/p>\n<h3><strong>WORKING GROUP<\/strong><\/h3>\n<p>Idea and planning: Timo Jokitalo, Minja Mertanen, Sanni Priha<br \/>Script: Timo Jokitalo, Eeva Kemppi, Minja Mertanen<br \/>Director: Sanni Priha<br \/>Photography and colour determination: Jaakko Ruuska<br \/>Recording: Sanni Priha<br \/>Editing: Sanni Priha<br \/>Sound design: Jarkko Kela<br \/>Music: Antti Halonen<br \/>Graphical design: Johanna Etel\u00e4virta<br \/>Photography: Jenni Kokkom\u00e4ki<br \/>Production: Jenni Kokkom\u00e4ki ja Hanna Romo<\/p>\n<p>Performers: Antti Halonen, Timo Jokitalo, Eeva Kemppi, Esa Kirkkopelto, Kati Korosuo, Mikko Lehtonen, Kaisa-Liisa Logr\u00e9n, Minja Mertanen, Heli M\u00e4kinen ja Maarit Myllynen.<\/p>\n<h3><strong>SUPPORTERS<\/strong><\/h3>\n<p>The production has been supported by the Ministry of Education and Culture, the Arts Promotion Centre Finland, and the City of Helsinki.<em><br \/><\/em><\/p>\n<h3><strong>PERFORMED<\/strong><\/h3>\n<p>Publication at Magito, Suvilahti 16.12.2022<\/p>\n<p>The episodes were published online in Vimeo during 16.12.2021-3.2.2022 one by one every thursday. <em><br \/><\/em><\/p>\n<p>\t\t\t\t\t\t\t\t\t\tPhoto Jenni Kokkom\u00e4kiPhoto Jenni Kokkom\u00e4kiPhoto Jenni Kokkom\u00e4ki<br \/>\n\t\t\t\t\t\t\t\t\t\t\t\t\t\tPrevious<br \/>\n\t\t\t\t\t\t\t\t\t\t\t\t\t\tNext<br \/>\n\t\t<iframe loading=\"lazy\" title=\"The Angle of Water (TRAILER) (2021)\" src=\"https:\/\/player.vimeo.com\/video\/651750564?h=bd96050c48&amp;dnt=1&amp;app_id=122963\" width=\"1200\" height=\"675\" frameborder=\"0\" allow=\"autoplay; fullscreen; picture-in-picture\" allowfullscreen><\/iframe><\/p>\n","protected":false},"excerpt":{"rendered":"<p>THE ANGLE OF WATER 104.45\u00b0 Photo Jenni Kokkom\u00e4ki NEW EXERCISE VIDEO SERIES The newest production by the Other Spaces Collective is video series with 8 episodes The Angle of Water 104.45\u02da. The series invites spectators to try out different manifestations of water, and to approach the particularities of water as a chemical substance through bodily &#8230; <a title=\"The Angle of Water 104.45\u00b0\" class=\"read-more\" href=\"https:\/\/toisissatiloissa.net\/en\/angleofwater\/\" aria-label=\"Read more about The Angle of Water 104.45\u00b0\">Read more<\/a><\/p>\n","protected":false},"author":4,"featured_media":0,"parent":0,"menu_order":0,"comment_status":"closed","ping_status":"closed","template":"elementor_header_footer","meta":{"_eb_attr":"","generate_page_header":"","footnotes":""},"class_list":["post-5019","page","type-page","status-publish"],"_links":{"self":[{"href":"https:\/\/toisissatiloissa.net\/en\/wp-json\/wp\/v2\/pages\/5019","targetHints":{"allow":["GET"]}}],"collection":[{"href":"https:\/\/toisissatiloissa.net\/en\/wp-json\/wp\/v2\/pages"}],"about":[{"href":"https:\/\/toisissatiloissa.net\/en\/wp-json\/wp\/v2\/types\/page"}],"author":[{"embeddable":true,"href":"https:\/\/toisissatiloissa.net\/en\/wp-json\/wp\/v2\/users\/4"}],"replies":[{"embeddable":true,"href":"https:\/\/toisissatiloissa.net\/en\/wp-json\/wp\/v2\/comments?post=5019"}],"version-history":[{"count":14,"href":"https:\/\/toisissatiloissa.net\/en\/wp-json\/wp\/v2\/pages\/5019\/revisions"}],"predecessor-version":[{"id":5058,"href":"https:\/\/toisissatiloissa.net\/en\/wp-json\/wp\/v2\/pages\/5019\/revisions\/5058"}],"wp:attachment":[{"href":"https:\/\/toisissatiloissa.net\/en\/wp-json\/wp\/v2\/media?parent=5019"}],"curies":[{"name":"wp","href":"https:\/\/api.w.org\/{rel}","templated":true}]}}