{"id":6019,"date":"2022-12-22T16:43:00","date_gmt":"2022-12-22T14:43:00","guid":{"rendered":"https:\/\/toisissatiloissa.net\/?page_id=6019"},"modified":"2023-11-13T13:52:21","modified_gmt":"2023-11-13T11:52:21","slug":"ihmisen-jalkeinen-teatteri-2","status":"publish","type":"page","link":"https:\/\/toisissatiloissa.net\/en\/ihmisen-jalkeinen-teatteri-2\/","title":{"rendered":"Posthuman Theatre"},"content":{"rendered":"<div class=\"wp-block-cover alignfull\" style=\"min-height:620px\"><span aria-hidden=\"true\" class=\"wp-block-cover__background has-background-dim-0 has-background-dim\" style=\"background-color:#85d6d0\"><\/span><img loading=\"lazy\" decoding=\"async\" width=\"5315\" height=\"3543\" class=\"wp-block-cover__image-background wp-image-3304\" alt=\"\" src=\"https:\/\/toisissatiloissa.net\/wp-content\/uploads\/2019\/11\/Kansallisgalleria-Pirje-Mykk\u00e4nen-2.jpg\" data-object-fit=\"cover\" srcset=\"https:\/\/toisissatiloissa.net\/wp-content\/uploads\/2019\/11\/Kansallisgalleria-Pirje-Mykk\u00e4nen-2.jpg 5315w, https:\/\/toisissatiloissa.net\/wp-content\/uploads\/2019\/11\/Kansallisgalleria-Pirje-Mykk\u00e4nen-2-768x512.jpg 768w, https:\/\/toisissatiloissa.net\/wp-content\/uploads\/2019\/11\/Kansallisgalleria-Pirje-Mykk\u00e4nen-2-1024x683.jpg 1024w, https:\/\/toisissatiloissa.net\/wp-content\/uploads\/2019\/11\/Kansallisgalleria-Pirje-Mykk\u00e4nen-2-1600x1067.jpg 1600w, https:\/\/toisissatiloissa.net\/wp-content\/uploads\/2019\/11\/Kansallisgalleria-Pirje-Mykk\u00e4nen-2-300x200.jpg 300w\" sizes=\"(max-width: 5315px) 100vw, 5315px\" \/><div class=\"wp-block-cover__inner-container is-layout-flow wp-block-cover-is-layout-flow\">\n<div style=\"height:190px\" aria-hidden=\"true\" class=\"wp-block-spacer\"><\/div>\n\n\n\n<div class=\"wp-block-columns alignwide is-layout-flex wp-container-core-columns-layout-5 wp-block-columns-is-layout-flex\">\n<div class=\"wp-block-column is-layout-flow wp-block-column-is-layout-flow\">\n<h1 class=\"wp-block-heading has-text-align-center\">POSTHUMAN THEATRE<\/h1>\n<\/div>\n<\/div>\n\n\n\n<div style=\"height:180px\" aria-hidden=\"true\" class=\"wp-block-spacer\"><\/div>\n\n\n\n<p class=\"has-text-align-left has-base-3-color has-text-color has-small-font-size\">Photo Finnish National Gallery \/ Pirje Mykk\u00e4nen<\/p>\n<\/div><\/div>\n\n\n\n<div class=\"wp-block-essential-blocks-wrapper alignfull\"><div class=\"eb-parent-wrapper eb-parent-eb-wrapper-5fn63lm \"><div class=\"eb-wrapper-outer eb-wrapper-5fn63lm\"><div class=\"eb-wrapper-inner\"><div class=\"eb-wrapper-inner-blocks eb-wrapper-align-center\">\n<div class=\"wp-block-essential-blocks-wrapper\"><div class=\"eb-parent-wrapper eb-parent-eb-wrapper-jughlo6 \"><div class=\"eb-wrapper-outer eb-wrapper-jughlo6\"><div class=\"eb-wrapper-inner\"><div class=\"eb-wrapper-inner-blocks eb-wrapper-align-center\">\n<div class=\"wp-block-columns is-layout-flex wp-container-core-columns-layout-6 wp-block-columns-is-layout-flex\">\n<div class=\"wp-block-column is-layout-flow wp-block-column-is-layout-flow\" style=\"flex-basis:66.66%\">\n<div class=\"wp-block-essential-blocks-wrapper\"><div class=\"eb-parent-wrapper eb-parent-eb-wrapper-fipi86w \"><div class=\"eb-wrapper-outer eb-wrapper-fipi86w\"><div class=\"eb-wrapper-inner\"><div class=\"eb-wrapper-inner-blocks eb-wrapper-align-center\">\n<h3 class=\"wp-block-heading\"><strong><strong>POSTHUMAN THEATRE<\/strong><\/strong><\/h3>\n\n\n\n<p><em>Posthuman Theatre<\/em> is an experimental performance project organised in collaboration between LUST Association and the Other Spaces Live Art collective during the year 2019. The facilitator of the project is Esa Kirkkopelto, performing artist, philosopher and the founding member of the Other Spaces collective.<\/p>\n\n\n\n<p>The aim of the project is to develop the idea of the non-human acting in practice: how is it possible, what does it require from a performer and what kind of theatre will it produce? The topic and its mode of implementation correspond to the ethical and ecological challenges performing arts face today. The project is motivated by a view according to which performing arts should shift towards a less anthropocentric direction and take place in the future between different kinds of bodies, phenomena and creatures. Before non-human theatre becomes possible, one has to solve a series of problems, the most fundamental of them being the physical limits of the human body as well as the anthropomorphism which tends to dominate our imagination. Non-human acting requires new kinds of body techniques, new kind of corporeal thinking and dramaturgy. The project aims at inventing, developing and demonstrating these kinds of means.<\/p>\n\n\n\n<p>The project \u2013 addressed to the professionals in performing arts, actors, dancers and performance artists \u2013 started by two workshops on 25\u201330 March and 24-28 June. On the basis of the first workshop 8 participants were selected who took charge of the continuation of the project. It included a workshop organised in November at the Kiasma Theatre. As the outcome of the project the performance<em> Studies in Non-Human Acting<\/em> was seen on 15 and 16 November at the Kiasma Theatre.<\/p>\n<\/div><\/div><\/div><\/div><\/div>\n<\/div>\n\n\n\n<div class=\"wp-block-column is-layout-flow wp-block-column-is-layout-flow\" style=\"flex-basis:33.33%\">\n<div class=\"wp-block-essential-blocks-wrapper\"><div class=\"eb-parent-wrapper eb-parent-eb-wrapper-x4ieena \"><div class=\"eb-wrapper-outer eb-wrapper-x4ieena\"><div class=\"eb-wrapper-inner\"><div class=\"eb-wrapper-inner-blocks eb-wrapper-align-center\">\n<h3 class=\"wp-block-heading\"><strong>WRITINGS AND REVIEWS<\/strong><\/h3>\n\n\n\n<p>T-efekti: <a href=\"https:\/\/t-efekti.com\/2019\/11\/18\/vauva-haastoi-esiintyjia\/\" target=\"_blank\" rel=\"noreferrer noopener\"><em>Vauva haastoi esiintyji\u00e4 ihmisen j\u00e4lkeisen teatterin esityksess\u00e4<\/em><\/a>, kirjoittajina Elina Aholainen, Sanni Martiskainen, Maura Minerva ja Sofia Valtanen 18.11.2019.<\/p>\n\n\n\n<p>Seiskan poikien 28.11.2019 julkaisemassa <a href=\"https:\/\/seiskanpojat.com\/2019\/11\/28\/baltic-circle-2019\/\" target=\"_blank\" rel=\"noreferrer noopener\"><em>Baltic Circle 2019<\/em><\/a> -kritiikiss\u00e4 my\u00f6s <em>Studies in Non-Human Acting<\/em> -esityksest\u00e4.<\/p>\n<\/div><\/div><\/div><\/div><\/div>\n<\/div>\n<\/div>\n<\/div><\/div><\/div><\/div><\/div>\n<\/div><\/div><\/div><\/div><\/div>\n\n\n\n<div class=\"wp-block-columns is-layout-flex wp-container-core-columns-layout-7 wp-block-columns-is-layout-flex\">\n<div class=\"wp-block-column is-vertically-aligned-center is-layout-flow wp-block-column-is-layout-flow\"><div class=\"wp-block-image\">\n<figure class=\"aligncenter size-full is-resized\"><img loading=\"lazy\" decoding=\"async\" width=\"713\" height=\"692\" src=\"https:\/\/toisissatiloissa.net\/wp-content\/uploads\/2019\/02\/skr_harmaa_cmyk.jpg\" alt=\"\" class=\"wp-image-2038\" style=\"width:178px;height:173px\" srcset=\"https:\/\/toisissatiloissa.net\/wp-content\/uploads\/2019\/02\/skr_harmaa_cmyk.jpg 713w, https:\/\/toisissatiloissa.net\/wp-content\/uploads\/2019\/02\/skr_harmaa_cmyk-300x291.jpg 300w\" sizes=\"(max-width: 713px) 100vw, 713px\" \/><\/figure><\/div><\/div>\n\n\n\n<div class=\"wp-block-column is-vertically-aligned-center is-layout-flow wp-block-column-is-layout-flow\"><div class=\"wp-block-image\">\n<figure class=\"aligncenter size-full is-resized\"><img loading=\"lazy\" decoding=\"async\" width=\"616\" height=\"547\" src=\"https:\/\/toisissatiloissa.net\/wp-content\/uploads\/2019\/10\/kulturfonden-leikattu.jpg\" alt=\"\" class=\"wp-image-3271\" style=\"width:154px;height:137px\" srcset=\"https:\/\/toisissatiloissa.net\/wp-content\/uploads\/2019\/10\/kulturfonden-leikattu.jpg 616w, https:\/\/toisissatiloissa.net\/wp-content\/uploads\/2019\/10\/kulturfonden-leikattu-300x266.jpg 300w\" sizes=\"(max-width: 616px) 100vw, 616px\" \/><\/figure><\/div><\/div>\n\n\n\n<div class=\"wp-block-column is-vertically-aligned-center is-layout-flow wp-block-column-is-layout-flow\"><div class=\"wp-block-image\">\n<figure class=\"aligncenter size-full\"><img loading=\"lazy\" decoding=\"async\" width=\"150\" height=\"70\" src=\"https:\/\/toisissatiloissa.net\/wp-content\/uploads\/2019\/01\/Lust-rgb-bla\u030a-960px-150x70.png\" alt=\"\" class=\"wp-image-1588\"\/><\/figure><\/div><\/div>\n\n\n\n<div class=\"wp-block-column is-vertically-aligned-center is-layout-flow wp-block-column-is-layout-flow\"><div class=\"wp-block-image\">\n<figure class=\"aligncenter size-full\"><img loading=\"lazy\" decoding=\"async\" width=\"300\" height=\"169\" src=\"https:\/\/toisissatiloissa.net\/wp-content\/uploads\/2019\/01\/Kiasma_teatteri-tunnus_RBG-300x169.png\" alt=\"\" class=\"wp-image-1586\"\/><\/figure><\/div><\/div>\n\n\n\n<div class=\"wp-block-column is-vertically-aligned-center is-layout-flow wp-block-column-is-layout-flow\">\n<p><em><em>Posthuman Theatre<\/em><\/em> is realised as a cooperation of the Other Spaces collective and Lust ry. The production is supported by The Finnish Cultural Foundation, The Swedish Cultural Foundation in Finland and Kiasma Theatre.<\/p>\n<\/div>\n<\/div>\n\n\n\n<div class=\"wp-block-essential-blocks-wrapper alignfull\"><div class=\"eb-parent-wrapper eb-parent-eb-wrapper-kjsdrtm \"><div class=\"eb-wrapper-outer eb-wrapper-kjsdrtm\"><div class=\"eb-wrapper-inner\"><div class=\"eb-wrapper-inner-blocks eb-wrapper-align-center\">\n<div class=\"wp-block-essential-blocks-wrapper\"><div class=\"eb-parent-wrapper eb-parent-eb-wrapper-d6c6k6k \"><div class=\"eb-wrapper-outer eb-wrapper-d6c6k6k\"><div class=\"eb-wrapper-inner\"><div class=\"eb-wrapper-inner-blocks eb-wrapper-align-center\">\n<div class=\"wp-block-columns is-layout-flex wp-container-core-columns-layout-8 wp-block-columns-is-layout-flex\">\n<div class=\"wp-block-column is-layout-flow wp-block-column-is-layout-flow\">\n<div class=\"wp-block-essential-blocks-wrapper\"><div class=\"eb-parent-wrapper eb-parent-eb-wrapper-6qww44e \"><div class=\"eb-wrapper-outer eb-wrapper-6qww44e\"><div class=\"eb-wrapper-inner\"><div class=\"eb-wrapper-inner-blocks eb-wrapper-align-center\">\n<h3 class=\"wp-block-heading\"><strong>WORKING GROUP<\/strong><\/h3>\n\n\n\n<p><strong><em><strong><em>Studies in Non-Human Acting<\/em> working group<\/strong>:<\/em><\/strong> Jenni-Elina von Bagh, Laura Halonen, Leila Kourkia, Veli Lehtovaara, Leena Nordberg, Piia Peltola, Rasmus Sl\u00e4tis, Jenni Urpilainen.<br>Facilitator: Esa Kirkkopelto.<\/p>\n<\/div><\/div><\/div><\/div><\/div>\n<\/div>\n\n\n\n<div class=\"wp-block-column is-layout-flow wp-block-column-is-layout-flow\">\n<div class=\"wp-block-essential-blocks-wrapper\"><div class=\"eb-parent-wrapper eb-parent-eb-wrapper-qbiexvl \"><div class=\"eb-wrapper-outer eb-wrapper-qbiexvl\"><div class=\"eb-wrapper-inner\"><div class=\"eb-wrapper-inner-blocks eb-wrapper-align-center\">\n<h3 class=\"wp-block-heading\"><strong><strong>PAST EVENTS<\/strong><\/strong><\/h3>\n\n\n\n<p>15. &amp; 16.11.2019 <strong>Studies in Non-Human Acting<\/strong> performances. Kiasma Theatre, Helsinki.<\/p>\n\n\n\n<p>16.11.2019 <strong>Panel on Non-Human Performance<\/strong> panel discussion. Kiasma Seminar Room, Helsinki.<\/p>\n\n\n\n<p>25.-30.3.2019<strong> Workshop on Non-Human Acting<\/strong>. Ilmaisuvertas, Helsinki.<\/p>\n\n\n\n<p>24.-28.6.2019 <strong>Workshop on Non-Human Acting, 2nd Edition<\/strong>. Performance Center, Helsinki.<\/p>\n<\/div><\/div><\/div><\/div><\/div>\n<\/div>\n<\/div>\n<\/div><\/div><\/div><\/div><\/div>\n<\/div><\/div><\/div><\/div><\/div>\n\n\n\n<div class=\"wp-block-essential-blocks-slider alignfull\"><div class=\"eb-parent-wrapper eb-parent-eb-slider-s2wtmh6 \"><div class=\"eb-slider-wrapper eb-slider-s2wtmh6\" data-settings=\"{&quot;arrows&quot;:true,&quot;adaptiveHeight&quot;:false,&quot;autoplay&quot;:true,&quot;autoplaySpeed&quot;:3000,&quot;dots&quot;:true,&quot;fade&quot;:false,&quot;infinite&quot;:true,&quot;pauseOnHover&quot;:true,&quot;slidesToShow&quot;:1,&quot;speed&quot;:500,&quot;vertical&quot;:false,&quot;responsive&quot;:[{&quot;breakpoint&quot;:1025,&quot;settings&quot;:{&quot;slidesToShow&quot;:1}},{&quot;breakpoint&quot;:767,&quot;settings&quot;:{&quot;slidesToShow&quot;:1}}]}\" data-images=\"[{&quot;url&quot;:&quot;https:\/\/toisissatiloissa.net\/wp-content\/uploads\/2019\/11\/Kansallisgalleria-Pirje-Mykk\u00e4nen-1-1.jpg&quot;,&quot;alt&quot;:&quot;&quot;,&quot;id&quot;:0,&quot;imageId&quot;:3316,&quot;caption&quot;:&quot;Kiasma-teatteri; Posthuman Theatre: Studies in Non-Human Acting\\n15.11.2019 - 16.11.2019\\nEsa Kirkkopellon luotsaama projekti tarkastelee ei-inhimillist\u00e4 n\u00e4yttelij\u00e4nty\u00f6t\u00e4. Tapahtuma on osa Baltic Circle -festivaalin ohjelmistoa.\\nTy\u00f6ryhm\u00e4\\nJenni-Elina von Bagh, Laura Halonen, Leila Kourkia, Veli Lehtovaara, Leena Nordberg, Piia Peltola, Rasmus Sl\u00e4tis, Jenni Urpilainen.\\nFasilitaattori: Esa Kirkkopelto\\nTukijat: Suomen Kulttuurirahasto, Svenska kulturfonden\\nkuva | Photo\\nKansallisgalleria | Finnish National Gallery \/ Pirje Mykk\u00e4nen&quot;,&quot;title&quot;:&quot;&quot;,&quot;subtitle&quot;:&quot;Photo: Kansallisgalleria \/ Pirje Mykk\u00e4nen&quot;,&quot;showButton&quot;:false,&quot;buttonText&quot;:&quot;See More&quot;,&quot;buttonUrl&quot;:&quot;&quot;,&quot;openNewTab&quot;:false,&quot;isValidUrl&quot;:true,&quot;showSecondButton&quot;:false,&quot;secondButtonText&quot;:&quot;See More&quot;,&quot;secondButtonUrl&quot;:&quot;&quot;,&quot;secondButtonOpenNewTab&quot;:false},{&quot;url&quot;:&quot;https:\/\/toisissatiloissa.net\/wp-content\/uploads\/2019\/11\/Kansallisgalleria-Pirje-Mykk\u00e4nen-3.jpg&quot;,&quot;alt&quot;:&quot;&quot;,&quot;id&quot;:1,&quot;imageId&quot;:3307,&quot;caption&quot;:&quot;Kiasma-teatteri; Posthuman Theatre: Studies in Non-Human Acting\\n15.11.2019 - 16.11.2019\\nEsa Kirkkopellon luotsaama projekti tarkastelee ei-inhimillist\u00e4 n\u00e4yttelij\u00e4nty\u00f6t\u00e4. Tapahtuma on osa Baltic Circle -festivaalin ohjelmistoa.\\nTy\u00f6ryhm\u00e4\\nJenni-Elina von Bagh, Laura Halonen, Leila Kourkia, Veli Lehtovaara, Leena Nordberg, Piia Peltola, Rasmus Sl\u00e4tis, Jenni Urpilainen.\\nFasilitaattori: Esa Kirkkopelto\\nTukijat: Suomen Kulttuurirahasto, Svenska kulturfonden\\nkuva | Photo\\nKansallisgalleria | Finnish National Gallery \/ Pirje Mykk\u00e4nen&quot;,&quot;title&quot;:&quot;&quot;,&quot;subtitle&quot;:&quot;Photo: Kansallisgalleria \/ Pirje Mykk\u00e4nen&quot;,&quot;showButton&quot;:false,&quot;buttonText&quot;:&quot;See More&quot;,&quot;buttonUrl&quot;:&quot;&quot;,&quot;openNewTab&quot;:false,&quot;isValidUrl&quot;:true,&quot;showSecondButton&quot;:false,&quot;secondButtonText&quot;:&quot;See More&quot;,&quot;secondButtonUrl&quot;:&quot;&quot;,&quot;secondButtonOpenNewTab&quot;:false}]\" data-slidercontenttype=\"content-1\" data-slidertype=\"content\" data-textalign=\"left\" data-arrownexticon=\"fas fa-arrow-alt-circle-right\" data-arrowprevicon=\"fas fa-arrow-alt-circle-left\"><div class=\"content\"><div class=\"eb-slider-item content-1\"><img decoding=\"async\" class=\"eb-slider-image\" src=\"https:\/\/toisissatiloissa.net\/wp-content\/uploads\/2019\/11\/Kansallisgalleria-Pirje-Mykk\u00e4nen-1-1.jpg\"\/><div class=\"eb-slider-content align-left\"><p class=\"eb-slider-subtitle\">Photo: Kansallisgalleria \/ Pirje Mykk\u00e4nen<\/p><div class=\"eb-slider-button-wrapper\"><\/div><\/div><\/div><div class=\"eb-slider-item content-1\"><img decoding=\"async\" class=\"eb-slider-image\" src=\"https:\/\/toisissatiloissa.net\/wp-content\/uploads\/2019\/11\/Kansallisgalleria-Pirje-Mykk\u00e4nen-3.jpg\"\/><div class=\"eb-slider-content align-left\"><p class=\"eb-slider-subtitle\">Photo: Kansallisgalleria \/ Pirje Mykk\u00e4nen<\/p><div class=\"eb-slider-button-wrapper\"><\/div><\/div><\/div><\/div><\/div><\/div><\/div>","protected":false},"excerpt":{"rendered":"<p>Posthuman Theatre is realised as a cooperation of the Other Spaces collective and Lust ry. The production is supported by The Finnish Cultural Foundation, The Swedish Cultural Foundation in Finland and Kiasma Theatre.<\/p>\n","protected":false},"author":8,"featured_media":0,"parent":0,"menu_order":0,"comment_status":"closed","ping_status":"closed","template":"","meta":{"_eb_attr":"","generate_page_header":"","footnotes":""},"_links":{"self":[{"href":"https:\/\/toisissatiloissa.net\/en\/wp-json\/wp\/v2\/pages\/6019"}],"collection":[{"href":"https:\/\/toisissatiloissa.net\/en\/wp-json\/wp\/v2\/pages"}],"about":[{"href":"https:\/\/toisissatiloissa.net\/en\/wp-json\/wp\/v2\/types\/page"}],"author":[{"embeddable":true,"href":"https:\/\/toisissatiloissa.net\/en\/wp-json\/wp\/v2\/users\/8"}],"replies":[{"embeddable":true,"href":"https:\/\/toisissatiloissa.net\/en\/wp-json\/wp\/v2\/comments?post=6019"}],"version-history":[{"count":11,"href":"https:\/\/toisissatiloissa.net\/en\/wp-json\/wp\/v2\/pages\/6019\/revisions"}],"predecessor-version":[{"id":7986,"href":"https:\/\/toisissatiloissa.net\/en\/wp-json\/wp\/v2\/pages\/6019\/revisions\/7986"}],"wp:attachment":[{"href":"https:\/\/toisissatiloissa.net\/en\/wp-json\/wp\/v2\/media?parent=6019"}],"curies":[{"name":"wp","href":"https:\/\/api.w.org\/{rel}","templated":true}]}}