{"id":6023,"date":"2022-12-22T17:18:28","date_gmt":"2022-12-22T15:18:28","guid":{"rendered":"https:\/\/toisissatiloissa.net\/?page_id=6023"},"modified":"2023-11-13T14:07:19","modified_gmt":"2023-11-13T12:07:19","slug":"elisenvaara-pieksamaki-uudelleenkytkentoja","status":"publish","type":"page","link":"https:\/\/toisissatiloissa.net\/en\/elisenvaara-pieksamaki-uudelleenkytkentoja\/","title":{"rendered":"Elisenvaara-Pieks\u00e4m\u00e4ki: Reconnections"},"content":{"rendered":"<div class=\"wp-block-cover alignfull\" style=\"min-height:620px\"><span aria-hidden=\"true\" class=\"wp-block-cover__background has-background-dim-0 has-background-dim\" style=\"background-color:#85d6d0\"><\/span><img loading=\"lazy\" decoding=\"async\" width=\"2000\" height=\"1333\" class=\"wp-block-cover__image-background wp-image-1170\" alt=\"\" src=\"https:\/\/toisissatiloissa.net\/wp-content\/uploads\/2018\/12\/irtikytketty-Jaakko-Ruuska-3-1.jpg\" data-object-fit=\"cover\" srcset=\"https:\/\/toisissatiloissa.net\/wp-content\/uploads\/2018\/12\/irtikytketty-Jaakko-Ruuska-3-1.jpg 2000w, https:\/\/toisissatiloissa.net\/wp-content\/uploads\/2018\/12\/irtikytketty-Jaakko-Ruuska-3-1-768x512.jpg 768w, https:\/\/toisissatiloissa.net\/wp-content\/uploads\/2018\/12\/irtikytketty-Jaakko-Ruuska-3-1-1024x682.jpg 1024w, https:\/\/toisissatiloissa.net\/wp-content\/uploads\/2018\/12\/irtikytketty-Jaakko-Ruuska-3-1-1600x1066.jpg 1600w, https:\/\/toisissatiloissa.net\/wp-content\/uploads\/2018\/12\/irtikytketty-Jaakko-Ruuska-3-1-300x200.jpg 300w\" sizes=\"(max-width: 2000px) 100vw, 2000px\" \/><div class=\"wp-block-cover__inner-container is-layout-flow wp-block-cover-is-layout-flow\">\n<div style=\"height:190px\" aria-hidden=\"true\" class=\"wp-block-spacer\"><\/div>\n\n\n\n<div class=\"wp-block-columns alignwide is-layout-flex wp-container-core-columns-layout-5 wp-block-columns-is-layout-flex\">\n<div class=\"wp-block-column is-layout-flow wp-block-column-is-layout-flow\">\n<h1 class=\"wp-block-heading has-text-align-center\">ELISENVAARA-PIEKS\u00c4M\u00c4KI: RECONNECTIONS<\/h1>\n<\/div>\n<\/div>\n\n\n\n<div style=\"height:180px\" aria-hidden=\"true\" class=\"wp-block-spacer\"><\/div>\n\n\n\n<p class=\"has-text-align-left has-base-3-color has-text-color has-small-font-size\">Photo Jaakko Ruuska<\/p>\n<\/div><\/div>\n\n\n\n<div class=\"wp-block-essential-blocks-wrapper alignfull\"><div class=\"eb-parent-wrapper eb-parent-eb-wrapper-5fn63lm \"><div class=\"eb-wrapper-outer eb-wrapper-5fn63lm\"><div class=\"eb-wrapper-inner\"><div class=\"eb-wrapper-inner-blocks eb-wrapper-align-center\">\n<div class=\"wp-block-essential-blocks-wrapper\"><div class=\"eb-parent-wrapper eb-parent-eb-wrapper-yjjsmte \"><div class=\"eb-wrapper-outer eb-wrapper-yjjsmte\"><div class=\"eb-wrapper-inner\"><div class=\"eb-wrapper-inner-blocks eb-wrapper-align-center\">\n<div class=\"wp-block-columns is-layout-flex wp-container-core-columns-layout-6 wp-block-columns-is-layout-flex\">\n<div class=\"wp-block-column is-layout-flow wp-block-column-is-layout-flow\" style=\"flex-basis:66.66%\">\n<div class=\"wp-block-essential-blocks-wrapper\"><div class=\"eb-parent-wrapper eb-parent-eb-wrapper-fipi86w \"><div class=\"eb-wrapper-outer eb-wrapper-fipi86w\"><div class=\"eb-wrapper-inner\"><div class=\"eb-wrapper-inner-blocks eb-wrapper-align-center\">\n<h3 class=\"wp-block-heading\"><strong>ELISENVAARA-PIEKS\u00c4M\u00c4KI: RECONNECTIONS<\/strong><\/h3>\n\n\n\n<p>The railway, cut by state boundaries, in many places closed and partly ruined, will be awoken again, to become a multiplicity of spaces, alive for new kinds of encounters between people and non-human entities alike. The performances realised by the Other Spaces collective and Jaakko Ruuska are a part of Ruuska\u2019s artistic research project at the Fine Arts Academy of Uniarts Helsinki.<\/p>\n<\/div><\/div><\/div><\/div><\/div>\n\n\n\n<div class=\"wp-block-essential-blocks-wrapper\"><div class=\"eb-parent-wrapper eb-parent-eb-wrapper-x4ieena \"><div class=\"eb-wrapper-outer eb-wrapper-x4ieena\"><div class=\"eb-wrapper-inner\"><div class=\"eb-wrapper-inner-blocks eb-wrapper-align-center\">\n<p>The first reconnection happened on the ruins of the railway, between Parikkala and Elisenvaara. Can we overcome the spatial disconnect caused by state frontiers and forbidden zones?<\/p>\n\n\n\n<p>The second reconnection was formed on the closed railroad between Savonlinna and Rantasalmi. The human-powered draisine lead us to the blind spots of the tourism industry, where we can still sense the aura of places.<\/p>\n<\/div><\/div><\/div><\/div><\/div>\n<\/div>\n\n\n\n<div class=\"wp-block-column is-layout-flow wp-block-column-is-layout-flow\" style=\"flex-basis:33.33%\">\n<div class=\"wp-block-essential-blocks-wrapper\"><div class=\"eb-parent-wrapper eb-parent-eb-wrapper-thbmzw5 \"><div class=\"eb-wrapper-outer eb-wrapper-thbmzw5\"><div class=\"eb-wrapper-inner\"><div class=\"eb-wrapper-inner-blocks eb-wrapper-align-center\">\n<p class=\"has-text-color\" style=\"color:#85d6d0\">On the ruins of the railway, functionality has moved to areas of imaginary and potentiality. Even when only a narrow trace remains of the railway, you can still follow it to enter <em>other spaces<\/em>. At the borders of an abandoned railway, new spaces for encounters are opened.<\/p>\n<\/div><\/div><\/div><\/div><\/div>\n<\/div>\n<\/div>\n<\/div><\/div><\/div><\/div><\/div>\n<\/div><\/div><\/div><\/div><\/div>\n\n\n\n<div class=\"wp-block-essential-blocks-slider alignfull\"><div class=\"eb-parent-wrapper eb-parent-eb-slider-r4bp206 \"><div class=\"eb-slider-wrapper eb-slider-r4bp206\" data-settings=\"{&quot;arrows&quot;:true,&quot;adaptiveHeight&quot;:false,&quot;autoplay&quot;:true,&quot;autoplaySpeed&quot;:3000,&quot;dots&quot;:true,&quot;fade&quot;:false,&quot;infinite&quot;:true,&quot;pauseOnHover&quot;:true,&quot;slidesToShow&quot;:1,&quot;speed&quot;:500,&quot;vertical&quot;:false,&quot;responsive&quot;:[{&quot;breakpoint&quot;:1025,&quot;settings&quot;:{&quot;slidesToShow&quot;:1}},{&quot;breakpoint&quot;:767,&quot;settings&quot;:{&quot;slidesToShow&quot;:1}}]}\" data-images=\"[{&quot;url&quot;:&quot;https:\/\/toisissatiloissa.net\/wp-content\/uploads\/2019\/06\/resiina.jpeg&quot;,&quot;alt&quot;:&quot;&quot;,&quot;id&quot;:0,&quot;imageId&quot;:3202,&quot;caption&quot;:&quot;&quot;,&quot;title&quot;:&quot;&quot;,&quot;subtitle&quot;:&quot;Photo: Jaakko Ruuska&quot;,&quot;showButton&quot;:false,&quot;buttonText&quot;:&quot;See More&quot;,&quot;buttonUrl&quot;:&quot;&quot;,&quot;openNewTab&quot;:false,&quot;isValidUrl&quot;:true,&quot;showSecondButton&quot;:false,&quot;secondButtonText&quot;:&quot;See More&quot;,&quot;secondButtonUrl&quot;:&quot;&quot;,&quot;secondButtonOpenNewTab&quot;:false},{&quot;url&quot;:&quot;https:\/\/toisissatiloissa.net\/wp-content\/uploads\/2019\/06\/resiinamatkat_3.jpg&quot;,&quot;alt&quot;:&quot;&quot;,&quot;id&quot;:1,&quot;imageId&quot;:3204,&quot;caption&quot;:&quot;&quot;,&quot;title&quot;:&quot;&quot;,&quot;subtitle&quot;:&quot;Photo: Jaakko Ruuska&quot;,&quot;showButton&quot;:false,&quot;buttonText&quot;:&quot;See More&quot;,&quot;buttonUrl&quot;:&quot;&quot;,&quot;openNewTab&quot;:false,&quot;isValidUrl&quot;:true,&quot;showSecondButton&quot;:false,&quot;secondButtonText&quot;:&quot;See More&quot;,&quot;secondButtonUrl&quot;:&quot;&quot;,&quot;secondButtonOpenNewTab&quot;:false},{&quot;url&quot;:&quot;https:\/\/toisissatiloissa.net\/wp-content\/uploads\/2019\/06\/resiinamatkat_2.jpg&quot;,&quot;alt&quot;:&quot;&quot;,&quot;id&quot;:2,&quot;imageId&quot;:3200,&quot;caption&quot;:&quot;&quot;,&quot;title&quot;:&quot;&quot;,&quot;subtitle&quot;:&quot;Photo:: Jaakko Ruuska&quot;,&quot;showButton&quot;:false,&quot;buttonText&quot;:&quot;See More&quot;,&quot;buttonUrl&quot;:&quot;&quot;,&quot;openNewTab&quot;:false,&quot;isValidUrl&quot;:true,&quot;showSecondButton&quot;:false,&quot;secondButtonText&quot;:&quot;See More&quot;,&quot;secondButtonUrl&quot;:&quot;&quot;,&quot;secondButtonOpenNewTab&quot;:false}]\" data-slidercontenttype=\"content-1\" data-slidertype=\"content\" data-textalign=\"left\" data-arrownexticon=\"fas fa-arrow-alt-circle-right\" data-arrowprevicon=\"fas fa-arrow-alt-circle-left\"><div class=\"content\"><div class=\"eb-slider-item content-1\"><img decoding=\"async\" class=\"eb-slider-image\" src=\"https:\/\/toisissatiloissa.net\/wp-content\/uploads\/2019\/06\/resiina.jpeg\"\/><div class=\"eb-slider-content align-left\"><p class=\"eb-slider-subtitle\">Photo: Jaakko Ruuska<\/p><div class=\"eb-slider-button-wrapper\"><\/div><\/div><\/div><div class=\"eb-slider-item content-1\"><img decoding=\"async\" class=\"eb-slider-image\" src=\"https:\/\/toisissatiloissa.net\/wp-content\/uploads\/2019\/06\/resiinamatkat_3.jpg\"\/><div class=\"eb-slider-content align-left\"><p class=\"eb-slider-subtitle\">Photo: Jaakko Ruuska<\/p><div class=\"eb-slider-button-wrapper\"><\/div><\/div><\/div><div class=\"eb-slider-item content-1\"><img decoding=\"async\" class=\"eb-slider-image\" src=\"https:\/\/toisissatiloissa.net\/wp-content\/uploads\/2019\/06\/resiinamatkat_2.jpg\"\/><div class=\"eb-slider-content align-left\"><p class=\"eb-slider-subtitle\">Photo:: Jaakko Ruuska<\/p><div class=\"eb-slider-button-wrapper\"><\/div><\/div><\/div><\/div><\/div><\/div><\/div>\n\n\n\n<div class=\"wp-block-essential-blocks-wrapper alignfull\"><div class=\"eb-parent-wrapper eb-parent-eb-wrapper-kjsdrtm \"><div class=\"eb-wrapper-outer eb-wrapper-kjsdrtm\"><div class=\"eb-wrapper-inner\"><div class=\"eb-wrapper-inner-blocks eb-wrapper-align-center\">\n<div class=\"wp-block-essential-blocks-wrapper\"><div class=\"eb-parent-wrapper eb-parent-eb-wrapper-ef67kau \"><div class=\"eb-wrapper-outer eb-wrapper-ef67kau\"><div class=\"eb-wrapper-inner\"><div class=\"eb-wrapper-inner-blocks eb-wrapper-align-center\">\n<div class=\"wp-block-columns is-layout-flex wp-container-core-columns-layout-7 wp-block-columns-is-layout-flex\">\n<div class=\"wp-block-column is-layout-flow wp-block-column-is-layout-flow\">\n<div class=\"wp-block-essential-blocks-wrapper\"><div class=\"eb-parent-wrapper eb-parent-eb-wrapper-6qww44e \"><div class=\"eb-wrapper-outer eb-wrapper-6qww44e\"><div class=\"eb-wrapper-inner\"><div class=\"eb-wrapper-inner-blocks eb-wrapper-align-center\">\n<h3 class=\"wp-block-heading\"><strong><strong>WORKING GROUPS<\/strong><\/strong><\/h3>\n\n\n\n<p><strong>Reconnection #1: Parikkala-Elisenvaara 17.6. and 1.8.<\/strong><\/p>\n\n\n\n<p>Convenor: Jaakko Ruuska<\/p>\n\n\n\n<p>Photographer Hanna Koikkalainen<\/p>\n\n\n\n<p>Other Spaces collective: Timo Jokitalo and Eeva Kemppi<\/p>\n\n\n\n<p>Osuuskunta Lahden Seudun El\u00e4mysmatkat: Antti Holopainen and Victoria Fofanova (Via Kalevala project)<\/p>\n\n\n\n<p><strong>Reconnection #2: Savonlinna-Rantasalmi<\/strong><\/p>\n\n\n\n<p>Convenor: Jaakko Ruuska<\/p>\n\n\n\n<p>Photographer Hanna Koikkalainen<\/p>\n\n\n\n<p>Other Spaces collective: Timo Jokitalo and Kati Korosuo<\/p>\n\n\n\n<p>Producer: Veera Kolehmainen<\/p>\n\n\n\n<p>Special thanks: Ari Berg, Antti Luostarinen, Ilkka Ruuska, Raimo Ruuska, Pertti Sipinen.<\/p>\n<\/div><\/div><\/div><\/div><\/div>\n<\/div>\n\n\n\n<div class=\"wp-block-column is-layout-flow wp-block-column-is-layout-flow\">\n<div class=\"wp-block-essential-blocks-wrapper\"><div class=\"eb-parent-wrapper eb-parent-eb-wrapper-qbiexvl \"><div class=\"eb-wrapper-outer eb-wrapper-qbiexvl\"><div class=\"eb-wrapper-inner\"><div class=\"eb-wrapper-inner-blocks eb-wrapper-align-center\">\n<h3 class=\"wp-block-heading\"><strong><strong>PAST EVENTS<\/strong><\/strong><\/h3>\n\n\n\n<p>28.11.-12.12.2018 ARCHIPELAGO MOUNTAIN:<br>Other Spaces collective took part in Jaakko Ruuska\u2019s installation \u201dSpatial disconnections #1\u2033, performed at the Archipelago Mountain exhibition (Exhibition Laboratory, Helsinki).<\/p>\n\n\n\n<p>RECONNECTION #1 (2019):<br>17.6. and 1.8.&nbsp; Wandering performances Parikkala-Elisenvaara.<br>18.8. Havaintoja vaellusmatkasta katkaistulla rautatiell\u00e4 -discussion, Savonlinnan Kulttuurikellari.<\/p>\n\n\n\n<p>RECONNECTION #2 DRAISINE TRAVELS (2019):<br>14.8. <em>Elokuva ilman kameraa<\/em>, Laitaatsilta \u2013 Kallislahti.<br>15.8. <em>Y\u00f6 Toisissa tiloissa<\/em>, Kallislahti \u2013 Rantasalmi \u2013 Kallislahti.<br>16.8. <em>Festivaaliresiina<\/em>, Kallislahti \u2013 Laitaatsilta.<br>18.8. <em>Sunnuntai-ajelu<\/em>, Laitaatsilta \u2013 Aholahti \u2013 Laitaatsilta.<br>19.8. <em>Viimeinen resiina Kallislahteen?<\/em>, Laitaatsilta \u2013 Kallislahti.<\/p>\n\n\n\n<p>2.11.2019 Resiinareitti Savonlinnaan -discussion, Savonlinna, Kulttuurikellari.<\/p>\n\n\n\n<p>17. and 18.6.2023 <a href=\"https:\/\/toisissatiloissa.net\/en\/kiskojen-kudelmia-2\/\">Stitching Tracks -wandering<\/a> performances in Parikkala, on the ruins of the railway leading to the Russian border.<\/p>\n<\/div><\/div><\/div><\/div><\/div>\n<\/div>\n<\/div>\n<\/div><\/div><\/div><\/div><\/div>\n<\/div><\/div><\/div><\/div><\/div>\n\n\n\n<div class=\"wp-block-columns is-layout-flex wp-container-core-columns-layout-8 wp-block-columns-is-layout-flex\">\n<div class=\"wp-block-column is-layout-flow wp-block-column-is-layout-flow\" style=\"flex-basis:15%\">\n<figure class=\"wp-block-image size-large\"><img loading=\"lazy\" decoding=\"async\" width=\"1024\" height=\"727\" src=\"https:\/\/toisissatiloissa.net\/wp-content\/uploads\/2019\/02\/taike_pysty_v2-1024x727.png\" alt=\"\" class=\"wp-image-1977\" srcset=\"https:\/\/toisissatiloissa.net\/wp-content\/uploads\/2019\/02\/taike_pysty_v2-1024x727.png 1024w, https:\/\/toisissatiloissa.net\/wp-content\/uploads\/2019\/02\/taike_pysty_v2-768x546.png 768w, https:\/\/toisissatiloissa.net\/wp-content\/uploads\/2019\/02\/taike_pysty_v2-300x213.png 300w, https:\/\/toisissatiloissa.net\/wp-content\/uploads\/2019\/02\/taike_pysty_v2.png 1557w\" sizes=\"(max-width: 1024px) 100vw, 1024px\" \/><\/figure>\n\n\n\n<div style=\"height:20px\" aria-hidden=\"true\" class=\"wp-block-spacer\"><\/div>\n\n\n\n<figure class=\"wp-block-image size-full\"><img loading=\"lazy\" decoding=\"async\" width=\"300\" height=\"99\" src=\"https:\/\/toisissatiloissa.net\/wp-content\/uploads\/2018\/11\/Helander-logo-300x99.jpg\" alt=\"\" class=\"wp-image-360\"\/><\/figure>\n<\/div>\n\n\n\n<div class=\"wp-block-column is-layout-flow wp-block-column-is-layout-flow\" style=\"flex-basis:15%\">\n<figure class=\"wp-block-image size-full\"><img loading=\"lazy\" decoding=\"async\" width=\"713\" height=\"692\" src=\"https:\/\/toisissatiloissa.net\/wp-content\/uploads\/2019\/02\/skr_harmaa_cmyk.jpg\" alt=\"\" class=\"wp-image-2038\" srcset=\"https:\/\/toisissatiloissa.net\/wp-content\/uploads\/2019\/02\/skr_harmaa_cmyk.jpg 713w, https:\/\/toisissatiloissa.net\/wp-content\/uploads\/2019\/02\/skr_harmaa_cmyk-300x291.jpg 300w\" sizes=\"(max-width: 713px) 100vw, 713px\" \/><\/figure>\n\n\n\n<div style=\"height:20px\" aria-hidden=\"true\" class=\"wp-block-spacer\"><\/div>\n\n\n\n<figure class=\"wp-block-image size-full\"><img loading=\"lazy\" decoding=\"async\" width=\"289\" height=\"249\" src=\"https:\/\/toisissatiloissa.net\/wp-content\/uploads\/2019\/02\/LOGO.jpg\" alt=\"\" class=\"wp-image-2509\"\/><\/figure>\n<\/div>\n\n\n\n<div class=\"wp-block-column is-layout-flow wp-block-column-is-layout-flow\" style=\"flex-basis:15%\">\n<figure class=\"wp-block-image size-full\"><img loading=\"lazy\" decoding=\"async\" width=\"310\" height=\"191\" src=\"https:\/\/toisissatiloissa.net\/wp-content\/uploads\/2019\/11\/Kordelin_RGB_001.jpg\" alt=\"\" class=\"wp-image-3360\" srcset=\"https:\/\/toisissatiloissa.net\/wp-content\/uploads\/2019\/11\/Kordelin_RGB_001.jpg 310w, https:\/\/toisissatiloissa.net\/wp-content\/uploads\/2019\/11\/Kordelin_RGB_001-300x185.jpg 300w\" sizes=\"(max-width: 310px) 100vw, 310px\" \/><\/figure>\n\n\n\n<div style=\"height:20px\" aria-hidden=\"true\" class=\"wp-block-spacer\"><\/div>\n\n\n\n<figure class=\"wp-block-image size-full\"><img loading=\"lazy\" decoding=\"async\" width=\"300\" height=\"200\" src=\"https:\/\/toisissatiloissa.net\/wp-content\/uploads\/2019\/02\/Logot-300x200.jpg\" alt=\"\" class=\"wp-image-2511\"\/><\/figure>\n<\/div>\n\n\n\n<div class=\"wp-block-column is-layout-flow wp-block-column-is-layout-flow\" style=\"flex-basis:15%\">\n<figure class=\"wp-block-image size-full\"><img loading=\"lazy\" decoding=\"async\" width=\"595\" height=\"595\" src=\"https:\/\/toisissatiloissa.net\/wp-content\/uploads\/2019\/02\/sinffLogo-1.png\" alt=\"\" class=\"wp-image-2576\" srcset=\"https:\/\/toisissatiloissa.net\/wp-content\/uploads\/2019\/02\/sinffLogo-1.png 595w, https:\/\/toisissatiloissa.net\/wp-content\/uploads\/2019\/02\/sinffLogo-1-150x150.png 150w, https:\/\/toisissatiloissa.net\/wp-content\/uploads\/2019\/02\/sinffLogo-1-300x300.png 300w\" sizes=\"(max-width: 595px) 100vw, 595px\" \/><\/figure>\n<\/div>\n\n\n\n<div class=\"wp-block-column is-vertically-aligned-top is-layout-flow wp-block-column-is-layout-flow\" style=\"flex-basis:40%\">\n<p>The project has been supported by Arts Promotion Centre Finland, Niilo Helander Foundation, Alfred Kordelinin S\u00e4\u00e4ti\u00f6n Savonlinnan Rahasto, The Finnish Cultural Foundation, Osuuskunta Lahden Seudun El\u00e4mysmatkailu, Etel\u00e4-Karjalan Liitto, Parikkala commune, Pieks\u00e4m\u00e4ki city, University of the Arts Helsinki and Savonlinna International Nature Film Festival. Thanks to V\u00e4yl\u00e4virasto (previously transportation agency).<\/p>\n<\/div>\n<\/div>\n\n\n\n<div class=\"wp-block-cover alignfull\" style=\"min-height:620px\"><span aria-hidden=\"true\" class=\"wp-block-cover__background has-background-dim-0 has-background-dim\" style=\"background-color:#85d6d0\"><\/span><img loading=\"lazy\" decoding=\"async\" width=\"2000\" height=\"1334\" class=\"wp-block-cover__image-background wp-image-1167\" alt=\"\" src=\"https:\/\/toisissatiloissa.net\/wp-content\/uploads\/2018\/12\/irtikytketty-Jaakko-Ruuska-1-1.jpg\" data-object-fit=\"cover\" srcset=\"https:\/\/toisissatiloissa.net\/wp-content\/uploads\/2018\/12\/irtikytketty-Jaakko-Ruuska-1-1.jpg 2000w, https:\/\/toisissatiloissa.net\/wp-content\/uploads\/2018\/12\/irtikytketty-Jaakko-Ruuska-1-1-768x512.jpg 768w, https:\/\/toisissatiloissa.net\/wp-content\/uploads\/2018\/12\/irtikytketty-Jaakko-Ruuska-1-1-1024x683.jpg 1024w, https:\/\/toisissatiloissa.net\/wp-content\/uploads\/2018\/12\/irtikytketty-Jaakko-Ruuska-1-1-1600x1067.jpg 1600w, https:\/\/toisissatiloissa.net\/wp-content\/uploads\/2018\/12\/irtikytketty-Jaakko-Ruuska-1-1-300x200.jpg 300w\" sizes=\"(max-width: 2000px) 100vw, 2000px\" \/><div class=\"wp-block-cover__inner-container is-layout-flow wp-block-cover-is-layout-flow\">\n<div style=\"height:495px\" aria-hidden=\"true\" class=\"wp-block-spacer\"><\/div>\n\n\n\n<p class=\"has-text-align-left has-base-3-color has-text-color has-small-font-size\">Photo Jaakko Ruuska<\/p>\n<\/div><\/div>","protected":false},"excerpt":{"rendered":"<p>The project has been supported by Arts Promotion Centre Finland, Niilo Helander Foundation, Alfred Kordelinin S\u00e4\u00e4ti\u00f6n Savonlinnan Rahasto, The Finnish Cultural Foundation, Osuuskunta Lahden Seudun El\u00e4mysmatkailu, Etel\u00e4-Karjalan Liitto, Parikkala commune, Pieks\u00e4m\u00e4ki city, University of the Arts Helsinki and Savonlinna International Nature Film Festival. Thanks to V\u00e4yl\u00e4virasto (previously transportation agency).<\/p>\n","protected":false},"author":8,"featured_media":0,"parent":0,"menu_order":0,"comment_status":"closed","ping_status":"closed","template":"","meta":{"_eb_attr":"","generate_page_header":"","footnotes":""},"_links":{"self":[{"href":"https:\/\/toisissatiloissa.net\/en\/wp-json\/wp\/v2\/pages\/6023"}],"collection":[{"href":"https:\/\/toisissatiloissa.net\/en\/wp-json\/wp\/v2\/pages"}],"about":[{"href":"https:\/\/toisissatiloissa.net\/en\/wp-json\/wp\/v2\/types\/page"}],"author":[{"embeddable":true,"href":"https:\/\/toisissatiloissa.net\/en\/wp-json\/wp\/v2\/users\/8"}],"replies":[{"embeddable":true,"href":"https:\/\/toisissatiloissa.net\/en\/wp-json\/wp\/v2\/comments?post=6023"}],"version-history":[{"count":10,"href":"https:\/\/toisissatiloissa.net\/en\/wp-json\/wp\/v2\/pages\/6023\/revisions"}],"predecessor-version":[{"id":7131,"href":"https:\/\/toisissatiloissa.net\/en\/wp-json\/wp\/v2\/pages\/6023\/revisions\/7131"}],"wp:attachment":[{"href":"https:\/\/toisissatiloissa.net\/en\/wp-json\/wp\/v2\/media?parent=6023"}],"curies":[{"name":"wp","href":"https:\/\/api.w.org\/{rel}","templated":true}]}}