{"id":6030,"date":"2022-12-22T17:52:17","date_gmt":"2022-12-22T15:52:17","guid":{"rendered":"https:\/\/toisissatiloissa.net\/?page_id=6030"},"modified":"2023-11-13T14:18:06","modified_gmt":"2023-11-13T12:18:06","slug":"avalokiteshvara-superclusters-2","status":"publish","type":"page","link":"https:\/\/toisissatiloissa.net\/en\/avalokiteshvara-superclusters-2\/","title":{"rendered":"Avalokiteshvara Superclusters"},"content":{"rendered":"<div class=\"wp-block-cover alignfull\" style=\"min-height:620px\"><span aria-hidden=\"true\" class=\"wp-block-cover__background has-background-dim-40 has-background-dim\" style=\"background-color:#5c509d\"><\/span><img loading=\"lazy\" decoding=\"async\" width=\"2000\" height=\"1334\" class=\"wp-block-cover__image-background wp-image-1419\" alt=\"\" src=\"https:\/\/toisissatiloissa.net\/wp-content\/uploads\/2018\/12\/avalo-Paula-Tella-jalat.jpg\" data-object-fit=\"cover\" srcset=\"https:\/\/toisissatiloissa.net\/wp-content\/uploads\/2018\/12\/avalo-Paula-Tella-jalat.jpg 2000w, https:\/\/toisissatiloissa.net\/wp-content\/uploads\/2018\/12\/avalo-Paula-Tella-jalat-768x512.jpg 768w, https:\/\/toisissatiloissa.net\/wp-content\/uploads\/2018\/12\/avalo-Paula-Tella-jalat-1024x683.jpg 1024w, https:\/\/toisissatiloissa.net\/wp-content\/uploads\/2018\/12\/avalo-Paula-Tella-jalat-1600x1067.jpg 1600w, https:\/\/toisissatiloissa.net\/wp-content\/uploads\/2018\/12\/avalo-Paula-Tella-jalat-300x200.jpg 300w\" sizes=\"(max-width: 2000px) 100vw, 2000px\" \/><div class=\"wp-block-cover__inner-container is-layout-flow wp-block-cover-is-layout-flow\">\n<div style=\"height:190px\" aria-hidden=\"true\" class=\"wp-block-spacer\"><\/div>\n\n\n\n<div class=\"wp-block-columns alignwide is-layout-flex wp-container-core-columns-layout-6 wp-block-columns-is-layout-flex\">\n<div class=\"wp-block-column is-layout-flow wp-block-column-is-layout-flow\">\n<h1 class=\"wp-block-heading has-text-align-center\">AVALOKITESHVARA SUPERCLUSTERS<\/h1>\n<\/div>\n<\/div>\n\n\n\n<div style=\"height:180px\" aria-hidden=\"true\" class=\"wp-block-spacer\"><\/div>\n\n\n\n<p class=\"has-text-align-left has-base-3-color has-text-color has-small-font-size\">Photo Paula Tella<\/p>\n<\/div><\/div>\n\n\n\n<div class=\"wp-block-essential-blocks-wrapper alignfull\"><div class=\"eb-parent-wrapper eb-parent-eb-wrapper-5fn63lm \"><div class=\"eb-wrapper-outer eb-wrapper-5fn63lm\"><div class=\"eb-wrapper-inner\"><div class=\"eb-wrapper-inner-blocks eb-wrapper-align-center\">\n<div class=\"wp-block-essential-blocks-wrapper\"><div class=\"eb-parent-wrapper eb-parent-eb-wrapper-u58wg0z \"><div class=\"eb-wrapper-outer eb-wrapper-u58wg0z\"><div class=\"eb-wrapper-inner\"><div class=\"eb-wrapper-inner-blocks eb-wrapper-align-center\">\n<div class=\"wp-block-columns is-layout-flex wp-container-core-columns-layout-7 wp-block-columns-is-layout-flex\">\n<div class=\"wp-block-column is-layout-flow wp-block-column-is-layout-flow\" style=\"flex-basis:66.66%\">\n<div class=\"wp-block-essential-blocks-wrapper\"><div class=\"eb-parent-wrapper eb-parent-eb-wrapper-fipi86w \"><div class=\"eb-wrapper-outer eb-wrapper-fipi86w\"><div class=\"eb-wrapper-inner\"><div class=\"eb-wrapper-inner-blocks eb-wrapper-align-center\">\n<h3 class=\"wp-block-heading\"><strong>AVALOKITESHVARA SUPERCLUSTERS<\/strong><\/h3>\n\n\n\n<p>The participatory open air performance <em>Avalokiteshvara Superclusters<\/em> consists of a multipart collective exercise in compassion. The goal of the performance is the experience of fundamental equality of all beings and entities in our universe. The performance combines <em>Avalokiteshvara<\/em>, the Buddhist embodiment of compassion, with <em>superclusters<\/em>, the largest known structures in the visible universe. The performance takes place at the outskirts of the city, in wastelands, where the natural and the constructed realities meet in random, aleatory and uncontrolled manners. <\/p>\n\n\n\n<p>The name of the performance comes from Buddhist lore. According to legend, Avalokiteshvara was an ancient Buddhist novice, who alone tried to respond to the challenge of universal compassion. The compassion of Avalokiteshvara towards all beings eventually became so infinite that it tore him to a multitude of pieces. When the other Buddhas rushed to help Avalokiteshvara and reassembled his disintegrated body, the result was a multi-headed, multi-armed and multi-eyed Buddha, an embodiment of cosmic compassion. Varying the legend of Avalokiteshvara, the participants of the <em>Avalokiteshvara Superclusters<\/em> performance collectively create an endlessly shapeshifting cosmic structure which joins them with all the entities in our universe. <\/p>\n\n\n\n<p>Superclusters are the largest known structures that have been identified in the known universe. They are groups of galaxies shaped and held together by the opposing forces of gravity, dark energy and the expansion of the universe. Our own supercluster is called <em>Laniakea<\/em>, which is Hawaian for <em>open skies<\/em> or <em>immense heaven<\/em>. In <em>Avalokiteshvara Superclusters<\/em> we try to expand our circle of compassion so wide that it covers not only our own supercluster but also beyond, including all entities and beings in the entire universe.<\/p>\n<\/div><\/div><\/div><\/div><\/div>\n\n\n\n<div class=\"wp-block-essential-blocks-wrapper\"><div class=\"eb-parent-wrapper eb-parent-eb-wrapper-x4ieena \"><div class=\"eb-wrapper-outer eb-wrapper-x4ieena\"><div class=\"eb-wrapper-inner\"><div class=\"eb-wrapper-inner-blocks eb-wrapper-align-center\">\n<p><strong><strong>COMPASSION<\/strong><\/strong><\/p>\n\n\n\n<p><em>Avalokiteshvara Superclusters<\/em> is motivated by the current planetary situation, where immigration, disintegration and congestion are states common to all of us, transforming and unifying our bodies. What moves all those restless, placeless bodies and keeps them together? According to the working hypothesis of <em>Avalokiteshvara Superclusters<\/em>, that force is universal compassion which can be felt and exercised only after our bodies have become strange enough to one another! <\/p>\n\n\n\n<p>Compassion is not merely a feeling, but a comprehensive change in attitude and position, which applies to everyone of us and reaches beyond ourselves as humans. Our aim must be cosmic compassion, a limitless compassion towards all beings, regardless of their size, scale and position in the universe. This drive towards compassion for all entities alike, is a challenge that affects everyone, and to address this challenge we need to practice!<\/p>\n<\/div><\/div><\/div><\/div><\/div>\n\n\n\n<div class=\"wp-block-essential-blocks-wrapper\"><div class=\"eb-parent-wrapper eb-parent-eb-wrapper-uesue71 \"><div class=\"eb-wrapper-outer eb-wrapper-uesue71\"><div class=\"eb-wrapper-inner\"><div class=\"eb-wrapper-inner-blocks eb-wrapper-align-center\">\n<h3 class=\"wp-block-heading\"><strong>WRITINGS AND REVIEWS<\/strong><\/h3>\n\n\n\n<p>Maria S\u00e4k\u00f6: <a rel=\"noreferrer noopener\" href=\"https:\/\/www.hs.fi\/kulttuuri\/art-2000005302604.html\" target=\"_blank\">Toisissa tiloissa -ryhm\u00e4n uutuus tarjoaa kosmista my\u00f6t\u00e4tuntoa j\u00e4tt\u00f6maalla \u2013 Avalokiteshvara Superclusters tapahtuu yhdess\u00e4 yleis\u00f6n kanssa<\/a><\/p>\n\n\n\n<p>Helsingin Sanomat 26.7.2017. Meri Liukkonen: <a rel=\"noreferrer noopener\" href=\"https:\/\/kulttuurikuuri.fi\/2017\/07\/25\/avalokiteshvarasuperclusters\/\" target=\"_blank\">Pukukoodina m\u00f6kkivaatteet: osallistava ulkoilmateos t\u00e4ht\u00e4\u00e4 kosmiseen my\u00f6t\u00e4tuntoon<\/a><\/p>\n\n\n\n<p>Kulttuurikuuri -blog 25.7.2017. Tuomas Rantanen: <a rel=\"noreferrer noopener\" href=\"http:\/\/voima.fi\/artikkeli\/2017\/esitystaiteen-tilahairikot\/\" target=\"_blank\">Esitystaiteen tilah\u00e4irik\u00f6t<\/a>, Voima 18.9.2017.<\/p>\n\n\n\n<p>Tuomas Rantanen: <a rel=\"noreferrer noopener\" href=\"http:\/\/voima.fi\/blog\/kulttuuriartikkeli\/maailman-koivut-yhtykaa\/\" target=\"_blank\">\u201cKaikki maailman koivut, yhtyk\u00e4\u00e4!\u201d<\/a>, Voima 19.10.2017.<\/p>\n<\/div><\/div><\/div><\/div><\/div>\n<\/div>\n\n\n\n<div class=\"wp-block-column is-layout-flow wp-block-column-is-layout-flow\" style=\"flex-basis:33.33%\">\n<div class=\"wp-block-essential-blocks-wrapper\"><div class=\"eb-parent-wrapper eb-parent-eb-wrapper-hbi5b7e \"><div class=\"eb-wrapper-outer eb-wrapper-hbi5b7e\"><div class=\"eb-wrapper-inner\"><div class=\"eb-wrapper-inner-blocks eb-wrapper-align-center\">\n<h3 class=\"wp-block-heading\"><strong><strong>YOU CAN ALSO EXPERIENCE AVALOKITESHVARA AS A WORKSHOP<\/strong>!<\/strong><\/h3>\n\n\n\n<p>Through the workshop version of <em>Avalokiteshvara Superclusters<\/em>, audiences have practiced compassion and cosmic dimensions in Chiaravalle (Italy), the Forest Festival of the Helsinki Adult Education Centre, and the Baltic Circle Festival. More info and booking a workshop: info@toisissatiloissa.net<\/p>\n\n\n\n<p><em>Avalokiteshvara Superclusters <\/em>is preferentially organised without ticket sales. Instead, the participants finance the protection of a portion of our planet. The participants of the 2017 performances protected a total of 2780 square meters of forest. <a href=\"file:\/\/\/C:\/Users\/Petteri\/Downloads\/New%20folder%20(2)\/backup-en\/toisissatiloissa.net\/superclusters\/index.html\">See here<\/a> for the protected area, and a lot of other material about&nbsp;<em>Avalokiteshvara Superclusters<\/em>.<\/p>\n<\/div><\/div><\/div><\/div><\/div>\n\n\n\n<div class=\"wp-block-essential-blocks-wrapper\"><div class=\"eb-parent-wrapper eb-parent-eb-wrapper-thbmzw5 \"><div class=\"eb-wrapper-outer eb-wrapper-thbmzw5\"><div class=\"eb-wrapper-inner\"><div class=\"eb-wrapper-inner-blocks eb-wrapper-align-center\">\n<p class=\"has-text-color\" style=\"color:#85d6d0\"><em>Avalokiteshvara Superclusters<\/em> pyrit\u00e4\u00e4n j\u00e4rjest\u00e4m\u00e4\u00e4n p\u00e4\u00e4syliputtomana. P\u00e4\u00e4sylippujen sijaan osallistujat lunastavat palan planeettaa suojeltavaksi. Vuoden 2017 esityksiin osallistuneet suojelivat yhteens\u00e4 2780 neli\u00f6metrillist\u00e4 mets\u00e4\u00e4. <a href=\"https:\/\/toisissatiloissa.net\/superclusters\/\">Katso alue<\/a>, joka esityksell\u00e4 suojeltiin, sek\u00e4 paljon muuta teoksesta.<\/p>\n<\/div><\/div><\/div><\/div><\/div>\n<\/div>\n<\/div>\n<\/div><\/div><\/div><\/div><\/div>\n<\/div><\/div><\/div><\/div><\/div>\n\n\n\n<div class=\"wp-block-columns is-layout-flex wp-container-core-columns-layout-8 wp-block-columns-is-layout-flex\">\n<div class=\"wp-block-column is-layout-flow wp-block-column-is-layout-flow\">\n<figure class=\"wp-block-embed is-type-video is-provider-youtube wp-block-embed-youtube wp-embed-aspect-16-9 wp-has-aspect-ratio\"><div class=\"wp-block-embed__wrapper\">\n<iframe loading=\"lazy\" title=\"My\u00f6t\u00e4tuntoiset silm\u00e4t - osa 1\" width=\"1200\" height=\"675\" src=\"https:\/\/www.youtube.com\/embed\/q1RhMbicEAA?feature=oembed\" frameborder=\"0\" allow=\"accelerometer; autoplay; clipboard-write; encrypted-media; gyroscope; picture-in-picture; web-share\" allowfullscreen><\/iframe>\n<\/div><\/figure>\n<\/div>\n\n\n\n<div class=\"wp-block-column is-layout-flow wp-block-column-is-layout-flow\">\n<figure class=\"wp-block-embed is-type-video is-provider-youtube wp-block-embed-youtube wp-embed-aspect-16-9 wp-has-aspect-ratio\"><div class=\"wp-block-embed__wrapper\">\n<iframe loading=\"lazy\" title=\"Harjoite: galaksit\" width=\"1200\" height=\"675\" src=\"https:\/\/www.youtube.com\/embed\/KZk5uFZpO4k?feature=oembed\" frameborder=\"0\" allow=\"accelerometer; autoplay; clipboard-write; encrypted-media; gyroscope; picture-in-picture; web-share\" allowfullscreen><\/iframe>\n<\/div><\/figure>\n<\/div>\n<\/div>\n\n\n\n<div class=\"wp-block-essential-blocks-slider alignfull\"><div class=\"eb-parent-wrapper eb-parent-eb-slider-db9041m \"><div class=\"eb-slider-wrapper eb-slider-db9041m\" data-settings=\"{&quot;arrows&quot;:true,&quot;adaptiveHeight&quot;:false,&quot;autoplay&quot;:true,&quot;autoplaySpeed&quot;:3000,&quot;dots&quot;:true,&quot;fade&quot;:false,&quot;infinite&quot;:true,&quot;pauseOnHover&quot;:true,&quot;slidesToShow&quot;:1,&quot;speed&quot;:500,&quot;vertical&quot;:false,&quot;responsive&quot;:[{&quot;breakpoint&quot;:1025,&quot;settings&quot;:{&quot;slidesToShow&quot;:1}},{&quot;breakpoint&quot;:767,&quot;settings&quot;:{&quot;slidesToShow&quot;:1}}]}\" data-images=\"[{&quot;url&quot;:&quot;https:\/\/toisissatiloissa.net\/wp-content\/uploads\/2018\/12\/avalo-Jaakko-Ruuska-6.jpg&quot;,&quot;alt&quot;:&quot;&quot;,&quot;id&quot;:0,&quot;imageId&quot;:1100,&quot;caption&quot;:&quot;&quot;,&quot;title&quot;:&quot;&quot;,&quot;subtitle&quot;:&quot;Photo: Jaakko Ruuska&quot;,&quot;showButton&quot;:false,&quot;buttonText&quot;:&quot;See More&quot;,&quot;buttonUrl&quot;:&quot;&quot;,&quot;openNewTab&quot;:false,&quot;isValidUrl&quot;:true,&quot;showSecondButton&quot;:false,&quot;secondButtonText&quot;:&quot;See More&quot;,&quot;secondButtonUrl&quot;:&quot;&quot;,&quot;secondButtonOpenNewTab&quot;:false},{&quot;url&quot;:&quot;https:\/\/toisissatiloissa.net\/wp-content\/uploads\/2018\/12\/avalo-Jaakko-Ruuska-5.jpg&quot;,&quot;alt&quot;:&quot;&quot;,&quot;id&quot;:1,&quot;imageId&quot;:1098,&quot;caption&quot;:&quot;&quot;,&quot;title&quot;:&quot;&quot;,&quot;subtitle&quot;:&quot;Photo: Jaakko Ruuska&quot;,&quot;showButton&quot;:false,&quot;buttonText&quot;:&quot;See More&quot;,&quot;buttonUrl&quot;:&quot;&quot;,&quot;openNewTab&quot;:false,&quot;isValidUrl&quot;:true,&quot;showSecondButton&quot;:false,&quot;secondButtonText&quot;:&quot;See More&quot;,&quot;secondButtonUrl&quot;:&quot;&quot;,&quot;secondButtonOpenNewTab&quot;:false},{&quot;url&quot;:&quot;https:\/\/toisissatiloissa.net\/wp-content\/uploads\/2018\/12\/avalo-Jaakko-Ruuska-2.jpg&quot;,&quot;alt&quot;:&quot;&quot;,&quot;id&quot;:2,&quot;imageId&quot;:1092,&quot;caption&quot;:&quot;&quot;,&quot;title&quot;:&quot;&quot;,&quot;subtitle&quot;:&quot;Photo: Jaakko Ruuska&quot;,&quot;showButton&quot;:false,&quot;buttonText&quot;:&quot;See More&quot;,&quot;buttonUrl&quot;:&quot;&quot;,&quot;openNewTab&quot;:false,&quot;isValidUrl&quot;:true,&quot;showSecondButton&quot;:false,&quot;secondButtonText&quot;:&quot;See More&quot;,&quot;secondButtonUrl&quot;:&quot;&quot;,&quot;secondButtonOpenNewTab&quot;:false}]\" data-slidercontenttype=\"content-1\" data-slidertype=\"content\" data-textalign=\"left\" data-arrownexticon=\"fas fa-arrow-alt-circle-right\" data-arrowprevicon=\"fas fa-arrow-alt-circle-left\"><div class=\"content\"><div class=\"eb-slider-item content-1\"><img decoding=\"async\" class=\"eb-slider-image\" src=\"https:\/\/toisissatiloissa.net\/wp-content\/uploads\/2018\/12\/avalo-Jaakko-Ruuska-6.jpg\"\/><div class=\"eb-slider-content align-left\"><p class=\"eb-slider-subtitle\">Photo: Jaakko Ruuska<\/p><div class=\"eb-slider-button-wrapper\"><\/div><\/div><\/div><div class=\"eb-slider-item content-1\"><img decoding=\"async\" class=\"eb-slider-image\" src=\"https:\/\/toisissatiloissa.net\/wp-content\/uploads\/2018\/12\/avalo-Jaakko-Ruuska-5.jpg\"\/><div class=\"eb-slider-content align-left\"><p class=\"eb-slider-subtitle\">Photo: Jaakko Ruuska<\/p><div class=\"eb-slider-button-wrapper\"><\/div><\/div><\/div><div class=\"eb-slider-item content-1\"><img decoding=\"async\" class=\"eb-slider-image\" src=\"https:\/\/toisissatiloissa.net\/wp-content\/uploads\/2018\/12\/avalo-Jaakko-Ruuska-2.jpg\"\/><div class=\"eb-slider-content align-left\"><p class=\"eb-slider-subtitle\">Photo: Jaakko Ruuska<\/p><div class=\"eb-slider-button-wrapper\"><\/div><\/div><\/div><\/div><\/div><\/div><\/div>\n\n\n\n<div class=\"wp-block-essential-blocks-wrapper alignfull\"><div class=\"eb-parent-wrapper eb-parent-eb-wrapper-kjsdrtm \"><div class=\"eb-wrapper-outer eb-wrapper-kjsdrtm\"><div class=\"eb-wrapper-inner\"><div class=\"eb-wrapper-inner-blocks eb-wrapper-align-center\">\n<div class=\"wp-block-essential-blocks-wrapper\"><div class=\"eb-parent-wrapper eb-parent-eb-wrapper-rpifomt \"><div class=\"eb-wrapper-outer eb-wrapper-rpifomt\"><div class=\"eb-wrapper-inner\"><div class=\"eb-wrapper-inner-blocks eb-wrapper-align-center\">\n<div class=\"wp-block-columns is-layout-flex wp-container-core-columns-layout-9 wp-block-columns-is-layout-flex\">\n<div class=\"wp-block-column is-layout-flow wp-block-column-is-layout-flow\">\n<div class=\"wp-block-essential-blocks-wrapper\"><div class=\"eb-parent-wrapper eb-parent-eb-wrapper-19bdj9d \"><div class=\"eb-wrapper-outer eb-wrapper-19bdj9d\"><div class=\"eb-wrapper-inner\"><div class=\"eb-wrapper-inner-blocks eb-wrapper-align-center\">\n<h3 class=\"wp-block-heading\"><strong>AVALOKITESHVARA SUPERCLUSTERS WORKING GROUP<\/strong><\/h3>\n\n\n\n<p>Eija Ranta, Esa Kirkkopelto, Kati Korosuo, Minja Mertanen, Outi Condit, Sanni Priha, Paula Tella ja Timo Jokitalo. &nbsp;&nbsp;&nbsp;<\/p>\n\n\n\n<p>Tuotanto: Jaakko Ruuska<\/p>\n\n\n\n<h3 class=\"wp-block-heading\"><strong>THE PRACTICE OF AVALOKITESHVARA \u2013 BRIDGES WITHOUT STRANDS ARTISTIC WORKING GROUP<\/strong><\/h3>\n\n\n\n<p>Outi Condit, Kati Korosuo, Minja Mertanen and Paula Tella. Esa Kirkkopelto also participated in preparing the work.<\/p>\n\n\n\n<p><em>The Practice of Avalokiteshvara \u2013 Bridges without Strands <\/em>was produced by the working group and the Baltic Circle Festival.<\/p>\n<\/div><\/div><\/div><\/div><\/div>\n<\/div>\n\n\n\n<div class=\"wp-block-column is-layout-flow wp-block-column-is-layout-flow\">\n<div class=\"wp-block-essential-blocks-wrapper\"><div class=\"eb-parent-wrapper eb-parent-eb-wrapper-qbiexvl \"><div class=\"eb-wrapper-outer eb-wrapper-qbiexvl\"><div class=\"eb-wrapper-inner\"><div class=\"eb-wrapper-inner-blocks eb-wrapper-align-center\">\n<h3 class=\"wp-block-heading\"><strong><strong>PERFORMED<\/strong><\/strong><\/h3>\n\n\n\n<p><em>Avalokiteshvara Superclusters<\/em> premiered 22.7.2017, additional showings 23.7., 29.7., 30.7. and 12.8.2017 at the wastelands of Arabianranta, Helsinki.<\/p>\n\n\n\n<p>Performance demonstration <em>The Practice ofAvalokiteshvara \u2013 Bridges without Strands<\/em> was realised as part of the Baltic Circle Festival 14.11.2015 at Arbis, Helsinki.<\/p>\n\n\n\n<p>The demo was preceded by an open morning rehearsal 11.-12.11.2015 at the Eskus Performance Center. <\/p>\n\n\n\n<p>Participatory action <em>Avalokiteshvara in Action<\/em> at the Pixelache Festival, Helsinki, 24.9.2016. <\/p>\n\n\n\n<p>Performance demonstration <em>Avalokiteshvara \u2013 A tree is looking at a human<\/em> at the BodyWord Festival, St. Petersburg, 12.5.2017. <\/p>\n\n\n\n<p>Performance demonstration&nbsp;<em>Little Midsummer in Other Spaces<\/em> at the Pyhe market in Mietoinen, 16.6.2017. <\/p>\n\n\n\n<p>Workshops based on <em>Avalokiteshvara Superclustersiin<\/em> 18.-22.9.2017 at Chiaravalle, Italy, and 1.12.2017 at the Forest Festival, Helsinki Adult Education Centre.<\/p>\n<\/div><\/div><\/div><\/div><\/div>\n<\/div>\n<\/div>\n<\/div><\/div><\/div><\/div><\/div>\n<\/div><\/div><\/div><\/div><\/div>\n\n\n\n<div class=\"wp-block-columns is-layout-flex wp-container-core-columns-layout-10 wp-block-columns-is-layout-flex\">\n<div class=\"wp-block-column is-vertically-aligned-center is-layout-flow wp-block-column-is-layout-flow\" style=\"flex-basis:25%\"><div class=\"wp-block-image\">\n<figure class=\"aligncenter size-large\"><img loading=\"lazy\" decoding=\"async\" width=\"1024\" height=\"386\" src=\"https:\/\/toisissatiloissa.net\/wp-content\/uploads\/2019\/02\/Violetti-logo-jpg-1024x386.jpg\" alt=\"\" class=\"wp-image-1999\" srcset=\"https:\/\/toisissatiloissa.net\/wp-content\/uploads\/2019\/02\/Violetti-logo-jpg-1024x386.jpg 1024w, https:\/\/toisissatiloissa.net\/wp-content\/uploads\/2019\/02\/Violetti-logo-jpg-768x289.jpg 768w, https:\/\/toisissatiloissa.net\/wp-content\/uploads\/2019\/02\/Violetti-logo-jpg-1600x603.jpg 1600w, https:\/\/toisissatiloissa.net\/wp-content\/uploads\/2019\/02\/Violetti-logo-jpg-300x113.jpg 300w\" sizes=\"(max-width: 1024px) 100vw, 1024px\" \/><\/figure><\/div><\/div>\n\n\n\n<div class=\"wp-block-column is-vertically-aligned-center is-layout-flow wp-block-column-is-layout-flow\" style=\"flex-basis:25%\"><div class=\"wp-block-image\">\n<figure class=\"aligncenter size-full\"><img loading=\"lazy\" decoding=\"async\" width=\"200\" height=\"58\" src=\"https:\/\/toisissatiloissa.net\/wp-content\/uploads\/2019\/02\/eskus_logo_rgb.png\" alt=\"\" class=\"wp-image-2592\"\/><\/figure><\/div><\/div>\n\n\n\n<div class=\"wp-block-column is-vertically-aligned-center is-layout-flow wp-block-column-is-layout-flow\" style=\"flex-basis:50%\">\n<p><em>Avalokiteshvara Superclusters<\/em> was produced by the Other Spaces collective, supported by Kone Foundation. The project was prepared at the Saari Residence of Kone Foundation, and was rehearsed at the summer residence of ESKUS Performance Center. <em>The Practice of Avalokiteshvara \u2013 Bridges without Strands<\/em> performance demonstration and the workshops of 2015 were supported by the Baltic Circle Festival.<\/p>\n<\/div>\n<\/div>\n\n\n\n<div class=\"wp-block-essential-blocks-slider alignfull\"><div class=\"eb-parent-wrapper eb-parent-eb-slider-i7k3mp5 \"><div class=\"eb-slider-wrapper eb-slider-i7k3mp5\" data-settings=\"{&quot;arrows&quot;:true,&quot;adaptiveHeight&quot;:false,&quot;autoplay&quot;:true,&quot;autoplaySpeed&quot;:3000,&quot;dots&quot;:true,&quot;fade&quot;:false,&quot;infinite&quot;:true,&quot;pauseOnHover&quot;:true,&quot;slidesToShow&quot;:1,&quot;speed&quot;:500,&quot;vertical&quot;:false,&quot;responsive&quot;:[{&quot;breakpoint&quot;:1025,&quot;settings&quot;:{&quot;slidesToShow&quot;:1}},{&quot;breakpoint&quot;:767,&quot;settings&quot;:{&quot;slidesToShow&quot;:1}}]}\" data-images=\"[{&quot;url&quot;:&quot;https:\/\/toisissatiloissa.net\/wp-content\/uploads\/2018\/12\/avalo-Paula-Tella-Lentajat.jpg&quot;,&quot;alt&quot;:&quot;&quot;,&quot;id&quot;:0,&quot;imageId&quot;:1389,&quot;caption&quot;:&quot;&quot;,&quot;title&quot;:&quot;&quot;,&quot;subtitle&quot;:&quot;Photo: Paula Tella&quot;,&quot;showButton&quot;:false,&quot;buttonText&quot;:&quot;See More&quot;,&quot;buttonUrl&quot;:&quot;&quot;,&quot;openNewTab&quot;:false,&quot;isValidUrl&quot;:true,&quot;showSecondButton&quot;:false,&quot;secondButtonText&quot;:&quot;See More&quot;,&quot;secondButtonUrl&quot;:&quot;&quot;,&quot;secondButtonOpenNewTab&quot;:false},{&quot;url&quot;:&quot;https:\/\/toisissatiloissa.net\/wp-content\/uploads\/2018\/12\/avalo-Paula-Tella-Kadet_4_rajattu.jpg&quot;,&quot;alt&quot;:&quot;&quot;,&quot;id&quot;:1,&quot;imageId&quot;:1382,&quot;caption&quot;:&quot;&quot;,&quot;title&quot;:&quot;&quot;,&quot;subtitle&quot;:&quot;Photo: Paula Tella&quot;,&quot;showButton&quot;:false,&quot;buttonText&quot;:&quot;See More&quot;,&quot;buttonUrl&quot;:&quot;&quot;,&quot;openNewTab&quot;:false,&quot;isValidUrl&quot;:true,&quot;showSecondButton&quot;:false,&quot;secondButtonText&quot;:&quot;See More&quot;,&quot;secondButtonUrl&quot;:&quot;&quot;,&quot;secondButtonOpenNewTab&quot;:false},{&quot;url&quot;:&quot;https:\/\/toisissatiloissa.net\/wp-content\/uploads\/2018\/12\/avalo-Paula-Tella-peput.jpg&quot;,&quot;alt&quot;:&quot;&quot;,&quot;id&quot;:2,&quot;imageId&quot;:1423,&quot;caption&quot;:&quot;&quot;,&quot;title&quot;:&quot;&quot;,&quot;subtitle&quot;:&quot;Photo: Paula Tella&quot;,&quot;showButton&quot;:false,&quot;buttonText&quot;:&quot;See More&quot;,&quot;buttonUrl&quot;:&quot;&quot;,&quot;openNewTab&quot;:false,&quot;isValidUrl&quot;:true,&quot;showSecondButton&quot;:false,&quot;secondButtonText&quot;:&quot;See More&quot;,&quot;secondButtonUrl&quot;:&quot;&quot;,&quot;secondButtonOpenNewTab&quot;:false}]\" data-slidercontenttype=\"content-1\" data-slidertype=\"content\" data-textalign=\"left\" data-arrownexticon=\"fas fa-arrow-alt-circle-right\" data-arrowprevicon=\"fas fa-arrow-alt-circle-left\"><div class=\"content\"><div class=\"eb-slider-item content-1\"><img decoding=\"async\" class=\"eb-slider-image\" src=\"https:\/\/toisissatiloissa.net\/wp-content\/uploads\/2018\/12\/avalo-Paula-Tella-Lentajat.jpg\"\/><div class=\"eb-slider-content align-left\"><p class=\"eb-slider-subtitle\">Photo: Paula Tella<\/p><div class=\"eb-slider-button-wrapper\"><\/div><\/div><\/div><div class=\"eb-slider-item content-1\"><img decoding=\"async\" class=\"eb-slider-image\" src=\"https:\/\/toisissatiloissa.net\/wp-content\/uploads\/2018\/12\/avalo-Paula-Tella-Kadet_4_rajattu.jpg\"\/><div class=\"eb-slider-content align-left\"><p class=\"eb-slider-subtitle\">Photo: Paula Tella<\/p><div class=\"eb-slider-button-wrapper\"><\/div><\/div><\/div><div class=\"eb-slider-item content-1\"><img decoding=\"async\" class=\"eb-slider-image\" src=\"https:\/\/toisissatiloissa.net\/wp-content\/uploads\/2018\/12\/avalo-Paula-Tella-peput.jpg\"\/><div class=\"eb-slider-content align-left\"><p class=\"eb-slider-subtitle\">Photo: Paula Tella<\/p><div class=\"eb-slider-button-wrapper\"><\/div><\/div><\/div><\/div><\/div><\/div><\/div>","protected":false},"excerpt":{"rendered":"<p>Avalokiteshvara Superclusters was produced by the Other Spaces collective, supported by Kone Foundation. The project was prepared at the Saari Residence of Kone Foundation, and was rehearsed at the summer residence of ESKUS Performance Center. The Practice of Avalokiteshvara \u2013 Bridges without Strands performance demonstration and the workshops of 2015 were supported by the Baltic &#8230; <a title=\"Avalokiteshvara Superclusters\" class=\"read-more\" href=\"https:\/\/toisissatiloissa.net\/en\/avalokiteshvara-superclusters-2\/\" aria-label=\"More on Avalokiteshvara Superclusters\">Read more<\/a><\/p>\n","protected":false},"author":8,"featured_media":0,"parent":0,"menu_order":0,"comment_status":"closed","ping_status":"closed","template":"","meta":{"_eb_attr":"","generate_page_header":"","footnotes":""},"_links":{"self":[{"href":"https:\/\/toisissatiloissa.net\/en\/wp-json\/wp\/v2\/pages\/6030"}],"collection":[{"href":"https:\/\/toisissatiloissa.net\/en\/wp-json\/wp\/v2\/pages"}],"about":[{"href":"https:\/\/toisissatiloissa.net\/en\/wp-json\/wp\/v2\/types\/page"}],"author":[{"embeddable":true,"href":"https:\/\/toisissatiloissa.net\/en\/wp-json\/wp\/v2\/users\/8"}],"replies":[{"embeddable":true,"href":"https:\/\/toisissatiloissa.net\/en\/wp-json\/wp\/v2\/comments?post=6030"}],"version-history":[{"count":8,"href":"https:\/\/toisissatiloissa.net\/en\/wp-json\/wp\/v2\/pages\/6030\/revisions"}],"predecessor-version":[{"id":7137,"href":"https:\/\/toisissatiloissa.net\/en\/wp-json\/wp\/v2\/pages\/6030\/revisions\/7137"}],"wp:attachment":[{"href":"https:\/\/toisissatiloissa.net\/en\/wp-json\/wp\/v2\/media?parent=6030"}],"curies":[{"name":"wp","href":"https:\/\/api.w.org\/{rel}","templated":true}]}}