{"id":6041,"date":"2022-12-22T18:36:45","date_gmt":"2022-12-22T16:36:45","guid":{"rendered":"https:\/\/toisissatiloissa.net\/?page_id=6041"},"modified":"2023-11-13T14:28:18","modified_gmt":"2023-11-13T12:28:18","slug":"parkkitalo-2","status":"publish","type":"page","link":"https:\/\/toisissatiloissa.net\/en\/parkkitalo-2\/","title":{"rendered":"Car Park"},"content":{"rendered":"<div class=\"wp-block-cover alignfull is-light\" style=\"min-height:620px\"><span aria-hidden=\"true\" class=\"wp-block-cover__background has-background-dim-0 has-background-dim\" style=\"background-color:#85d6d0\"><\/span><img loading=\"lazy\" decoding=\"async\" width=\"2001\" height=\"1354\" class=\"wp-block-cover__image-background wp-image-1219\" alt=\"\" src=\"https:\/\/toisissatiloissa.net\/wp-content\/uploads\/2018\/12\/parkkitalo-Simo-Valjakka-1.jpg\" data-object-fit=\"cover\" srcset=\"https:\/\/toisissatiloissa.net\/wp-content\/uploads\/2018\/12\/parkkitalo-Simo-Valjakka-1.jpg 2001w, https:\/\/toisissatiloissa.net\/wp-content\/uploads\/2018\/12\/parkkitalo-Simo-Valjakka-1-768x520.jpg 768w, https:\/\/toisissatiloissa.net\/wp-content\/uploads\/2018\/12\/parkkitalo-Simo-Valjakka-1-1024x693.jpg 1024w, https:\/\/toisissatiloissa.net\/wp-content\/uploads\/2018\/12\/parkkitalo-Simo-Valjakka-1-1600x1083.jpg 1600w, https:\/\/toisissatiloissa.net\/wp-content\/uploads\/2018\/12\/parkkitalo-Simo-Valjakka-1-300x203.jpg 300w\" sizes=\"(max-width: 2001px) 100vw, 2001px\" \/><div class=\"wp-block-cover__inner-container is-layout-flow wp-block-cover-is-layout-flow\">\n<div style=\"height:190px\" aria-hidden=\"true\" class=\"wp-block-spacer\"><\/div>\n\n\n\n<div class=\"wp-block-columns alignwide is-layout-flex wp-container-core-columns-layout-6 wp-block-columns-is-layout-flex\">\n<div class=\"wp-block-column is-layout-flow wp-block-column-is-layout-flow\">\n<h1 class=\"wp-block-heading has-text-align-center has-base-3-color has-text-color\">CAR PARK<\/h1>\n<\/div>\n<\/div>\n\n\n\n<div style=\"height:180px\" aria-hidden=\"true\" class=\"wp-block-spacer\"><\/div>\n\n\n\n<p class=\"has-text-align-left has-base-3-color has-text-color has-small-font-size\">Photo Simo Valjakka<\/p>\n<\/div><\/div>\n\n\n\n<div class=\"wp-block-essential-blocks-wrapper alignfull\"><div class=\"eb-parent-wrapper eb-parent-eb-wrapper-5fn63lm \"><div class=\"eb-wrapper-outer eb-wrapper-5fn63lm\"><div class=\"eb-wrapper-inner\"><div class=\"eb-wrapper-inner-blocks eb-wrapper-align-center\">\n<div class=\"wp-block-essential-blocks-wrapper\"><div class=\"eb-parent-wrapper eb-parent-eb-wrapper-22vkgfe \"><div class=\"eb-wrapper-outer eb-wrapper-22vkgfe\"><div class=\"eb-wrapper-inner\"><div class=\"eb-wrapper-inner-blocks eb-wrapper-align-center\">\n<div class=\"wp-block-columns is-layout-flex wp-container-core-columns-layout-7 wp-block-columns-is-layout-flex\">\n<div class=\"wp-block-column is-layout-flow wp-block-column-is-layout-flow\" style=\"flex-basis:66.66%\">\n<div class=\"wp-block-essential-blocks-wrapper\"><div class=\"eb-parent-wrapper eb-parent-eb-wrapper-fipi86w \"><div class=\"eb-wrapper-outer eb-wrapper-fipi86w\"><div class=\"eb-wrapper-inner\"><div class=\"eb-wrapper-inner-blocks eb-wrapper-align-center\">\n<p><em>Car Park<\/em> is a performance that takes place literally in a space reserved for cars, in an underground parking lot near the centre of the city. A space that is mostly used only for the purpose of exiting it is transformed into a subject of shared exploration. A parking lot is a space for people\u2019s cars, not for the car owners themselves. What happens if the cars are replaced by humans? What if the rush to exit the space could be replaced with easy lingering? What will be revealed, and how does it alter our relationships to other people?<\/p>\n\n\n\n<p>The Other Spaces group makes performances investigating collective metamorphosis. This time the subject for metamorphosis is a car. Instead of admiring or hating cars as creatures that fill our world, the starting point is to recognize the fact that the modern human is a motorist. <em>Car Park<\/em> aims to draw out that person \u2013 the car person \u2013 on his or her own terms, to tell the wisdom they inherit.<\/p>\n<\/div><\/div><\/div><\/div><\/div>\n\n\n\n<div class=\"wp-block-essential-blocks-wrapper\"><div class=\"eb-parent-wrapper eb-parent-eb-wrapper-x4ieena \"><div class=\"eb-wrapper-outer eb-wrapper-x4ieena\"><div class=\"eb-wrapper-inner\"><div class=\"eb-wrapper-inner-blocks eb-wrapper-align-center\">\n<p><strong><strong>THE PERFORMANCE CONSISTS OF THE FOLLOWING PHASES:<\/strong><\/strong><\/p>\n\n\n\n<p><strong>Driving school:<\/strong> gathering and instructions outside the car park, learning the techniques of being a car person<\/p>\n\n\n\n<p><strong>Parking:<\/strong> moving into the car park and transformation into a car person<\/p>\n\n\n\n<p><strong>Waiting:<\/strong> studying the car park from a car\u2019s point of view<\/p>\n\n\n\n<p><strong>Amusement:<\/strong> variations of being a car person<\/p>\n\n\n\n<p><strong>Car exhibition:<\/strong> returning to human form.<\/p>\n\n\n\n<p>During the performance the audience will stand or sit together, according to guidance from the artists. The performance is suitable for all ages and all physical conditions. There will be no exposure to exhaust gas, loud effects or dazzling lights.<\/p>\n<\/div><\/div><\/div><\/div><\/div>\n\n\n\n<div class=\"wp-block-essential-blocks-wrapper\"><div class=\"eb-parent-wrapper eb-parent-eb-wrapper-x7sg5ny \"><div class=\"eb-wrapper-outer eb-wrapper-x7sg5ny\"><div class=\"eb-wrapper-inner\"><div class=\"eb-wrapper-inner-blocks eb-wrapper-align-center\">\n<h3 class=\"wp-block-heading\"><strong><strong>WRITINGS AND REVIEWS<\/strong><\/strong><\/h3>\n\n\n\n<p>Mirjam Tahkokorpi: <a rel=\"noreferrer noopener\" href=\"https:\/\/yle.fi\/uutiset\/3-7168894\" target=\"_blank\">Haminan moottoritiell\u00e4 hurjastelee pian ihmisautoja<\/a>, Yle 2.4.2014.<\/p>\n<\/div><\/div><\/div><\/div><\/div>\n<\/div>\n\n\n\n<div class=\"wp-block-column is-layout-flow wp-block-column-is-layout-flow\" style=\"flex-basis:33.33%\">\n<div class=\"wp-block-essential-blocks-wrapper\"><div class=\"eb-parent-wrapper eb-parent-eb-wrapper-thbmzw5 \"><div class=\"eb-wrapper-outer eb-wrapper-thbmzw5\"><div class=\"eb-wrapper-inner\"><div class=\"eb-wrapper-inner-blocks eb-wrapper-align-center\">\n<p class=\"has-text-color\" style=\"color:#85d6d0\"><em>Car park<\/em> was performed also at the Hamina bypass construction zone 18.5.2014, as a version called <em>Motorway is Ours!<\/em> Other Spaces organized the event in cooperation with the city of Hamina and the Finnish Transportation Agency. A length of highway was occupied in a collective running event. At the event the participants also realised a collective rock painting. The painting can still be partly seen.<\/p>\n<\/div><\/div><\/div><\/div><\/div>\n<\/div>\n<\/div>\n<\/div><\/div><\/div><\/div><\/div>\n<\/div><\/div><\/div><\/div><\/div>\n\n\n\n<div class=\"wp-block-columns is-layout-flex wp-container-core-columns-layout-8 wp-block-columns-is-layout-flex\">\n<div class=\"wp-block-column is-layout-flow wp-block-column-is-layout-flow\">\n<figure class=\"wp-block-embed is-type-video is-provider-youtube wp-block-embed-youtube wp-embed-aspect-16-9 wp-has-aspect-ratio\"><div class=\"wp-block-embed__wrapper\">\n<iframe loading=\"lazy\" title=\"CAR PARK \/ PARKKITALO \/ URB 13 -festival, Helsinki\" width=\"1200\" height=\"675\" src=\"https:\/\/www.youtube.com\/embed\/l6vRenDxG9A?feature=oembed\" frameborder=\"0\" allow=\"accelerometer; autoplay; clipboard-write; encrypted-media; gyroscope; picture-in-picture; web-share\" allowfullscreen><\/iframe>\n<\/div><\/figure>\n<\/div>\n\n\n\n<div class=\"wp-block-column is-layout-flow wp-block-column-is-layout-flow\">\n<figure class=\"wp-block-embed is-type-video is-provider-youtube wp-block-embed-youtube wp-embed-aspect-16-9 wp-has-aspect-ratio\"><div class=\"wp-block-embed__wrapper\">\n<iframe loading=\"lazy\" title=\"Moottoritie on meida\u0308n!\" width=\"1200\" height=\"675\" src=\"https:\/\/www.youtube.com\/embed\/NfKsTtbhIfA?feature=oembed\" frameborder=\"0\" allow=\"accelerometer; autoplay; clipboard-write; encrypted-media; gyroscope; picture-in-picture; web-share\" allowfullscreen><\/iframe>\n<\/div><\/figure>\n<\/div>\n<\/div>\n\n\n\n<div class=\"wp-block-essential-blocks-slider alignfull\"><div class=\"eb-parent-wrapper eb-parent-eb-slider-imk8m7h \"><div class=\"eb-slider-wrapper eb-slider-imk8m7h\" data-settings=\"{&quot;arrows&quot;:true,&quot;adaptiveHeight&quot;:false,&quot;autoplay&quot;:true,&quot;autoplaySpeed&quot;:3000,&quot;dots&quot;:true,&quot;fade&quot;:false,&quot;infinite&quot;:true,&quot;pauseOnHover&quot;:true,&quot;slidesToShow&quot;:1,&quot;speed&quot;:500,&quot;vertical&quot;:false,&quot;responsive&quot;:[{&quot;breakpoint&quot;:1025,&quot;settings&quot;:{&quot;slidesToShow&quot;:1}},{&quot;breakpoint&quot;:767,&quot;settings&quot;:{&quot;slidesToShow&quot;:1}}]}\" data-images=\"[{&quot;url&quot;:&quot;https:\/\/toisissatiloissa.net\/wp-content\/uploads\/2018\/12\/parkkitalo-Simo-Valjakka-3.jpg&quot;,&quot;alt&quot;:&quot;&quot;,&quot;id&quot;:0,&quot;imageId&quot;:1223,&quot;caption&quot;:&quot;&quot;,&quot;title&quot;:&quot;&quot;,&quot;subtitle&quot;:&quot;Photo: Simo Valjakka&quot;,&quot;showButton&quot;:false,&quot;buttonText&quot;:&quot;See More&quot;,&quot;buttonUrl&quot;:&quot;&quot;,&quot;openNewTab&quot;:false,&quot;isValidUrl&quot;:true,&quot;showSecondButton&quot;:false,&quot;secondButtonText&quot;:&quot;See More&quot;,&quot;secondButtonUrl&quot;:&quot;&quot;,&quot;secondButtonOpenNewTab&quot;:false},{&quot;url&quot;:&quot;https:\/\/toisissatiloissa.net\/wp-content\/uploads\/2018\/12\/parkkitalo-Simo-Valjakka-2.jpg&quot;,&quot;alt&quot;:&quot;&quot;,&quot;id&quot;:1,&quot;imageId&quot;:1221,&quot;caption&quot;:&quot;&quot;,&quot;title&quot;:&quot;&quot;,&quot;subtitle&quot;:&quot;Photo: Simo Valjakka&quot;,&quot;showButton&quot;:false,&quot;buttonText&quot;:&quot;See More&quot;,&quot;buttonUrl&quot;:&quot;&quot;,&quot;openNewTab&quot;:false,&quot;isValidUrl&quot;:true,&quot;showSecondButton&quot;:false,&quot;secondButtonText&quot;:&quot;See More&quot;,&quot;secondButtonUrl&quot;:&quot;&quot;,&quot;secondButtonOpenNewTab&quot;:false},{&quot;url&quot;:&quot;https:\/\/toisissatiloissa.net\/wp-content\/uploads\/2018\/12\/parkkitalo-Simo-Valjakka-1.jpg&quot;,&quot;alt&quot;:&quot;&quot;,&quot;id&quot;:2,&quot;imageId&quot;:1219,&quot;caption&quot;:&quot;&quot;,&quot;title&quot;:&quot;&quot;,&quot;subtitle&quot;:&quot;Photo: Simo Valjakka&quot;,&quot;showButton&quot;:false,&quot;buttonText&quot;:&quot;See More&quot;,&quot;buttonUrl&quot;:&quot;&quot;,&quot;openNewTab&quot;:false,&quot;isValidUrl&quot;:true,&quot;showSecondButton&quot;:false,&quot;secondButtonText&quot;:&quot;See More&quot;,&quot;secondButtonUrl&quot;:&quot;&quot;,&quot;secondButtonOpenNewTab&quot;:false}]\" data-slidercontenttype=\"content-1\" data-slidertype=\"content\" data-textalign=\"left\" data-arrownexticon=\"fas fa-arrow-alt-circle-right\" data-arrowprevicon=\"fas fa-arrow-alt-circle-left\"><div class=\"content\"><div class=\"eb-slider-item content-1\"><img decoding=\"async\" class=\"eb-slider-image\" src=\"https:\/\/toisissatiloissa.net\/wp-content\/uploads\/2018\/12\/parkkitalo-Simo-Valjakka-3.jpg\"\/><div class=\"eb-slider-content align-left\"><p class=\"eb-slider-subtitle\">Photo: Simo Valjakka<\/p><div class=\"eb-slider-button-wrapper\"><\/div><\/div><\/div><div class=\"eb-slider-item content-1\"><img decoding=\"async\" class=\"eb-slider-image\" src=\"https:\/\/toisissatiloissa.net\/wp-content\/uploads\/2018\/12\/parkkitalo-Simo-Valjakka-2.jpg\"\/><div class=\"eb-slider-content align-left\"><p class=\"eb-slider-subtitle\">Photo: Simo Valjakka<\/p><div class=\"eb-slider-button-wrapper\"><\/div><\/div><\/div><div class=\"eb-slider-item content-1\"><img decoding=\"async\" class=\"eb-slider-image\" src=\"https:\/\/toisissatiloissa.net\/wp-content\/uploads\/2018\/12\/parkkitalo-Simo-Valjakka-1.jpg\"\/><div class=\"eb-slider-content align-left\"><p class=\"eb-slider-subtitle\">Photo: Simo Valjakka<\/p><div class=\"eb-slider-button-wrapper\"><\/div><\/div><\/div><\/div><\/div><\/div><\/div>\n\n\n\n<div class=\"wp-block-essential-blocks-wrapper alignfull\"><div class=\"eb-parent-wrapper eb-parent-eb-wrapper-kjsdrtm \"><div class=\"eb-wrapper-outer eb-wrapper-kjsdrtm\"><div class=\"eb-wrapper-inner\"><div class=\"eb-wrapper-inner-blocks eb-wrapper-align-center\">\n<div class=\"wp-block-essential-blocks-wrapper\"><div class=\"eb-parent-wrapper eb-parent-eb-wrapper-d16cw28 \"><div class=\"eb-wrapper-outer eb-wrapper-d16cw28\"><div class=\"eb-wrapper-inner\"><div class=\"eb-wrapper-inner-blocks eb-wrapper-align-center\">\n<div class=\"wp-block-columns is-layout-flex wp-container-core-columns-layout-9 wp-block-columns-is-layout-flex\">\n<div class=\"wp-block-column is-layout-flow wp-block-column-is-layout-flow\">\n<div class=\"wp-block-essential-blocks-wrapper\"><div class=\"eb-parent-wrapper eb-parent-eb-wrapper-6qww44e \"><div class=\"eb-wrapper-outer eb-wrapper-6qww44e\"><div class=\"eb-wrapper-inner\"><div class=\"eb-wrapper-inner-blocks eb-wrapper-align-center\">\n<h3 class=\"wp-block-heading\"><strong><strong>CAR PARK WORKING GROUP<\/strong><\/strong><\/h3>\n\n\n\n<p>Planning &amp; creation: Toisissa tiloissa \/ Other Spaces<\/p>\n\n\n\n<p>Performers: Antti Halonen, Eeva Kemppi, Esa Kirkkopelto, Lauri Kontula, Arttu Kurttila, Anton Krylov, Pyry K\u00e4\u00e4ri\u00e4, Minja Mertanen, Jaana Taskinen and Paula Tella<\/p>\n\n\n\n<p>Lighting design: Janne Bj\u00f6rkl\u00f6f<\/p>\n\n\n\n<p>Sound design: Johannes Vartola<\/p>\n\n\n\n<p>Videographer: Jaakko Ruuska<\/p>\n\n\n\n<p>Video editing: Sanni Priha<\/p>\n\n\n\n<p>Producer: Lauri Kontula<\/p>\n\n\n\n<p>Produduction Coordinator: Arttu Kurttila<\/p>\n\n\n\n<h3 class=\"wp-block-heading\"><strong><strong>MOTORWAY IS OURS! WORKING GROUP<\/strong><\/strong><\/h3>\n\n\n\n<p>Lauri Kontula (Producer, director)<br>Instructors: Outi Condit, Antti Halonen, Timo Jokitalo, Kaisa-Liisa Logr\u00e9n, Eeva Kemppi, Minja Mertanen, Anu Nirkko, Irma Optimisti (instruction of the collective rock painting work), Riikka Takala, Paula Tella, Veera Turunen, Ville Vainio (film) and Johannes Vartola (sound).<\/p>\n<\/div><\/div><\/div><\/div><\/div>\n<\/div>\n\n\n\n<div class=\"wp-block-column is-layout-flow wp-block-column-is-layout-flow\">\n<div class=\"wp-block-essential-blocks-wrapper\"><div class=\"eb-parent-wrapper eb-parent-eb-wrapper-qbiexvl \"><div class=\"eb-wrapper-outer eb-wrapper-qbiexvl\"><div class=\"eb-wrapper-inner\"><div class=\"eb-wrapper-inner-blocks eb-wrapper-align-center\">\n<h3 class=\"wp-block-heading\"><strong><strong>PERFORMED<\/strong><\/strong><\/h3>\n\n\n\n<p><em>Car Park <\/em>premiered 2.8.2013, other showings 3.8. and 4.8.2013, all part of the URB festival.<\/p>\n\n\n\n<p><em>Motorway is Ours! <\/em>was realised 18.5.2014 on the Hamina bypass construction zone.<\/p>\n\n\n\n<p><em>Motorway is Ours!<\/em> video work 19.9.2015 at the Valojen Y\u00f6 event, Hamina.<\/p>\n\n\n\n<p><em>Motorway is Ours!<\/em> video work at the Hamina bypass inauguration 10.11.2014.<\/p>\n\n\n\n<p><em>Auto-Ihminen <\/em>performance and two <em>Motorway is Ours! <\/em>video projections 3.12.2015 at the opening of the Mutkat suoriksi exhibition, at Merikeskus Vellamo, Kotka.<\/p>\n<\/div><\/div><\/div><\/div><\/div>\n<\/div>\n<\/div>\n<\/div><\/div><\/div><\/div><\/div>\n<\/div><\/div><\/div><\/div><\/div>\n\n\n\n<div class=\"wp-block-columns is-layout-flex wp-container-core-columns-layout-10 wp-block-columns-is-layout-flex\">\n<div class=\"wp-block-column is-vertically-aligned-center is-layout-flow wp-block-column-is-layout-flow\" style=\"flex-basis:20%\"><div class=\"wp-block-image\">\n<figure class=\"aligncenter size-large\"><img loading=\"lazy\" decoding=\"async\" width=\"1024\" height=\"386\" src=\"https:\/\/toisissatiloissa.net\/wp-content\/uploads\/2019\/02\/Violetti-logo-jpg-1024x386.jpg\" alt=\"\" class=\"wp-image-1999\" srcset=\"https:\/\/toisissatiloissa.net\/wp-content\/uploads\/2019\/02\/Violetti-logo-jpg-1024x386.jpg 1024w, https:\/\/toisissatiloissa.net\/wp-content\/uploads\/2019\/02\/Violetti-logo-jpg-768x289.jpg 768w, https:\/\/toisissatiloissa.net\/wp-content\/uploads\/2019\/02\/Violetti-logo-jpg-1600x603.jpg 1600w, https:\/\/toisissatiloissa.net\/wp-content\/uploads\/2019\/02\/Violetti-logo-jpg-300x113.jpg 300w\" sizes=\"(max-width: 1024px) 100vw, 1024px\" \/><\/figure><\/div><\/div>\n\n\n\n<div class=\"wp-block-column is-vertically-aligned-center is-layout-flow wp-block-column-is-layout-flow\" style=\"flex-basis:20%\"><div class=\"wp-block-image\">\n<figure class=\"aligncenter size-full\"><img loading=\"lazy\" decoding=\"async\" width=\"300\" height=\"169\" src=\"https:\/\/toisissatiloissa.net\/wp-content\/uploads\/2019\/01\/Kiasma_teatteri-tunnus_RBG-300x169.png\" alt=\"\" class=\"wp-image-1586\"\/><\/figure><\/div><\/div>\n\n\n\n<div class=\"wp-block-column is-vertically-aligned-center is-layout-flow wp-block-column-is-layout-flow\" style=\"flex-basis:20%\">\n<figure class=\"wp-block-image size-full is-resized\"><img loading=\"lazy\" decoding=\"async\" width=\"713\" height=\"692\" src=\"https:\/\/toisissatiloissa.net\/wp-content\/uploads\/2019\/02\/skr_harmaa_cmyk.jpg\" alt=\"\" class=\"wp-image-2038\" style=\"width:178px;height:173px\" srcset=\"https:\/\/toisissatiloissa.net\/wp-content\/uploads\/2019\/02\/skr_harmaa_cmyk.jpg 713w, https:\/\/toisissatiloissa.net\/wp-content\/uploads\/2019\/02\/skr_harmaa_cmyk-300x291.jpg 300w\" sizes=\"(max-width: 713px) 100vw, 713px\" \/><\/figure>\n<\/div>\n\n\n\n<div class=\"wp-block-column is-vertically-aligned-center is-layout-flow wp-block-column-is-layout-flow\" style=\"flex-basis:40%\">\n<p><em>Car Park <\/em>was supported by Kone Foundation and Kiasma Theatre. The performance was realised in cooperation with URB Festival and Q-Park.<\/p>\n\n\n\n<p><em>Motorway is Ours!<\/em> was supported by the Finnish Cultural Foundation. Other Spaces organised the event in cooperation with the City of Hamina and the Finnish Transport Agency.<\/p>\n<\/div>\n<\/div>\n\n\n\n<div class=\"wp-block-essential-blocks-slider alignfull\"><div class=\"eb-parent-wrapper eb-parent-eb-slider-9p5lvce \"><div class=\"eb-slider-wrapper eb-slider-9p5lvce\" data-settings=\"{&quot;arrows&quot;:true,&quot;adaptiveHeight&quot;:false,&quot;autoplay&quot;:true,&quot;autoplaySpeed&quot;:3000,&quot;dots&quot;:true,&quot;fade&quot;:false,&quot;infinite&quot;:true,&quot;pauseOnHover&quot;:true,&quot;slidesToShow&quot;:1,&quot;speed&quot;:500,&quot;vertical&quot;:false,&quot;responsive&quot;:[{&quot;breakpoint&quot;:1025,&quot;settings&quot;:{&quot;slidesToShow&quot;:1}},{&quot;breakpoint&quot;:767,&quot;settings&quot;:{&quot;slidesToShow&quot;:1}}]}\" data-images=\"[{&quot;url&quot;:&quot;https:\/\/toisissatiloissa.net\/wp-content\/uploads\/2018\/12\/parkkitalo-Mitro-Ha\u0308rko\u0308nen-3.jpg&quot;,&quot;alt&quot;:&quot;&quot;,&quot;id&quot;:0,&quot;imageId&quot;:1215,&quot;caption&quot;:&quot;&quot;,&quot;title&quot;:&quot;&quot;,&quot;subtitle&quot;:&quot;Photo: Mitro H\u00e4rk\u00f6nen&quot;,&quot;showButton&quot;:false,&quot;buttonText&quot;:&quot;See More&quot;,&quot;buttonUrl&quot;:&quot;&quot;,&quot;openNewTab&quot;:false,&quot;isValidUrl&quot;:true,&quot;showSecondButton&quot;:false,&quot;secondButtonText&quot;:&quot;See More&quot;,&quot;secondButtonUrl&quot;:&quot;&quot;,&quot;secondButtonOpenNewTab&quot;:false},{&quot;url&quot;:&quot;https:\/\/toisissatiloissa.net\/wp-content\/uploads\/2018\/12\/parkkitalo-Mitro-Ha\u0308rko\u0308nen-1.jpg&quot;,&quot;alt&quot;:&quot;&quot;,&quot;id&quot;:1,&quot;imageId&quot;:1211,&quot;caption&quot;:&quot;&quot;,&quot;title&quot;:&quot;&quot;,&quot;subtitle&quot;:&quot;Photo: Mitro H\u00e4rk\u00f6nen&quot;,&quot;showButton&quot;:false,&quot;buttonText&quot;:&quot;See More&quot;,&quot;buttonUrl&quot;:&quot;&quot;,&quot;openNewTab&quot;:false,&quot;isValidUrl&quot;:true,&quot;showSecondButton&quot;:false,&quot;secondButtonText&quot;:&quot;See More&quot;,&quot;secondButtonUrl&quot;:&quot;&quot;,&quot;secondButtonOpenNewTab&quot;:false}]\" data-slidercontenttype=\"content-1\" data-slidertype=\"content\" data-textalign=\"left\" data-arrownexticon=\"fas fa-arrow-alt-circle-right\" data-arrowprevicon=\"fas fa-arrow-alt-circle-left\"><div class=\"content\"><div class=\"eb-slider-item content-1\"><img decoding=\"async\" class=\"eb-slider-image\" src=\"https:\/\/toisissatiloissa.net\/wp-content\/uploads\/2018\/12\/parkkitalo-Mitro-Ha\u0308rko\u0308nen-3.jpg\"\/><div class=\"eb-slider-content align-left\"><p class=\"eb-slider-subtitle\">Photo: Mitro H\u00e4rk\u00f6nen<\/p><div class=\"eb-slider-button-wrapper\"><\/div><\/div><\/div><div class=\"eb-slider-item content-1\"><img decoding=\"async\" class=\"eb-slider-image\" src=\"https:\/\/toisissatiloissa.net\/wp-content\/uploads\/2018\/12\/parkkitalo-Mitro-Ha\u0308rko\u0308nen-1.jpg\"\/><div class=\"eb-slider-content align-left\"><p class=\"eb-slider-subtitle\">Photo: Mitro H\u00e4rk\u00f6nen<\/p><div class=\"eb-slider-button-wrapper\"><\/div><\/div><\/div><\/div><\/div><\/div><\/div>","protected":false},"excerpt":{"rendered":"<p>Car Park was supported by Kone Foundation and Kiasma Theatre. The performance was realised in cooperation with URB Festival and Q-Park. Motorway is Ours! was supported by the Finnish Cultural Foundation. Other Spaces organised the event in cooperation with the City of Hamina and the Finnish Transport Agency.<\/p>\n","protected":false},"author":8,"featured_media":0,"parent":0,"menu_order":0,"comment_status":"closed","ping_status":"closed","template":"","meta":{"_eb_attr":"","generate_page_header":"","footnotes":""},"_links":{"self":[{"href":"https:\/\/toisissatiloissa.net\/en\/wp-json\/wp\/v2\/pages\/6041"}],"collection":[{"href":"https:\/\/toisissatiloissa.net\/en\/wp-json\/wp\/v2\/pages"}],"about":[{"href":"https:\/\/toisissatiloissa.net\/en\/wp-json\/wp\/v2\/types\/page"}],"author":[{"embeddable":true,"href":"https:\/\/toisissatiloissa.net\/en\/wp-json\/wp\/v2\/users\/8"}],"replies":[{"embeddable":true,"href":"https:\/\/toisissatiloissa.net\/en\/wp-json\/wp\/v2\/comments?post=6041"}],"version-history":[{"count":9,"href":"https:\/\/toisissatiloissa.net\/en\/wp-json\/wp\/v2\/pages\/6041\/revisions"}],"predecessor-version":[{"id":7142,"href":"https:\/\/toisissatiloissa.net\/en\/wp-json\/wp\/v2\/pages\/6041\/revisions\/7142"}],"wp:attachment":[{"href":"https:\/\/toisissatiloissa.net\/en\/wp-json\/wp\/v2\/media?parent=6041"}],"curies":[{"name":"wp","href":"https:\/\/api.w.org\/{rel}","templated":true}]}}