{"id":6044,"date":"2022-12-22T18:40:37","date_gmt":"2022-12-22T16:40:37","guid":{"rendered":"https:\/\/toisissatiloissa.net\/?page_id=6044"},"modified":"2025-09-02T11:15:49","modified_gmt":"2025-09-02T08:15:49","slug":"tripit-2","status":"publish","type":"page","link":"https:\/\/toisissatiloissa.net\/en\/tripit-2\/","title":{"rendered":"Tripit"},"content":{"rendered":"<div class=\"wp-block-cover alignfull is-light\" style=\"min-height:620px\"><span aria-hidden=\"true\" class=\"wp-block-cover__background has-background-dim-20 has-background-dim\" style=\"background-color:#5c509d\"><\/span><img loading=\"lazy\" decoding=\"async\" width=\"1637\" height=\"1157\" class=\"wp-block-cover__image-background wp-image-1304\" alt=\"\" src=\"https:\/\/toisissatiloissa.net\/wp-content\/uploads\/2018\/12\/tripit-Paula-Tella-1.jpg\" data-object-fit=\"cover\" srcset=\"https:\/\/toisissatiloissa.net\/wp-content\/uploads\/2018\/12\/tripit-Paula-Tella-1.jpg 1637w, https:\/\/toisissatiloissa.net\/wp-content\/uploads\/2018\/12\/tripit-Paula-Tella-1-768x543.jpg 768w, https:\/\/toisissatiloissa.net\/wp-content\/uploads\/2018\/12\/tripit-Paula-Tella-1-1024x724.jpg 1024w, https:\/\/toisissatiloissa.net\/wp-content\/uploads\/2018\/12\/tripit-Paula-Tella-1-1600x1131.jpg 1600w, https:\/\/toisissatiloissa.net\/wp-content\/uploads\/2018\/12\/tripit-Paula-Tella-1-300x212.jpg 300w\" sizes=\"(max-width: 1637px) 100vw, 1637px\" \/><div class=\"wp-block-cover__inner-container is-layout-flow wp-block-cover-is-layout-flow\">\n<div style=\"height:190px\" aria-hidden=\"true\" class=\"wp-block-spacer\"><\/div>\n\n\n\n<div class=\"wp-block-columns alignwide is-layout-flex wp-container-core-columns-layout-3 wp-block-columns-is-layout-flex\">\n<div class=\"wp-block-column is-layout-flow wp-block-column-is-layout-flow\">\n<h1 class=\"wp-block-heading has-text-align-center has-base-3-color has-text-color\">TRIPIT<\/h1>\n<\/div>\n<\/div>\n\n\n\n<div style=\"height:180px\" aria-hidden=\"true\" class=\"wp-block-spacer\"><\/div>\n\n\n\n<p class=\"has-text-align-left has-base-3-color has-text-color has-small-font-size\">Photo Paula Tella<\/p>\n<\/div><\/div>\n\n\n\n<div class=\"wp-block-essential-blocks-wrapper alignfull\"><div class=\"eb-parent-wrapper eb-parent-eb-wrapper-5fn63lm \"><div class=\"eb-wrapper-outer eb-wrapper-5fn63lm\"><div class=\"eb-wrapper-inner\"><div class=\"eb-wrapper-inner-blocks eb-wrapper-align-center\">\n<div class=\"wp-block-essential-blocks-wrapper\"><div class=\"eb-parent-wrapper eb-parent-eb-wrapper-alkdn1k \"><div class=\"eb-wrapper-outer eb-wrapper-alkdn1k\"><div class=\"eb-wrapper-inner\"><div class=\"eb-wrapper-inner-blocks eb-wrapper-align-center\">\n<div class=\"wp-block-columns is-layout-flex wp-container-core-columns-layout-4 wp-block-columns-is-layout-flex\">\n<div class=\"wp-block-column is-layout-flow wp-block-column-is-layout-flow\" style=\"flex-basis:66.66%\">\n<div class=\"wp-block-essential-blocks-wrapper\"><div class=\"eb-parent-wrapper eb-parent-eb-wrapper-hbi5b7e \"><div class=\"eb-wrapper-outer eb-wrapper-hbi5b7e\"><div class=\"eb-wrapper-inner\"><div class=\"eb-wrapper-inner-blocks eb-wrapper-align-center\">\n<h3 class=\"wp-block-heading\"><strong>UPCOMING<\/strong> <strong>UP<\/strong><\/h3>\n\n\n\n<p><strong>RAMBLING-TRIPIT!<br>Thursday 4.9. at 17.30-20 Edible park at Mustikkamaa (Mustikkamaan Sy\u00f6t\u00e4v\u00e4 puisto) <\/strong><\/p>\n\n\n\n<p>Address: Mustikkamaanpolku 10, 00570 Helsinki. We\u2019ll gather inside the gate next to the red building of the Edible park. More information about the park: <a href=\"https:\/\/nuorten.hel.fi\/en\/youth-centers\/edible-park-2\/\">Edible Park &#8211; Youth Helsinki<\/a><\/p>\n\n\n\n<p>The legendary TRIPIT!-festival is organized with a theme \u201crambling\u201d (in Finnish \u201cr\u00f6nsyily\u201d means how plants spread and ramble). The workshop is based on the group&#8217;s old and new plant-themed exercises, which this time are experienced together outdoors.<\/p>\n\n\n\n<p>How does a seed germinate, grow roots, and then sprout toward the light? What is it like to be a plant in the garden? In rambling, through collective physical exercises, you immerse yourself in the world of plants: germination, growth, rambling.<\/p>\n\n\n\n<p>At TRIPIT! -Exercise Festival we do Rambling-exercises together with the audience. Everyone is welcome to participate, previous experience is not needed. Tripit is for adults and over 16 years old. 12-15 years old children can join the workshop with an adult.<\/p>\n\n\n\n<p>A voluntary participation fee is 5 \u20ac. Payment by cash or MobilePay on site. Register by 3.9. <a href=\"https:\/\/forms.gle\/CHpxKyMGEpQQZr2w5.\">throught Google from.<\/a><br>Maximum number of participants is 20.<\/p>\n\n\n\n<p>TRIPIT! -festival takes place entirely outside, so please wear comfortable clothing that allows you to move and according to the weather. A little rain doesn&#8217;t hurt. Bring a drinking bottle, something to sit on and, if you wish, snacks. Edible park\u2019s toilet is available.<\/p>\n\n\n\n<p>The workshop is in Finnish!<\/p>\n\n\n\n<p>Welcome to morph with us!<\/p>\n<\/div><\/div><\/div><\/div><\/div>\n\n\n\n<div class=\"wp-block-essential-blocks-wrapper\"><div class=\"eb-parent-wrapper eb-parent-eb-wrapper-fipi86w \"><div class=\"eb-wrapper-outer eb-wrapper-fipi86w\"><div class=\"eb-wrapper-inner\"><div class=\"eb-wrapper-inner-blocks eb-wrapper-align-center\">\n<p><strong>At the <em>TRIPIT!<\/em> exercise festival we&nbsp; perform some of our trippiest exercises together with the audience.<\/strong><\/p>\n\n\n\n<p>Since 2004 Other Spaces has invented a large amount of collective corporeal transformation exercises. These exercises are a means to come into contact with non-human forms, entities and phenomena. They are an enjoyable way to be liberated from the human shape and identity, at least momentarily.<\/p>\n\n\n\n<p>The first <em>TRIPIT!<\/em> Festival was organised in May 2017. Spurred by the enthusiastic reception, in 2018 and 2019 we organised <em>TRIPIT!<\/em> twice each year, and the festival has become an important part of our yearly operations. <em>TRIPIT!<\/em> is a day long event, where you can come and go at any time.<\/p>\n\n\n\n<p>In 2020 TRIPIT! was organized remotely via Facebook and Zoom.<\/p>\n<\/div><\/div><\/div><\/div><\/div>\n<\/div>\n\n\n\n<div class=\"wp-block-column is-layout-flow wp-block-column-is-layout-flow\" style=\"flex-basis:33.33%\">\n<div class=\"wp-block-essential-blocks-wrapper\"><div class=\"eb-parent-wrapper eb-parent-eb-wrapper-thbmzw5 \"><div class=\"eb-wrapper-outer eb-wrapper-thbmzw5\"><div class=\"eb-wrapper-inner\"><div class=\"eb-wrapper-inner-blocks eb-wrapper-align-center\">\n<p class=\"has-text-color\" style=\"color:#85d6d0\">Are you interested in joining the Other Spaces collective? <em>TRIPIT<\/em> is the place to be! At the exercise festival you can try out the exercises and practices of the group and meet our members.<\/p>\n<\/div><\/div><\/div><\/div><\/div>\n<\/div>\n<\/div>\n<\/div><\/div><\/div><\/div><\/div>\n<\/div><\/div><\/div><\/div><\/div>\n\n\n\n<div class=\"wp-block-essential-blocks-slider alignfull\"><div class=\"eb-parent-wrapper eb-parent-eb-slider-xgxc3i7 \"><div class=\"eb-slider-wrapper eb-slider-xgxc3i7\" data-settings=\"{&quot;arrows&quot;:true,&quot;adaptiveHeight&quot;:false,&quot;autoplay&quot;:true,&quot;autoplaySpeed&quot;:3000,&quot;dots&quot;:true,&quot;fade&quot;:false,&quot;infinite&quot;:true,&quot;pauseOnHover&quot;:true,&quot;slidesToShow&quot;:1,&quot;speed&quot;:500,&quot;vertical&quot;:false,&quot;responsive&quot;:[{&quot;breakpoint&quot;:1025,&quot;settings&quot;:{&quot;slidesToShow&quot;:1}},{&quot;breakpoint&quot;:767,&quot;settings&quot;:{&quot;slidesToShow&quot;:1}}]}\" data-images=\"[{&quot;url&quot;:&quot;https:\/\/toisissatiloissa.net\/wp-content\/uploads\/2018\/12\/Tripit-2018-Jenni-Kokkoma\u0308ki-7.jpg&quot;,&quot;alt&quot;:&quot;&quot;,&quot;id&quot;:0,&quot;imageId&quot;:1302,&quot;caption&quot;:&quot;&quot;,&quot;title&quot;:&quot;&quot;,&quot;subtitle&quot;:&quot;Photo: Jenni Kokkom\u00e4ki&quot;,&quot;showButton&quot;:false,&quot;buttonText&quot;:&quot;See More&quot;,&quot;buttonUrl&quot;:&quot;&quot;,&quot;openNewTab&quot;:false,&quot;isValidUrl&quot;:true,&quot;showSecondButton&quot;:false,&quot;secondButtonText&quot;:&quot;See More&quot;,&quot;secondButtonUrl&quot;:&quot;&quot;,&quot;secondButtonOpenNewTab&quot;:false},{&quot;url&quot;:&quot;https:\/\/toisissatiloissa.net\/wp-content\/uploads\/2018\/12\/Tripit-2018-Jenni-Kokkoma\u0308ki-6.jpg&quot;,&quot;alt&quot;:&quot;&quot;,&quot;id&quot;:1,&quot;imageId&quot;:1300,&quot;caption&quot;:&quot;&quot;,&quot;title&quot;:&quot;&quot;,&quot;subtitle&quot;:&quot;Photo: Jenni Kokkom\u00e4ki&quot;,&quot;showButton&quot;:false,&quot;buttonText&quot;:&quot;See More&quot;,&quot;buttonUrl&quot;:&quot;&quot;,&quot;openNewTab&quot;:false,&quot;isValidUrl&quot;:true,&quot;showSecondButton&quot;:false,&quot;secondButtonText&quot;:&quot;See More&quot;,&quot;secondButtonUrl&quot;:&quot;&quot;,&quot;secondButtonOpenNewTab&quot;:false},{&quot;url&quot;:&quot;https:\/\/toisissatiloissa.net\/wp-content\/uploads\/2018\/12\/Tripit-2018-Jenni-Kokkoma\u0308ki-4.jpg&quot;,&quot;alt&quot;:&quot;&quot;,&quot;id&quot;:2,&quot;imageId&quot;:1298,&quot;caption&quot;:&quot;&quot;,&quot;title&quot;:&quot;&quot;,&quot;subtitle&quot;:&quot;Photo: Jenni Kokkom\u00e4ki&quot;,&quot;showButton&quot;:false,&quot;buttonText&quot;:&quot;See More&quot;,&quot;buttonUrl&quot;:&quot;&quot;,&quot;openNewTab&quot;:false,&quot;isValidUrl&quot;:true,&quot;showSecondButton&quot;:false,&quot;secondButtonText&quot;:&quot;See More&quot;,&quot;secondButtonUrl&quot;:&quot;&quot;,&quot;secondButtonOpenNewTab&quot;:false},{&quot;url&quot;:&quot;https:\/\/toisissatiloissa.net\/wp-content\/uploads\/2018\/12\/Tripit-2018-Jenni-Kokkoma\u0308ki-2.jpg&quot;,&quot;alt&quot;:&quot;&quot;,&quot;id&quot;:3,&quot;imageId&quot;:1294,&quot;caption&quot;:&quot;&quot;,&quot;title&quot;:&quot;&quot;,&quot;subtitle&quot;:&quot;Photo: Jenni Kokkom\u00e4ki&quot;,&quot;showButton&quot;:false,&quot;buttonText&quot;:&quot;See More&quot;,&quot;buttonUrl&quot;:&quot;&quot;,&quot;openNewTab&quot;:false,&quot;isValidUrl&quot;:true,&quot;showSecondButton&quot;:false,&quot;secondButtonText&quot;:&quot;See More&quot;,&quot;secondButtonUrl&quot;:&quot;&quot;,&quot;secondButtonOpenNewTab&quot;:false},{&quot;url&quot;:&quot;https:\/\/toisissatiloissa.net\/wp-content\/uploads\/2018\/12\/Tripit-2018-Jenni-Kokkoma\u0308ki-1B.jpg&quot;,&quot;alt&quot;:&quot;&quot;,&quot;id&quot;:4,&quot;imageId&quot;:1292,&quot;caption&quot;:&quot;&quot;,&quot;title&quot;:&quot;&quot;,&quot;subtitle&quot;:&quot;Photo: Jenni Kokkom\u00e4ki&quot;,&quot;showButton&quot;:false,&quot;buttonText&quot;:&quot;See More&quot;,&quot;buttonUrl&quot;:&quot;&quot;,&quot;openNewTab&quot;:false,&quot;isValidUrl&quot;:true,&quot;showSecondButton&quot;:false,&quot;secondButtonText&quot;:&quot;See More&quot;,&quot;secondButtonUrl&quot;:&quot;&quot;,&quot;secondButtonOpenNewTab&quot;:false}]\" data-slidercontenttype=\"content-1\" data-slidertype=\"content\" data-textalign=\"left\" data-arrownexticon=\"fas fa-arrow-alt-circle-right\" data-arrowprevicon=\"fas fa-arrow-alt-circle-left\"><div class=\"content\"><div class=\"eb-slider-item content-1\"><img decoding=\"async\" class=\"eb-slider-image\" src=\"https:\/\/toisissatiloissa.net\/wp-content\/uploads\/2018\/12\/Tripit-2018-Jenni-Kokkoma\u0308ki-7.jpg\"\/><div class=\"eb-slider-content align-left\"><p class=\"eb-slider-subtitle\">Photo: Jenni Kokkom\u00e4ki<\/p><div class=\"eb-slider-button-wrapper\"><\/div><\/div><\/div><div class=\"eb-slider-item content-1\"><img decoding=\"async\" class=\"eb-slider-image\" src=\"https:\/\/toisissatiloissa.net\/wp-content\/uploads\/2018\/12\/Tripit-2018-Jenni-Kokkoma\u0308ki-6.jpg\"\/><div class=\"eb-slider-content align-left\"><p class=\"eb-slider-subtitle\">Photo: Jenni Kokkom\u00e4ki<\/p><div class=\"eb-slider-button-wrapper\"><\/div><\/div><\/div><div class=\"eb-slider-item content-1\"><img decoding=\"async\" class=\"eb-slider-image\" src=\"https:\/\/toisissatiloissa.net\/wp-content\/uploads\/2018\/12\/Tripit-2018-Jenni-Kokkoma\u0308ki-4.jpg\"\/><div class=\"eb-slider-content align-left\"><p class=\"eb-slider-subtitle\">Photo: Jenni Kokkom\u00e4ki<\/p><div class=\"eb-slider-button-wrapper\"><\/div><\/div><\/div><div class=\"eb-slider-item content-1\"><img decoding=\"async\" class=\"eb-slider-image\" src=\"https:\/\/toisissatiloissa.net\/wp-content\/uploads\/2018\/12\/Tripit-2018-Jenni-Kokkoma\u0308ki-2.jpg\"\/><div class=\"eb-slider-content align-left\"><p class=\"eb-slider-subtitle\">Photo: Jenni Kokkom\u00e4ki<\/p><div class=\"eb-slider-button-wrapper\"><\/div><\/div><\/div><div class=\"eb-slider-item content-1\"><img decoding=\"async\" class=\"eb-slider-image\" src=\"https:\/\/toisissatiloissa.net\/wp-content\/uploads\/2018\/12\/Tripit-2018-Jenni-Kokkoma\u0308ki-1B.jpg\"\/><div class=\"eb-slider-content align-left\"><p class=\"eb-slider-subtitle\">Photo: Jenni Kokkom\u00e4ki<\/p><div class=\"eb-slider-button-wrapper\"><\/div><\/div><\/div><\/div><\/div><\/div><\/div>","protected":false},"excerpt":{"rendered":"","protected":false},"author":8,"featured_media":0,"parent":0,"menu_order":0,"comment_status":"closed","ping_status":"closed","template":"","meta":{"_eb_attr":"","generate_page_header":"","footnotes":""},"_links":{"self":[{"href":"https:\/\/toisissatiloissa.net\/en\/wp-json\/wp\/v2\/pages\/6044"}],"collection":[{"href":"https:\/\/toisissatiloissa.net\/en\/wp-json\/wp\/v2\/pages"}],"about":[{"href":"https:\/\/toisissatiloissa.net\/en\/wp-json\/wp\/v2\/types\/page"}],"author":[{"embeddable":true,"href":"https:\/\/toisissatiloissa.net\/en\/wp-json\/wp\/v2\/users\/8"}],"replies":[{"embeddable":true,"href":"https:\/\/toisissatiloissa.net\/en\/wp-json\/wp\/v2\/comments?post=6044"}],"version-history":[{"count":47,"href":"https:\/\/toisissatiloissa.net\/en\/wp-json\/wp\/v2\/pages\/6044\/revisions"}],"predecessor-version":[{"id":8032,"href":"https:\/\/toisissatiloissa.net\/en\/wp-json\/wp\/v2\/pages\/6044\/revisions\/8032"}],"wp:attachment":[{"href":"https:\/\/toisissatiloissa.net\/en\/wp-json\/wp\/v2\/media?parent=6044"}],"curies":[{"name":"wp","href":"https:\/\/api.w.org\/{rel}","templated":true}]}}