{"id":6050,"date":"2022-12-22T18:49:17","date_gmt":"2022-12-22T16:49:17","guid":{"rendered":"https:\/\/toisissatiloissa.net\/?page_id=6050"},"modified":"2024-05-29T14:14:23","modified_gmt":"2024-05-29T11:14:23","slug":"tyopajat-2","status":"publish","type":"page","link":"https:\/\/toisissatiloissa.net\/en\/tyopajat-2\/","title":{"rendered":"Workshops"},"content":{"rendered":"<div class=\"wp-block-cover alignfull is-light\" style=\"min-height:620px\"><span aria-hidden=\"true\" class=\"wp-block-cover__background has-background-dim-0 has-background-dim\" style=\"background-color:#85d6d0\"><\/span><img loading=\"lazy\" decoding=\"async\" width=\"3456\" height=\"2304\" class=\"wp-block-cover__image-background wp-image-1786\" alt=\"\" src=\"https:\/\/toisissatiloissa.net\/wp-content\/uploads\/2019\/02\/Laura-Jantunen-Baltic-Circle-2015.jpg\" data-object-fit=\"cover\" srcset=\"https:\/\/toisissatiloissa.net\/wp-content\/uploads\/2019\/02\/Laura-Jantunen-Baltic-Circle-2015.jpg 3456w, https:\/\/toisissatiloissa.net\/wp-content\/uploads\/2019\/02\/Laura-Jantunen-Baltic-Circle-2015-768x512.jpg 768w, https:\/\/toisissatiloissa.net\/wp-content\/uploads\/2019\/02\/Laura-Jantunen-Baltic-Circle-2015-1024x683.jpg 1024w, https:\/\/toisissatiloissa.net\/wp-content\/uploads\/2019\/02\/Laura-Jantunen-Baltic-Circle-2015-1600x1067.jpg 1600w, https:\/\/toisissatiloissa.net\/wp-content\/uploads\/2019\/02\/Laura-Jantunen-Baltic-Circle-2015-300x200.jpg 300w\" sizes=\"(max-width: 3456px) 100vw, 3456px\" \/><div class=\"wp-block-cover__inner-container is-layout-flow wp-block-cover-is-layout-flow\">\n<div style=\"height:190px\" aria-hidden=\"true\" class=\"wp-block-spacer\"><\/div>\n\n\n\n<div class=\"wp-block-columns alignwide is-layout-flex wp-container-core-columns-layout-4 wp-block-columns-is-layout-flex\">\n<div class=\"wp-block-column is-layout-flow wp-block-column-is-layout-flow\">\n<h1 class=\"has-text-align-center has-base-3-color has-text-color wp-block-heading\">WORKSHOPS<\/h1>\n<\/div>\n<\/div>\n\n\n\n<div style=\"height:180px\" aria-hidden=\"true\" class=\"wp-block-spacer\"><\/div>\n\n\n\n<p class=\"has-text-align-left has-base-3-color has-text-color has-small-font-size\">Photo Laura Jantunen<\/p>\n<\/div><\/div>\n\n\n\n<div class=\"wp-block-essential-blocks-wrapper alignfull\"><div class=\"eb-parent-wrapper eb-parent-eb-wrapper-5fn63lm \"><div class=\"eb-wrapper-outer eb-wrapper-5fn63lm\"><div class=\"eb-wrapper-inner\"><div class=\"eb-wrapper-inner-blocks eb-wrapper-align-center\">\n<div class=\"wp-block-essential-blocks-wrapper\"><div class=\"eb-parent-wrapper eb-parent-eb-wrapper-150tjl7 \"><div class=\"eb-wrapper-outer eb-wrapper-150tjl7\"><div class=\"eb-wrapper-inner\"><div class=\"eb-wrapper-inner-blocks eb-wrapper-align-center\">\n<div class=\"wp-block-columns is-layout-flex wp-container-core-columns-layout-5 wp-block-columns-is-layout-flex\">\n<div class=\"wp-block-column is-layout-flow wp-block-column-is-layout-flow\" style=\"flex-basis:66.66%\">\n<div class=\"wp-block-essential-blocks-wrapper\"><div class=\"eb-parent-wrapper eb-parent-eb-wrapper-3abk4iy \"><div class=\"eb-wrapper-outer eb-wrapper-3abk4iy\"><div class=\"eb-wrapper-inner\"><div class=\"eb-wrapper-inner-blocks eb-wrapper-align-center\">\n<h3 class=\"wp-block-heading\"><strong><strong>WORKSHOPS<\/strong><\/strong><\/h3>\n\n\n\n<p>The first workshop project by Other Spaces was the popular&nbsp;<em>Secret Retraining Camp<\/em>, first organised in 2009. Since then, Other Spaces has developed and realised several different workshop concepts, for adults and children, schools and universities, in Finland and elsewhere, in conjunction with performances and events, and often \u201cjust like that\u201d. <\/p>\n\n\n\n<p>An important principle regarding Other Spaces exercises is that anyone can do it, regardless of previous experience or background. (Disregarding some advanced level exercises and techniques that are more involved.)&nbsp; A priori, one can\u2019t do an Other Spaces exercise <em>correctly<\/em> or <em>incorrectly<\/em>. Every interpretation of an exercise is valuable! Other Spaces workshops consist of exercises that the collective has developed over the years. Currently there are well over a hundred exercises. The group regularly invents new exercises in its weekly rehearsal sessions, and also thematically for different applications. <\/p>\n\n\n\n<p>The performances of the collective are based on these exercises, and many of the group\u2019s performances include a workshop part. Doing Other Spaces exercises is enjoyable, fun, and opens up new points of view, so there is no need to hesitate! Besides workshops and participatory performances, you can try out the exercises of the group at the regular <a href=\"file:\/\/\/C:\/Users\/Petteri\/Downloads\/New%20folder%20(2)\/backup-en\/toisissatiloissa.net\/index.html%3Fp=1516.html\">TRIPIT! exercise festivals<\/a>! <\/p>\n\n\n\n<p>Other Spaces workshops are suitable for everyone, regardless of age, shape or physical condition. Previous experience is not required. The workshops\u2019 content and intensity can be adjusted according to the participants, and the pedagogical content can be adapted to fit the participants\u2019 background. Workshops can also be held as a series, so that participants can also get immersed more deeply into Other Spaces work and the more challenging Other Spaces exercises.<\/p>\n<\/div><\/div><\/div><\/div><\/div>\n\n\n\n<div class=\"wp-block-essential-blocks-wrapper\"><div class=\"eb-parent-wrapper eb-parent-eb-wrapper-y6lft4p \"><div class=\"eb-wrapper-outer eb-wrapper-y6lft4p\"><div class=\"eb-wrapper-inner\"><div class=\"eb-wrapper-inner-blocks eb-wrapper-align-center\">\n<h3 class=\"wp-block-heading\"><strong><strong>WRITINGS AND REVIEWS<\/strong><\/strong><\/h3>\n\n\n\n<p>Eeva Kauppinen, <a href=\"https:\/\/www.kaleva.fi\/uutiset\/kulttuuri\/salainen-uudelleenkoulutus-nyt\/281569\/\">Salainen uudelleenkoulutus. Nyt.<\/a> (\u201cSecret Retraining. Now.\u201d), Kaleva, 31.7.2009.<\/p>\n<\/div><\/div><\/div><\/div><\/div>\n<\/div>\n\n\n\n<div class=\"wp-block-column is-layout-flow wp-block-column-is-layout-flow\" style=\"flex-basis:33.33%\">\n<div class=\"wp-block-essential-blocks-wrapper\"><div class=\"eb-parent-wrapper eb-parent-eb-wrapper-gp9smhm \"><div class=\"eb-wrapper-outer eb-wrapper-gp9smhm\"><div class=\"eb-wrapper-inner\"><div class=\"eb-wrapper-inner-blocks eb-wrapper-align-center\">\n<h3 class=\"wp-block-heading\"><strong><strong>BOOK A WORKSHOP!<\/strong><\/strong><\/h3>\n\n\n\n<p>Other Spaces workshops are suitable for everyone, regardless of age, shape or physical condition. Previous experience is not required.&nbsp; Workshops can be of different durations, from about three hours to a full day.<\/p>\n\n\n\n<p>The exercises in the workshops are an enjoyable, easy and pleasant way to be temporarily detached from the human form and identity. We can adjust and tune the content of our workshops to a large variety of themes.<\/p>\n\n\n\n<p><strong>LEARN MORE ABOUT OUR WORKSHOPS WITH DIFFERENT THEMES AND SCROLL DOWN <\/strong><\/p>\n\n\n\n<p>Don\u2019t hesitate to contact us and book your own workshop! <a href=\"file:\/\/\/C:\/Users\/Petteri\/Downloads\/New%20folder%20(2)\/backup-en\/toisissatiloissa.net\/cdn-cgi\/l\/email-protection.html#f1989f979eb1859e98829882829085989d9e98828290df9f9485\">info@toisissatiloissa.net<\/a><\/p>\n<\/div><\/div><\/div><\/div><\/div>\n\n\n\n<div class=\"wp-block-essential-blocks-wrapper\"><div class=\"eb-parent-wrapper eb-parent-eb-wrapper-paqh0yc \"><div class=\"eb-wrapper-outer eb-wrapper-paqh0yc\"><div class=\"eb-wrapper-inner\"><div class=\"eb-wrapper-inner-blocks eb-wrapper-align-center\">\n<p class=\"has-text-color\" style=\"color:#85d6d0\"><strong>SECRET RETRAINING CAMP<\/strong><\/p>\n\n\n\n<p class=\"has-text-color\" style=\"color:#85d6d0\">The first workshop project by the Other Spaces was the popular <em>Secret Retraining Camp<\/em>, first organised in 2009. Since then, in years 2009-2014, the <em>Secret Retraining Camps<\/em> have been organised in numerous places, including Helsinki, Tampere, Hailuoto, Pori, St. Petersburg (Russia), Amman (Jordania), Lecco (Italy) and Aarhus (Denmark).<\/p>\n<\/div><\/div><\/div><\/div><\/div>\n<\/div>\n<\/div>\n<\/div><\/div><\/div><\/div><\/div>\n<\/div><\/div><\/div><\/div><\/div>\n\n\n\n<div class=\"wp-block-essential-blocks-slider alignfull\"><div class=\"eb-parent-wrapper eb-parent-eb-slider-gt787br \"><div class=\"eb-slider-wrapper eb-slider-gt787br\" data-settings=\"{&quot;arrows&quot;:true,&quot;adaptiveHeight&quot;:false,&quot;autoplay&quot;:true,&quot;autoplaySpeed&quot;:3000,&quot;dots&quot;:true,&quot;fade&quot;:false,&quot;infinite&quot;:true,&quot;pauseOnHover&quot;:true,&quot;slidesToShow&quot;:1,&quot;speed&quot;:500,&quot;initialSlide&quot;:4,&quot;vertical&quot;:false,&quot;responsive&quot;:[{&quot;breakpoint&quot;:1025,&quot;settings&quot;:{&quot;slidesToShow&quot;:1}},{&quot;breakpoint&quot;:767,&quot;settings&quot;:{&quot;slidesToShow&quot;:1}}]}\" data-images=\"[{&quot;url&quot;:&quot;https:\/\/toisissatiloissa.net\/wp-content\/uploads\/2018\/12\/Tripit-2018-Jenni-Kokkoma\u0308ki-7.jpg&quot;,&quot;alt&quot;:&quot;&quot;,&quot;id&quot;:0,&quot;imageId&quot;:1302,&quot;caption&quot;:&quot;&quot;,&quot;title&quot;:&quot;&quot;,&quot;subtitle&quot;:&quot;Photo: Jenni Kokkom\u00e4ki&quot;,&quot;showButton&quot;:false,&quot;buttonText&quot;:&quot;See More&quot;,&quot;buttonUrl&quot;:&quot;&quot;,&quot;openNewTab&quot;:false,&quot;isValidUrl&quot;:true},{&quot;url&quot;:&quot;https:\/\/toisissatiloissa.net\/wp-content\/uploads\/2018\/12\/Tripit-2018-Jenni-Kokkoma\u0308ki-6.jpg&quot;,&quot;alt&quot;:&quot;&quot;,&quot;id&quot;:1,&quot;imageId&quot;:1300,&quot;caption&quot;:&quot;&quot;,&quot;title&quot;:&quot;&quot;,&quot;subtitle&quot;:&quot;Photo: Jenni Kokkom\u00e4ki&quot;,&quot;showButton&quot;:false,&quot;buttonText&quot;:&quot;See More&quot;,&quot;buttonUrl&quot;:&quot;&quot;,&quot;openNewTab&quot;:false,&quot;isValidUrl&quot;:true},{&quot;url&quot;:&quot;https:\/\/toisissatiloissa.net\/wp-content\/uploads\/2018\/12\/Tripit-2018-Jenni-Kokkoma\u0308ki-4.jpg&quot;,&quot;alt&quot;:&quot;&quot;,&quot;id&quot;:2,&quot;imageId&quot;:1298,&quot;caption&quot;:&quot;&quot;,&quot;title&quot;:&quot;&quot;,&quot;subtitle&quot;:&quot;Photo: Jenni Kokkom\u00e4ki&quot;,&quot;showButton&quot;:false,&quot;buttonText&quot;:&quot;See More&quot;,&quot;buttonUrl&quot;:&quot;&quot;,&quot;openNewTab&quot;:false,&quot;isValidUrl&quot;:true},{&quot;url&quot;:&quot;https:\/\/toisissatiloissa.net\/wp-content\/uploads\/2018\/12\/Tripit-2018-Jenni-Kokkoma\u0308ki-2.jpg&quot;,&quot;alt&quot;:&quot;&quot;,&quot;id&quot;:3,&quot;imageId&quot;:1294,&quot;caption&quot;:&quot;&quot;,&quot;title&quot;:&quot;&quot;,&quot;subtitle&quot;:&quot;Photo: Jenni Kokkom\u00e4ki&quot;,&quot;showButton&quot;:false,&quot;buttonText&quot;:&quot;See More&quot;,&quot;buttonUrl&quot;:&quot;&quot;,&quot;openNewTab&quot;:false,&quot;isValidUrl&quot;:true},{&quot;url&quot;:&quot;https:\/\/toisissatiloissa.net\/wp-content\/uploads\/2018\/12\/Tripit-2018-Jenni-Kokkoma\u0308ki-1B.jpg&quot;,&quot;alt&quot;:&quot;&quot;,&quot;id&quot;:4,&quot;imageId&quot;:1292,&quot;caption&quot;:&quot;&quot;,&quot;title&quot;:&quot;&quot;,&quot;subtitle&quot;:&quot;Photo: Jenni Kokkom\u00e4ki&quot;,&quot;showButton&quot;:false,&quot;buttonText&quot;:&quot;See More&quot;,&quot;buttonUrl&quot;:&quot;&quot;,&quot;openNewTab&quot;:false,&quot;isValidUrl&quot;:true}]\" data-slidercontenttype=\"content-1\" data-slidertype=\"content\" data-textalign=\"left\"><div class=\"content\"><div class=\"eb-slider-item content-1\"><img decoding=\"async\" class=\"eb-slider-image\" src=\"https:\/\/toisissatiloissa.net\/wp-content\/uploads\/2018\/12\/Tripit-2018-Jenni-Kokkoma\u0308ki-7.jpg\"\/><div class=\"eb-slider-content align-left\"><p class=\"eb-slider-subtitle\">Photo: Jenni Kokkom\u00e4ki<\/p><\/div><\/div><div class=\"eb-slider-item content-1\"><img decoding=\"async\" class=\"eb-slider-image\" src=\"https:\/\/toisissatiloissa.net\/wp-content\/uploads\/2018\/12\/Tripit-2018-Jenni-Kokkoma\u0308ki-6.jpg\"\/><div class=\"eb-slider-content align-left\"><p class=\"eb-slider-subtitle\">Photo: Jenni Kokkom\u00e4ki<\/p><\/div><\/div><div class=\"eb-slider-item content-1\"><img decoding=\"async\" class=\"eb-slider-image\" src=\"https:\/\/toisissatiloissa.net\/wp-content\/uploads\/2018\/12\/Tripit-2018-Jenni-Kokkoma\u0308ki-4.jpg\"\/><div class=\"eb-slider-content align-left\"><p class=\"eb-slider-subtitle\">Photo: Jenni Kokkom\u00e4ki<\/p><\/div><\/div><div class=\"eb-slider-item content-1\"><img decoding=\"async\" class=\"eb-slider-image\" src=\"https:\/\/toisissatiloissa.net\/wp-content\/uploads\/2018\/12\/Tripit-2018-Jenni-Kokkoma\u0308ki-2.jpg\"\/><div class=\"eb-slider-content align-left\"><p class=\"eb-slider-subtitle\">Photo: Jenni Kokkom\u00e4ki<\/p><\/div><\/div><div class=\"eb-slider-item content-1\"><img decoding=\"async\" class=\"eb-slider-image\" src=\"https:\/\/toisissatiloissa.net\/wp-content\/uploads\/2018\/12\/Tripit-2018-Jenni-Kokkoma\u0308ki-1B.jpg\"\/><div class=\"eb-slider-content align-left\"><p class=\"eb-slider-subtitle\">Photo: Jenni Kokkom\u00e4ki<\/p><\/div><\/div><\/div><\/div><\/div><\/div>\n\n\n\n<div class=\"wp-block-essential-blocks-wrapper alignfull\"><div class=\"eb-parent-wrapper eb-parent-eb-wrapper-eg6n3h0 \"><div class=\"eb-wrapper-outer eb-wrapper-eg6n3h0\"><div class=\"eb-wrapper-inner\"><div class=\"eb-wrapper-inner-blocks eb-wrapper-align-center\">\n<div class=\"wp-block-essential-blocks-wrapper\"><div class=\"eb-parent-wrapper eb-parent-eb-wrapper-tjcjspk \"><div class=\"eb-wrapper-outer eb-wrapper-tjcjspk\"><div class=\"eb-wrapper-inner\"><div class=\"eb-wrapper-inner-blocks eb-wrapper-align-center\">\n<div class=\"wp-block-columns is-layout-flex wp-container-core-columns-layout-6 wp-block-columns-is-layout-flex\">\n<div class=\"wp-block-column is-layout-flow wp-block-column-is-layout-flow\">\n<div class=\"wp-block-essential-blocks-wrapper\"><div class=\"eb-parent-wrapper eb-parent-eb-wrapper-aoort3l \"><div class=\"eb-wrapper-outer eb-wrapper-aoort3l\"><div class=\"eb-wrapper-inner\"><div class=\"eb-wrapper-inner-blocks eb-wrapper-align-center\">\n<h2 class=\"wp-block-heading\"><strong>ON THE EXPERIENCES OF WORMS AND FUNGAL MYCELIUM<\/strong><\/h2>\n\n\n\n<figure class=\"wp-block-image size-large\"><img loading=\"lazy\" decoding=\"async\" width=\"1024\" height=\"683\" src=\"https:\/\/toisissatiloissa.net\/wp-content\/uploads\/2022\/08\/1-ekokyla-keuruu-202208-IMG_7252-29-1024x683.jpg\" alt=\"\" class=\"wp-image-5264\" srcset=\"https:\/\/toisissatiloissa.net\/wp-content\/uploads\/2022\/08\/1-ekokyla-keuruu-202208-IMG_7252-29-1024x683.jpg 1024w, https:\/\/toisissatiloissa.net\/wp-content\/uploads\/2022\/08\/1-ekokyla-keuruu-202208-IMG_7252-29-768x512.jpg 768w, https:\/\/toisissatiloissa.net\/wp-content\/uploads\/2022\/08\/1-ekokyla-keuruu-202208-IMG_7252-29-1536x1024.jpg 1536w, https:\/\/toisissatiloissa.net\/wp-content\/uploads\/2022\/08\/1-ekokyla-keuruu-202208-IMG_7252-29-2048x1366.jpg 2048w, https:\/\/toisissatiloissa.net\/wp-content\/uploads\/2022\/08\/1-ekokyla-keuruu-202208-IMG_7252-29-1600x1067.jpg 1600w, https:\/\/toisissatiloissa.net\/wp-content\/uploads\/2022\/08\/1-ekokyla-keuruu-202208-IMG_7252-29-300x200.jpg 300w\" sizes=\"(max-width: 1024px) 100vw, 1024px\" \/><\/figure>\n\n\n\n<p><\/p>\n\n\n\n<p><em><em>On the Experiences of Worms and Fungal Mycelium<\/em><\/em> -workshop participants visits the experiences and perspectives of worm and fungal mycelium to seek a new understanding of underground activities. The exercises of the workshop are suitable for participants of all ages, regardless of their background.<\/p>\n\n\n\n<p>Duration 45min-2h.<br>Maximum amount of participants 20<\/p>\n\n\n\n<p>Planning and execution: Maarit Myllynen, Anu Nirkko and Helena Ratinen.<\/p>\n\n\n\n<p>Premiered on 3.9.2022 in cooperation with Humus Symposium -project.<\/p>\n\n\n\n<p>PERFORMED AT: 30.10.2023 Cultural Education Forum, T\u00f6\u00f6l\u00f6 Library, Helsinki. 8.12.2022 COEVOLVERS kickoff Turku. 3.9.2022 Humus Symposium Keuruu Eco Village. <\/p>\n\n\n\n<p class=\"has-small-font-size\">Photo Mikko Tuononen \/ Humus Symposium 2022<\/p>\n<\/div><\/div><\/div><\/div><\/div>\n\n\n\n<div class=\"wp-block-essential-blocks-wrapper\"><div class=\"eb-parent-wrapper eb-parent-eb-wrapper-4ru6xp0 \"><div class=\"eb-wrapper-outer eb-wrapper-4ru6xp0\"><div class=\"eb-wrapper-inner\"><div class=\"eb-wrapper-inner-blocks eb-wrapper-align-center\">\n<h3 class=\"wp-block-heading\"><strong>WORKSHOPS <strong>PERFORMED<\/strong><\/strong> <strong>EARLIER<\/strong><\/h3>\n\n\n\n<p><em>Visiting Other Spaces<\/em>\u00a0-course at Helsinki Uniarts Theatre Academy on 21.-25.11.2022.<\/p>\n\n\n\n<p>Other Spaces -workshop together with artist Kate McIntosh at Wiener Festwochen, Austria.<\/p>\n\n\n\n<p>Other Spaces workshops on various themes have been organised in many places over the years, including Aalto University, EMMA Espoo Museum of Modern Art, Aboa Vetus &amp; Ars Nova museum of history and modern art, Helsinki Adult Education Centre, Korkeasaari zoo, Mad House Helsinki Festival, children\u2019s market at Korjaamo, Annantalo, Skogen residence at Gothenburg, Aarhus University in Denmark and Hamburg for the pupils of Winterhuder Reformschule.<\/p>\n<\/div><\/div><\/div><\/div><\/div>\n<\/div>\n\n\n\n<div class=\"wp-block-column is-layout-flow wp-block-column-is-layout-flow\">\n<div class=\"wp-block-essential-blocks-wrapper\"><div class=\"eb-parent-wrapper eb-parent-eb-wrapper-ln2zaza \"><div class=\"eb-wrapper-outer eb-wrapper-ln2zaza\"><div class=\"eb-wrapper-inner\"><div class=\"eb-wrapper-inner-blocks eb-wrapper-align-center\">\n<h2 class=\"wp-block-heading\"><strong>MARKET<\/strong><\/h2>\n\n\n<div class=\"wp-block-image\">\n<figure class=\"aligncenter size-full\"><img data-dominant-color=\"757572\" data-has-transparency=\"false\" style=\"--dominant-color: #757572;\" loading=\"lazy\" decoding=\"async\" width=\"448\" height=\"448\" src=\"https:\/\/toisissatiloissa.net\/wp-content\/uploads\/2023\/09\/Market_promokuva_MikkoEnsioLehtonen-edited-2.webp\" alt=\"\" class=\"not-transparent wp-image-7029\" srcset=\"https:\/\/toisissatiloissa.net\/wp-content\/uploads\/2023\/09\/Market_promokuva_MikkoEnsioLehtonen-edited-2.webp 448w, https:\/\/toisissatiloissa.net\/wp-content\/uploads\/2023\/09\/Market_promokuva_MikkoEnsioLehtonen-edited-2-150x150.webp 150w, https:\/\/toisissatiloissa.net\/wp-content\/uploads\/2023\/09\/Market_promokuva_MikkoEnsioLehtonen-edited-2-300x300.webp 300w\" sizes=\"(max-width: 448px) 100vw, 448px\" \/><\/figure><\/div>\n\n\n<p><\/p>\n\n\n\n<p>Everyone goes to the store, everyone buys, consumes, and encounters consumption in various environments. Market is a hyper mundane dive into the experiences of consumption on a micro-level.<br><br>The presentation consists of simple collaborative physical exercises and the Market space that we create based on these exercises. In this way, Market provides a visitation in shopping, without the actual commercial environment, thus inviting everyone\u00a0to experience everyday activities in a new way.\u00a0<\/p>\n\n\n\n<p>Duration 45 min<br>Maximum amount of participants 20<\/p>\n\n\n\n<p>Planning and execution: Hanna Heino ja Mikko Ensio Lehtonen.<\/p>\n\n\n\n<p>Premiere 26.8.2023 at Esitysteltta (Performance tent, T\u00f6\u00f6l\u00f6, Helsinki.   <\/p>\n\n\n\n<p class=\"has-small-font-size\">Photo Mikko Ensio Lehtonen<\/p>\n<\/div><\/div><\/div><\/div><\/div>\n<\/div>\n<\/div>\n<\/div><\/div><\/div><\/div><\/div>\n<\/div><\/div><\/div><\/div><\/div>","protected":false},"excerpt":{"rendered":"","protected":false},"author":8,"featured_media":0,"parent":0,"menu_order":0,"comment_status":"closed","ping_status":"closed","template":"","meta":{"_eb_attr":"","generate_page_header":"","footnotes":""},"_links":{"self":[{"href":"https:\/\/toisissatiloissa.net\/en\/wp-json\/wp\/v2\/pages\/6050"}],"collection":[{"href":"https:\/\/toisissatiloissa.net\/en\/wp-json\/wp\/v2\/pages"}],"about":[{"href":"https:\/\/toisissatiloissa.net\/en\/wp-json\/wp\/v2\/types\/page"}],"author":[{"embeddable":true,"href":"https:\/\/toisissatiloissa.net\/en\/wp-json\/wp\/v2\/users\/8"}],"replies":[{"embeddable":true,"href":"https:\/\/toisissatiloissa.net\/en\/wp-json\/wp\/v2\/comments?post=6050"}],"version-history":[{"count":21,"href":"https:\/\/toisissatiloissa.net\/en\/wp-json\/wp\/v2\/pages\/6050\/revisions"}],"predecessor-version":[{"id":7468,"href":"https:\/\/toisissatiloissa.net\/en\/wp-json\/wp\/v2\/pages\/6050\/revisions\/7468"}],"wp:attachment":[{"href":"https:\/\/toisissatiloissa.net\/en\/wp-json\/wp\/v2\/media?parent=6050"}],"curies":[{"name":"wp","href":"https:\/\/api.w.org\/{rel}","templated":true}]}}