{"id":7305,"date":"2024-04-18T13:10:14","date_gmt":"2024-04-18T10:10:14","guid":{"rendered":"https:\/\/toisissatiloissa.net\/?page_id=7305"},"modified":"2025-12-22T14:26:40","modified_gmt":"2025-12-22T12:26:40","slug":"kajaani-toisissa-tiloissa","status":"publish","type":"page","link":"https:\/\/toisissatiloissa.net\/en\/kajaani-toisissa-tiloissa\/","title":{"rendered":"Other Spaces in Kajaani"},"content":{"rendered":"<div class=\"wp-block-cover alignfull has-custom-content-position is-position-bottom-center\" style=\"min-height:620px\"><span aria-hidden=\"true\" class=\"wp-block-cover__background has-background-dim-0 has-background-dim\" style=\"background-color:#85d6d0\"><\/span><img data-dominant-color=\"414440\" data-has-transparency=\"false\" loading=\"lazy\" decoding=\"async\" width=\"2560\" height=\"1600\" class=\"not-transparent wp-block-cover__image-background wp-image-7306\" alt=\"\" src=\"https:\/\/toisissatiloissa.net\/wp-content\/uploads\/2024\/04\/Toisissa-tiloissa-_-Susisafari-Samppa-Erkkila-12-scaled.webp\" style=\"--dominant-color: #414440; object-position:81% 12%\" data-object-fit=\"cover\" data-object-position=\"81% 12%\" srcset=\"https:\/\/toisissatiloissa.net\/wp-content\/uploads\/2024\/04\/Toisissa-tiloissa-_-Susisafari-Samppa-Erkkila-12-scaled.webp 2560w, https:\/\/toisissatiloissa.net\/wp-content\/uploads\/2024\/04\/Toisissa-tiloissa-_-Susisafari-Samppa-Erkkila-12-768x480.webp 768w, https:\/\/toisissatiloissa.net\/wp-content\/uploads\/2024\/04\/Toisissa-tiloissa-_-Susisafari-Samppa-Erkkila-12-1024x640.webp 1024w, https:\/\/toisissatiloissa.net\/wp-content\/uploads\/2024\/04\/Toisissa-tiloissa-_-Susisafari-Samppa-Erkkila-12-1536x960.webp 1536w, https:\/\/toisissatiloissa.net\/wp-content\/uploads\/2024\/04\/Toisissa-tiloissa-_-Susisafari-Samppa-Erkkila-12-2048x1280.webp 2048w, https:\/\/toisissatiloissa.net\/wp-content\/uploads\/2024\/04\/Toisissa-tiloissa-_-Susisafari-Samppa-Erkkila-12-1600x1000.webp 1600w, https:\/\/toisissatiloissa.net\/wp-content\/uploads\/2024\/04\/Toisissa-tiloissa-_-Susisafari-Samppa-Erkkila-12-300x188.webp 300w\" sizes=\"(max-width: 2560px) 100vw, 2560px\" \/><div class=\"wp-block-cover__inner-container is-layout-flow wp-block-cover-is-layout-flow\">\n<div style=\"height:190px\" aria-hidden=\"true\" class=\"wp-block-spacer\"><\/div>\n\n\n\n<div style=\"height:190px\" aria-hidden=\"true\" class=\"wp-block-spacer\"><\/div>\n\n\n\n<h1 class=\"wp-block-heading has-text-align-center has-base-3-color has-text-color\">OTHER SPACES IN KAJAANI<\/h1>\n\n\n\n<div style=\"height:190px\" aria-hidden=\"true\" class=\"wp-block-spacer\"><\/div>\n\n\n\n<div style=\"height:180px\" aria-hidden=\"true\" class=\"wp-block-spacer\"><\/div>\n\n\n\n<p><\/p>\n\n\n\n<p class=\"has-text-align-left has-base-color has-text-color has-small-font-size\">Wolf Safari, photo Jyv\u00e4skyl\u00e4n kes\u00e4, Samppa Erkkil\u00e4<\/p>\n<\/div><\/div>\n\n\n\n<div class=\"wp-block-essential-blocks-wrapper alignfull\"><div class=\"eb-parent-wrapper eb-parent-eb-wrapper-5fn63lm \"><div class=\"eb-wrapper-outer eb-wrapper-5fn63lm\"><div class=\"eb-wrapper-inner\"><div class=\"eb-wrapper-inner-blocks eb-wrapper-align-center\">\n<div class=\"wp-block-essential-blocks-wrapper\"><div class=\"eb-parent-wrapper eb-parent-eb-wrapper-mzjqg1t \"><div class=\"eb-wrapper-outer eb-wrapper-mzjqg1t\"><div class=\"eb-wrapper-inner\"><div class=\"eb-wrapper-inner-blocks eb-wrapper-align-center\">\n<div class=\"wp-block-columns is-layout-flex wp-container-core-columns-layout-3 wp-block-columns-is-layout-flex\">\n<div class=\"wp-block-column is-layout-flow wp-block-column-is-layout-flow\">\n<div class=\"wp-block-essential-blocks-wrapper\"><div class=\"eb-parent-wrapper eb-parent-eb-wrapper-fipi86w \"><div class=\"eb-wrapper-outer eb-wrapper-fipi86w\"><div class=\"eb-wrapper-inner\"><div class=\"eb-wrapper-inner-blocks eb-wrapper-align-center\">\n<p><strong>OTHER SPACES -PERFORMANCES IN KAJAANI<\/strong><\/p>\n\n\n\n<p>Other Spaces -collective performed a series of three of its classic performances in cooperation with the Kajaani City Theatre in the fall of 2024 and spring of 2025.<\/p>\n\n\n\n<p>The performances seen in Kajaani are<strong><em> <a href=\"https:\/\/toisissatiloissa.net\/en\/porosafari-2\/\">Reindeer Safari <\/a><\/em><\/strong>(2010), <strong><em><a href=\"https:\/\/toisissatiloissa.net\/en\/susisafari-2\/\">Wolf Safari <\/a><\/em><\/strong>(2014) and <strong><a href=\"https:\/\/toisissatiloissa.net\/en\/suuri-koralliriutta-2\/\">Great Barrier Reef<\/a><\/strong> (2018).<\/p>\n\n\n\n<p>After the premieres, all performances have been seen at several festivals and production houses, both in Finland and abroad, and have become classic works of Finnish Live Art.<\/p>\n\n\n\n<p>The performance-visits in Kajaani were supported by the Uudet klassikot -fund.<\/p>\n\n\n\n<p>Uudet klassikot &#8211; Nya klassiker (new classics) is a new fund that supports the conditions for the work and growth of actors who have already established their position in the art field. The fund was jointly established by the government and four foundations: The Finnish Cultural Foundation, Svenska kulturfonden, Alfred Kordelin Foundation and Jenny and Antti Wihuri Foundation.<\/p>\n<\/div><\/div><\/div><\/div><\/div>\n<\/div>\n<\/div>\n<\/div><\/div><\/div><\/div><\/div>\n<\/div><\/div><\/div><\/div><\/div>\n\n\n\n<div class=\"wp-block-essential-blocks-slider\"><div class=\"eb-parent-wrapper eb-parent-eb-slider-iiga8dr \"><div class=\"eb-slider-wrapper eb-slider-iiga8dr\" data-settings=\"{&quot;arrows&quot;:true,&quot;adaptiveHeight&quot;:false,&quot;autoplay&quot;:true,&quot;autoplaySpeed&quot;:3000,&quot;dots&quot;:true,&quot;fade&quot;:false,&quot;infinite&quot;:true,&quot;pauseOnHover&quot;:true,&quot;slidesToShow&quot;:1,&quot;speed&quot;:500,&quot;vertical&quot;:false,&quot;responsive&quot;:[{&quot;breakpoint&quot;:1025,&quot;settings&quot;:{&quot;slidesToShow&quot;:1}},{&quot;breakpoint&quot;:767,&quot;settings&quot;:{&quot;slidesToShow&quot;:1}}]}\" data-images=\"[{&quot;url&quot;:&quot;https:\/\/toisissatiloissa.net\/wp-content\/uploads\/2018\/12\/koralli-Johanna-Huiskonen-4-1.jpg&quot;,&quot;alt&quot;:&quot;&quot;,&quot;id&quot;:0,&quot;imageId&quot;:1198,&quot;caption&quot;:&quot;Suuri Koralliriutta, kuva Johanna Huiskonen&quot;,&quot;title&quot;:&quot;&quot;,&quot;subtitle&quot;:&quot;The Great Barrier Reef, photo Johanna Huiskonen&quot;,&quot;showButton&quot;:false,&quot;buttonText&quot;:&quot;See More&quot;,&quot;buttonUrl&quot;:&quot;&quot;,&quot;openNewTab&quot;:false,&quot;isValidUrl&quot;:true,&quot;showSecondButton&quot;:false,&quot;secondButtonText&quot;:&quot;See More&quot;,&quot;secondButtonUrl&quot;:&quot;&quot;,&quot;secondButtonOpenNewTab&quot;:false},{&quot;url&quot;:&quot;https:\/\/toisissatiloissa.net\/wp-content\/uploads\/2018\/12\/koralli-Johanna-Huiskonen-3-1.jpg&quot;,&quot;alt&quot;:&quot;&quot;,&quot;id&quot;:1,&quot;imageId&quot;:1196,&quot;caption&quot;:&quot;Suuri Koralliriutta, kuva Johanna Huiskonen&quot;,&quot;title&quot;:&quot;&quot;,&quot;subtitle&quot;:&quot;The Great Barrier Reef, photo Johanna Huiskonen&quot;,&quot;showButton&quot;:false,&quot;buttonText&quot;:&quot;See More&quot;,&quot;buttonUrl&quot;:&quot;&quot;,&quot;openNewTab&quot;:false,&quot;isValidUrl&quot;:true,&quot;showSecondButton&quot;:false,&quot;secondButtonText&quot;:&quot;See More&quot;,&quot;secondButtonUrl&quot;:&quot;&quot;,&quot;secondButtonOpenNewTab&quot;:false},{&quot;url&quot;:&quot;https:\/\/toisissatiloissa.net\/wp-content\/uploads\/2018\/12\/koralli-hampuri-Jenni-Kokkoma\u0308ki-1.jpg&quot;,&quot;alt&quot;:&quot;&quot;,&quot;id&quot;:2,&quot;imageId&quot;:1182,&quot;caption&quot;:&quot;&quot;,&quot;title&quot;:&quot;&quot;,&quot;subtitle&quot;:&quot;The Great Barrier Reef, photo Jenni Kokkom\u00e4ki&quot;,&quot;showButton&quot;:false,&quot;buttonText&quot;:&quot;See More&quot;,&quot;buttonUrl&quot;:&quot;&quot;,&quot;openNewTab&quot;:false,&quot;isValidUrl&quot;:true,&quot;showSecondButton&quot;:false,&quot;secondButtonText&quot;:&quot;See More&quot;,&quot;secondButtonUrl&quot;:&quot;&quot;,&quot;secondButtonOpenNewTab&quot;:false},{&quot;url&quot;:&quot;https:\/\/toisissatiloissa.net\/wp-content\/uploads\/2018\/12\/porosafari-bern-photographer-unknown-3.jpg&quot;,&quot;alt&quot;:&quot;&quot;,&quot;id&quot;:3,&quot;imageId&quot;:1237,&quot;caption&quot;:&quot;OLYMPUS DIGITAL CAMERA&quot;,&quot;title&quot;:&quot;&quot;,&quot;subtitle&quot;:&quot;&quot;,&quot;showButton&quot;:false,&quot;buttonText&quot;:&quot;See More&quot;,&quot;buttonUrl&quot;:&quot;&quot;,&quot;openNewTab&quot;:false,&quot;isValidUrl&quot;:true,&quot;showSecondButton&quot;:false,&quot;secondButtonText&quot;:&quot;See More&quot;,&quot;secondButtonUrl&quot;:&quot;&quot;,&quot;secondButtonOpenNewTab&quot;:false},{&quot;url&quot;:&quot;https:\/\/toisissatiloissa.net\/wp-content\/uploads\/2018\/12\/porosafari-panoraama-Jaakko-Ruuska.jpg&quot;,&quot;alt&quot;:&quot;&quot;,&quot;id&quot;:4,&quot;imageId&quot;:1256,&quot;caption&quot;:&quot;&quot;,&quot;title&quot;:&quot;&quot;,&quot;subtitle&quot;:&quot;Reindeer Safari, photo Jaakko Ruuska&quot;,&quot;showButton&quot;:false,&quot;buttonText&quot;:&quot;See More&quot;,&quot;buttonUrl&quot;:&quot;&quot;,&quot;openNewTab&quot;:false,&quot;isValidUrl&quot;:true,&quot;showSecondButton&quot;:false,&quot;secondButtonText&quot;:&quot;See More&quot;,&quot;secondButtonUrl&quot;:&quot;&quot;,&quot;secondButtonOpenNewTab&quot;:false},{&quot;url&quot;:&quot;https:\/\/toisissatiloissa.net\/wp-content\/uploads\/2018\/12\/porosafari-anti-Pekka-Ma\u0308kinen-1.jpg&quot;,&quot;alt&quot;:&quot;&quot;,&quot;id&quot;:5,&quot;imageId&quot;:1224,&quot;caption&quot;:&quot;&quot;,&quot;title&quot;:&quot;&quot;,&quot;subtitle&quot;:&quot;Reindeer Safari, photo Pekka M\u00e4kinen&quot;,&quot;showButton&quot;:false,&quot;buttonText&quot;:&quot;See More&quot;,&quot;buttonUrl&quot;:&quot;&quot;,&quot;openNewTab&quot;:false,&quot;isValidUrl&quot;:true,&quot;showSecondButton&quot;:false,&quot;secondButtonText&quot;:&quot;See More&quot;,&quot;secondButtonUrl&quot;:&quot;&quot;,&quot;secondButtonOpenNewTab&quot;:false},{&quot;url&quot;:&quot;https:\/\/toisissatiloissa.net\/wp-content\/uploads\/2024\/04\/Toisissa-tiloissa-_-Susisafari-Samppa-Erkkila-32-scaled.webp&quot;,&quot;alt&quot;:&quot;&quot;,&quot;id&quot;:6,&quot;imageId&quot;:7307,&quot;caption&quot;:&quot;Susisafari&quot;,&quot;title&quot;:&quot;&quot;,&quot;subtitle&quot;:&quot;Wolf Safari, photo Jyv\u00e4skyl\u00e4n kes\u00e4, Samppa Erkkil\u00e4&quot;,&quot;showButton&quot;:false,&quot;buttonText&quot;:&quot;See More&quot;,&quot;buttonUrl&quot;:&quot;&quot;,&quot;openNewTab&quot;:false,&quot;isValidUrl&quot;:true,&quot;showSecondButton&quot;:false,&quot;secondButtonText&quot;:&quot;See More&quot;,&quot;secondButtonUrl&quot;:&quot;&quot;,&quot;secondButtonOpenNewTab&quot;:false},{&quot;url&quot;:&quot;https:\/\/toisissatiloissa.net\/wp-content\/uploads\/2018\/12\/susisafari-Paula-Tella-1-1.jpg&quot;,&quot;alt&quot;:&quot;&quot;,&quot;id&quot;:7,&quot;imageId&quot;:1361,&quot;caption&quot;:&quot;&quot;,&quot;title&quot;:&quot;&quot;,&quot;subtitle&quot;:&quot;Wolf Safari, photo Paula Tella&quot;,&quot;showButton&quot;:false,&quot;buttonText&quot;:&quot;See More&quot;,&quot;buttonUrl&quot;:&quot;&quot;,&quot;openNewTab&quot;:false,&quot;isValidUrl&quot;:true,&quot;showSecondButton&quot;:false,&quot;secondButtonText&quot;:&quot;See More&quot;,&quot;secondButtonUrl&quot;:&quot;&quot;,&quot;secondButtonOpenNewTab&quot;:false}]\" data-slidercontenttype=\"content-1\" data-slidertype=\"content\" data-textalign=\"left\" data-arrownexticon=\"fas fa-arrow-alt-circle-right\" data-arrowprevicon=\"fas fa-arrow-alt-circle-left\"><div class=\"content\"><div class=\"eb-slider-item content-1\"><img decoding=\"async\" class=\"eb-slider-image\" src=\"https:\/\/toisissatiloissa.net\/wp-content\/uploads\/2018\/12\/koralli-Johanna-Huiskonen-4-1.jpg\"\/><div class=\"eb-slider-content align-left\"><p class=\"eb-slider-subtitle\">The Great Barrier Reef, photo Johanna Huiskonen<\/p><div class=\"eb-slider-button-wrapper\"><\/div><\/div><\/div><div class=\"eb-slider-item content-1\"><img decoding=\"async\" class=\"eb-slider-image\" src=\"https:\/\/toisissatiloissa.net\/wp-content\/uploads\/2018\/12\/koralli-Johanna-Huiskonen-3-1.jpg\"\/><div class=\"eb-slider-content align-left\"><p class=\"eb-slider-subtitle\">The Great Barrier Reef, photo Johanna Huiskonen<\/p><div class=\"eb-slider-button-wrapper\"><\/div><\/div><\/div><div class=\"eb-slider-item content-1\"><img decoding=\"async\" class=\"eb-slider-image\" src=\"https:\/\/toisissatiloissa.net\/wp-content\/uploads\/2018\/12\/koralli-hampuri-Jenni-Kokkoma\u0308ki-1.jpg\"\/><div class=\"eb-slider-content align-left\"><p class=\"eb-slider-subtitle\">The Great Barrier Reef, photo Jenni Kokkom\u00e4ki<\/p><div class=\"eb-slider-button-wrapper\"><\/div><\/div><\/div><div class=\"eb-slider-item content-1\"><img decoding=\"async\" class=\"eb-slider-image\" src=\"https:\/\/toisissatiloissa.net\/wp-content\/uploads\/2018\/12\/porosafari-bern-photographer-unknown-3.jpg\"\/><div class=\"eb-slider-content align-left\"><div class=\"eb-slider-button-wrapper\"><\/div><\/div><\/div><div class=\"eb-slider-item content-1\"><img decoding=\"async\" class=\"eb-slider-image\" src=\"https:\/\/toisissatiloissa.net\/wp-content\/uploads\/2018\/12\/porosafari-panoraama-Jaakko-Ruuska.jpg\"\/><div class=\"eb-slider-content align-left\"><p class=\"eb-slider-subtitle\">Reindeer Safari, photo Jaakko Ruuska<\/p><div class=\"eb-slider-button-wrapper\"><\/div><\/div><\/div><div class=\"eb-slider-item content-1\"><img decoding=\"async\" class=\"eb-slider-image\" src=\"https:\/\/toisissatiloissa.net\/wp-content\/uploads\/2018\/12\/porosafari-anti-Pekka-Ma\u0308kinen-1.jpg\"\/><div class=\"eb-slider-content align-left\"><p class=\"eb-slider-subtitle\">Reindeer Safari, photo Pekka M\u00e4kinen<\/p><div class=\"eb-slider-button-wrapper\"><\/div><\/div><\/div><div class=\"eb-slider-item content-1\"><img decoding=\"async\" class=\"eb-slider-image\" src=\"https:\/\/toisissatiloissa.net\/wp-content\/uploads\/2024\/04\/Toisissa-tiloissa-_-Susisafari-Samppa-Erkkila-32-scaled.webp\"\/><div class=\"eb-slider-content align-left\"><p class=\"eb-slider-subtitle\">Wolf Safari, photo Jyv\u00e4skyl\u00e4n kes\u00e4, Samppa Erkkil\u00e4<\/p><div class=\"eb-slider-button-wrapper\"><\/div><\/div><\/div><div class=\"eb-slider-item content-1\"><img decoding=\"async\" class=\"eb-slider-image\" src=\"https:\/\/toisissatiloissa.net\/wp-content\/uploads\/2018\/12\/susisafari-Paula-Tella-1-1.jpg\"\/><div class=\"eb-slider-content align-left\"><p class=\"eb-slider-subtitle\">Wolf Safari, photo Paula Tella<\/p><div class=\"eb-slider-button-wrapper\"><\/div><\/div><\/div><\/div><\/div><\/div><\/div>\n\n\n\n<div class=\"wp-block-essential-blocks-wrapper alignfull\"><div class=\"eb-parent-wrapper eb-parent-eb-wrapper-kjsdrtm \"><div class=\"eb-wrapper-outer eb-wrapper-kjsdrtm\"><div class=\"eb-wrapper-inner\"><div class=\"eb-wrapper-inner-blocks eb-wrapper-align-center\"><\/div><\/div><\/div><\/div><\/div>","protected":false},"excerpt":{"rendered":"","protected":false},"author":8,"featured_media":0,"parent":0,"menu_order":0,"comment_status":"closed","ping_status":"closed","template":"","meta":{"_eb_attr":"","generate_page_header":"","footnotes":""},"_links":{"self":[{"href":"https:\/\/toisissatiloissa.net\/en\/wp-json\/wp\/v2\/pages\/7305"}],"collection":[{"href":"https:\/\/toisissatiloissa.net\/en\/wp-json\/wp\/v2\/pages"}],"about":[{"href":"https:\/\/toisissatiloissa.net\/en\/wp-json\/wp\/v2\/types\/page"}],"author":[{"embeddable":true,"href":"https:\/\/toisissatiloissa.net\/en\/wp-json\/wp\/v2\/users\/8"}],"replies":[{"embeddable":true,"href":"https:\/\/toisissatiloissa.net\/en\/wp-json\/wp\/v2\/comments?post=7305"}],"version-history":[{"count":52,"href":"https:\/\/toisissatiloissa.net\/en\/wp-json\/wp\/v2\/pages\/7305\/revisions"}],"predecessor-version":[{"id":8157,"href":"https:\/\/toisissatiloissa.net\/en\/wp-json\/wp\/v2\/pages\/7305\/revisions\/8157"}],"wp:attachment":[{"href":"https:\/\/toisissatiloissa.net\/en\/wp-json\/wp\/v2\/media?parent=7305"}],"curies":[{"name":"wp","href":"https:\/\/api.w.org\/{rel}","templated":true}]}}